{"id":997,"date":"2014-04-21T10:21:46","date_gmt":"2014-04-21T10:21:46","guid":{"rendered":"http:\/\/padmasana.tk\/?page_id=997"},"modified":"2025-02-25T19:28:47","modified_gmt":"2025-02-25T18:28:47","slug":"ven-ayang-rinpoche-2","status":"publish","type":"page","link":"https:\/\/padmasana.hr\/en\/ven-ayang-rinpoche-2\/","title":{"rendered":"Ven. Ayang Rinpoche &#8211; Inicijacije i u\u010denja"},"content":{"rendered":"<p><b>Choeje K.C. Ayang Rinpoche prvi je tibetanski lama \u2018trulku\u2019 koji je do\u0161ao u Hrvatsku, podu\u010davao Buddhinom putu i donio blagoslov s Tibeta.<\/b><\/p>\r\n\r\n\r\n<div class=\"wp-block-image\">\r\n<figure class=\"aligncenter\"><img loading=\"lazy\" decoding=\"async\" class=\"wp-image-1265 aligncenter\" src=\"http:\/\/padmasana.hr\/wp-content\/uploads\/2014\/04\/ayangucenja.jpg\" alt=\"ayangucenja\" width=\"448\" height=\"300\" srcset=\"https:\/\/padmasana.hr\/wp-content\/uploads\/2014\/04\/ayangucenja.jpg 385w, https:\/\/padmasana.hr\/wp-content\/uploads\/2014\/04\/ayangucenja-300x201.jpg 300w\" sizes=\"auto, (max-width: 448px) 100vw, 448px\" \/><\/figure>\r\n<\/div>\r\n\r\n\r\n<p><b>K.C. Ayang Rinpoche, majstor Phowe, posjetio je Hrvatsku prvi put jo\u0161 davne 1996. godine.<\/b>\u00a0Do\u0161ao je na molbu i u pratnji svog u\u010denika Dragutina \u0160malcelja (Lobsang Norbu) koji je tada bio u treningu na Phowa-u s Rinpocheom u Indiji (Bodh Gayi), svake godine u zimskim mjesecima. Bio je to prvi susret Hrvata s tibetanskim lamom u \u017eivo.\u00a0Taj prvi kontakt sa \u017eivu\u0107im tibetanskim budisti\u010dkim majstorom najavio je\u00a0po\u010detak tibetanske Mahayana budisti\u010dke tradicije u Hrvatskoj,\u00a0do tada nepoznate i daleke. Rinpoche je za \u0161est dana, koliko je trajalo u\u010denje u Zagrebu, pored odr\u017eanog javnog predavanja o potrebi razvoja smirenog uma i njegovanju suosje\u0107anja i dobrote u svakodnevnom \u017eivotu, prvim hrvatskim studentima tibetanskog budizma prenio terma u\u010denje na Vajrasattvu (vanjsko, unutarnje i tajno). U\u010denja i inicijacija u ovu mandalu Vajrasattve dolaze iz Drikung kagyu tradicije a pripadaju tantri\u010dkom adeptu Ringtsin Cevaku, opunomo\u0107enog od za\u0161titnika ove mandale Dorje Rigpa-e. Slijedilo je u\u010denje o \u2018Bordo-u\u2019, (me\u0111ustanju izme\u0111u smrti i ponovnog ra\u0111anja), uvod u Phowa-u, u\u010denje o stvarnoj prirodi uma i inicijacija za praksu na Buddhu Amitabha-u i jednog dharma protektora (dakini\/Buddhu), \u2018Achi Chokyi Drolma-u\u2019. Ova u\u010denja i inicijacije bila su temelj za trening u Velikoj Phowa praksi koja je uslijedila u mjesecu travnju 2003. godine po Rinpochevom drugom dolasku u Hrvatsku (Zagreb). Rinpoche je zatim sa svoja dva studenta, Dragutinom i Reenom, posjetio Sloveniju i u Ljubljani dr\u017eao u\u010denja o \u2018Stotinu mirnih i gnjevnih bo\u017eanstava u \u010dasu smrti\u2019, a zatim dao inicijaciju za \u2018Shitro\u2019 praksu i zavr\u0161io sa velikom molitvom za \u2018oslobo\u0111enje bi\u0107a u \u010dasu smrti\u2019. Jo\u0161 jednom, put ga je nanio u Hrvatsku da bi u\u0161ao u Bosnu koja je u to vrijeme bila podijeljena na zone pod za\u0161titom snaga UNPROFOR-a. U napa\u010denom Sarajevu, Rinpoche-u su asistirali Dragutin i Reena kada je u hotelu \u2018Bosna\u2019 u centru grada, dao prvo u\u010denje o patnji i njenim uzrocima i inicirao prisutne\u00a0 u tantri\u010dkog Buddhu \u2018Guru Dragpo\u2019, (aspekt Guru Rinpoche-a), kojim se raspr\u0161uju prepreke i zatamnjenja na osnovi neznanja. Zatim je izvr\u0161ena velika molitva oslobo\u0111enja za 8657 tisu\u0107a ljudskih \u017ertava poginulih tokom okru\u017eenja grada Sarajeva, prema spisku koji je dostavljen iz ureda UNPROFOR-a. Rinpoche je tokom dugog obreda prinio i spalio u vatri liste s imenima nastradalih te snagom osobne realizacije suosje\u0107anja i mo\u0107ima Buddha-e Amitabha-e, pro\u010distio i transformirao njihova stanja svijesti, odbaciv\u0161i ih u bolja prepora\u0111anja.<\/p>\r\n\r\n\r\n\r\n<p>Nakon toga Rinpoche je blagoslovio i zape\u010datio vajrom Guru Rinpoche-a, mjesto na kojem je Gavrilo Princip pucao na prijestolonasljednika Ferdinanda \u0161to je ujedno bio povod za Prvi svjetski rat. Povrh gradskog groblja u Sarajevu Rinpoche je meditirao na \u010distu zemlju Amitabha-e, dok su njegova dva u\u010denika, Dragutin i Reena, radili veliku Drikung Phowa-u za mrtve. Rinpoche se ponovo vratio u Zagreb da bi proveo jo\u0161 par dana sa svojim u\u010denicima Dragom i Reenom i dao im klju\u010dne instrukcije u \u2018deset razina Amitabha prakse\u2019, opunomo\u0107iv\u0161i ih za otvaranje centra za budisti\u010dki studij, kada se za to uka\u017eu uvjeti.<\/p>\r\n\r\n\r\n\r\n<p><b>Prvi me\u0111unarodni Phowa seminar u Zagrebu sa uzoritim\u00a0<\/b><b>Drikung \u00a0\u00a0lamom K.C. Ayang Rinpoche-om, od 17. do 26. travnja,\u00a0 2003.<\/b><\/p>\r\n\r\n\r\n\r\n<p><b><\/b><b>Duboka staza \u2018Phowa-e\u2019 \u2013 prijenos svijesti u trenutku smrti<\/b><\/p>\r\n\r\n\r\n\r\n<p><b>Uzoriti \u2018Choeje\u2019 Ayang Rinpoche slovi za jednog od najve<\/b><b>\u0107ih \u017eivih Phowa majstora u svijetu.<\/b>\u00a0Daju\u0107i prijenos obje Phowa-e, Nyingma \u00a0\u2019Zab lam Phowa-e\u2019 iz Palyur tradicije i Velike Drikung Phowa-e \u2018Jag-tshug-ma-e\u2019,\u00a0 praksa terme Namcho Mingyur Dorje-a, Ayang Rinpoche nastavlja neprekinutu lozu u\u010denja i prakse koja je potekla na dolje od tantri\u010dkog Buddhe Vajradhare i predstavlja duhovno naslje\u0111enje Drikungpa \u2018Phowa lama\u2019, sve do danas.<\/p>\r\n\r\n\r\n\r\n<p>Phowa je budisti\u010dka meditacijska praksa (tantri\u010dka joga) za oslobo\u0111enje u trenutku smrti.\u00a0To je najbr\u017ei put, po budisti\u010dkom vjerovanju, za postizanje prosvjetljenja. To je duboka praksa za prijenos svijesti u \u010disto stanje sre\u0107e u toku \u017eivota, a naro\u010dito korisna u trenutku smrti.\u00a0Nitko ne mo\u017ee pobje\u0107i smrti-ali trenutak smrti se mo\u017ee vrlo korisno upotrijebiti, ako se zna kako.<\/p>\r\n\r\n\r\n\r\n<p>Phowa seminar organiziran od strane na\u0161eg dru\u0161tva Padmasana, odr\u017ean je kao desetodnevno povla\u010denje na zagreba\u010dkoj Medvednici (Dom sindikata \u2018Medvednica\u2019).U rana jutra, u mirnom ambijentu kroz \u0161umovite proplanake zagreba\u010dke Medvednice, odzvanjali su po prvi puta u Hrvatskoj zvuci zvona, bubnjeva i molitveni napjevi Phowa-e iz dalekog Tibeta, nastali prije mnogo stolje\u0107a, blagosivljaju\u0107i sve prisutne i donose\u0107i mir na zemlju. S prvim zrakama proljetnog sunca i u pjevu ptica u kro\u0161njama visokog drve\u0107a, utihnu\u0161e rane jutarnje molitve Ayang Rinpoche-a, nesta\u0161e tajanstveno u maglama dubokih dolina u kojima le\u017ei grad Zagreb.<\/p>\r\n\r\n\r\n\r\n<p>Lama Ayang Rinpoche do\u0161ao je u Hrvatsku na poziv njegovih bliskih u\u010denika iz Indije, Dragutina \u0160malcelja (Lobsang Norbu-a)\u00a0 i Reene (Lhamo Ozer Chenma).\u00a0 Na seminaru je sudjelovalo 136 studenata iz Hrvatske i susjednih zemalja: Slovenije, Austrije, Njema\u010dke, Bosne i Srbije. Sva u\u010denja\u00a0 prevodio je s engleskog jezika na hrvatski Gen. Lobsang Norbu.<\/p>\r\n\r\n\r\n\r\n<p>Ovaj seminar o Nyingma i Drikung Phowa praksi sadr\u017eao je opse\u017eno i detaljno u\u010denje o trenutku smrti, me\u0111ustanju (Bardo), prakse u pro\u010di\u0161\u0107enju svijesti na Vajrasattvu i mnogim drugim temama, kao i detaljne upute za meditaciju i unutarnji trening u vizualizaciji. Tome su prethodila opunomo\u0107enja za praksu Vajrasattve, Amitabhe, Vajrayogini, Amitayusa i Avalokiteshware. Nakon \u0161to su izvr\u0161eni svi prijenosi, Rinpoche provodi temeljiti svakodnevni trening kako bi upoznao studente sa svim pojedinostima ovih dubokih praksi Phowa-e.<\/p>\r\n\r\n\r\n\r\n<p>Veliki majstor, Marpa \u2018Lotsawa\u2019 je rekao: \u201cAko studirate Phowa-u, onda \u0107ete znati da u vrijeme kada se smrt pribli\u017ei ne o\u010dajavate. Ako ste se prije toga zbli\u017eili i navikli na put Phowa-e, onda u trenutku smrti biti \u0107ete ispunjeni veselim samopouzdanjem.\u201d Re\u010deno je da onaj tko je uspje\u0161no savladao Phowa praksu i zadobio jasne znakove postignu\u0107a tokom \u017eivota, ne\u0107e se vratiti u samsari\u010dko podru\u010dje nakon ulaska u Dewachen i da \u0107e brzo i jednostavno posti\u0107i prosvjetljenje iz tog podru\u010dja. Phowa ili \u2018preno\u0161enje svijesti u trenutku smrti\u2019 je najjednostavniji i najizravniji na\u010din da se postigne prosvjetljenje. Phowa je jedna od \u0161est Naropinih yoga i podu\u010dava se u svim tibetanskim budisti\u010dkim tradicijama; Drikung Kagyu loza, me\u0111utim, ima posebnu mo\u0107 u prijenosu svijesti u \u010distu zemlju Buddhe Amitabha-e.<\/p>\r\n\r\n\r\n\r\n<p>Re\u010deno je da je Phowa jedan od vje\u0161tih na\u010dina prijenosa svijesti u \u010disto stanje \u2018Zemlju Buddhe Amitabha-e\u2019. Kroz kombinaciju daha, mantre i tehnika u vizualizaciji primjenjenih u trenutku smrti, svijest je izba\u010dena iz otvora na tjemenu glave, zaobilazi me\u0111ustanje \u2018Bardo\u2019 i izbjegava neizvjesno prepora\u0111anje u \u0161est oblasti cikli\u010dkog postojanja. S ovih vrata na tjemenu glave, svijest umiru\u0107e osobe mo\u017ee se prenijeti izravno u podru\u010dje Amitabha Buddhe, \u2018Dewachen\u2019 (polje zapadnog Buddha-e). Naropa je rekao, \u201cPostoji devet vrata (obi\u010dnih otvora na ljudskom tijelu) koja vode u pojavni svijet kru\u017enog postojanja bez po\u010detka, bez kraja, ali postoji samo jedan otvor \u2018Vrata Mahamudre\u2019 (Nirvana).\u00a0 Ako zatvorite devet vrata onda \u0107ete do\u0107i na put oslobo\u0111enja, bez ikakve sumnje. \u201d<\/p>\r\n\r\n\r\n<div class=\"wp-block-image\">\r\n<figure class=\"aligncenter\"><img loading=\"lazy\" decoding=\"async\" width=\"605\" height=\"636\" class=\"wp-image-478 aligncenter\" src=\"http:\/\/padmasana.hr\/wp-content\/uploads\/2014\/03\/AyangPhowa01.jpg\" alt=\"AyangPhowa01\" srcset=\"https:\/\/padmasana.hr\/wp-content\/uploads\/2014\/03\/AyangPhowa01.jpg 605w, https:\/\/padmasana.hr\/wp-content\/uploads\/2014\/03\/AyangPhowa01-285x300.jpg 285w\" sizes=\"auto, (max-width: 605px) 100vw, 605px\" \/><\/figure>\r\n<\/div>\r\n\r\n\r\n<p>Ova praksa je posebno va\u017ena u dana\u0161nje vrijeme, kada ve\u0107ina ljudi nema mogu\u0107nost odlaska u dugotrajnu \u017eivotnu osamljeni\u010dku meditativnu praksu. Zbog nedostatka takve mogu\u0107nosti, Phowa predstavlja veliki put oslobo\u0111enja koji je jednostavan i izravan, a koji nam omogu\u0107uje da transformiramo stresove suvremenog \u017eivota u vitalne sile koje sijeku kroz privr\u017eenosti iluzornim objektima i bude u nama realizaciju vlastite prirode Buddha-e. Kada se smrt primakne nemamo mogu\u0107nosti za bijeg, niti na\u0161e ste\u010deno bogatstvo, niti na\u0161i voljeni nam ne\u0107e mo\u0107i pomo\u0107i. Ni\u0161ta nam ne mo\u017ee pomo\u0107i osim dragocjenog u\u010denja koje vodi k oslobo\u0111enju. Drikung Kagyu tradicija, kao jedna od glavnih loza unutar Kagyu \u0161kole tibetanskog budizma, poznata je kao loza \u2018Phowa specijalista\u2019. Mnogi praktikanti kroz minula stolje\u0107a uspje\u0161no su dovr\u0161ili ovu praksu i radi toga je u Tibetu ova transmisija Phowa-e poznata kao \u2018Velika Drikung Phowa\u2019. Radi akumulirane energije Drikung loze i snage samog u\u010denja, kvalificirani Lama je u mogu\u0107nosti prenijeti blagoslov izravno na praktikanta, donose\u0107i brze rezultate. Stoga, od bitne je va\u017enosti osvijestiti netrajnost \u017eivota.<\/p>","protected":false},"excerpt":{"rendered":"<p>Choeje K.C. Ayang Rinpoche prvi je tibetanski lama \u2018trulku\u2019 koji je do\u0161ao u Hrvatsku, podu\u010davao Buddhinom putu i donio blagoslov s Tibeta. K.C. Ayang Rinpoche, majstor Phowe, posjetio je Hrvatsku prvi put jo\u0161 davne 1996. godine.\u00a0Do\u0161ao je na molbu i u pratnji svog u\u010denika Dragutina \u0160malcelja (Lobsang Norbu) koji je tada bio u treningu na [&hellip;]<\/p>\n","protected":false},"author":3,"featured_media":0,"parent":0,"menu_order":0,"comment_status":"closed","ping_status":"closed","template":"","meta":{"iawp_total_views":24,"footnotes":""},"class_list":["post-997","page","type-page","status-publish","hentry"],"yoast_head":"<!-- This site is optimized with the Yoast SEO plugin v27.4 - https:\/\/yoast.com\/product\/yoast-seo-wordpress\/ -->\n<title>Ven. Ayang Rinpoche - Inicijacije i u\u010denja - Hrvatsko Budisti\u010dko Dru\u0161tvo &quot;Padmasana&quot;<\/title>\n<meta name=\"robots\" content=\"index, follow, max-snippet:-1, max-image-preview:large, max-video-preview:-1\" \/>\n<link rel=\"canonical\" href=\"https:\/\/padmasana.hr\/en\/ven-ayang-rinpoche-2\/\" \/>\n<meta property=\"og:locale\" content=\"en_US\" \/>\n<meta property=\"og:type\" content=\"article\" \/>\n<meta property=\"og:title\" content=\"Ven. Ayang Rinpoche - Inicijacije i u\u010denja - Hrvatsko Budisti\u010dko Dru\u0161tvo &quot;Padmasana&quot;\" \/>\n<meta property=\"og:description\" content=\"Choeje K.C. Ayang Rinpoche prvi je tibetanski lama \u2018trulku\u2019 koji je do\u0161ao u Hrvatsku, podu\u010davao Buddhinom putu i donio blagoslov s Tibeta. K.C. Ayang Rinpoche, majstor Phowe, posjetio je Hrvatsku prvi put jo\u0161 davne 1996. godine.\u00a0Do\u0161ao je na molbu i u pratnji svog u\u010denika Dragutina \u0160malcelja (Lobsang Norbu) koji je tada bio u treningu na [&hellip;]\" \/>\n<meta property=\"og:url\" content=\"https:\/\/padmasana.hr\/en\/ven-ayang-rinpoche-2\/\" \/>\n<meta property=\"og:site_name\" content=\"Hrvatsko Budisti\u010dko Dru\u0161tvo &quot;Padmasana&quot;\" \/>\n<meta property=\"article:publisher\" content=\"https:\/\/www.facebook.com\/profile.php?id=100064443051947\" \/>\n<meta property=\"article:modified_time\" content=\"2025-02-25T18:28:47+00:00\" \/>\n<meta property=\"og:image\" content=\"https:\/\/padmasana.hr\/wp-content\/uploads\/2014\/04\/ayangucenja.jpg\" \/>\n\t<meta property=\"og:image:width\" content=\"385\" \/>\n\t<meta property=\"og:image:height\" content=\"258\" \/>\n\t<meta property=\"og:image:type\" content=\"image\/jpeg\" \/>\n<meta name=\"twitter:card\" content=\"summary_large_image\" \/>\n<meta name=\"twitter:label1\" content=\"Est. reading time\" \/>\n\t<meta name=\"twitter:data1\" content=\"7 minutes\" \/>\n<script type=\"application\/ld+json\" class=\"yoast-schema-graph\">{\"@context\":\"https:\\\/\\\/schema.org\",\"@graph\":[{\"@type\":\"WebPage\",\"@id\":\"https:\\\/\\\/padmasana.hr\\\/ven-ayang-rinpoche-2\\\/\",\"url\":\"https:\\\/\\\/padmasana.hr\\\/ven-ayang-rinpoche-2\\\/\",\"name\":\"Ven. Ayang Rinpoche - Inicijacije i u\u010denja - Hrvatsko Budisti\u010dko Dru\u0161tvo &quot;Padmasana&quot;\",\"isPartOf\":{\"@id\":\"https:\\\/\\\/padmasana.hr\\\/en\\\/#website\"},\"primaryImageOfPage\":{\"@id\":\"https:\\\/\\\/padmasana.hr\\\/ven-ayang-rinpoche-2\\\/#primaryimage\"},\"image\":{\"@id\":\"https:\\\/\\\/padmasana.hr\\\/ven-ayang-rinpoche-2\\\/#primaryimage\"},\"thumbnailUrl\":\"http:\\\/\\\/padmasana.hr\\\/wp-content\\\/uploads\\\/2014\\\/04\\\/ayangucenja.jpg\",\"datePublished\":\"2014-04-21T10:21:46+00:00\",\"dateModified\":\"2025-02-25T18:28:47+00:00\",\"breadcrumb\":{\"@id\":\"https:\\\/\\\/padmasana.hr\\\/ven-ayang-rinpoche-2\\\/#breadcrumb\"},\"inLanguage\":\"en-US\",\"potentialAction\":[{\"@type\":\"ReadAction\",\"target\":[\"https:\\\/\\\/padmasana.hr\\\/ven-ayang-rinpoche-2\\\/\"]}]},{\"@type\":\"ImageObject\",\"inLanguage\":\"en-US\",\"@id\":\"https:\\\/\\\/padmasana.hr\\\/ven-ayang-rinpoche-2\\\/#primaryimage\",\"url\":\"http:\\\/\\\/padmasana.hr\\\/wp-content\\\/uploads\\\/2014\\\/04\\\/ayangucenja.jpg\",\"contentUrl\":\"http:\\\/\\\/padmasana.hr\\\/wp-content\\\/uploads\\\/2014\\\/04\\\/ayangucenja.jpg\"},{\"@type\":\"BreadcrumbList\",\"@id\":\"https:\\\/\\\/padmasana.hr\\\/ven-ayang-rinpoche-2\\\/#breadcrumb\",\"itemListElement\":[{\"@type\":\"ListItem\",\"position\":1,\"name\":\"Home\",\"item\":\"https:\\\/\\\/padmasana.hr\\\/\"},{\"@type\":\"ListItem\",\"position\":2,\"name\":\"Ven. Ayang Rinpoche &#8211; Inicijacije i u\u010denja\"}]},{\"@type\":\"WebSite\",\"@id\":\"https:\\\/\\\/padmasana.hr\\\/en\\\/#website\",\"url\":\"https:\\\/\\\/padmasana.hr\\\/en\\\/\",\"name\":\"Hrvatsko Budisti\u010dko Dru\u0161tvo \\\"Padmasana\\\"\",\"description\":\"\",\"publisher\":{\"@id\":\"https:\\\/\\\/padmasana.hr\\\/en\\\/#organization\"},\"potentialAction\":[{\"@type\":\"SearchAction\",\"target\":{\"@type\":\"EntryPoint\",\"urlTemplate\":\"https:\\\/\\\/padmasana.hr\\\/en\\\/?s={search_term_string}\"},\"query-input\":{\"@type\":\"PropertyValueSpecification\",\"valueRequired\":true,\"valueName\":\"search_term_string\"}}],\"inLanguage\":\"en-US\"},{\"@type\":\"Organization\",\"@id\":\"https:\\\/\\\/padmasana.hr\\\/en\\\/#organization\",\"name\":\"Hrvatsko Budisti\u010dko Dru\u0161tvo \\\"Padmasana\\\"\",\"url\":\"https:\\\/\\\/padmasana.hr\\\/en\\\/\",\"logo\":{\"@type\":\"ImageObject\",\"inLanguage\":\"en-US\",\"@id\":\"https:\\\/\\\/padmasana.hr\\\/en\\\/#\\\/schema\\\/logo\\\/image\\\/\",\"url\":\"https:\\\/\\\/padmasana.hr\\\/wp-content\\\/uploads\\\/2024\\\/04\\\/cropped-logotip-of-padmasana.jpg\",\"contentUrl\":\"https:\\\/\\\/padmasana.hr\\\/wp-content\\\/uploads\\\/2024\\\/04\\\/cropped-logotip-of-padmasana.jpg\",\"width\":512,\"height\":512,\"caption\":\"Hrvatsko Budisti\u010dko Dru\u0161tvo \\\"Padmasana\\\"\"},\"image\":{\"@id\":\"https:\\\/\\\/padmasana.hr\\\/en\\\/#\\\/schema\\\/logo\\\/image\\\/\"},\"sameAs\":[\"https:\\\/\\\/www.facebook.com\\\/profile.php?id=100064443051947\"]}]}<\/script>\n<!-- \/ Yoast SEO plugin. -->","yoast_head_json":{"title":"Ven. Ayang Rinpoche - Inicijacije i u\u010denja - Hrvatsko Budisti\u010dko Dru\u0161tvo &quot;Padmasana&quot;","robots":{"index":"index","follow":"follow","max-snippet":"max-snippet:-1","max-image-preview":"max-image-preview:large","max-video-preview":"max-video-preview:-1"},"canonical":"https:\/\/padmasana.hr\/en\/ven-ayang-rinpoche-2\/","og_locale":"en_US","og_type":"article","og_title":"Ven. Ayang Rinpoche - Inicijacije i u\u010denja - Hrvatsko Budisti\u010dko Dru\u0161tvo &quot;Padmasana&quot;","og_description":"Choeje K.C. Ayang Rinpoche prvi je tibetanski lama \u2018trulku\u2019 koji je do\u0161ao u Hrvatsku, podu\u010davao Buddhinom putu i donio blagoslov s Tibeta. K.C. Ayang Rinpoche, majstor Phowe, posjetio je Hrvatsku prvi put jo\u0161 davne 1996. godine.\u00a0Do\u0161ao je na molbu i u pratnji svog u\u010denika Dragutina \u0160malcelja (Lobsang Norbu) koji je tada bio u treningu na [&hellip;]","og_url":"https:\/\/padmasana.hr\/en\/ven-ayang-rinpoche-2\/","og_site_name":"Hrvatsko Budisti\u010dko Dru\u0161tvo &quot;Padmasana&quot;","article_publisher":"https:\/\/www.facebook.com\/profile.php?id=100064443051947","article_modified_time":"2025-02-25T18:28:47+00:00","og_image":[{"width":385,"height":258,"url":"https:\/\/padmasana.hr\/wp-content\/uploads\/2014\/04\/ayangucenja.jpg","type":"image\/jpeg"}],"twitter_card":"summary_large_image","twitter_misc":{"Est. reading time":"7 minutes"},"schema":{"@context":"https:\/\/schema.org","@graph":[{"@type":"WebPage","@id":"https:\/\/padmasana.hr\/ven-ayang-rinpoche-2\/","url":"https:\/\/padmasana.hr\/ven-ayang-rinpoche-2\/","name":"Ven. Ayang Rinpoche - Inicijacije i u\u010denja - Hrvatsko Budisti\u010dko Dru\u0161tvo &quot;Padmasana&quot;","isPartOf":{"@id":"https:\/\/padmasana.hr\/en\/#website"},"primaryImageOfPage":{"@id":"https:\/\/padmasana.hr\/ven-ayang-rinpoche-2\/#primaryimage"},"image":{"@id":"https:\/\/padmasana.hr\/ven-ayang-rinpoche-2\/#primaryimage"},"thumbnailUrl":"http:\/\/padmasana.hr\/wp-content\/uploads\/2014\/04\/ayangucenja.jpg","datePublished":"2014-04-21T10:21:46+00:00","dateModified":"2025-02-25T18:28:47+00:00","breadcrumb":{"@id":"https:\/\/padmasana.hr\/ven-ayang-rinpoche-2\/#breadcrumb"},"inLanguage":"en-US","potentialAction":[{"@type":"ReadAction","target":["https:\/\/padmasana.hr\/ven-ayang-rinpoche-2\/"]}]},{"@type":"ImageObject","inLanguage":"en-US","@id":"https:\/\/padmasana.hr\/ven-ayang-rinpoche-2\/#primaryimage","url":"http:\/\/padmasana.hr\/wp-content\/uploads\/2014\/04\/ayangucenja.jpg","contentUrl":"http:\/\/padmasana.hr\/wp-content\/uploads\/2014\/04\/ayangucenja.jpg"},{"@type":"BreadcrumbList","@id":"https:\/\/padmasana.hr\/ven-ayang-rinpoche-2\/#breadcrumb","itemListElement":[{"@type":"ListItem","position":1,"name":"Home","item":"https:\/\/padmasana.hr\/"},{"@type":"ListItem","position":2,"name":"Ven. Ayang Rinpoche &#8211; Inicijacije i u\u010denja"}]},{"@type":"WebSite","@id":"https:\/\/padmasana.hr\/en\/#website","url":"https:\/\/padmasana.hr\/en\/","name":"Hrvatsko Budisti\u010dko Dru\u0161tvo \"Padmasana\"","description":"","publisher":{"@id":"https:\/\/padmasana.hr\/en\/#organization"},"potentialAction":[{"@type":"SearchAction","target":{"@type":"EntryPoint","urlTemplate":"https:\/\/padmasana.hr\/en\/?s={search_term_string}"},"query-input":{"@type":"PropertyValueSpecification","valueRequired":true,"valueName":"search_term_string"}}],"inLanguage":"en-US"},{"@type":"Organization","@id":"https:\/\/padmasana.hr\/en\/#organization","name":"Hrvatsko Budisti\u010dko Dru\u0161tvo \"Padmasana\"","url":"https:\/\/padmasana.hr\/en\/","logo":{"@type":"ImageObject","inLanguage":"en-US","@id":"https:\/\/padmasana.hr\/en\/#\/schema\/logo\/image\/","url":"https:\/\/padmasana.hr\/wp-content\/uploads\/2024\/04\/cropped-logotip-of-padmasana.jpg","contentUrl":"https:\/\/padmasana.hr\/wp-content\/uploads\/2024\/04\/cropped-logotip-of-padmasana.jpg","width":512,"height":512,"caption":"Hrvatsko Budisti\u010dko Dru\u0161tvo \"Padmasana\""},"image":{"@id":"https:\/\/padmasana.hr\/en\/#\/schema\/logo\/image\/"},"sameAs":["https:\/\/www.facebook.com\/profile.php?id=100064443051947"]}]}},"_links":{"self":[{"href":"https:\/\/padmasana.hr\/en\/wp-json\/wp\/v2\/pages\/997","targetHints":{"allow":["GET"]}}],"collection":[{"href":"https:\/\/padmasana.hr\/en\/wp-json\/wp\/v2\/pages"}],"about":[{"href":"https:\/\/padmasana.hr\/en\/wp-json\/wp\/v2\/types\/page"}],"author":[{"embeddable":true,"href":"https:\/\/padmasana.hr\/en\/wp-json\/wp\/v2\/users\/3"}],"replies":[{"embeddable":true,"href":"https:\/\/padmasana.hr\/en\/wp-json\/wp\/v2\/comments?post=997"}],"version-history":[{"count":9,"href":"https:\/\/padmasana.hr\/en\/wp-json\/wp\/v2\/pages\/997\/revisions"}],"predecessor-version":[{"id":1902,"href":"https:\/\/padmasana.hr\/en\/wp-json\/wp\/v2\/pages\/997\/revisions\/1902"}],"wp:attachment":[{"href":"https:\/\/padmasana.hr\/en\/wp-json\/wp\/v2\/media?parent=997"}],"curies":[{"name":"wp","href":"https:\/\/api.w.org\/{rel}","templated":true}]}}