{"id":995,"date":"2014-04-21T10:21:28","date_gmt":"2014-04-21T10:21:28","guid":{"rendered":"http:\/\/padmasana.tk\/?page_id=995"},"modified":"2025-02-25T16:56:48","modified_gmt":"2025-02-25T15:56:48","slug":"ven-gangten-trulku-rinpoche-2","status":"publish","type":"page","link":"https:\/\/padmasana.hr\/en\/ven-gangten-trulku-rinpoche-2\/","title":{"rendered":"Ven Gangten Trulku Rinpoche"},"content":{"rendered":"<p><b>Inicijacija i u\u010denje u Zagrebu &nbsp;20., 21.i 22. rujna 2006.<\/b><\/p>\n\n\n\n<p><b>Ven. S.E. Gangten&nbsp;Trulku Rinpoche<\/b>,&nbsp;<b>majstor<\/b>&nbsp;<b>Dzogchen-a (Kunzang&nbsp; Pema&nbsp; Nampar Gyalwa<\/b>),&nbsp;<b>nosilac Longchen&nbsp; Nyinthik&nbsp;loze i 9.<\/b>&nbsp;<b>inkarnacija Tertona&nbsp; Pema&nbsp; Lingpa-e<\/b>&nbsp;(1450-1521), koji je&nbsp;<b>manifestacija Guru Rinpoche-a<\/b>&nbsp;<b>(Padmasambhave) i Longchen Rabjampa-e<\/b>, u Zagrebu tokom u\u010denja, na tronu, okru\u017een&nbsp;Sanghom koju \u010dine \u010dlanovi centra za budhisti\u010dki studij i meditaciju \u2018Padmasana\u2019.<\/p>\n\n\n<div class=\"wp-block-image\">\n<figure class=\"aligncenter\"><img loading=\"lazy\" decoding=\"async\" width=\"337\" height=\"256\" src=\"http:\/\/padmasana.hr\/wp-content\/uploads\/2014\/04\/gangten.jpg\" alt=\"gangten\" class=\"wp-image-1040\" srcset=\"https:\/\/padmasana.hr\/wp-content\/uploads\/2014\/04\/gangten.jpg 337w, https:\/\/padmasana.hr\/wp-content\/uploads\/2014\/04\/gangten-300x227.jpg 300w\" sizes=\"auto, (max-width: 337px) 100vw, 337px\" \/><\/figure>\n<\/div>\n\n\n<p>20. rujna u popodnevnim satima Rinpoche je inicirao \u010dlanove Padmasane u praksu na Guru Padmasambhavu&nbsp;u aspektu \u201e<b>Pema Tho Treng Tsal<\/b>\u201c, kojom se steklo opunomo\u0107enje za sve razine praksi u ovoj tradiciji od&nbsp;<b>kriya yogha-e<\/b>&nbsp;&nbsp;pa&nbsp; do&nbsp;<b>tsa-lung- tik-le yogha-e<\/b>&nbsp;na razini nadhija, kapljica i prana-e. Osnova za ovu praksu su preliminarije<b>\u201eNgon-dro<\/b>\u201c po tekstu&nbsp;<b>\u201eKun-Sang-dgongs-pa-kun-dus<\/b>\u201c, koji je sastavio&nbsp;<b>H.H. Dudjom Rinpoche (Jigdral Yeshe Dorje<\/b>), uzvi\u0161eni poglavar Nyingma \u0161kole i korijenski u\u010ditelj&nbsp;<b>Gangten Trulku &nbsp;Kunzang&nbsp; Pema<\/b>&nbsp;<b>Nampar&nbsp; Gyalwa-e<\/b>,<b>nosioca doktrine drevne Gangteng&nbsp;Sangak Choling samostanske<\/b>&nbsp;<b>tradicije.<\/b>&nbsp;Ovaj preliminarni tekst ima izvornu liturgijsku osnovu u famoznoj&nbsp;<b>\u201eLucidnoj<\/b>&nbsp;<b>su\u0161tini\u201c<\/b>, tekstu kojeg je sastavio&nbsp;<b>Terdak Ling-pa<\/b>.<\/p>\n\n\n\n<p>21. rujna u dopodnevnom i popodnevnom zasjedanju, Rinpoche je podu\u010davao izvanrednom vje\u0161tinom, lako\u0107om i spontano\u0161\u0107u Dzogchena (neome\u0111enog poput prostora),&nbsp;<b>9 yana<\/b>&nbsp;(putova ili na\u010dina postignu\u0107a stanja oslobo\u0111enja i prosvjetljenja), objasniv\u0161i filozofska polazi\u0161ta, metodu i postignu\u0107e svake od 9 yana. Rinpoche je zapo\u010deo s obja\u0161njenjem puta&nbsp;<b>Shravaka-yana-e, Pratyeka-yana-e, Bodhisattva-yane<\/b>, obuhvativ\u0161i bazi\u010dno u\u010denje&nbsp;<b>Vinaya-pithaka-e<\/b>&nbsp;i savr\u0161enog puta&nbsp;<b>Sutre (Parchen<\/b>), nastaviv\u0161i s obrazlo\u017eenjem&nbsp;<b>Vajra-Yana-e<\/b>&nbsp;s unutarnjom podjelom na<b>6 klasa tantre: Kriya-yoghom, Upa-yoghom, Yogha-tantrom, Maha-yoghom, &nbsp;Anu-yoghom i Ati-yogha tantrom<\/b>. Zatim je bilo posebno rije\u010di o postignu\u0107u (plodu) u praksi po&nbsp;<b>Ati-yogha<\/b>&nbsp;sistemu. Sve realizacije su svrstane u dvije skupine. U&nbsp;<b>Trechog&nbsp;&nbsp;<\/b>skupinu ulaze sva postignu\u0107a zasnovana na treningu odsijecanja uzica svih konceptualnih mentalnih predod\u017ebi kao proizvoda neznanja dualisti\u010dkog uma i kona\u010dno rastakanje tijela u atome, a prevo\u0111enje uma u stanje&nbsp;<b>Dharmatha-e<\/b>&nbsp;(istinske prirode uma).<br>\n<b>Trogel<\/b>&nbsp;skupina sadr\u017ei &nbsp;postignu\u0107e duginog tijela ili&nbsp;<b>Velike Phowe cjelovitog ostvarenja<\/b>&nbsp;<b>Dharmakaya-e<\/b>. Ova metoda znana je i kao \u201eskok u sam centar\u201c.<br>\nObja\u0161njenje 9 yana dato je u tradiciji Dzogchena, a pripada staroj temeljnoj \u0161koli puta Nyingmapa.<br>\nKao posebne preliminarije za Dzogchen u tradiciji Trogel, Sangha studijsko-meditacijske grupe centra Padmasane koristi tekst \u201e<b>La-mi-nel-djor-chin-labs-char-phe-bs<\/b>\u201c ili \u201eKi\u0161u blagoslova\u201c kao&nbsp;<b>Guru Yoghu na Tso-kye Dorje<\/b>, zasnovanu na sedmodijelnoj molitvi. Ova Guru Yogha je osnova za akumulaciju pozitivnih vrlina za praksu i retrit u Dzogchenu.<br>\n<b>23. rujna Rinpoche je za uski krug Padmasane dao poseban blagoslov i usmenu transmisiju \u201eLung\u201c za Dzogchen od &nbsp;Longchen Rajampa-e, \u0161to predstavlja sa\u0111enje sjemena za \u201eJasno ogledalo-sliku postignu\u0107a\u201e i najava je za Dzogchen retreat u Hrvatskoj u skorijoj budu\u0107nosti<\/b>&nbsp;<b>kada Sangha ispuni uvjete za to<\/b>. Ovu rijetku transmisiju za Dzogchen, Rinpoche je prethodno dao osim u Hrvatskoj jedino u Francuskoj u toku cijele njegove turneje po Europi.<br>\n<b>Rinpoche je ostavio svoj blagoslov i molitvu dobrih \u017eelja za brzo postignu\u0107e u centru Padmasana kao \u010duvaru njegove Dzogchen tradicije u Hrvatskoj u duhu Rime-ne-sekta\u0161tva koje Padmasana slijedi u svom programu duhovnog treninga. Predstavnik Gangten&nbsp; Trulku<\/b>&nbsp;<b>Rinpoche-a za Hrvatsku je predsjednik H.B.D. Padmasane, Lobsang Norbu<\/b>&nbsp;<b>(Dragutin \u0160malcelj<\/b>). H.B.D. Padmasana&nbsp; povezana je u svom meditacijskom programu s \u201eYeshe Korlo\u201c organizacijom koja objedinjuje Nyingmapa budhisti\u010dke centre Amerike i Europe.<\/p>\n\n\n\n<p>Prijevod u\u010denja na hrvatski jezik u\u010dinio je Lobsang Norbu (Dragutin \u0160malcelj).<\/p>\n\n\n\n<p><strong>Neka sve bude povoljno!!!<\/strong><\/p>","protected":false},"excerpt":{"rendered":"<p>Inicijacija i u\u010denje u Zagrebu &nbsp;20., 21.i 22. rujna 2006. Ven. S.E. Gangten&nbsp;Trulku Rinpoche,&nbsp;majstor&nbsp;Dzogchen-a (Kunzang&nbsp; Pema&nbsp; Nampar Gyalwa),&nbsp;nosilac Longchen&nbsp; Nyinthik&nbsp;loze i 9.&nbsp;inkarnacija Tertona&nbsp; Pema&nbsp; Lingpa-e&nbsp;(1450-1521), koji je&nbsp;manifestacija Guru Rinpoche-a&nbsp;(Padmasambhave) i Longchen Rabjampa-e, u Zagrebu tokom u\u010denja, na tronu, okru\u017een&nbsp;Sanghom koju \u010dine \u010dlanovi centra za budhisti\u010dki studij i meditaciju \u2018Padmasana\u2019. 20. rujna u popodnevnim satima Rinpoche [&hellip;]<\/p>\n","protected":false},"author":3,"featured_media":0,"parent":0,"menu_order":0,"comment_status":"closed","ping_status":"closed","template":"","meta":{"iawp_total_views":10,"footnotes":""},"class_list":["post-995","page","type-page","status-publish","hentry"],"yoast_head":"<!-- This site is optimized with the Yoast SEO plugin v27.4 - https:\/\/yoast.com\/product\/yoast-seo-wordpress\/ -->\n<title>Ven Gangten Trulku Rinpoche - Hrvatsko Budisti\u010dko Dru\u0161tvo &quot;Padmasana&quot;<\/title>\n<meta name=\"robots\" content=\"index, follow, max-snippet:-1, max-image-preview:large, max-video-preview:-1\" \/>\n<link rel=\"canonical\" href=\"https:\/\/padmasana.hr\/en\/ven-gangten-trulku-rinpoche-2\/\" \/>\n<meta property=\"og:locale\" content=\"en_US\" \/>\n<meta property=\"og:type\" content=\"article\" \/>\n<meta property=\"og:title\" content=\"Ven Gangten Trulku Rinpoche - Hrvatsko Budisti\u010dko Dru\u0161tvo &quot;Padmasana&quot;\" \/>\n<meta property=\"og:description\" content=\"Inicijacija i u\u010denje u Zagrebu &nbsp;20., 21.i 22. rujna 2006. Ven. S.E. Gangten&nbsp;Trulku Rinpoche,&nbsp;majstor&nbsp;Dzogchen-a (Kunzang&nbsp; Pema&nbsp; Nampar Gyalwa),&nbsp;nosilac Longchen&nbsp; Nyinthik&nbsp;loze i 9.&nbsp;inkarnacija Tertona&nbsp; Pema&nbsp; Lingpa-e&nbsp;(1450-1521), koji je&nbsp;manifestacija Guru Rinpoche-a&nbsp;(Padmasambhave) i Longchen Rabjampa-e, u Zagrebu tokom u\u010denja, na tronu, okru\u017een&nbsp;Sanghom koju \u010dine \u010dlanovi centra za budhisti\u010dki studij i meditaciju \u2018Padmasana\u2019. 20. rujna u popodnevnim satima Rinpoche [&hellip;]\" \/>\n<meta property=\"og:url\" content=\"https:\/\/padmasana.hr\/en\/ven-gangten-trulku-rinpoche-2\/\" \/>\n<meta property=\"og:site_name\" content=\"Hrvatsko Budisti\u010dko Dru\u0161tvo &quot;Padmasana&quot;\" \/>\n<meta property=\"article:publisher\" content=\"https:\/\/www.facebook.com\/profile.php?id=100064443051947\" \/>\n<meta property=\"article:modified_time\" content=\"2025-02-25T15:56:48+00:00\" \/>\n<meta property=\"og:image\" content=\"https:\/\/padmasana.hr\/wp-content\/uploads\/2014\/04\/gangten.jpg\" \/>\n\t<meta property=\"og:image:width\" content=\"337\" \/>\n\t<meta property=\"og:image:height\" content=\"256\" \/>\n\t<meta property=\"og:image:type\" content=\"image\/jpeg\" \/>\n<meta name=\"twitter:card\" content=\"summary_large_image\" \/>\n<meta name=\"twitter:label1\" content=\"Est. reading time\" \/>\n\t<meta name=\"twitter:data1\" content=\"3 minutes\" \/>\n<script type=\"application\/ld+json\" class=\"yoast-schema-graph\">{\"@context\":\"https:\\\/\\\/schema.org\",\"@graph\":[{\"@type\":\"WebPage\",\"@id\":\"https:\\\/\\\/padmasana.hr\\\/ven-gangten-trulku-rinpoche-2\\\/\",\"url\":\"https:\\\/\\\/padmasana.hr\\\/ven-gangten-trulku-rinpoche-2\\\/\",\"name\":\"Ven Gangten Trulku Rinpoche - Hrvatsko Budisti\u010dko Dru\u0161tvo &quot;Padmasana&quot;\",\"isPartOf\":{\"@id\":\"https:\\\/\\\/padmasana.hr\\\/en\\\/#website\"},\"primaryImageOfPage\":{\"@id\":\"https:\\\/\\\/padmasana.hr\\\/ven-gangten-trulku-rinpoche-2\\\/#primaryimage\"},\"image\":{\"@id\":\"https:\\\/\\\/padmasana.hr\\\/ven-gangten-trulku-rinpoche-2\\\/#primaryimage\"},\"thumbnailUrl\":\"http:\\\/\\\/padmasana.hr\\\/wp-content\\\/uploads\\\/2014\\\/04\\\/gangten.jpg\",\"datePublished\":\"2014-04-21T10:21:28+00:00\",\"dateModified\":\"2025-02-25T15:56:48+00:00\",\"breadcrumb\":{\"@id\":\"https:\\\/\\\/padmasana.hr\\\/ven-gangten-trulku-rinpoche-2\\\/#breadcrumb\"},\"inLanguage\":\"en-US\",\"potentialAction\":[{\"@type\":\"ReadAction\",\"target\":[\"https:\\\/\\\/padmasana.hr\\\/ven-gangten-trulku-rinpoche-2\\\/\"]}]},{\"@type\":\"ImageObject\",\"inLanguage\":\"en-US\",\"@id\":\"https:\\\/\\\/padmasana.hr\\\/ven-gangten-trulku-rinpoche-2\\\/#primaryimage\",\"url\":\"http:\\\/\\\/padmasana.hr\\\/wp-content\\\/uploads\\\/2014\\\/04\\\/gangten.jpg\",\"contentUrl\":\"http:\\\/\\\/padmasana.hr\\\/wp-content\\\/uploads\\\/2014\\\/04\\\/gangten.jpg\"},{\"@type\":\"BreadcrumbList\",\"@id\":\"https:\\\/\\\/padmasana.hr\\\/ven-gangten-trulku-rinpoche-2\\\/#breadcrumb\",\"itemListElement\":[{\"@type\":\"ListItem\",\"position\":1,\"name\":\"Home\",\"item\":\"https:\\\/\\\/padmasana.hr\\\/\"},{\"@type\":\"ListItem\",\"position\":2,\"name\":\"Ven Gangten Trulku Rinpoche\"}]},{\"@type\":\"WebSite\",\"@id\":\"https:\\\/\\\/padmasana.hr\\\/en\\\/#website\",\"url\":\"https:\\\/\\\/padmasana.hr\\\/en\\\/\",\"name\":\"Hrvatsko Budisti\u010dko Dru\u0161tvo \\\"Padmasana\\\"\",\"description\":\"\",\"publisher\":{\"@id\":\"https:\\\/\\\/padmasana.hr\\\/en\\\/#organization\"},\"potentialAction\":[{\"@type\":\"SearchAction\",\"target\":{\"@type\":\"EntryPoint\",\"urlTemplate\":\"https:\\\/\\\/padmasana.hr\\\/en\\\/?s={search_term_string}\"},\"query-input\":{\"@type\":\"PropertyValueSpecification\",\"valueRequired\":true,\"valueName\":\"search_term_string\"}}],\"inLanguage\":\"en-US\"},{\"@type\":\"Organization\",\"@id\":\"https:\\\/\\\/padmasana.hr\\\/en\\\/#organization\",\"name\":\"Hrvatsko Budisti\u010dko Dru\u0161tvo \\\"Padmasana\\\"\",\"url\":\"https:\\\/\\\/padmasana.hr\\\/en\\\/\",\"logo\":{\"@type\":\"ImageObject\",\"inLanguage\":\"en-US\",\"@id\":\"https:\\\/\\\/padmasana.hr\\\/en\\\/#\\\/schema\\\/logo\\\/image\\\/\",\"url\":\"https:\\\/\\\/padmasana.hr\\\/wp-content\\\/uploads\\\/2024\\\/04\\\/cropped-logotip-of-padmasana.jpg\",\"contentUrl\":\"https:\\\/\\\/padmasana.hr\\\/wp-content\\\/uploads\\\/2024\\\/04\\\/cropped-logotip-of-padmasana.jpg\",\"width\":512,\"height\":512,\"caption\":\"Hrvatsko Budisti\u010dko Dru\u0161tvo \\\"Padmasana\\\"\"},\"image\":{\"@id\":\"https:\\\/\\\/padmasana.hr\\\/en\\\/#\\\/schema\\\/logo\\\/image\\\/\"},\"sameAs\":[\"https:\\\/\\\/www.facebook.com\\\/profile.php?id=100064443051947\"]}]}<\/script>\n<!-- \/ Yoast SEO plugin. -->","yoast_head_json":{"title":"Ven Gangten Trulku Rinpoche - Hrvatsko Budisti\u010dko Dru\u0161tvo &quot;Padmasana&quot;","robots":{"index":"index","follow":"follow","max-snippet":"max-snippet:-1","max-image-preview":"max-image-preview:large","max-video-preview":"max-video-preview:-1"},"canonical":"https:\/\/padmasana.hr\/en\/ven-gangten-trulku-rinpoche-2\/","og_locale":"en_US","og_type":"article","og_title":"Ven Gangten Trulku Rinpoche - Hrvatsko Budisti\u010dko Dru\u0161tvo &quot;Padmasana&quot;","og_description":"Inicijacija i u\u010denje u Zagrebu &nbsp;20., 21.i 22. rujna 2006. Ven. S.E. Gangten&nbsp;Trulku Rinpoche,&nbsp;majstor&nbsp;Dzogchen-a (Kunzang&nbsp; Pema&nbsp; Nampar Gyalwa),&nbsp;nosilac Longchen&nbsp; Nyinthik&nbsp;loze i 9.&nbsp;inkarnacija Tertona&nbsp; Pema&nbsp; Lingpa-e&nbsp;(1450-1521), koji je&nbsp;manifestacija Guru Rinpoche-a&nbsp;(Padmasambhave) i Longchen Rabjampa-e, u Zagrebu tokom u\u010denja, na tronu, okru\u017een&nbsp;Sanghom koju \u010dine \u010dlanovi centra za budhisti\u010dki studij i meditaciju \u2018Padmasana\u2019. 20. rujna u popodnevnim satima Rinpoche [&hellip;]","og_url":"https:\/\/padmasana.hr\/en\/ven-gangten-trulku-rinpoche-2\/","og_site_name":"Hrvatsko Budisti\u010dko Dru\u0161tvo &quot;Padmasana&quot;","article_publisher":"https:\/\/www.facebook.com\/profile.php?id=100064443051947","article_modified_time":"2025-02-25T15:56:48+00:00","og_image":[{"width":337,"height":256,"url":"https:\/\/padmasana.hr\/wp-content\/uploads\/2014\/04\/gangten.jpg","type":"image\/jpeg"}],"twitter_card":"summary_large_image","twitter_misc":{"Est. reading time":"3 minutes"},"schema":{"@context":"https:\/\/schema.org","@graph":[{"@type":"WebPage","@id":"https:\/\/padmasana.hr\/ven-gangten-trulku-rinpoche-2\/","url":"https:\/\/padmasana.hr\/ven-gangten-trulku-rinpoche-2\/","name":"Ven Gangten Trulku Rinpoche - Hrvatsko Budisti\u010dko Dru\u0161tvo &quot;Padmasana&quot;","isPartOf":{"@id":"https:\/\/padmasana.hr\/en\/#website"},"primaryImageOfPage":{"@id":"https:\/\/padmasana.hr\/ven-gangten-trulku-rinpoche-2\/#primaryimage"},"image":{"@id":"https:\/\/padmasana.hr\/ven-gangten-trulku-rinpoche-2\/#primaryimage"},"thumbnailUrl":"http:\/\/padmasana.hr\/wp-content\/uploads\/2014\/04\/gangten.jpg","datePublished":"2014-04-21T10:21:28+00:00","dateModified":"2025-02-25T15:56:48+00:00","breadcrumb":{"@id":"https:\/\/padmasana.hr\/ven-gangten-trulku-rinpoche-2\/#breadcrumb"},"inLanguage":"en-US","potentialAction":[{"@type":"ReadAction","target":["https:\/\/padmasana.hr\/ven-gangten-trulku-rinpoche-2\/"]}]},{"@type":"ImageObject","inLanguage":"en-US","@id":"https:\/\/padmasana.hr\/ven-gangten-trulku-rinpoche-2\/#primaryimage","url":"http:\/\/padmasana.hr\/wp-content\/uploads\/2014\/04\/gangten.jpg","contentUrl":"http:\/\/padmasana.hr\/wp-content\/uploads\/2014\/04\/gangten.jpg"},{"@type":"BreadcrumbList","@id":"https:\/\/padmasana.hr\/ven-gangten-trulku-rinpoche-2\/#breadcrumb","itemListElement":[{"@type":"ListItem","position":1,"name":"Home","item":"https:\/\/padmasana.hr\/"},{"@type":"ListItem","position":2,"name":"Ven Gangten Trulku Rinpoche"}]},{"@type":"WebSite","@id":"https:\/\/padmasana.hr\/en\/#website","url":"https:\/\/padmasana.hr\/en\/","name":"Hrvatsko Budisti\u010dko Dru\u0161tvo \"Padmasana\"","description":"","publisher":{"@id":"https:\/\/padmasana.hr\/en\/#organization"},"potentialAction":[{"@type":"SearchAction","target":{"@type":"EntryPoint","urlTemplate":"https:\/\/padmasana.hr\/en\/?s={search_term_string}"},"query-input":{"@type":"PropertyValueSpecification","valueRequired":true,"valueName":"search_term_string"}}],"inLanguage":"en-US"},{"@type":"Organization","@id":"https:\/\/padmasana.hr\/en\/#organization","name":"Hrvatsko Budisti\u010dko Dru\u0161tvo \"Padmasana\"","url":"https:\/\/padmasana.hr\/en\/","logo":{"@type":"ImageObject","inLanguage":"en-US","@id":"https:\/\/padmasana.hr\/en\/#\/schema\/logo\/image\/","url":"https:\/\/padmasana.hr\/wp-content\/uploads\/2024\/04\/cropped-logotip-of-padmasana.jpg","contentUrl":"https:\/\/padmasana.hr\/wp-content\/uploads\/2024\/04\/cropped-logotip-of-padmasana.jpg","width":512,"height":512,"caption":"Hrvatsko Budisti\u010dko Dru\u0161tvo \"Padmasana\""},"image":{"@id":"https:\/\/padmasana.hr\/en\/#\/schema\/logo\/image\/"},"sameAs":["https:\/\/www.facebook.com\/profile.php?id=100064443051947"]}]}},"_links":{"self":[{"href":"https:\/\/padmasana.hr\/en\/wp-json\/wp\/v2\/pages\/995","targetHints":{"allow":["GET"]}}],"collection":[{"href":"https:\/\/padmasana.hr\/en\/wp-json\/wp\/v2\/pages"}],"about":[{"href":"https:\/\/padmasana.hr\/en\/wp-json\/wp\/v2\/types\/page"}],"author":[{"embeddable":true,"href":"https:\/\/padmasana.hr\/en\/wp-json\/wp\/v2\/users\/3"}],"replies":[{"embeddable":true,"href":"https:\/\/padmasana.hr\/en\/wp-json\/wp\/v2\/comments?post=995"}],"version-history":[{"count":7,"href":"https:\/\/padmasana.hr\/en\/wp-json\/wp\/v2\/pages\/995\/revisions"}],"predecessor-version":[{"id":1802,"href":"https:\/\/padmasana.hr\/en\/wp-json\/wp\/v2\/pages\/995\/revisions\/1802"}],"wp:attachment":[{"href":"https:\/\/padmasana.hr\/en\/wp-json\/wp\/v2\/media?parent=995"}],"curies":[{"name":"wp","href":"https:\/\/api.w.org\/{rel}","templated":true}]}}