{"id":991,"date":"2014-04-21T10:20:38","date_gmt":"2014-04-21T10:20:38","guid":{"rendered":"http:\/\/padmasana.tk\/?page_id=991"},"modified":"2025-02-25T19:28:32","modified_gmt":"2025-02-25T18:28:32","slug":"ven-garchen-rinpoche","status":"publish","type":"page","link":"https:\/\/padmasana.hr\/en\/ven-garchen-rinpoche\/","title":{"rendered":"Ven. Garchen Rinpoche"},"content":{"rendered":"<p>&nbsp;<\/p>\n<div><strong>UZVI\u0160ENI GARCHEN RINPOCHE IZVOR LJUBAVI I SUOSJE\u0106ANJA (TIBETANSKI YOGI DANA\u0160NJICE)<\/strong><\/div>\n<div><\/div>\n<div><\/div>\n<div><\/div>\n<div>\n<p><img loading=\"lazy\" decoding=\"async\" class=\"size-full wp-image-1028 aligncenter\" src=\"http:\/\/padmasana.hr\/wp-content\/uploads\/2014\/03\/2121.jpg\" alt=\"212\" width=\"333\" height=\"500\" srcset=\"https:\/\/padmasana.hr\/wp-content\/uploads\/2014\/03\/2121.jpg 333w, https:\/\/padmasana.hr\/wp-content\/uploads\/2014\/03\/2121-199x300.jpg 199w\" sizes=\"auto, (max-width: 333px) 100vw, 333px\" \/>Kao da je oluja pro\u0161la, tresu\u0107i nas, na\u0161e lo\u0161e navike su pometene, samo ljubav je jo\u0161 ostala. Ta oluja obilja ljubavi i suosje\u0107anja bez predrasuda, bio je sam Rinpoche. Tako inspirativan je bio njegov posjet koji je organizirao na\u0161 centar \u201cPadmasana\u201d u Zagrebu, 02. \u2013 09. listopada 2007. godine! \u017dive\u0107i Buddha Dharmu tijelom, govorom i umom, djelovao je potpuno opu\u0161teno i neuznemireno, ba\u0161 u svakoj situaciji, dok je podu\u010davao, putovao, meditirao, blagoslivljao ljude ili se dru\u017eio s njima. Jer on \u017eivi ono \u0161to podu\u010dava: \u201cUm ima vi\u0161e projekcija nego \u0161to je \u010destica pra\u0161ine. Postoji li ostvareni yogi ili yoginka koja mo\u017ee vidjeti pojavnost stvari i ostaviti ih takvima kakve one jesu?\u201d, \u010desto je citirao velikog u\u010ditelja Milarepu.<\/p>\n<p>Od trenutka kada je stigao, pa sve do trenutka odlaska, on se smije\u0161io zra\u010de\u0107i dobrotu i ljubaznost, spontano donose\u0107i osmijeh na lice svakoga tko ga je sreo. Tako je bilo lako zaboraviti na osobne probleme u njegovoj prisutnosti! Mo\u017eda je tome tako, jer: \u201cBodhichitta bri\u0161e tamu skrivenu u svakom osjetilnom bi\u0107u\u201d, kako je rekao Kunu Lama Rinpoche.<\/p>\n<p>S jednakodu\u0161nim suosje\u0107anjem sretao je svakoga, kao da su bili njegove majke u pro\u0161losti. \u010cak se obra\u0107ao \u017eenskim osobama s \u2018amala\u2019 \u0161to na tibetanskom zna\u010di majka. Mnogo puta tokom u\u010denja, podsje\u0107ao nas je da su svako i sva bi\u0107a mogli biti na\u0161a majka u nekom od mnogih pro\u0161lih \u017eivota, pa svojom ljubavlju mo\u017eemo sve jednako obuhvatiti. Promatrajmo na\u0161e osje\u0107aje kada netko ka\u017ee ne\u0161to neugodno ili poni\u017eavaju\u0107e. Nasuprot na\u0161im emocijama u tom trenutku primjer je Rinpoche kojem je dvadeset godina u kineskom zatvoru poslu\u017eilo poput goriva za rasplamsavanje ljubavi i suosje\u0107anja.<\/p>\n<p><em><strong>Mentalno stanje izobli\u010denih emocija, <\/strong><\/em><\/p>\n<p><em><strong>To je pet prvobitnih mudrosti. <\/strong><\/em><\/p>\n<p><em><strong>Samo ih promatraj bez vezivanja, <\/strong><\/em><\/p>\n<p><em><strong>Jer pet mudrosti dolazi iz istog izvora.<\/strong><\/em><\/p>\n<p>Izbjegavaju\u0107i opise zatvora, Rinpoche je tek rekao da je i na tome zahvalan, jer je tako dobio dvadeset godina kako bi uvidio patnju i prakticirao Dharmu, posebice \u201c37 Bodhisatvinih praksi\u201d, po\u0161tovanog Ngulchu Thogme Zangpo-a. Sva praksa na putu Bodhisatve je tu sadr\u017eana. Meditiraju\u0107i tajno kroz dvadeset godina, no\u0107u u zatvoru, postigao je ostvarenje Mahamudre. Koriste\u0107i logiku me\u0111uzavisnog nastajanja ili zakona uzroka i posljedice, Rinpoche je rekao kako pravi uzrok njegovog utamni\u010denja le\u017ei u njegovim pro\u0161lim djelovanjima, pa je boravak u zatvoru tek \u010di\u0161\u0107enje nekog karmi\u010dkog duga, \u0161to mu je na kraju donijelo sre\u0107u. Rinpoche nam je pokazao vje\u0161tu primjenu u\u010denja Budha Dharme u svom \u017eivotu. Ima mnogo onih koji tome samo podu\u010davaju druge, ali Rinpoche je \u017eivi primjer kako to u\u010denje treba primijeniti u svakodnevnom \u017eivotu, pa je to razlog zbog kojeg nas je tako dirnuo.<\/p>\n<p>S posebnim bo\u017eanskim ponosom bi se pojavio jedan dan kao Mahasiddha Milarepa, a drugi dan pak kao yogi Tilopa. Dr\u017ee\u0107i lozu Mahasiddha, razumijevaju\u0107i u potpunosti svoj um, obla\u010dio se jednostavno, nose\u0107i pojas yogija, sjedio mnoge sate u Vairochana polo\u017eaju, neprestano okretao \u201cmani\u201d molitveni kota\u010d u lijevoj ruci, spreman pomo\u0107i uputama u svakom trenutku. Okre\u0107u\u0107i neprestano \u201cmani\u201d kota\u010d napunjen milionima mantri, \u010ditavo je vrijeme \u0161irio ljubav u svim smjerovima. O\u010dito usavr\u0161en u \u201cTumo-u\u201d, praksi razvijanja i kontrole unutarnje topline, nije mu trebala no\u0107u nikakva topla odje\u0107a ili pokriva\u010d. Iako ve\u0107 u sedamdesetim godinama, sjedio je uvijek uspravan kontroliraju\u0107i danono\u0107no svoj um. Naoko vrlo jednostavan, potrebno je bilo provesti samo trenutak u njegovoj prisutnosti kako bi se shvatila njegova postignu\u0107a. Po\u0161to je sam po sebi Mahamudra, jeo je sve \u0161to bi mu ponudili. Radosno govore\u0107i \u201cdobra, dobra\u201d (umjesto \u201cdobro\u201d) jeo bi s ushitom kao na gozbi nektara. Kao \u0161to je i rekao tokom u\u010denja: \u201cPostoji samo ono \u0161to vidimo, ni\u0161ta drugo\u201d. Ne tro\u0161e\u0107i uzalud ni trenutka svog ljudskog \u017eivota, \u010dak i tokom obroka inspirirao nas je mnogim pri\u010dama i u\u010denjima Mahasiddha. Prakticiraju\u0107i savr\u0161enstvo davanja i u tradiciji yogija, koji ne zadr\u017eavaju ni\u0161ta materijalno, sve \u0161to je dobio, podijelio je s drugima. Pokatkad bi samo do\u0161etao i spustio nam iznenada neki poklon u ruku smiju\u0107i se radosno. Iznimno vidovit, \u010desto bi rekao ne\u0161to \u0161to smo se upravo spremali pitati ga, ba\u0161 kao da nam \u010dita misli.<\/p>\n<p>Iako bi beskrajno mogla opisivati na\u010dine na koje nas je Rinpoche dirnuo, mogu se jedino nadati da \u0107e svi dobiti mogu\u0107nost sresti ga osobno ili kroz njegova u\u010denja, te pro\u0107i kroz unutarnju preobrazbu na svoj, osoban na\u010din. Mo\u017ee nam biti uzorom kojeg valja slijediti i ogledalom u kojem jasno vidimo svoje gre\u0161ke. Istovremeno, ulijeva nam novu vjeru u postojanje beskrajne dobrote i vje\u0161tu primjenu Dharme u svim situacijama. S dubokim razumijevanjem na\u010dina na koji se kod nas stvaraju nepotrebni problemi, rekao je: \u201d Problem je \u0161to stvari preozbiljno shva\u0107amo, kao da je sve sle\u0111eno. Ako razmotrimo na\u0161a iskustva poput snova, za trenutak \u0107emo osjetiti olak\u0161anje, kao da se led otapa. Mo\u017eemo tako dalje nastaviti otapati led griju\u0107i ga sun\u010devim zrakama prisje\u0107anja da su stvari poput snova.\u201d Nadalje, kako bi shvatili pogre\u0161ku na\u0161eg \u010dvrstog vjerovanja samo u ono \u0161to vidimo da postoji, odnosno kako stvari vidimo da postoje, rekao je: \u201cIako smo sretni jer mislimo kako sjedimo u prostranoj, lijepoj prostoriji vjeruju\u0107i samo stvarima koje nas vidno okru\u017euju, ako u\u0111e zraka sunca, primijetit \u0107emo najednom i \u010destice pra\u0161ine za koje nismo ni znali da postoje.\u201d Tokom u\u010denja Rinpoche je govorio o Mahamudri u svijetlu Rime ili nesekta\u0161ke tradicije. Ohrabrio nas je s dubokom iskreno\u0161\u0107u da nastavimo kao i dosada slijediti tu tradiciju kojom smo zapo\u010deli u na\u0161em centru \u201cPadmasana\u201d. Tokom u\u010denja citirao je u\u010ditelje svih \u0161kola, razne Mahasiddhe, velikog u\u010ditelja Nagarjunu, Lamu Je Tson Khapu kao i Dzogchen pristup. Zamoljen da produ\u017ei svoj boravak, na\u0161alio se: \u201cTo bi bilo jako te\u0161ko jer ja bi nastavio podu\u010davati, a vi bi samo morali vi\u0161e slu\u0161ati i primjenjivati.\u201d No, iako nije vi\u0161e ovdje, kroz u\u010denja koja je dao, njegovu prisutnost i dalje osje\u0107amo. Um je tek prostor, a prostor je svugdje pa je i na\u0161 U\u010ditelj ovdje kad god ga se sjetimo. Izvor ljubavi i suosje\u0107anja stalno je uz nas. Neka Rinpoche, Buddha suosje\u0107anja ima dug \u017eivot.<\/p>\n<p>(Dio u\u010denja Mahamudre \u0161tovanog Lame Garchen Rinpochea u Zagrebu bit \u0107e naknadno objavljeno na na\u0161oj Web stranici. Prijevod na hrvatski jezik \u201c37 praksi Bodhisatvi\u201d, teksta koji nam je dao Rinpoche, mo\u017ee se dobiti u na\u0161em centru \u201cPadmasana\u201d.)<\/p>\n<p>Text napisala: Reena \u0160malcelj (Lhamo Ozer Chenmo)<br \/>\nPrevela na hrvatski: Ksenija Kanajet<\/p>\n<p><img loading=\"lazy\" decoding=\"async\" class=\"size-full wp-image-1068 aligncenter\" src=\"http:\/\/padmasana.hr\/wp-content\/uploads\/2014\/05\/GarchenRinpocheZagreb-1.jpg\" alt=\"GarchenRinpocheZagreb (1)\" width=\"719\" height=\"1096\" srcset=\"https:\/\/padmasana.hr\/wp-content\/uploads\/2014\/05\/GarchenRinpocheZagreb-1.jpg 719w, https:\/\/padmasana.hr\/wp-content\/uploads\/2014\/05\/GarchenRinpocheZagreb-1-196x300.jpg 196w, https:\/\/padmasana.hr\/wp-content\/uploads\/2014\/05\/GarchenRinpocheZagreb-1-671x1024.jpg 671w\" sizes=\"auto, (max-width: 719px) 100vw, 719px\" \/><\/p>\n<\/div>\n<p>&nbsp;<\/p>","protected":false},"excerpt":{"rendered":"<p>&nbsp; UZVI\u0160ENI GARCHEN RINPOCHE IZVOR LJUBAVI I SUOSJE\u0106ANJA (TIBETANSKI YOGI DANA\u0160NJICE) Kao da je oluja pro\u0161la, tresu\u0107i nas, na\u0161e lo\u0161e navike su pometene, samo ljubav je jo\u0161 ostala. Ta oluja obilja ljubavi i suosje\u0107anja bez predrasuda, bio je sam Rinpoche. Tako inspirativan je bio njegov posjet koji je organizirao na\u0161 centar \u201cPadmasana\u201d u Zagrebu, 02. [&hellip;]<\/p>\n","protected":false},"author":3,"featured_media":0,"parent":0,"menu_order":0,"comment_status":"closed","ping_status":"closed","template":"","meta":{"iawp_total_views":15,"footnotes":""},"class_list":["post-991","page","type-page","status-publish","hentry"],"yoast_head":"<!-- This site is optimized with the Yoast SEO plugin v27.4 - https:\/\/yoast.com\/product\/yoast-seo-wordpress\/ -->\n<title>Ven. Garchen Rinpoche - Hrvatsko Budisti\u010dko Dru\u0161tvo &quot;Padmasana&quot;<\/title>\n<meta name=\"robots\" content=\"index, follow, max-snippet:-1, max-image-preview:large, max-video-preview:-1\" \/>\n<link rel=\"canonical\" href=\"https:\/\/padmasana.hr\/en\/ven-garchen-rinpoche\/\" \/>\n<meta property=\"og:locale\" content=\"en_US\" \/>\n<meta property=\"og:type\" content=\"article\" \/>\n<meta property=\"og:title\" content=\"Ven. Garchen Rinpoche - Hrvatsko Budisti\u010dko Dru\u0161tvo &quot;Padmasana&quot;\" \/>\n<meta property=\"og:description\" content=\"&nbsp; UZVI\u0160ENI GARCHEN RINPOCHE IZVOR LJUBAVI I SUOSJE\u0106ANJA (TIBETANSKI YOGI DANA\u0160NJICE) Kao da je oluja pro\u0161la, tresu\u0107i nas, na\u0161e lo\u0161e navike su pometene, samo ljubav je jo\u0161 ostala. Ta oluja obilja ljubavi i suosje\u0107anja bez predrasuda, bio je sam Rinpoche. Tako inspirativan je bio njegov posjet koji je organizirao na\u0161 centar \u201cPadmasana\u201d u Zagrebu, 02. [&hellip;]\" \/>\n<meta property=\"og:url\" content=\"https:\/\/padmasana.hr\/en\/ven-garchen-rinpoche\/\" \/>\n<meta property=\"og:site_name\" content=\"Hrvatsko Budisti\u010dko Dru\u0161tvo &quot;Padmasana&quot;\" \/>\n<meta property=\"article:publisher\" content=\"https:\/\/www.facebook.com\/profile.php?id=100064443051947\" \/>\n<meta property=\"article:modified_time\" content=\"2025-02-25T18:28:32+00:00\" \/>\n<meta property=\"og:image\" content=\"https:\/\/padmasana.hr\/wp-content\/uploads\/2014\/03\/2121.jpg\" \/>\n\t<meta property=\"og:image:width\" content=\"333\" \/>\n\t<meta property=\"og:image:height\" content=\"500\" \/>\n\t<meta property=\"og:image:type\" content=\"image\/jpeg\" \/>\n<meta name=\"twitter:card\" content=\"summary_large_image\" \/>\n<meta name=\"twitter:label1\" content=\"Est. reading time\" \/>\n\t<meta name=\"twitter:data1\" content=\"6 minutes\" \/>\n<script type=\"application\/ld+json\" class=\"yoast-schema-graph\">{\"@context\":\"https:\\\/\\\/schema.org\",\"@graph\":[{\"@type\":\"WebPage\",\"@id\":\"https:\\\/\\\/padmasana.hr\\\/ven-garchen-rinpoche\\\/\",\"url\":\"https:\\\/\\\/padmasana.hr\\\/ven-garchen-rinpoche\\\/\",\"name\":\"Ven. Garchen Rinpoche - Hrvatsko Budisti\u010dko Dru\u0161tvo &quot;Padmasana&quot;\",\"isPartOf\":{\"@id\":\"https:\\\/\\\/padmasana.hr\\\/en\\\/#website\"},\"primaryImageOfPage\":{\"@id\":\"https:\\\/\\\/padmasana.hr\\\/ven-garchen-rinpoche\\\/#primaryimage\"},\"image\":{\"@id\":\"https:\\\/\\\/padmasana.hr\\\/ven-garchen-rinpoche\\\/#primaryimage\"},\"thumbnailUrl\":\"http:\\\/\\\/padmasana.hr\\\/wp-content\\\/uploads\\\/2014\\\/03\\\/2121.jpg\",\"datePublished\":\"2014-04-21T10:20:38+00:00\",\"dateModified\":\"2025-02-25T18:28:32+00:00\",\"breadcrumb\":{\"@id\":\"https:\\\/\\\/padmasana.hr\\\/ven-garchen-rinpoche\\\/#breadcrumb\"},\"inLanguage\":\"en-US\",\"potentialAction\":[{\"@type\":\"ReadAction\",\"target\":[\"https:\\\/\\\/padmasana.hr\\\/ven-garchen-rinpoche\\\/\"]}]},{\"@type\":\"ImageObject\",\"inLanguage\":\"en-US\",\"@id\":\"https:\\\/\\\/padmasana.hr\\\/ven-garchen-rinpoche\\\/#primaryimage\",\"url\":\"http:\\\/\\\/padmasana.hr\\\/wp-content\\\/uploads\\\/2014\\\/03\\\/2121.jpg\",\"contentUrl\":\"http:\\\/\\\/padmasana.hr\\\/wp-content\\\/uploads\\\/2014\\\/03\\\/2121.jpg\"},{\"@type\":\"BreadcrumbList\",\"@id\":\"https:\\\/\\\/padmasana.hr\\\/ven-garchen-rinpoche\\\/#breadcrumb\",\"itemListElement\":[{\"@type\":\"ListItem\",\"position\":1,\"name\":\"Home\",\"item\":\"https:\\\/\\\/padmasana.hr\\\/\"},{\"@type\":\"ListItem\",\"position\":2,\"name\":\"Ven. Garchen Rinpoche\"}]},{\"@type\":\"WebSite\",\"@id\":\"https:\\\/\\\/padmasana.hr\\\/en\\\/#website\",\"url\":\"https:\\\/\\\/padmasana.hr\\\/en\\\/\",\"name\":\"Hrvatsko Budisti\u010dko Dru\u0161tvo \\\"Padmasana\\\"\",\"description\":\"\",\"publisher\":{\"@id\":\"https:\\\/\\\/padmasana.hr\\\/en\\\/#organization\"},\"potentialAction\":[{\"@type\":\"SearchAction\",\"target\":{\"@type\":\"EntryPoint\",\"urlTemplate\":\"https:\\\/\\\/padmasana.hr\\\/en\\\/?s={search_term_string}\"},\"query-input\":{\"@type\":\"PropertyValueSpecification\",\"valueRequired\":true,\"valueName\":\"search_term_string\"}}],\"inLanguage\":\"en-US\"},{\"@type\":\"Organization\",\"@id\":\"https:\\\/\\\/padmasana.hr\\\/en\\\/#organization\",\"name\":\"Hrvatsko Budisti\u010dko Dru\u0161tvo \\\"Padmasana\\\"\",\"url\":\"https:\\\/\\\/padmasana.hr\\\/en\\\/\",\"logo\":{\"@type\":\"ImageObject\",\"inLanguage\":\"en-US\",\"@id\":\"https:\\\/\\\/padmasana.hr\\\/en\\\/#\\\/schema\\\/logo\\\/image\\\/\",\"url\":\"https:\\\/\\\/padmasana.hr\\\/wp-content\\\/uploads\\\/2024\\\/04\\\/cropped-logotip-of-padmasana.jpg\",\"contentUrl\":\"https:\\\/\\\/padmasana.hr\\\/wp-content\\\/uploads\\\/2024\\\/04\\\/cropped-logotip-of-padmasana.jpg\",\"width\":512,\"height\":512,\"caption\":\"Hrvatsko Budisti\u010dko Dru\u0161tvo \\\"Padmasana\\\"\"},\"image\":{\"@id\":\"https:\\\/\\\/padmasana.hr\\\/en\\\/#\\\/schema\\\/logo\\\/image\\\/\"},\"sameAs\":[\"https:\\\/\\\/www.facebook.com\\\/profile.php?id=100064443051947\"]}]}<\/script>\n<!-- \/ Yoast SEO plugin. -->","yoast_head_json":{"title":"Ven. Garchen Rinpoche - Hrvatsko Budisti\u010dko Dru\u0161tvo &quot;Padmasana&quot;","robots":{"index":"index","follow":"follow","max-snippet":"max-snippet:-1","max-image-preview":"max-image-preview:large","max-video-preview":"max-video-preview:-1"},"canonical":"https:\/\/padmasana.hr\/en\/ven-garchen-rinpoche\/","og_locale":"en_US","og_type":"article","og_title":"Ven. Garchen Rinpoche - Hrvatsko Budisti\u010dko Dru\u0161tvo &quot;Padmasana&quot;","og_description":"&nbsp; UZVI\u0160ENI GARCHEN RINPOCHE IZVOR LJUBAVI I SUOSJE\u0106ANJA (TIBETANSKI YOGI DANA\u0160NJICE) Kao da je oluja pro\u0161la, tresu\u0107i nas, na\u0161e lo\u0161e navike su pometene, samo ljubav je jo\u0161 ostala. Ta oluja obilja ljubavi i suosje\u0107anja bez predrasuda, bio je sam Rinpoche. Tako inspirativan je bio njegov posjet koji je organizirao na\u0161 centar \u201cPadmasana\u201d u Zagrebu, 02. [&hellip;]","og_url":"https:\/\/padmasana.hr\/en\/ven-garchen-rinpoche\/","og_site_name":"Hrvatsko Budisti\u010dko Dru\u0161tvo &quot;Padmasana&quot;","article_publisher":"https:\/\/www.facebook.com\/profile.php?id=100064443051947","article_modified_time":"2025-02-25T18:28:32+00:00","og_image":[{"width":333,"height":500,"url":"https:\/\/padmasana.hr\/wp-content\/uploads\/2014\/03\/2121.jpg","type":"image\/jpeg"}],"twitter_card":"summary_large_image","twitter_misc":{"Est. reading time":"6 minutes"},"schema":{"@context":"https:\/\/schema.org","@graph":[{"@type":"WebPage","@id":"https:\/\/padmasana.hr\/ven-garchen-rinpoche\/","url":"https:\/\/padmasana.hr\/ven-garchen-rinpoche\/","name":"Ven. Garchen Rinpoche - Hrvatsko Budisti\u010dko Dru\u0161tvo &quot;Padmasana&quot;","isPartOf":{"@id":"https:\/\/padmasana.hr\/en\/#website"},"primaryImageOfPage":{"@id":"https:\/\/padmasana.hr\/ven-garchen-rinpoche\/#primaryimage"},"image":{"@id":"https:\/\/padmasana.hr\/ven-garchen-rinpoche\/#primaryimage"},"thumbnailUrl":"http:\/\/padmasana.hr\/wp-content\/uploads\/2014\/03\/2121.jpg","datePublished":"2014-04-21T10:20:38+00:00","dateModified":"2025-02-25T18:28:32+00:00","breadcrumb":{"@id":"https:\/\/padmasana.hr\/ven-garchen-rinpoche\/#breadcrumb"},"inLanguage":"en-US","potentialAction":[{"@type":"ReadAction","target":["https:\/\/padmasana.hr\/ven-garchen-rinpoche\/"]}]},{"@type":"ImageObject","inLanguage":"en-US","@id":"https:\/\/padmasana.hr\/ven-garchen-rinpoche\/#primaryimage","url":"http:\/\/padmasana.hr\/wp-content\/uploads\/2014\/03\/2121.jpg","contentUrl":"http:\/\/padmasana.hr\/wp-content\/uploads\/2014\/03\/2121.jpg"},{"@type":"BreadcrumbList","@id":"https:\/\/padmasana.hr\/ven-garchen-rinpoche\/#breadcrumb","itemListElement":[{"@type":"ListItem","position":1,"name":"Home","item":"https:\/\/padmasana.hr\/"},{"@type":"ListItem","position":2,"name":"Ven. Garchen Rinpoche"}]},{"@type":"WebSite","@id":"https:\/\/padmasana.hr\/en\/#website","url":"https:\/\/padmasana.hr\/en\/","name":"Hrvatsko Budisti\u010dko Dru\u0161tvo \"Padmasana\"","description":"","publisher":{"@id":"https:\/\/padmasana.hr\/en\/#organization"},"potentialAction":[{"@type":"SearchAction","target":{"@type":"EntryPoint","urlTemplate":"https:\/\/padmasana.hr\/en\/?s={search_term_string}"},"query-input":{"@type":"PropertyValueSpecification","valueRequired":true,"valueName":"search_term_string"}}],"inLanguage":"en-US"},{"@type":"Organization","@id":"https:\/\/padmasana.hr\/en\/#organization","name":"Hrvatsko Budisti\u010dko Dru\u0161tvo \"Padmasana\"","url":"https:\/\/padmasana.hr\/en\/","logo":{"@type":"ImageObject","inLanguage":"en-US","@id":"https:\/\/padmasana.hr\/en\/#\/schema\/logo\/image\/","url":"https:\/\/padmasana.hr\/wp-content\/uploads\/2024\/04\/cropped-logotip-of-padmasana.jpg","contentUrl":"https:\/\/padmasana.hr\/wp-content\/uploads\/2024\/04\/cropped-logotip-of-padmasana.jpg","width":512,"height":512,"caption":"Hrvatsko Budisti\u010dko Dru\u0161tvo \"Padmasana\""},"image":{"@id":"https:\/\/padmasana.hr\/en\/#\/schema\/logo\/image\/"},"sameAs":["https:\/\/www.facebook.com\/profile.php?id=100064443051947"]}]}},"_links":{"self":[{"href":"https:\/\/padmasana.hr\/en\/wp-json\/wp\/v2\/pages\/991","targetHints":{"allow":["GET"]}}],"collection":[{"href":"https:\/\/padmasana.hr\/en\/wp-json\/wp\/v2\/pages"}],"about":[{"href":"https:\/\/padmasana.hr\/en\/wp-json\/wp\/v2\/types\/page"}],"author":[{"embeddable":true,"href":"https:\/\/padmasana.hr\/en\/wp-json\/wp\/v2\/users\/3"}],"replies":[{"embeddable":true,"href":"https:\/\/padmasana.hr\/en\/wp-json\/wp\/v2\/comments?post=991"}],"version-history":[{"count":8,"href":"https:\/\/padmasana.hr\/en\/wp-json\/wp\/v2\/pages\/991\/revisions"}],"predecessor-version":[{"id":1810,"href":"https:\/\/padmasana.hr\/en\/wp-json\/wp\/v2\/pages\/991\/revisions\/1810"}],"wp:attachment":[{"href":"https:\/\/padmasana.hr\/en\/wp-json\/wp\/v2\/media?parent=991"}],"curies":[{"name":"wp","href":"https:\/\/api.w.org\/{rel}","templated":true}]}}