{"id":691,"date":"2014-04-06T14:37:03","date_gmt":"2014-04-06T14:37:03","guid":{"rendered":"http:\/\/padmasana.tk\/?page_id=691"},"modified":"2025-11-15T01:13:14","modified_gmt":"2025-11-15T00:13:14","slug":"povlacenje-2013","status":"publish","type":"page","link":"https:\/\/padmasana.hr\/en\/povlacenje-2013\/","title":{"rendered":"Retreat 2013."},"content":{"rendered":"<p><strong>Povla\u010denje na Bijelu Taru 2013. (Za dug \u017eivot, porast vrlina i mudrosti)<\/strong><\/p>\r\n\r\n\r\n\r\n<p><strong>Duhovni\u00a0 voditelji \u00a0povla\u010denja: Gen Lobsang Norbu i Lhamo Ozer Chenma\u00a0<\/strong><\/p>\r\n\r\n\r\n<div class=\"wp-block-image\">\r\n<figure class=\"aligncenter\"><img loading=\"lazy\" decoding=\"async\" class=\"aligncenter wp-image-696\" src=\"https:\/\/padmasana.hr\/wp-content\/uploads\/2014\/04\/povlacenja2013.jpg\" alt=\"povlacenja2013\" width=\"490\" height=\"368\" \/><\/figure>\r\n<\/div>\r\n\r\n\r\n<p>Devetodnevno povla\u010denje u meditaciju na Bijelu Taru-Yeshe Korlo (kota\u010d mudrosti) u mjesecu svibnju u izoliranom, slikovitom okru\u017eenju proplanaka, livada i \u0161uma koje okru\u017euju &#8216;Jelov klanac&#8217;, ljupko seosko gospodarstvo u blizini Plitvi\u010dkih jezera, zavr\u0161ilo je posebnim do\u017eivljajem unutarnjeg mira, zadovoljstva i osje\u0107aja posebne slobode koju omogu\u0107uje ispravan i postepen trening uma u tri ni\u017ee budisti\u010dke tantre (kriya, charya i yoga tantra).<\/p>\r\n\r\n\r\n\r\n<p>Povla\u010denje je otvoren Dor-Sem praksom za pro\u010di\u0161\u0107enje uma, prinosom tormi\u00a0 Yidamu Vajrasattvi \u00a0i Bijeloj Tari Yeshe Korlo te za\u0161titnicima ovih prosvijetljenih mandala.<\/p>\r\n\r\n\r\n\r\n<p>Dok su se u rana jutra tiho \u0161uljale magle zatvaraju\u0107i\u00a0 vidike, na\u0161a \u00a0zasjedanja\u00a0 zapo\u010dinjala su u 6 sati i imala za cilj trening u razvoju smirenog uma (shine ili shamata). Ovaj izvrstan kompleksan trening drevnih budisti\u010dkih meditacijskih majstora ima mnogo prakti\u010dnih razina na kojima praktikant opa\u017ea svoje fizi\u010dko tijelo i istra\u017euje osjetilne svijesti, radi s bolom, disanjem, mislima, osje\u0107ajima i postaje kroz to sve vi\u0161e svjestan sebe i otvoren u trenutcima koji se temelje na pomnosti i budnosti.Posebni dio ovog treninga u shamati odnosio se na vizualizaciju Yidama Yeshe Korlo. Trening u ovoj specifi\u010dnoj shamati vodila je duhovna instruktorica\u00a0Lhamo Ozer Chenma (Reena \u0160malcelj).<\/p>\r\n\r\n\r\n\r\n<p>Praksa na Bijelu Taru u aspektu Yeshe Korlo jedinstvena je i vrlo posebna praksa koja ima osnovu u termi (Ka&#8217;ter) u lozi I, II, V, VII i XIII Dalai Lame, proiza\u0161loj iz direktne vizije ovog bo\u017eanstva koje je kroz duga stolje\u0107a osobni za\u0161titnik uzastopnih inkarnacija Dalai Lama.<\/p>\r\n\r\n\r\n\r\n<p>Inicijaciju i usmenu transmisiju korijenskog teksta (tsawa tsik), dao je u Zagrebu Geshe Alak Tsawa Rinpoche uz obvezu treninga u ovoj tantri. Preuzeta obveza od studenata tokom inicijacije i blagoslov Lame kao bo\u017eanstva postavili su temelj i otvorili vrata povla\u010denju na Bijelu Taru. Rinpoche je poznat kao praktikant ove osebujne loze iz svojih pro\u0161lih \u017eivota i jedan od u\u010denika XIII. Dalai Lame. U ovom \u017eivotu primio je ponovo mnogo usmenih u\u010denja o Yeshe Korlo od sada\u0161njeg Dalai Lame kao i od vajra majstora prija\u0161njeg Kyabje Trijang Rinpoche-a.<\/p>\r\n\r\n\r\n\r\n<p>Detaljno u\u010denje o praksi Bijele Tare-Yeshe Korlo uklju\u010duju\u0107i &#8216;\u0161est joga bo\u017eanstva&#8217; tantre djelovanja u skladu s vizualizacijom bo\u017eanstva u mandali dao je duhovni voditelj u povla\u010denju Gen. Lobsang Norbu (Dragutin \u0160malcelj) na osnovi usmene transmisije koju je primio od Lame prija\u0161njeg Lati Rinpoche-a , Ven. Geshe Locho Rinpoche-a \u00a0i dugogodi\u0161njih tantri\u010dkih jogina po zatajnim himalajskim planinskim osamama (tsam khang-u) gdje je i sam \u017eivio.<\/p>\r\n\r\n\r\n\r\n<p>Kako bi se stvorio ispravan i cjelovit temelj za recitiranje mantre kao osnove u treningu Mantrayane, \u00a0potrebna je detaljna meditacija na \u0161est yoga (Nel&#8217;jor Lha &#8216;drug), od kojih je prvo trening u jogi na bo\u017eanstvo praznine, a potom slijedi\u00a0joga bo\u017eanstva zvuka, slova, oblika, mudri i znakova.<\/p>\r\n\r\n\r\n\r\n<p>Popodnevna meditacija u pokretu bila je posve\u0107ena ispisivanju &#8216;mantre porasta&#8217; Bijele Tare i sr\u010danog sloga TAM po stijenama uzdu\u017e \u0161umskog puteljka gdje su ve\u0107 otprije praktikanti iz Padmasane uklesali\u00a0 u okolne stijene slogove mantre bijelog Chenreziga (Buddhe suosje\u0107anja), izvjesili molitvene zastavice i izgradili malu stupu.<\/p>\r\n\r\n\r\n\r\n<p>Ovaj puteljak koji vodi kroz \u0161umu oko gospodarstva &#8216;Jelov klanac&#8217; \u00a0nazvali smo Stazom mira, ljubavi i molitve svemu pozitivnom. \u0160umska staza opisuje veliki krug oko zelenog proplanka ogra\u0111enog drvenom ogradom na kojem se mogu vidjeti predivni jaha\u010dki konji u ovo godi\u0161nje doba kako bezbri\u017eno tr\u010de i pasu svje\u017eu travu. Cvrkut mnogih ptica pri zalazu sunca odjekuje posvuda prostorom i nestaje sa zrakama sunca koje su obojile oblake toplinom dolaze\u0107eg ljeta.<\/p>\r\n\r\n\r\n\r\n<p>U ranim ve\u010dernjim satima kad se vjetar poigravao na momente po sjenovitim uglovima na\u0161e drvene ku\u0107e nose\u0107i zvuk \u0161ume\u0107eg li\u0161\u0107a s okolnog drve\u0107a, meditacija, priziv bo\u017eanstva i mantri\u010dki zvukovi tokom recitiranja mantri stvarali su duboki mir i pro\u017eeli sve osje\u0107ajem neopisivog nutarnjeg ispunjenja. Potom je slijedio obred posve\u0107enja supstanci kao \u0161to su nektar mudrosti i pilule za dugi \u017eivot koje su se potom konzumirale. Na\u0161a dva vjerna slu\u0161a\u010da ma\u010dkica i pas sa seoskog imanja tako\u0111er su dobili nektar i pilulu posve\u0107enu zvukom mantre Bijele Tare, a kasnije smo dali i konjima ove posebne\u00a0 pilule koje nose blagoslov Tare za sretan budu\u0107i \u017eivot.<\/p>\r\n\r\n\r\n\r\n<p>Zajedni\u010dki rad, kuhanje, molitve i meditacija na suosje\u0107anje i mudrost toliko su zbli\u017eili, opustili i pro\u0161irili osje\u0107aj jednakosti me\u0111u sudionicima retrita na Yeshe Korlo, da je punih devet dana u kojima se dnevno meditiralo i po desetak sati pro\u0161lo neo\u010dekivano brzo i proizvelo puno pozitivne energije u kojoj su se kupala lica svih nas na kraju ovog povla\u010denja.<\/p>\r\n\r\n\r\n\r\n<p>Zar to ne predstavlja prolaz do tajnih vrata prema punoj slobodi i sre\u0107i o kojoj mnogi intuitivno sanjaju cijelog \u017eivota u ovom svijetu prepunom patnje i nutarnjeg nezadovoljstva?<\/p>\r\n\r\n\r\n\r\n<p>Meditacijska grupa H.B.D. Padmasane<\/p>","protected":false},"excerpt":{"rendered":"<p>Povla\u010denje na Bijelu Taru 2013. (Za dug \u017eivot, porast vrlina i mudrosti) Duhovni\u00a0 voditelji \u00a0povla\u010denja: Gen Lobsang Norbu i Lhamo Ozer Chenma\u00a0 Devetodnevno povla\u010denje u meditaciju na Bijelu Taru-Yeshe Korlo (kota\u010d mudrosti) u mjesecu svibnju u izoliranom, slikovitom okru\u017eenju proplanaka, livada i \u0161uma koje okru\u017euju &#8216;Jelov klanac&#8217;, ljupko seosko gospodarstvo u blizini Plitvi\u010dkih jezera, zavr\u0161ilo [&hellip;]<\/p>\n","protected":false},"author":3,"featured_media":0,"parent":0,"menu_order":0,"comment_status":"closed","ping_status":"closed","template":"","meta":{"iawp_total_views":16,"footnotes":""},"class_list":["post-691","page","type-page","status-publish","hentry"],"yoast_head":"<!-- This site is optimized with the Yoast SEO plugin v27.4 - https:\/\/yoast.com\/product\/yoast-seo-wordpress\/ -->\n<title>Povla\u010denje 2013. - Hrvatsko Budisti\u010dko Dru\u0161tvo &quot;Padmasana&quot;<\/title>\n<meta name=\"robots\" content=\"index, follow, max-snippet:-1, max-image-preview:large, max-video-preview:-1\" \/>\n<link rel=\"canonical\" href=\"https:\/\/padmasana.hr\/en\/povlacenje-2013\/\" \/>\n<meta property=\"og:locale\" content=\"en_US\" \/>\n<meta property=\"og:type\" content=\"article\" \/>\n<meta property=\"og:title\" content=\"Povla\u010denje 2013. - Hrvatsko Budisti\u010dko Dru\u0161tvo &quot;Padmasana&quot;\" \/>\n<meta property=\"og:description\" content=\"Povla\u010denje na Bijelu Taru 2013. (Za dug \u017eivot, porast vrlina i mudrosti) Duhovni\u00a0 voditelji \u00a0povla\u010denja: Gen Lobsang Norbu i Lhamo Ozer Chenma\u00a0 Devetodnevno povla\u010denje u meditaciju na Bijelu Taru-Yeshe Korlo (kota\u010d mudrosti) u mjesecu svibnju u izoliranom, slikovitom okru\u017eenju proplanaka, livada i \u0161uma koje okru\u017euju &#8216;Jelov klanac&#8217;, ljupko seosko gospodarstvo u blizini Plitvi\u010dkih jezera, zavr\u0161ilo [&hellip;]\" \/>\n<meta property=\"og:url\" content=\"https:\/\/padmasana.hr\/en\/povlacenje-2013\/\" \/>\n<meta property=\"og:site_name\" content=\"Hrvatsko Budisti\u010dko Dru\u0161tvo &quot;Padmasana&quot;\" \/>\n<meta property=\"article:publisher\" content=\"https:\/\/www.facebook.com\/profile.php?id=100064443051947\" \/>\n<meta property=\"article:modified_time\" content=\"2025-11-15T00:13:14+00:00\" \/>\n<meta property=\"og:image\" content=\"https:\/\/padmasana.hr\/wp-content\/uploads\/2014\/04\/povlacenja2013.jpg\" \/>\n\t<meta property=\"og:image:width\" content=\"250\" \/>\n\t<meta property=\"og:image:height\" content=\"188\" \/>\n\t<meta property=\"og:image:type\" content=\"image\/jpeg\" \/>\n<meta name=\"twitter:card\" content=\"summary_large_image\" \/>\n<meta name=\"twitter:label1\" content=\"Est. reading time\" \/>\n\t<meta name=\"twitter:data1\" content=\"4 minutes\" \/>\n<script type=\"application\/ld+json\" class=\"yoast-schema-graph\">{\"@context\":\"https:\\\/\\\/schema.org\",\"@graph\":[{\"@type\":\"WebPage\",\"@id\":\"https:\\\/\\\/padmasana.hr\\\/povlacenje-2013\\\/\",\"url\":\"https:\\\/\\\/padmasana.hr\\\/povlacenje-2013\\\/\",\"name\":\"Povla\u010denje 2013. - Hrvatsko Budisti\u010dko Dru\u0161tvo &quot;Padmasana&quot;\",\"isPartOf\":{\"@id\":\"https:\\\/\\\/padmasana.hr\\\/en\\\/#website\"},\"primaryImageOfPage\":{\"@id\":\"https:\\\/\\\/padmasana.hr\\\/povlacenje-2013\\\/#primaryimage\"},\"image\":{\"@id\":\"https:\\\/\\\/padmasana.hr\\\/povlacenje-2013\\\/#primaryimage\"},\"thumbnailUrl\":\"https:\\\/\\\/padmasana.hr\\\/wp-content\\\/uploads\\\/2014\\\/04\\\/povlacenja2013.jpg\",\"datePublished\":\"2014-04-06T14:37:03+00:00\",\"dateModified\":\"2025-11-15T00:13:14+00:00\",\"breadcrumb\":{\"@id\":\"https:\\\/\\\/padmasana.hr\\\/povlacenje-2013\\\/#breadcrumb\"},\"inLanguage\":\"en-US\",\"potentialAction\":[{\"@type\":\"ReadAction\",\"target\":[\"https:\\\/\\\/padmasana.hr\\\/povlacenje-2013\\\/\"]}]},{\"@type\":\"ImageObject\",\"inLanguage\":\"en-US\",\"@id\":\"https:\\\/\\\/padmasana.hr\\\/povlacenje-2013\\\/#primaryimage\",\"url\":\"https:\\\/\\\/padmasana.hr\\\/wp-content\\\/uploads\\\/2014\\\/04\\\/povlacenja2013.jpg\",\"contentUrl\":\"https:\\\/\\\/padmasana.hr\\\/wp-content\\\/uploads\\\/2014\\\/04\\\/povlacenja2013.jpg\"},{\"@type\":\"BreadcrumbList\",\"@id\":\"https:\\\/\\\/padmasana.hr\\\/povlacenje-2013\\\/#breadcrumb\",\"itemListElement\":[{\"@type\":\"ListItem\",\"position\":1,\"name\":\"Home\",\"item\":\"https:\\\/\\\/padmasana.hr\\\/\"},{\"@type\":\"ListItem\",\"position\":2,\"name\":\"Povla\u010denje 2013.\"}]},{\"@type\":\"WebSite\",\"@id\":\"https:\\\/\\\/padmasana.hr\\\/en\\\/#website\",\"url\":\"https:\\\/\\\/padmasana.hr\\\/en\\\/\",\"name\":\"Hrvatsko Budisti\u010dko Dru\u0161tvo \\\"Padmasana\\\"\",\"description\":\"\",\"publisher\":{\"@id\":\"https:\\\/\\\/padmasana.hr\\\/en\\\/#organization\"},\"potentialAction\":[{\"@type\":\"SearchAction\",\"target\":{\"@type\":\"EntryPoint\",\"urlTemplate\":\"https:\\\/\\\/padmasana.hr\\\/en\\\/?s={search_term_string}\"},\"query-input\":{\"@type\":\"PropertyValueSpecification\",\"valueRequired\":true,\"valueName\":\"search_term_string\"}}],\"inLanguage\":\"en-US\"},{\"@type\":\"Organization\",\"@id\":\"https:\\\/\\\/padmasana.hr\\\/en\\\/#organization\",\"name\":\"Hrvatsko Budisti\u010dko Dru\u0161tvo \\\"Padmasana\\\"\",\"url\":\"https:\\\/\\\/padmasana.hr\\\/en\\\/\",\"logo\":{\"@type\":\"ImageObject\",\"inLanguage\":\"en-US\",\"@id\":\"https:\\\/\\\/padmasana.hr\\\/en\\\/#\\\/schema\\\/logo\\\/image\\\/\",\"url\":\"https:\\\/\\\/padmasana.hr\\\/wp-content\\\/uploads\\\/2024\\\/04\\\/cropped-logotip-of-padmasana.jpg\",\"contentUrl\":\"https:\\\/\\\/padmasana.hr\\\/wp-content\\\/uploads\\\/2024\\\/04\\\/cropped-logotip-of-padmasana.jpg\",\"width\":512,\"height\":512,\"caption\":\"Hrvatsko Budisti\u010dko Dru\u0161tvo \\\"Padmasana\\\"\"},\"image\":{\"@id\":\"https:\\\/\\\/padmasana.hr\\\/en\\\/#\\\/schema\\\/logo\\\/image\\\/\"},\"sameAs\":[\"https:\\\/\\\/www.facebook.com\\\/profile.php?id=100064443051947\"]}]}<\/script>\n<!-- \/ Yoast SEO plugin. -->","yoast_head_json":{"title":"Povla\u010denje 2013. - Hrvatsko Budisti\u010dko Dru\u0161tvo &quot;Padmasana&quot;","robots":{"index":"index","follow":"follow","max-snippet":"max-snippet:-1","max-image-preview":"max-image-preview:large","max-video-preview":"max-video-preview:-1"},"canonical":"https:\/\/padmasana.hr\/en\/povlacenje-2013\/","og_locale":"en_US","og_type":"article","og_title":"Povla\u010denje 2013. - Hrvatsko Budisti\u010dko Dru\u0161tvo &quot;Padmasana&quot;","og_description":"Povla\u010denje na Bijelu Taru 2013. (Za dug \u017eivot, porast vrlina i mudrosti) Duhovni\u00a0 voditelji \u00a0povla\u010denja: Gen Lobsang Norbu i Lhamo Ozer Chenma\u00a0 Devetodnevno povla\u010denje u meditaciju na Bijelu Taru-Yeshe Korlo (kota\u010d mudrosti) u mjesecu svibnju u izoliranom, slikovitom okru\u017eenju proplanaka, livada i \u0161uma koje okru\u017euju &#8216;Jelov klanac&#8217;, ljupko seosko gospodarstvo u blizini Plitvi\u010dkih jezera, zavr\u0161ilo [&hellip;]","og_url":"https:\/\/padmasana.hr\/en\/povlacenje-2013\/","og_site_name":"Hrvatsko Budisti\u010dko Dru\u0161tvo &quot;Padmasana&quot;","article_publisher":"https:\/\/www.facebook.com\/profile.php?id=100064443051947","article_modified_time":"2025-11-15T00:13:14+00:00","og_image":[{"width":250,"height":188,"url":"https:\/\/padmasana.hr\/wp-content\/uploads\/2014\/04\/povlacenja2013.jpg","type":"image\/jpeg"}],"twitter_card":"summary_large_image","twitter_misc":{"Est. reading time":"4 minutes"},"schema":{"@context":"https:\/\/schema.org","@graph":[{"@type":"WebPage","@id":"https:\/\/padmasana.hr\/povlacenje-2013\/","url":"https:\/\/padmasana.hr\/povlacenje-2013\/","name":"Povla\u010denje 2013. - Hrvatsko Budisti\u010dko Dru\u0161tvo &quot;Padmasana&quot;","isPartOf":{"@id":"https:\/\/padmasana.hr\/en\/#website"},"primaryImageOfPage":{"@id":"https:\/\/padmasana.hr\/povlacenje-2013\/#primaryimage"},"image":{"@id":"https:\/\/padmasana.hr\/povlacenje-2013\/#primaryimage"},"thumbnailUrl":"https:\/\/padmasana.hr\/wp-content\/uploads\/2014\/04\/povlacenja2013.jpg","datePublished":"2014-04-06T14:37:03+00:00","dateModified":"2025-11-15T00:13:14+00:00","breadcrumb":{"@id":"https:\/\/padmasana.hr\/povlacenje-2013\/#breadcrumb"},"inLanguage":"en-US","potentialAction":[{"@type":"ReadAction","target":["https:\/\/padmasana.hr\/povlacenje-2013\/"]}]},{"@type":"ImageObject","inLanguage":"en-US","@id":"https:\/\/padmasana.hr\/povlacenje-2013\/#primaryimage","url":"https:\/\/padmasana.hr\/wp-content\/uploads\/2014\/04\/povlacenja2013.jpg","contentUrl":"https:\/\/padmasana.hr\/wp-content\/uploads\/2014\/04\/povlacenja2013.jpg"},{"@type":"BreadcrumbList","@id":"https:\/\/padmasana.hr\/povlacenje-2013\/#breadcrumb","itemListElement":[{"@type":"ListItem","position":1,"name":"Home","item":"https:\/\/padmasana.hr\/"},{"@type":"ListItem","position":2,"name":"Povla\u010denje 2013."}]},{"@type":"WebSite","@id":"https:\/\/padmasana.hr\/en\/#website","url":"https:\/\/padmasana.hr\/en\/","name":"Hrvatsko Budisti\u010dko Dru\u0161tvo \"Padmasana\"","description":"","publisher":{"@id":"https:\/\/padmasana.hr\/en\/#organization"},"potentialAction":[{"@type":"SearchAction","target":{"@type":"EntryPoint","urlTemplate":"https:\/\/padmasana.hr\/en\/?s={search_term_string}"},"query-input":{"@type":"PropertyValueSpecification","valueRequired":true,"valueName":"search_term_string"}}],"inLanguage":"en-US"},{"@type":"Organization","@id":"https:\/\/padmasana.hr\/en\/#organization","name":"Hrvatsko Budisti\u010dko Dru\u0161tvo \"Padmasana\"","url":"https:\/\/padmasana.hr\/en\/","logo":{"@type":"ImageObject","inLanguage":"en-US","@id":"https:\/\/padmasana.hr\/en\/#\/schema\/logo\/image\/","url":"https:\/\/padmasana.hr\/wp-content\/uploads\/2024\/04\/cropped-logotip-of-padmasana.jpg","contentUrl":"https:\/\/padmasana.hr\/wp-content\/uploads\/2024\/04\/cropped-logotip-of-padmasana.jpg","width":512,"height":512,"caption":"Hrvatsko Budisti\u010dko Dru\u0161tvo \"Padmasana\""},"image":{"@id":"https:\/\/padmasana.hr\/en\/#\/schema\/logo\/image\/"},"sameAs":["https:\/\/www.facebook.com\/profile.php?id=100064443051947"]}]}},"_links":{"self":[{"href":"https:\/\/padmasana.hr\/en\/wp-json\/wp\/v2\/pages\/691","targetHints":{"allow":["GET"]}}],"collection":[{"href":"https:\/\/padmasana.hr\/en\/wp-json\/wp\/v2\/pages"}],"about":[{"href":"https:\/\/padmasana.hr\/en\/wp-json\/wp\/v2\/types\/page"}],"author":[{"embeddable":true,"href":"https:\/\/padmasana.hr\/en\/wp-json\/wp\/v2\/users\/3"}],"replies":[{"embeddable":true,"href":"https:\/\/padmasana.hr\/en\/wp-json\/wp\/v2\/comments?post=691"}],"version-history":[{"count":4,"href":"https:\/\/padmasana.hr\/en\/wp-json\/wp\/v2\/pages\/691\/revisions"}],"predecessor-version":[{"id":2042,"href":"https:\/\/padmasana.hr\/en\/wp-json\/wp\/v2\/pages\/691\/revisions\/2042"}],"wp:attachment":[{"href":"https:\/\/padmasana.hr\/en\/wp-json\/wp\/v2\/media?parent=691"}],"curies":[{"name":"wp","href":"https:\/\/api.w.org\/{rel}","templated":true}]}}