{"id":685,"date":"2014-04-06T14:35:19","date_gmt":"2014-04-06T14:35:19","guid":{"rendered":"http:\/\/padmasana.tk\/?page_id=685"},"modified":"2025-02-25T16:55:12","modified_gmt":"2025-02-25T15:55:12","slug":"povlacenje-2011","status":"publish","type":"page","link":"https:\/\/padmasana.hr\/en\/povlacenje-2011\/","title":{"rendered":"Retreat 2011."},"content":{"rendered":"<p><strong>Grupno povla\u010denje 2011.<\/strong><\/p>\r\n\r\n\r\n<div class=\"wp-block-image\">\r\n<figure class=\"aligncenter\"><img loading=\"lazy\" decoding=\"async\" class=\"wp-image-742 aligncenter\" src=\"http:\/\/padmasana.hr\/wp-content\/uploads\/2014\/04\/povlacenja2011.jpg\" alt=\"povlacenja2011\" width=\"433\" height=\"325\" \/><\/figure>\r\n<\/div>\r\n\r\n\r\n<p>Biti u povla\u010denju je dragocjena prilika u kojoj se mogu staviti na stranu samsari\u010dke\/svjetovne aktivnosti i prakticirati Dharma\u00a0vlastitim tijelom, govorom i umom.\u00a0 \u0160esnaest \u010dlanova na\u0161eg buddhisti\u010dkog dru\u0161tva zajedno je podijelilo pet dana u Jelovom Klancu (u blizini Plitvi\u010dkih Jezera)\u00a0 nastoje\u0107i se pro\u010distiti, akumulirati pozitivne vrline, uzimaju\u0107i i pridr\u017eavaju\u0107i se budisti\u010dkih pratimoksha zavjeta i posve\u0107uju\u0107i\u00a0zasluge s motivacijom pomo\u0107i svim osjetilnim bi\u0107ima.<\/p>\r\n\r\n\r\n\r\n<p>Na\u0161i su dani u povla\u010denju po\u010dinjali u pet ujutro s budisti\u010dkom joga praksom i molitvom dok je ve\u0107i dio dana bio posve\u0107en praksi na Yidam Avalokiteshwaru, Buddhu suosje\u0107anja. Unato\u010d dugim satima prakse, prevladavao je zajedni\u010dki osje\u0107aj iskrenog zadovoljstva i sre\u0107e. (Vidi slike ozarenih lica na kraju retreata).<br \/>Zahvaljuju\u0107i ljubaznosti vlasnice seoskog imanja kao i vremenu izvan\u00a0 turisti\u010dke sezone, boravili smo u potpunoj izolaciji susre\u0107u\u0107i samo konje koji su slobodno pasli na zelenim pa\u0161njacima, podsje\u0107aju\u0107i nas na va\u017enost oslobo\u0111anja od samsari\u010dkih okova. Na\u0161a privremena boravi\u0161ta, maleni drveni bungalovi, udobni, opremljeni osnovnim stvarima, postali su primjer ljepote jednostavnosti. \u2019\u2019Nakon svega, koliko nam je stvarno potrebno?\u201d Iako je bio mjesec rujan, u tih nekoliko dana svjedo\u010dili smo jesenjem suncu i zimskom snijegu kao da nam netrajnost \u2018zuri\u2019 u lice. Udobnost sjedenja uz toplinu goru\u0107eg drva uve\u010der iako pri\u010dinja ugodu, ne mo\u017ee se usporediti sa bla\u017eenstvom izgaranja negativnosti u vatri mudrosti u svijetlu su\u0161tinskog suosje\u0107anja. Djele\u0107i okolinu i zajedni\u010dko vrijeme u izvo\u0111enju vrlih aktivnosti postali smo velika radosna obitelj. Fokusiraju\u0107i se ne na\u0161e unutarnje \u2018ja\u2019 svi smo bili kod ku\u0107e.<br \/>Pribli\u017eavanjem povla\u010denja kraju svi smo se osje\u0107ali revitalizirani i puni pozitivne energije. Mnogi \u010dlanovi iz ove grupe govorili su: \u201cosje\u0107amo puno vi\u0161e energije izlaze\u0107i iz povla\u010denja nego \u0161to smo je imali u periodu prije povla\u010denja! Unato\u010d vrlo kratkom trajanju povla\u010denja prikupljene zasluge i iskustveni do\u017eivljaj ostat \u0107e s nama u ovom i budu\u0107im \u017eivotima.<\/p>\r\n\r\n\r\n\r\n<p><i>Dok hodam,<br \/>uzimam sva opa\u017eanja kao put<br \/>to je na\u010din kako hodati,<br \/>pustiti \u0161est svijesti<br \/>da se oslobode.<br \/>Dok se odmaram<br \/>Odmaram se u nepromijenjenoj prirodnosti:<br \/>To je osnovni i krajnji na\u010din odmaranja.<br \/>Dok jedem<br \/>Jedem hranu praznine,<br \/>To zna\u010di jesti bez dualisti\u010dkih primisli.<br \/>Dok pijem<br \/>Pijem vodu pomnosti i budnosti,<br \/>To je kako ja pijem ne<\/i> <i>prekidaju\u0107i.<br \/>(Tib. Yogi Jetsun Milarepa)<\/i><\/p>\r\n\r\n\r\n\r\n<p><strong>Tekst na engleskom sastavila: Reena \u0160malcelj<\/strong><\/p>","protected":false},"excerpt":{"rendered":"<p>Grupno povla\u010denje 2011. Biti u povla\u010denju je dragocjena prilika u kojoj se mogu staviti na stranu samsari\u010dke\/svjetovne aktivnosti i prakticirati Dharma\u00a0vlastitim tijelom, govorom i umom.\u00a0 \u0160esnaest \u010dlanova na\u0161eg buddhisti\u010dkog dru\u0161tva zajedno je podijelilo pet dana u Jelovom Klancu (u blizini Plitvi\u010dkih Jezera)\u00a0 nastoje\u0107i se pro\u010distiti, akumulirati pozitivne vrline, uzimaju\u0107i i pridr\u017eavaju\u0107i se budisti\u010dkih pratimoksha zavjeta [&hellip;]<\/p>\n","protected":false},"author":3,"featured_media":0,"parent":0,"menu_order":0,"comment_status":"closed","ping_status":"closed","template":"","meta":{"iawp_total_views":30,"footnotes":""},"class_list":["post-685","page","type-page","status-publish","hentry"],"yoast_head":"<!-- This site is optimized with the Yoast SEO plugin v27.4 - https:\/\/yoast.com\/product\/yoast-seo-wordpress\/ -->\n<title>Povla\u010denje 2011. - Hrvatsko Budisti\u010dko Dru\u0161tvo &quot;Padmasana&quot;<\/title>\n<meta name=\"robots\" content=\"index, follow, max-snippet:-1, max-image-preview:large, max-video-preview:-1\" \/>\n<link rel=\"canonical\" href=\"https:\/\/padmasana.hr\/en\/povlacenje-2011\/\" \/>\n<meta property=\"og:locale\" content=\"en_US\" \/>\n<meta property=\"og:type\" content=\"article\" \/>\n<meta property=\"og:title\" content=\"Povla\u010denje 2011. - Hrvatsko Budisti\u010dko Dru\u0161tvo &quot;Padmasana&quot;\" \/>\n<meta property=\"og:description\" content=\"Grupno povla\u010denje 2011. Biti u povla\u010denju je dragocjena prilika u kojoj se mogu staviti na stranu samsari\u010dke\/svjetovne aktivnosti i prakticirati Dharma\u00a0vlastitim tijelom, govorom i umom.\u00a0 \u0160esnaest \u010dlanova na\u0161eg buddhisti\u010dkog dru\u0161tva zajedno je podijelilo pet dana u Jelovom Klancu (u blizini Plitvi\u010dkih Jezera)\u00a0 nastoje\u0107i se pro\u010distiti, akumulirati pozitivne vrline, uzimaju\u0107i i pridr\u017eavaju\u0107i se budisti\u010dkih pratimoksha zavjeta [&hellip;]\" \/>\n<meta property=\"og:url\" content=\"https:\/\/padmasana.hr\/en\/povlacenje-2011\/\" \/>\n<meta property=\"og:site_name\" content=\"Hrvatsko Budisti\u010dko Dru\u0161tvo &quot;Padmasana&quot;\" \/>\n<meta property=\"article:publisher\" content=\"https:\/\/www.facebook.com\/profile.php?id=100064443051947\" \/>\n<meta property=\"article:modified_time\" content=\"2025-02-25T15:55:12+00:00\" \/>\n<meta name=\"twitter:card\" content=\"summary_large_image\" \/>\n<meta name=\"twitter:label1\" content=\"Est. reading time\" \/>\n\t<meta name=\"twitter:data1\" content=\"2 minutes\" \/>\n<script type=\"application\/ld+json\" class=\"yoast-schema-graph\">{\"@context\":\"https:\\\/\\\/schema.org\",\"@graph\":[{\"@type\":\"WebPage\",\"@id\":\"https:\\\/\\\/padmasana.hr\\\/povlacenje-2011\\\/\",\"url\":\"https:\\\/\\\/padmasana.hr\\\/povlacenje-2011\\\/\",\"name\":\"Povla\u010denje 2011. - Hrvatsko Budisti\u010dko Dru\u0161tvo &quot;Padmasana&quot;\",\"isPartOf\":{\"@id\":\"https:\\\/\\\/padmasana.hr\\\/en\\\/#website\"},\"primaryImageOfPage\":{\"@id\":\"https:\\\/\\\/padmasana.hr\\\/povlacenje-2011\\\/#primaryimage\"},\"image\":{\"@id\":\"https:\\\/\\\/padmasana.hr\\\/povlacenje-2011\\\/#primaryimage\"},\"thumbnailUrl\":\"http:\\\/\\\/padmasana.hr\\\/wp-content\\\/uploads\\\/2014\\\/04\\\/povlacenja2011.jpg\",\"datePublished\":\"2014-04-06T14:35:19+00:00\",\"dateModified\":\"2025-02-25T15:55:12+00:00\",\"breadcrumb\":{\"@id\":\"https:\\\/\\\/padmasana.hr\\\/povlacenje-2011\\\/#breadcrumb\"},\"inLanguage\":\"en-US\",\"potentialAction\":[{\"@type\":\"ReadAction\",\"target\":[\"https:\\\/\\\/padmasana.hr\\\/povlacenje-2011\\\/\"]}]},{\"@type\":\"ImageObject\",\"inLanguage\":\"en-US\",\"@id\":\"https:\\\/\\\/padmasana.hr\\\/povlacenje-2011\\\/#primaryimage\",\"url\":\"http:\\\/\\\/padmasana.hr\\\/wp-content\\\/uploads\\\/2014\\\/04\\\/povlacenja2011.jpg\",\"contentUrl\":\"http:\\\/\\\/padmasana.hr\\\/wp-content\\\/uploads\\\/2014\\\/04\\\/povlacenja2011.jpg\"},{\"@type\":\"BreadcrumbList\",\"@id\":\"https:\\\/\\\/padmasana.hr\\\/povlacenje-2011\\\/#breadcrumb\",\"itemListElement\":[{\"@type\":\"ListItem\",\"position\":1,\"name\":\"Home\",\"item\":\"https:\\\/\\\/padmasana.hr\\\/\"},{\"@type\":\"ListItem\",\"position\":2,\"name\":\"Povla\u010denje 2011.\"}]},{\"@type\":\"WebSite\",\"@id\":\"https:\\\/\\\/padmasana.hr\\\/en\\\/#website\",\"url\":\"https:\\\/\\\/padmasana.hr\\\/en\\\/\",\"name\":\"Hrvatsko Budisti\u010dko Dru\u0161tvo \\\"Padmasana\\\"\",\"description\":\"\",\"publisher\":{\"@id\":\"https:\\\/\\\/padmasana.hr\\\/en\\\/#organization\"},\"potentialAction\":[{\"@type\":\"SearchAction\",\"target\":{\"@type\":\"EntryPoint\",\"urlTemplate\":\"https:\\\/\\\/padmasana.hr\\\/en\\\/?s={search_term_string}\"},\"query-input\":{\"@type\":\"PropertyValueSpecification\",\"valueRequired\":true,\"valueName\":\"search_term_string\"}}],\"inLanguage\":\"en-US\"},{\"@type\":\"Organization\",\"@id\":\"https:\\\/\\\/padmasana.hr\\\/en\\\/#organization\",\"name\":\"Hrvatsko Budisti\u010dko Dru\u0161tvo \\\"Padmasana\\\"\",\"url\":\"https:\\\/\\\/padmasana.hr\\\/en\\\/\",\"logo\":{\"@type\":\"ImageObject\",\"inLanguage\":\"en-US\",\"@id\":\"https:\\\/\\\/padmasana.hr\\\/en\\\/#\\\/schema\\\/logo\\\/image\\\/\",\"url\":\"https:\\\/\\\/padmasana.hr\\\/wp-content\\\/uploads\\\/2024\\\/04\\\/cropped-logotip-of-padmasana.jpg\",\"contentUrl\":\"https:\\\/\\\/padmasana.hr\\\/wp-content\\\/uploads\\\/2024\\\/04\\\/cropped-logotip-of-padmasana.jpg\",\"width\":512,\"height\":512,\"caption\":\"Hrvatsko Budisti\u010dko Dru\u0161tvo \\\"Padmasana\\\"\"},\"image\":{\"@id\":\"https:\\\/\\\/padmasana.hr\\\/en\\\/#\\\/schema\\\/logo\\\/image\\\/\"},\"sameAs\":[\"https:\\\/\\\/www.facebook.com\\\/profile.php?id=100064443051947\"]}]}<\/script>\n<!-- \/ Yoast SEO plugin. -->","yoast_head_json":{"title":"Povla\u010denje 2011. - Hrvatsko Budisti\u010dko Dru\u0161tvo &quot;Padmasana&quot;","robots":{"index":"index","follow":"follow","max-snippet":"max-snippet:-1","max-image-preview":"max-image-preview:large","max-video-preview":"max-video-preview:-1"},"canonical":"https:\/\/padmasana.hr\/en\/povlacenje-2011\/","og_locale":"en_US","og_type":"article","og_title":"Povla\u010denje 2011. - Hrvatsko Budisti\u010dko Dru\u0161tvo &quot;Padmasana&quot;","og_description":"Grupno povla\u010denje 2011. Biti u povla\u010denju je dragocjena prilika u kojoj se mogu staviti na stranu samsari\u010dke\/svjetovne aktivnosti i prakticirati Dharma\u00a0vlastitim tijelom, govorom i umom.\u00a0 \u0160esnaest \u010dlanova na\u0161eg buddhisti\u010dkog dru\u0161tva zajedno je podijelilo pet dana u Jelovom Klancu (u blizini Plitvi\u010dkih Jezera)\u00a0 nastoje\u0107i se pro\u010distiti, akumulirati pozitivne vrline, uzimaju\u0107i i pridr\u017eavaju\u0107i se budisti\u010dkih pratimoksha zavjeta [&hellip;]","og_url":"https:\/\/padmasana.hr\/en\/povlacenje-2011\/","og_site_name":"Hrvatsko Budisti\u010dko Dru\u0161tvo &quot;Padmasana&quot;","article_publisher":"https:\/\/www.facebook.com\/profile.php?id=100064443051947","article_modified_time":"2025-02-25T15:55:12+00:00","twitter_card":"summary_large_image","twitter_misc":{"Est. reading time":"2 minutes"},"schema":{"@context":"https:\/\/schema.org","@graph":[{"@type":"WebPage","@id":"https:\/\/padmasana.hr\/povlacenje-2011\/","url":"https:\/\/padmasana.hr\/povlacenje-2011\/","name":"Povla\u010denje 2011. - Hrvatsko Budisti\u010dko Dru\u0161tvo &quot;Padmasana&quot;","isPartOf":{"@id":"https:\/\/padmasana.hr\/en\/#website"},"primaryImageOfPage":{"@id":"https:\/\/padmasana.hr\/povlacenje-2011\/#primaryimage"},"image":{"@id":"https:\/\/padmasana.hr\/povlacenje-2011\/#primaryimage"},"thumbnailUrl":"http:\/\/padmasana.hr\/wp-content\/uploads\/2014\/04\/povlacenja2011.jpg","datePublished":"2014-04-06T14:35:19+00:00","dateModified":"2025-02-25T15:55:12+00:00","breadcrumb":{"@id":"https:\/\/padmasana.hr\/povlacenje-2011\/#breadcrumb"},"inLanguage":"en-US","potentialAction":[{"@type":"ReadAction","target":["https:\/\/padmasana.hr\/povlacenje-2011\/"]}]},{"@type":"ImageObject","inLanguage":"en-US","@id":"https:\/\/padmasana.hr\/povlacenje-2011\/#primaryimage","url":"http:\/\/padmasana.hr\/wp-content\/uploads\/2014\/04\/povlacenja2011.jpg","contentUrl":"http:\/\/padmasana.hr\/wp-content\/uploads\/2014\/04\/povlacenja2011.jpg"},{"@type":"BreadcrumbList","@id":"https:\/\/padmasana.hr\/povlacenje-2011\/#breadcrumb","itemListElement":[{"@type":"ListItem","position":1,"name":"Home","item":"https:\/\/padmasana.hr\/"},{"@type":"ListItem","position":2,"name":"Povla\u010denje 2011."}]},{"@type":"WebSite","@id":"https:\/\/padmasana.hr\/en\/#website","url":"https:\/\/padmasana.hr\/en\/","name":"Hrvatsko Budisti\u010dko Dru\u0161tvo \"Padmasana\"","description":"","publisher":{"@id":"https:\/\/padmasana.hr\/en\/#organization"},"potentialAction":[{"@type":"SearchAction","target":{"@type":"EntryPoint","urlTemplate":"https:\/\/padmasana.hr\/en\/?s={search_term_string}"},"query-input":{"@type":"PropertyValueSpecification","valueRequired":true,"valueName":"search_term_string"}}],"inLanguage":"en-US"},{"@type":"Organization","@id":"https:\/\/padmasana.hr\/en\/#organization","name":"Hrvatsko Budisti\u010dko Dru\u0161tvo \"Padmasana\"","url":"https:\/\/padmasana.hr\/en\/","logo":{"@type":"ImageObject","inLanguage":"en-US","@id":"https:\/\/padmasana.hr\/en\/#\/schema\/logo\/image\/","url":"https:\/\/padmasana.hr\/wp-content\/uploads\/2024\/04\/cropped-logotip-of-padmasana.jpg","contentUrl":"https:\/\/padmasana.hr\/wp-content\/uploads\/2024\/04\/cropped-logotip-of-padmasana.jpg","width":512,"height":512,"caption":"Hrvatsko Budisti\u010dko Dru\u0161tvo \"Padmasana\""},"image":{"@id":"https:\/\/padmasana.hr\/en\/#\/schema\/logo\/image\/"},"sameAs":["https:\/\/www.facebook.com\/profile.php?id=100064443051947"]}]}},"_links":{"self":[{"href":"https:\/\/padmasana.hr\/en\/wp-json\/wp\/v2\/pages\/685","targetHints":{"allow":["GET"]}}],"collection":[{"href":"https:\/\/padmasana.hr\/en\/wp-json\/wp\/v2\/pages"}],"about":[{"href":"https:\/\/padmasana.hr\/en\/wp-json\/wp\/v2\/types\/page"}],"author":[{"embeddable":true,"href":"https:\/\/padmasana.hr\/en\/wp-json\/wp\/v2\/users\/3"}],"replies":[{"embeddable":true,"href":"https:\/\/padmasana.hr\/en\/wp-json\/wp\/v2\/comments?post=685"}],"version-history":[{"count":9,"href":"https:\/\/padmasana.hr\/en\/wp-json\/wp\/v2\/pages\/685\/revisions"}],"predecessor-version":[{"id":1923,"href":"https:\/\/padmasana.hr\/en\/wp-json\/wp\/v2\/pages\/685\/revisions\/1923"}],"wp:attachment":[{"href":"https:\/\/padmasana.hr\/en\/wp-json\/wp\/v2\/media?parent=685"}],"curies":[{"name":"wp","href":"https:\/\/api.w.org\/{rel}","templated":true}]}}