{"id":29,"date":"2014-03-29T15:09:11","date_gmt":"2014-03-29T15:09:11","guid":{"rendered":"http:\/\/padmasana.tk\/?page_id=29"},"modified":"2025-03-14T15:38:44","modified_gmt":"2025-03-14T14:38:44","slug":"biblioteka","status":"publish","type":"page","link":"https:\/\/padmasana.hr\/en\/biblioteka\/","title":{"rendered":"Library"},"content":{"rendered":"<p><strong>BIBLIOTEKA &#8220;PADMASANA&#8221;<\/strong><\/p>\r\n\r\n\r\n\r\n<p>Udruga je pokrenula drugom polovinom 2010 godine biblioteku &#8220;Padmasana&#8221; sa svrhom objavljivanja na hrvatskom jeziku autenti\u010dnih i vrijednih tekstova iz podru\u010dja budisti\u010dke kulture mudrosti, \u017eivu\u0107e duhovne tradicije, tradicionalne medicine i drevne umjetnosti himalajskog podru\u010dja u kojem je i danas \u017eiv duh Mahajane-Velikog puta i na\u010dina \u017eivota Probu\u0111enih.<\/p>\r\n\r\n\r\n\r\n<p>Pokretanje biblioteke &#8220;Padmasana&#8221; je u skladu sa studijskim programom Centra u cilju pribli\u017eavanja \u010ditaocima u Hrvatskoj bogate budisti\u010dke duhovne i kulturne ste\u010devine koja mo\u017ee obogatiti dana\u0161njeg \u010dovjeka i pobuditi prakti\u010dni interes za unutarnje istra\u017eivanje vlastitog bi\u0107a kod onih koji te\u017ee ka upoznavanju svojih skrovitih potencijala.<\/p>\r\n\r\n\r\n\r\n<p>Kako bi u cijelosti mogli ostvariti ovaj projekt utvrdili smo suradnju sa izdava\u010dem &#8216;Cid-Nova&#8217; U biblioteci &#8220;Padmasana&#8221; do sada su izdane dvije knjige:<\/p>\r\n\r\n\r\n\r\n\r\n\r\n<p><strong>1. &#8216;DIJAMANTNI PUT &#8211; tibetansko umije\u0107e iscjeljivanja&#8217; prijevod originalnog tibetanskog medicinskog teksta uz komentare o drevnom umije\u0107u potpuno nepoznatom zapadnom svijetu.<\/strong><\/p>\r\n<p><img loading=\"lazy\" decoding=\"async\" class=\"wp-image-333 aligncenter\" src=\"http:\/\/padmasana.hr\/wp-content\/uploads\/2014\/03\/dijamantniput.jpg\" alt=\"dijamantniput\" width=\"230\" height=\"339\" \/><\/p>\r\n\r\n\r\n\r\n<p>Knjiga &#8221;Dijamantni put&#8221; predstavlja autenti\u010dni priru\u010dnik dubokih spoznaja o \u010dovjeku i kao takva je vodi\u010d za upoznavanje drevnog tibetanskog dijagnosti\u010dkog hodo\u010da\u0161\u0107a u umije\u0107u postizanja prirodne ravnote\u017ee koja omogu\u0107uje dugovje\u010dnost, vitalnost, zdravlje, sre\u0107u i ljepotu.<\/p>\r\n\r\n\r\n\r\n<p>Stoga ova knjiga u kojoj se obra\u0111uju osnovna polazi\u0161ta jedinstvenog medicinskog holisti\u010dkog sustava utemeljenog na spoznajnom iskustvu koje se stolje\u0107ima \u010duvalo u tibetanskim samostanima na nedoku\u010divim snje\u017enim osamama, obja\u0161njava u svom sadr\u017eaju izuzetan spoj izme\u0111u fiziologije tijela i prirode ljudskog uma razotkrivaju\u0107i duboku me\u0111uzavisnost izme\u0111u predispozicija i emocija, mentalnih sadr\u017eaja i djelovanja pa sve do pojave oboljenja.<\/p>\r\n\r\n\r\n\r\n<p>Knjiga ukazuje i na potrebu prvog koraka u osnovnom treningu na polju cjelovite duhovne medicinske terapije primjerene svakom ljudskom bi\u0107u koje stremi ka ispunjenju uzvi\u0161enog \u017eivotnog cilja u otkrivanju unutarnje sre\u0107e, mira i tajne \u017eivota.<br \/><img decoding=\"async\" src=\"file:\/\/\/C:\/Users\/Alen%20Ivan%C4%8Dec\/Desktop\/BUDDHA%20NOVO\/images\/nebeskaglazba.jpg\" alt=\"\" \/><\/p>\r\n\r\n\r\n\r\n\r\n\r\n<p><strong>2. Izvrstan prijevod sa engleskog originala knjige &#8216;NEBESKA GLAZBA&#8217; o \u017eivotu i u\u010denju tibetanskog lame 17-og Karmape s posvetom i molitvom samog Gyalwe Karmape adresiranom hrvatskom \u010ditateljstvu.<\/strong><\/p>\r\n<p><img loading=\"lazy\" decoding=\"async\" class=\"wp-image-334 aligncenter\" src=\"http:\/\/padmasana.hr\/wp-content\/uploads\/2014\/03\/nebeskaglazba.jpg\" alt=\"nebeskaglazba\" width=\"223\" height=\"329\" \/><\/p>\r\n\r\n\r\n\r\n<p>RIJE\u010c UREDNIKA O KNJIZI &#8216;NEBESKA GLAZBA&#8217;<\/p>\r\n\r\n\r\n\r\n<p>Posebna mi je \u010dast i zadovoljstvo kao urednik biblioteke Padmasana, najaviti \u010ditateljstvu izuzetnu knjigu pod naslovom &#8221;Nebeska glazba&#8221; koja ve\u0107 svojim nazivom obznanjuje uzvi\u0161enu istan\u010danost jednog od najve\u0107ih tibetanskih povijesnih li\u010dnosti , duhovni autoritet u\u010ditelja-majstora sedamnaestog Gyalwe Karmape. Njegova poezija prepuna je slikovite zemaljske ljepote Tibeta i lepr\u0161avosti pune \u017eivota kojima oslikava prirodu ljudskog uma zarobljenog u svijetu emocija. U taj svijet Tibeta kojeg Karmapa dobro poznaje ali njim nije op\u010dinjen uranja svojom providno\u0161\u0107u, daleko od ma\u0161tarija da bih iznio na povr\u0161inu korisne poruke jednom cijelom narodu i kulturi na zalasku. Iz tog se mogu i\u0161\u010ditati zapanjuju\u0107e proro\u010danske Karmapine vizije koje se\u017eu daleko u budu\u0107nost, izra\u017eene na simboli\u010dan na\u010din. Karmapa je vizionar i u svom slikarstvu koje je naizgled vrlo jednostavno, smireno i organizirano ali u tome se kriju kvalitete duboke umjetnikove duhovne osvije\u0161tenosti.<\/p>\r\n\r\n\r\n\r\n<p>Njegov dramati\u010dan bijeg iz Tibeta i dolazak u Indiju opisan u ovoj knjizi, istinski je scenarij koji svojim sadr\u017eajem prema\u0161uje bilo koju gledanu filmsku avanturu. Njegovo u\u010denje je duboko misaono, kratko, prakti\u010dno i jasno sa \u017eivotnom porukom koja ima mo\u0107 prodora duboko u ljudska srca pretvaraju\u0107i se u lavlju riku koja budi iz duboke uspavanosti bez obzira kojoj religiji, rasi, boji i dru\u0161tvenom polo\u017eaju netko pripadao. U ovoj bogato ilustriranoj knjizi na 324 stranice daje se samo djeli\u0107 velikog u\u010denja koje \u010ditaoca mo\u017ee zainteresirati o tome kako upoznati samog sebe i kroz to shvatiti smisao postojanja, doprijeti do osobne unutarnje sre\u0107e i ravnote\u017ee na putu savr\u0161enstva koje vodi do oslobo\u0111enja od svih zabluda i patnje.<\/p>\r\n\r\n\r\n\r\n<p>U slu\u010daju Karmapa postoji jedinstvena tradicija da prija\u0161nji Karmapa ostavlja iza sebe pismo sa proro\u010danskim uputama o na\u010dinu svog ro\u0111enja, mjestu i budu\u0107im roditeljima. Tako u slu\u010daju Karmape postoji onaj koji ponovo dolazi i objavljuje sam sebe dalekovidno\u0161\u0107u koja proizlazi iz uma posebne mudrosti u kojoj se zrcale sva tri vremena. Tako je sada\u0161nji Karmapa Ogyen Trinley Dorje prona\u0111en u skladu sa uputama iz pisma prija\u0161njeg \u0161esnaestog Karmape. Zape\u010da\u0107eno pismo sa posebnim uputama povjerio je neposredno prije svoje smrti na \u010duvanje Tai Situ Rinpocheu, jednom od \u010detiri svoja namjesnika iz reda najvi\u0161e rangiranih lama iz Karma Kagyud tradicije zadu\u017eenih za traganje i ustoli\u010denje nove reinkarnacije. Sedamnaestog Gyalwa Karmapu kasnije je potvrdio i Dalai Lama kao pravu reinkarnaciju \u0161esnaestog Karmape nakon \u0161to je bio u potpunosti zadovoljan sa provedenom identifikacijom, osobnim ispitivanjem i potvrdom koju je dobio u snu. Nakon svog dolaska u Indiju sedamnaesti Gyalwa Karmapa Ogyen Trinley Dorje postigao je zapanjuju\u0107u duhovnu zrelost, neuobi\u010dajeno znanje, djelatno suosje\u0107anje i briljantnu mudrost svojih prethodnika. Iako je jo\u0161 relativno mlad u skladu sa uzvi\u0161enom tradicijom koju su utemeljili njegovi slavni prethodnici, Ogyen Trinley Dorje kao sedamnaesti Karmapa ve\u0107 radi nesmanjeno na \u0161irenju Dharme za dobrobit svih osjetilnih bi\u0107a. On igra i va\u017enu aktivnu ulogu u \u0161irenju univerzalne poruke ljubavi, mira i bratstva izme\u0111u svih religija te kao takav predstavlja univerzalnog u\u010ditelja \u010dovje\u010danstva. Duboko sam uvjeren da ovaj prvi kontakt sa likom i djelovanjem sedamnaestog Gyalwa Karmape ne\u0107e ostaviti \u010ditaoca ravnodu\u0161nim ve\u0107 \u0107e u mnogima pokrenuti pozitivna htijenja, hrabrost i nadu u vlastito postignu\u0107e sre\u0107e i savr\u0161enstva u budu\u0107nosti.<\/p>\r\n\r\n\r\n\r\n<p>Dragutin \u0160malcelj<br \/>Predsjednik H.B.D. Padmasana<\/p>\r\n\r\n\r\n\r\n<p><strong>ZA UPITE I NARUD\u017dBE KONTAKTIRAJTE NAS PREKO NA\u0160EG KONTAKT OBRASCA<\/strong><\/p>","protected":false},"excerpt":{"rendered":"<p>BIBLIOTEKA &#8220;PADMASANA&#8221; Udruga je pokrenula drugom polovinom 2010 godine biblioteku &#8220;Padmasana&#8221; sa svrhom objavljivanja na hrvatskom jeziku autenti\u010dnih i vrijednih tekstova iz podru\u010dja budisti\u010dke kulture mudrosti, \u017eivu\u0107e duhovne tradicije, tradicionalne medicine i drevne umjetnosti himalajskog podru\u010dja u kojem je i danas \u017eiv duh Mahajane-Velikog puta i na\u010dina \u017eivota Probu\u0111enih. Pokretanje biblioteke &#8220;Padmasana&#8221; je u skladu [&hellip;]<\/p>\n","protected":false},"author":3,"featured_media":0,"parent":0,"menu_order":0,"comment_status":"closed","ping_status":"closed","template":"","meta":{"iawp_total_views":72,"footnotes":""},"class_list":["post-29","page","type-page","status-publish","hentry"],"yoast_head":"<!-- This site is optimized with the Yoast SEO plugin v27.4 - https:\/\/yoast.com\/product\/yoast-seo-wordpress\/ -->\n<title>Biblioteka - Hrvatsko Budisti\u010dko Dru\u0161tvo &quot;Padmasana&quot;<\/title>\n<meta name=\"robots\" content=\"index, follow, max-snippet:-1, max-image-preview:large, max-video-preview:-1\" \/>\n<link rel=\"canonical\" href=\"https:\/\/padmasana.hr\/en\/biblioteka\/\" \/>\n<meta property=\"og:locale\" content=\"en_US\" \/>\n<meta property=\"og:type\" content=\"article\" \/>\n<meta property=\"og:title\" content=\"Biblioteka - Hrvatsko Budisti\u010dko Dru\u0161tvo &quot;Padmasana&quot;\" \/>\n<meta property=\"og:description\" content=\"BIBLIOTEKA &#8220;PADMASANA&#8221; Udruga je pokrenula drugom polovinom 2010 godine biblioteku &#8220;Padmasana&#8221; sa svrhom objavljivanja na hrvatskom jeziku autenti\u010dnih i vrijednih tekstova iz podru\u010dja budisti\u010dke kulture mudrosti, \u017eivu\u0107e duhovne tradicije, tradicionalne medicine i drevne umjetnosti himalajskog podru\u010dja u kojem je i danas \u017eiv duh Mahajane-Velikog puta i na\u010dina \u017eivota Probu\u0111enih. Pokretanje biblioteke &#8220;Padmasana&#8221; je u skladu [&hellip;]\" \/>\n<meta property=\"og:url\" content=\"https:\/\/padmasana.hr\/en\/biblioteka\/\" \/>\n<meta property=\"og:site_name\" content=\"Hrvatsko Budisti\u010dko Dru\u0161tvo &quot;Padmasana&quot;\" \/>\n<meta property=\"article:publisher\" content=\"https:\/\/www.facebook.com\/profile.php?id=100064443051947\" \/>\n<meta property=\"article:modified_time\" content=\"2025-03-14T14:38:44+00:00\" \/>\n<meta property=\"og:image\" content=\"https:\/\/padmasana.hr\/wp-content\/uploads\/2014\/03\/dijamantniput.jpg\" \/>\n\t<meta property=\"og:image:width\" content=\"163\" \/>\n\t<meta property=\"og:image:height\" content=\"240\" \/>\n\t<meta property=\"og:image:type\" content=\"image\/jpeg\" \/>\n<meta name=\"twitter:card\" content=\"summary_large_image\" \/>\n<meta name=\"twitter:label1\" content=\"Est. reading time\" \/>\n\t<meta name=\"twitter:data1\" content=\"5 minutes\" \/>\n<script type=\"application\/ld+json\" class=\"yoast-schema-graph\">{\"@context\":\"https:\\\/\\\/schema.org\",\"@graph\":[{\"@type\":\"WebPage\",\"@id\":\"https:\\\/\\\/padmasana.hr\\\/biblioteka\\\/\",\"url\":\"https:\\\/\\\/padmasana.hr\\\/biblioteka\\\/\",\"name\":\"Biblioteka - Hrvatsko Budisti\u010dko Dru\u0161tvo &quot;Padmasana&quot;\",\"isPartOf\":{\"@id\":\"https:\\\/\\\/padmasana.hr\\\/en\\\/#website\"},\"primaryImageOfPage\":{\"@id\":\"https:\\\/\\\/padmasana.hr\\\/biblioteka\\\/#primaryimage\"},\"image\":{\"@id\":\"https:\\\/\\\/padmasana.hr\\\/biblioteka\\\/#primaryimage\"},\"thumbnailUrl\":\"http:\\\/\\\/padmasana.hr\\\/wp-content\\\/uploads\\\/2014\\\/03\\\/dijamantniput.jpg\",\"datePublished\":\"2014-03-29T15:09:11+00:00\",\"dateModified\":\"2025-03-14T14:38:44+00:00\",\"breadcrumb\":{\"@id\":\"https:\\\/\\\/padmasana.hr\\\/biblioteka\\\/#breadcrumb\"},\"inLanguage\":\"en-US\",\"potentialAction\":[{\"@type\":\"ReadAction\",\"target\":[\"https:\\\/\\\/padmasana.hr\\\/biblioteka\\\/\"]}]},{\"@type\":\"ImageObject\",\"inLanguage\":\"en-US\",\"@id\":\"https:\\\/\\\/padmasana.hr\\\/biblioteka\\\/#primaryimage\",\"url\":\"http:\\\/\\\/padmasana.hr\\\/wp-content\\\/uploads\\\/2014\\\/03\\\/dijamantniput.jpg\",\"contentUrl\":\"http:\\\/\\\/padmasana.hr\\\/wp-content\\\/uploads\\\/2014\\\/03\\\/dijamantniput.jpg\"},{\"@type\":\"BreadcrumbList\",\"@id\":\"https:\\\/\\\/padmasana.hr\\\/biblioteka\\\/#breadcrumb\",\"itemListElement\":[{\"@type\":\"ListItem\",\"position\":1,\"name\":\"Home\",\"item\":\"https:\\\/\\\/padmasana.hr\\\/\"},{\"@type\":\"ListItem\",\"position\":2,\"name\":\"Biblioteka\"}]},{\"@type\":\"WebSite\",\"@id\":\"https:\\\/\\\/padmasana.hr\\\/en\\\/#website\",\"url\":\"https:\\\/\\\/padmasana.hr\\\/en\\\/\",\"name\":\"Hrvatsko Budisti\u010dko Dru\u0161tvo \\\"Padmasana\\\"\",\"description\":\"\",\"publisher\":{\"@id\":\"https:\\\/\\\/padmasana.hr\\\/en\\\/#organization\"},\"potentialAction\":[{\"@type\":\"SearchAction\",\"target\":{\"@type\":\"EntryPoint\",\"urlTemplate\":\"https:\\\/\\\/padmasana.hr\\\/en\\\/?s={search_term_string}\"},\"query-input\":{\"@type\":\"PropertyValueSpecification\",\"valueRequired\":true,\"valueName\":\"search_term_string\"}}],\"inLanguage\":\"en-US\"},{\"@type\":\"Organization\",\"@id\":\"https:\\\/\\\/padmasana.hr\\\/en\\\/#organization\",\"name\":\"Hrvatsko Budisti\u010dko Dru\u0161tvo \\\"Padmasana\\\"\",\"url\":\"https:\\\/\\\/padmasana.hr\\\/en\\\/\",\"logo\":{\"@type\":\"ImageObject\",\"inLanguage\":\"en-US\",\"@id\":\"https:\\\/\\\/padmasana.hr\\\/en\\\/#\\\/schema\\\/logo\\\/image\\\/\",\"url\":\"https:\\\/\\\/padmasana.hr\\\/wp-content\\\/uploads\\\/2024\\\/04\\\/cropped-logotip-of-padmasana.jpg\",\"contentUrl\":\"https:\\\/\\\/padmasana.hr\\\/wp-content\\\/uploads\\\/2024\\\/04\\\/cropped-logotip-of-padmasana.jpg\",\"width\":512,\"height\":512,\"caption\":\"Hrvatsko Budisti\u010dko Dru\u0161tvo \\\"Padmasana\\\"\"},\"image\":{\"@id\":\"https:\\\/\\\/padmasana.hr\\\/en\\\/#\\\/schema\\\/logo\\\/image\\\/\"},\"sameAs\":[\"https:\\\/\\\/www.facebook.com\\\/profile.php?id=100064443051947\"]}]}<\/script>\n<!-- \/ Yoast SEO plugin. -->","yoast_head_json":{"title":"Biblioteka - Hrvatsko Budisti\u010dko Dru\u0161tvo &quot;Padmasana&quot;","robots":{"index":"index","follow":"follow","max-snippet":"max-snippet:-1","max-image-preview":"max-image-preview:large","max-video-preview":"max-video-preview:-1"},"canonical":"https:\/\/padmasana.hr\/en\/biblioteka\/","og_locale":"en_US","og_type":"article","og_title":"Biblioteka - Hrvatsko Budisti\u010dko Dru\u0161tvo &quot;Padmasana&quot;","og_description":"BIBLIOTEKA &#8220;PADMASANA&#8221; Udruga je pokrenula drugom polovinom 2010 godine biblioteku &#8220;Padmasana&#8221; sa svrhom objavljivanja na hrvatskom jeziku autenti\u010dnih i vrijednih tekstova iz podru\u010dja budisti\u010dke kulture mudrosti, \u017eivu\u0107e duhovne tradicije, tradicionalne medicine i drevne umjetnosti himalajskog podru\u010dja u kojem je i danas \u017eiv duh Mahajane-Velikog puta i na\u010dina \u017eivota Probu\u0111enih. Pokretanje biblioteke &#8220;Padmasana&#8221; je u skladu [&hellip;]","og_url":"https:\/\/padmasana.hr\/en\/biblioteka\/","og_site_name":"Hrvatsko Budisti\u010dko Dru\u0161tvo &quot;Padmasana&quot;","article_publisher":"https:\/\/www.facebook.com\/profile.php?id=100064443051947","article_modified_time":"2025-03-14T14:38:44+00:00","og_image":[{"width":163,"height":240,"url":"https:\/\/padmasana.hr\/wp-content\/uploads\/2014\/03\/dijamantniput.jpg","type":"image\/jpeg"}],"twitter_card":"summary_large_image","twitter_misc":{"Est. reading time":"5 minutes"},"schema":{"@context":"https:\/\/schema.org","@graph":[{"@type":"WebPage","@id":"https:\/\/padmasana.hr\/biblioteka\/","url":"https:\/\/padmasana.hr\/biblioteka\/","name":"Biblioteka - Hrvatsko Budisti\u010dko Dru\u0161tvo &quot;Padmasana&quot;","isPartOf":{"@id":"https:\/\/padmasana.hr\/en\/#website"},"primaryImageOfPage":{"@id":"https:\/\/padmasana.hr\/biblioteka\/#primaryimage"},"image":{"@id":"https:\/\/padmasana.hr\/biblioteka\/#primaryimage"},"thumbnailUrl":"http:\/\/padmasana.hr\/wp-content\/uploads\/2014\/03\/dijamantniput.jpg","datePublished":"2014-03-29T15:09:11+00:00","dateModified":"2025-03-14T14:38:44+00:00","breadcrumb":{"@id":"https:\/\/padmasana.hr\/biblioteka\/#breadcrumb"},"inLanguage":"en-US","potentialAction":[{"@type":"ReadAction","target":["https:\/\/padmasana.hr\/biblioteka\/"]}]},{"@type":"ImageObject","inLanguage":"en-US","@id":"https:\/\/padmasana.hr\/biblioteka\/#primaryimage","url":"http:\/\/padmasana.hr\/wp-content\/uploads\/2014\/03\/dijamantniput.jpg","contentUrl":"http:\/\/padmasana.hr\/wp-content\/uploads\/2014\/03\/dijamantniput.jpg"},{"@type":"BreadcrumbList","@id":"https:\/\/padmasana.hr\/biblioteka\/#breadcrumb","itemListElement":[{"@type":"ListItem","position":1,"name":"Home","item":"https:\/\/padmasana.hr\/"},{"@type":"ListItem","position":2,"name":"Biblioteka"}]},{"@type":"WebSite","@id":"https:\/\/padmasana.hr\/en\/#website","url":"https:\/\/padmasana.hr\/en\/","name":"Hrvatsko Budisti\u010dko Dru\u0161tvo \"Padmasana\"","description":"","publisher":{"@id":"https:\/\/padmasana.hr\/en\/#organization"},"potentialAction":[{"@type":"SearchAction","target":{"@type":"EntryPoint","urlTemplate":"https:\/\/padmasana.hr\/en\/?s={search_term_string}"},"query-input":{"@type":"PropertyValueSpecification","valueRequired":true,"valueName":"search_term_string"}}],"inLanguage":"en-US"},{"@type":"Organization","@id":"https:\/\/padmasana.hr\/en\/#organization","name":"Hrvatsko Budisti\u010dko Dru\u0161tvo \"Padmasana\"","url":"https:\/\/padmasana.hr\/en\/","logo":{"@type":"ImageObject","inLanguage":"en-US","@id":"https:\/\/padmasana.hr\/en\/#\/schema\/logo\/image\/","url":"https:\/\/padmasana.hr\/wp-content\/uploads\/2024\/04\/cropped-logotip-of-padmasana.jpg","contentUrl":"https:\/\/padmasana.hr\/wp-content\/uploads\/2024\/04\/cropped-logotip-of-padmasana.jpg","width":512,"height":512,"caption":"Hrvatsko Budisti\u010dko Dru\u0161tvo \"Padmasana\""},"image":{"@id":"https:\/\/padmasana.hr\/en\/#\/schema\/logo\/image\/"},"sameAs":["https:\/\/www.facebook.com\/profile.php?id=100064443051947"]}]}},"_links":{"self":[{"href":"https:\/\/padmasana.hr\/en\/wp-json\/wp\/v2\/pages\/29","targetHints":{"allow":["GET"]}}],"collection":[{"href":"https:\/\/padmasana.hr\/en\/wp-json\/wp\/v2\/pages"}],"about":[{"href":"https:\/\/padmasana.hr\/en\/wp-json\/wp\/v2\/types\/page"}],"author":[{"embeddable":true,"href":"https:\/\/padmasana.hr\/en\/wp-json\/wp\/v2\/users\/3"}],"replies":[{"embeddable":true,"href":"https:\/\/padmasana.hr\/en\/wp-json\/wp\/v2\/comments?post=29"}],"version-history":[{"count":4,"href":"https:\/\/padmasana.hr\/en\/wp-json\/wp\/v2\/pages\/29\/revisions"}],"predecessor-version":[{"id":1964,"href":"https:\/\/padmasana.hr\/en\/wp-json\/wp\/v2\/pages\/29\/revisions\/1964"}],"wp:attachment":[{"href":"https:\/\/padmasana.hr\/en\/wp-json\/wp\/v2\/media?parent=29"}],"curies":[{"name":"wp","href":"https:\/\/api.w.org\/{rel}","templated":true}]}}