{"id":27,"date":"2014-03-29T15:08:52","date_gmt":"2014-03-29T15:08:52","guid":{"rendered":"http:\/\/padmasana.tk\/?page_id=27"},"modified":"2025-02-25T15:40:39","modified_gmt":"2025-02-25T14:40:39","slug":"povlacenje-2003","status":"publish","type":"page","link":"https:\/\/padmasana.hr\/en\/povlacenje-2003\/","title":{"rendered":"Retreat 2003."},"content":{"rendered":"<p><strong>Povla\u010denje na Vajrasattva Buddhu\u00a00d 07.06. do 11.06. 2003.\u00a0u tibetanskom mjesecu Saga Dawa (Duchen)\u00a0Retreat predvodi Upasaka Lobsang Norbu<\/strong><\/p>\r\n\r\n\r\n\r\n<p><strong>Saga Dawa je mjesec izuzetno va\u017ean u buddhisti\u010dkom kalendaru, u toku kojeg je princ Siddharta (Buddha Shakyamuni), postigao samyak sambhodi i oti\u0161ao u parinirvanu.<\/strong><\/p>\r\n\r\n\r\n<div class=\"wp-block-image\">\r\n<figure class=\"aligncenter\"><img loading=\"lazy\" decoding=\"async\" width=\"258\" height=\"167\" class=\"wp-image-719\" src=\"http:\/\/padmasana.hr\/wp-content\/uploads\/2014\/03\/retreat2003.jpg\" alt=\"retreat2003\" \/><\/figure>\r\n<\/div>\r\n\r\n\r\n<p>U povla\u010denju sudjeluju \u010dlanovi Hrvatskog buddhisti\u010dkog dru\u0161tva &#8216;Padmasana&#8217;.<\/p>\r\n\r\n\r\n\r\n<p>Po\u010detak retreata bio je ispunjen pripremama koje su obvezne za ulaz u vi\u0161ednevni retreat.<\/p>\r\n\r\n\r\n\r\n<p>Korijenski tekst koji je poslu\u017eio kao priprema za povla\u010denje bio je osnova za meditativnu i mantri\u010dku 100-slo\u017enu praksu tokom retreata, u cilju pro\u010di\u0161\u0107enja i akumuliranja pozitivnih zasluga tokom znakovitog budisti\u010dkog mjeseca Saga Dawa, s posebnim pozitivnim znamenjem. Korijenski tekst u originalu nosi naslov &#8216;Dorje Sempa Thug-kyi Nying-po Zhe-jva-wa Zhug-so&#8217;, \u0161to doslovno zna\u010di &#8216;Kapljice srca Vajrasattve&#8217; ili &#8216;Su\u0161tina srca Vajrasattve&#8217;. Veliki yogi Urgyen Chogyur Lingpa otkrio je ovu skrivenu nebesku riznicu (nam-ter), kod mjesta Seng Nam Drag u provinciji Kham (Isto\u010dni Tibet). To mjesto je jedno od 25 velikih svetih mjesta starog Tibeta.<\/p>\r\n\r\n\r\n\r\n<p>Lama Chogyur Lingpa prona\u0161ao je ovu riznicu (tekst), zapisanu na Dakini jeziku, a prema predskazanju samog u\u010ditelja Lingpa-e. Kasnije je zapisana ljudskim pismom od njegovog u\u010denika Sherab Gyaltsen-a.<\/p>\r\n\r\n\r\n\r\n<p>Praksa po ovom tekstu podijeljena je u 3 razine: priprema, glavna praksa i zavr\u0161na praksa s prinosom tormi za\u0161titnicima &#8211; Shikyong i Vajrasattvi. Vizualizacijom mandale pet primordijalnih mudrosti i invokacijom 100-slo\u017enih mantri pet Buddha obitelji.<\/p>\r\n\r\n\r\n\r\n<p>Nakon toga slijedi praksa pro\u010di\u0161\u0107enja stoslo\u017enom mantrom Vajrasattve uz unutarnju vizualizaciju po tekstu i detaljnim usmenim instrukcijama za praksu na vanjskog Vajrasattvu i to po satnici dnevnog reda zasjedanja.<\/p>\r\n\r\n\r\n\r\n<p>Na kraju je uprili\u010dena velika zavr\u0161na molitva s posve\u0107enjem zasluga i ritualnim obredom prinosa tsog torme s molitvom tashi shog.<\/p>\r\n\r\n\r\n\r\n<p>Vajrasattva retreat imao je izuzetno pozitivan utjecaj i povoljne znakove kod sudionika tako da postoji \u017eelja da se on uskoro ponovi.<\/p>\r\n\r\n\r\n\r\n<p>Svi oni koji su primili opunomo\u0107enje za praksu Vajrasattve tokom seminara s Ayang Rinpoche-om na Sljemenu, a nisu \u010dlanovi dru\u0161tva &#8216;Padmasana&#8217;, mogu se slobodno uklju\u010diti u sljede\u0107i retreat na Vajrasattva Buddhu.<\/p>\r\n\r\n\r\n\r\n<p>Neka sve bude povoljno i za dobro svih.<\/p>\r\n\r\n\r\n\r\n<p>H.B.D. &#8216;Padmasana&#8217;<\/p>","protected":false},"excerpt":{"rendered":"<p>Povla\u010denje na Vajrasattva Buddhu\u00a00d 07.06. do 11.06. 2003.\u00a0u tibetanskom mjesecu Saga Dawa (Duchen)\u00a0Retreat predvodi Upasaka Lobsang Norbu Saga Dawa je mjesec izuzetno va\u017ean u buddhisti\u010dkom kalendaru, u toku kojeg je princ Siddharta (Buddha Shakyamuni), postigao samyak sambhodi i oti\u0161ao u parinirvanu. U povla\u010denju sudjeluju \u010dlanovi Hrvatskog buddhisti\u010dkog dru\u0161tva &#8216;Padmasana&#8217;. Po\u010detak retreata bio je ispunjen pripremama [&hellip;]<\/p>\n","protected":false},"author":3,"featured_media":0,"parent":0,"menu_order":0,"comment_status":"closed","ping_status":"closed","template":"","meta":{"iawp_total_views":19,"footnotes":""},"class_list":["post-27","page","type-page","status-publish","hentry"],"yoast_head":"<!-- This site is optimized with the Yoast SEO plugin v27.4 - https:\/\/yoast.com\/product\/yoast-seo-wordpress\/ -->\n<title>Povla\u010denje 2003. - Hrvatsko Budisti\u010dko Dru\u0161tvo &quot;Padmasana&quot;<\/title>\n<meta name=\"robots\" content=\"index, follow, max-snippet:-1, max-image-preview:large, max-video-preview:-1\" \/>\n<link rel=\"canonical\" href=\"https:\/\/padmasana.hr\/en\/povlacenje-2003\/\" \/>\n<meta property=\"og:locale\" content=\"en_US\" \/>\n<meta property=\"og:type\" content=\"article\" \/>\n<meta property=\"og:title\" content=\"Povla\u010denje 2003. - Hrvatsko Budisti\u010dko Dru\u0161tvo &quot;Padmasana&quot;\" \/>\n<meta property=\"og:description\" content=\"Povla\u010denje na Vajrasattva Buddhu\u00a00d 07.06. do 11.06. 2003.\u00a0u tibetanskom mjesecu Saga Dawa (Duchen)\u00a0Retreat predvodi Upasaka Lobsang Norbu Saga Dawa je mjesec izuzetno va\u017ean u buddhisti\u010dkom kalendaru, u toku kojeg je princ Siddharta (Buddha Shakyamuni), postigao samyak sambhodi i oti\u0161ao u parinirvanu. U povla\u010denju sudjeluju \u010dlanovi Hrvatskog buddhisti\u010dkog dru\u0161tva &#8216;Padmasana&#8217;. Po\u010detak retreata bio je ispunjen pripremama [&hellip;]\" \/>\n<meta property=\"og:url\" content=\"https:\/\/padmasana.hr\/en\/povlacenje-2003\/\" \/>\n<meta property=\"og:site_name\" content=\"Hrvatsko Budisti\u010dko Dru\u0161tvo &quot;Padmasana&quot;\" \/>\n<meta property=\"article:publisher\" content=\"https:\/\/www.facebook.com\/profile.php?id=100064443051947\" \/>\n<meta property=\"article:modified_time\" content=\"2025-02-25T14:40:39+00:00\" \/>\n<meta property=\"og:image\" content=\"https:\/\/padmasana.hr\/wp-content\/uploads\/2014\/03\/retreat2003.jpg\" \/>\n\t<meta property=\"og:image:width\" content=\"258\" \/>\n\t<meta property=\"og:image:height\" content=\"167\" \/>\n\t<meta property=\"og:image:type\" content=\"image\/jpeg\" \/>\n<meta name=\"twitter:card\" content=\"summary_large_image\" \/>\n<meta name=\"twitter:label1\" content=\"Est. reading time\" \/>\n\t<meta name=\"twitter:data1\" content=\"2 minutes\" \/>\n<script type=\"application\/ld+json\" class=\"yoast-schema-graph\">{\"@context\":\"https:\\\/\\\/schema.org\",\"@graph\":[{\"@type\":\"WebPage\",\"@id\":\"https:\\\/\\\/padmasana.hr\\\/povlacenje-2003\\\/\",\"url\":\"https:\\\/\\\/padmasana.hr\\\/povlacenje-2003\\\/\",\"name\":\"Povla\u010denje 2003. - Hrvatsko Budisti\u010dko Dru\u0161tvo &quot;Padmasana&quot;\",\"isPartOf\":{\"@id\":\"https:\\\/\\\/padmasana.hr\\\/en\\\/#website\"},\"primaryImageOfPage\":{\"@id\":\"https:\\\/\\\/padmasana.hr\\\/povlacenje-2003\\\/#primaryimage\"},\"image\":{\"@id\":\"https:\\\/\\\/padmasana.hr\\\/povlacenje-2003\\\/#primaryimage\"},\"thumbnailUrl\":\"http:\\\/\\\/padmasana.hr\\\/wp-content\\\/uploads\\\/2014\\\/03\\\/retreat2003.jpg\",\"datePublished\":\"2014-03-29T15:08:52+00:00\",\"dateModified\":\"2025-02-25T14:40:39+00:00\",\"breadcrumb\":{\"@id\":\"https:\\\/\\\/padmasana.hr\\\/povlacenje-2003\\\/#breadcrumb\"},\"inLanguage\":\"en-US\",\"potentialAction\":[{\"@type\":\"ReadAction\",\"target\":[\"https:\\\/\\\/padmasana.hr\\\/povlacenje-2003\\\/\"]}]},{\"@type\":\"ImageObject\",\"inLanguage\":\"en-US\",\"@id\":\"https:\\\/\\\/padmasana.hr\\\/povlacenje-2003\\\/#primaryimage\",\"url\":\"http:\\\/\\\/padmasana.hr\\\/wp-content\\\/uploads\\\/2014\\\/03\\\/retreat2003.jpg\",\"contentUrl\":\"http:\\\/\\\/padmasana.hr\\\/wp-content\\\/uploads\\\/2014\\\/03\\\/retreat2003.jpg\"},{\"@type\":\"BreadcrumbList\",\"@id\":\"https:\\\/\\\/padmasana.hr\\\/povlacenje-2003\\\/#breadcrumb\",\"itemListElement\":[{\"@type\":\"ListItem\",\"position\":1,\"name\":\"Home\",\"item\":\"https:\\\/\\\/padmasana.hr\\\/\"},{\"@type\":\"ListItem\",\"position\":2,\"name\":\"Povla\u010denje 2003.\"}]},{\"@type\":\"WebSite\",\"@id\":\"https:\\\/\\\/padmasana.hr\\\/en\\\/#website\",\"url\":\"https:\\\/\\\/padmasana.hr\\\/en\\\/\",\"name\":\"Hrvatsko Budisti\u010dko Dru\u0161tvo \\\"Padmasana\\\"\",\"description\":\"\",\"publisher\":{\"@id\":\"https:\\\/\\\/padmasana.hr\\\/en\\\/#organization\"},\"potentialAction\":[{\"@type\":\"SearchAction\",\"target\":{\"@type\":\"EntryPoint\",\"urlTemplate\":\"https:\\\/\\\/padmasana.hr\\\/en\\\/?s={search_term_string}\"},\"query-input\":{\"@type\":\"PropertyValueSpecification\",\"valueRequired\":true,\"valueName\":\"search_term_string\"}}],\"inLanguage\":\"en-US\"},{\"@type\":\"Organization\",\"@id\":\"https:\\\/\\\/padmasana.hr\\\/en\\\/#organization\",\"name\":\"Hrvatsko Budisti\u010dko Dru\u0161tvo \\\"Padmasana\\\"\",\"url\":\"https:\\\/\\\/padmasana.hr\\\/en\\\/\",\"logo\":{\"@type\":\"ImageObject\",\"inLanguage\":\"en-US\",\"@id\":\"https:\\\/\\\/padmasana.hr\\\/en\\\/#\\\/schema\\\/logo\\\/image\\\/\",\"url\":\"https:\\\/\\\/padmasana.hr\\\/wp-content\\\/uploads\\\/2024\\\/04\\\/cropped-logotip-of-padmasana.jpg\",\"contentUrl\":\"https:\\\/\\\/padmasana.hr\\\/wp-content\\\/uploads\\\/2024\\\/04\\\/cropped-logotip-of-padmasana.jpg\",\"width\":512,\"height\":512,\"caption\":\"Hrvatsko Budisti\u010dko Dru\u0161tvo \\\"Padmasana\\\"\"},\"image\":{\"@id\":\"https:\\\/\\\/padmasana.hr\\\/en\\\/#\\\/schema\\\/logo\\\/image\\\/\"},\"sameAs\":[\"https:\\\/\\\/www.facebook.com\\\/profile.php?id=100064443051947\"]}]}<\/script>\n<!-- \/ Yoast SEO plugin. -->","yoast_head_json":{"title":"Povla\u010denje 2003. - Hrvatsko Budisti\u010dko Dru\u0161tvo &quot;Padmasana&quot;","robots":{"index":"index","follow":"follow","max-snippet":"max-snippet:-1","max-image-preview":"max-image-preview:large","max-video-preview":"max-video-preview:-1"},"canonical":"https:\/\/padmasana.hr\/en\/povlacenje-2003\/","og_locale":"en_US","og_type":"article","og_title":"Povla\u010denje 2003. - Hrvatsko Budisti\u010dko Dru\u0161tvo &quot;Padmasana&quot;","og_description":"Povla\u010denje na Vajrasattva Buddhu\u00a00d 07.06. do 11.06. 2003.\u00a0u tibetanskom mjesecu Saga Dawa (Duchen)\u00a0Retreat predvodi Upasaka Lobsang Norbu Saga Dawa je mjesec izuzetno va\u017ean u buddhisti\u010dkom kalendaru, u toku kojeg je princ Siddharta (Buddha Shakyamuni), postigao samyak sambhodi i oti\u0161ao u parinirvanu. U povla\u010denju sudjeluju \u010dlanovi Hrvatskog buddhisti\u010dkog dru\u0161tva &#8216;Padmasana&#8217;. Po\u010detak retreata bio je ispunjen pripremama [&hellip;]","og_url":"https:\/\/padmasana.hr\/en\/povlacenje-2003\/","og_site_name":"Hrvatsko Budisti\u010dko Dru\u0161tvo &quot;Padmasana&quot;","article_publisher":"https:\/\/www.facebook.com\/profile.php?id=100064443051947","article_modified_time":"2025-02-25T14:40:39+00:00","og_image":[{"width":258,"height":167,"url":"https:\/\/padmasana.hr\/wp-content\/uploads\/2014\/03\/retreat2003.jpg","type":"image\/jpeg"}],"twitter_card":"summary_large_image","twitter_misc":{"Est. reading time":"2 minutes"},"schema":{"@context":"https:\/\/schema.org","@graph":[{"@type":"WebPage","@id":"https:\/\/padmasana.hr\/povlacenje-2003\/","url":"https:\/\/padmasana.hr\/povlacenje-2003\/","name":"Povla\u010denje 2003. - Hrvatsko Budisti\u010dko Dru\u0161tvo &quot;Padmasana&quot;","isPartOf":{"@id":"https:\/\/padmasana.hr\/en\/#website"},"primaryImageOfPage":{"@id":"https:\/\/padmasana.hr\/povlacenje-2003\/#primaryimage"},"image":{"@id":"https:\/\/padmasana.hr\/povlacenje-2003\/#primaryimage"},"thumbnailUrl":"http:\/\/padmasana.hr\/wp-content\/uploads\/2014\/03\/retreat2003.jpg","datePublished":"2014-03-29T15:08:52+00:00","dateModified":"2025-02-25T14:40:39+00:00","breadcrumb":{"@id":"https:\/\/padmasana.hr\/povlacenje-2003\/#breadcrumb"},"inLanguage":"en-US","potentialAction":[{"@type":"ReadAction","target":["https:\/\/padmasana.hr\/povlacenje-2003\/"]}]},{"@type":"ImageObject","inLanguage":"en-US","@id":"https:\/\/padmasana.hr\/povlacenje-2003\/#primaryimage","url":"http:\/\/padmasana.hr\/wp-content\/uploads\/2014\/03\/retreat2003.jpg","contentUrl":"http:\/\/padmasana.hr\/wp-content\/uploads\/2014\/03\/retreat2003.jpg"},{"@type":"BreadcrumbList","@id":"https:\/\/padmasana.hr\/povlacenje-2003\/#breadcrumb","itemListElement":[{"@type":"ListItem","position":1,"name":"Home","item":"https:\/\/padmasana.hr\/"},{"@type":"ListItem","position":2,"name":"Povla\u010denje 2003."}]},{"@type":"WebSite","@id":"https:\/\/padmasana.hr\/en\/#website","url":"https:\/\/padmasana.hr\/en\/","name":"Hrvatsko Budisti\u010dko Dru\u0161tvo \"Padmasana\"","description":"","publisher":{"@id":"https:\/\/padmasana.hr\/en\/#organization"},"potentialAction":[{"@type":"SearchAction","target":{"@type":"EntryPoint","urlTemplate":"https:\/\/padmasana.hr\/en\/?s={search_term_string}"},"query-input":{"@type":"PropertyValueSpecification","valueRequired":true,"valueName":"search_term_string"}}],"inLanguage":"en-US"},{"@type":"Organization","@id":"https:\/\/padmasana.hr\/en\/#organization","name":"Hrvatsko Budisti\u010dko Dru\u0161tvo \"Padmasana\"","url":"https:\/\/padmasana.hr\/en\/","logo":{"@type":"ImageObject","inLanguage":"en-US","@id":"https:\/\/padmasana.hr\/en\/#\/schema\/logo\/image\/","url":"https:\/\/padmasana.hr\/wp-content\/uploads\/2024\/04\/cropped-logotip-of-padmasana.jpg","contentUrl":"https:\/\/padmasana.hr\/wp-content\/uploads\/2024\/04\/cropped-logotip-of-padmasana.jpg","width":512,"height":512,"caption":"Hrvatsko Budisti\u010dko Dru\u0161tvo \"Padmasana\""},"image":{"@id":"https:\/\/padmasana.hr\/en\/#\/schema\/logo\/image\/"},"sameAs":["https:\/\/www.facebook.com\/profile.php?id=100064443051947"]}]}},"_links":{"self":[{"href":"https:\/\/padmasana.hr\/en\/wp-json\/wp\/v2\/pages\/27","targetHints":{"allow":["GET"]}}],"collection":[{"href":"https:\/\/padmasana.hr\/en\/wp-json\/wp\/v2\/pages"}],"about":[{"href":"https:\/\/padmasana.hr\/en\/wp-json\/wp\/v2\/types\/page"}],"author":[{"embeddable":true,"href":"https:\/\/padmasana.hr\/en\/wp-json\/wp\/v2\/users\/3"}],"replies":[{"embeddable":true,"href":"https:\/\/padmasana.hr\/en\/wp-json\/wp\/v2\/comments?post=27"}],"version-history":[{"count":8,"href":"https:\/\/padmasana.hr\/en\/wp-json\/wp\/v2\/pages\/27\/revisions"}],"predecessor-version":[{"id":1887,"href":"https:\/\/padmasana.hr\/en\/wp-json\/wp\/v2\/pages\/27\/revisions\/1887"}],"wp:attachment":[{"href":"https:\/\/padmasana.hr\/en\/wp-json\/wp\/v2\/media?parent=27"}],"curies":[{"name":"wp","href":"https:\/\/api.w.org\/{rel}","templated":true}]}}