{"id":25,"date":"2014-03-29T15:08:31","date_gmt":"2014-03-29T15:08:31","guid":{"rendered":"http:\/\/padmasana.tk\/?page_id=25"},"modified":"2025-02-25T19:58:37","modified_gmt":"2025-02-25T18:58:37","slug":"tibetanska-medicina","status":"publish","type":"page","link":"https:\/\/padmasana.hr\/en\/tibetanska-medicina\/","title":{"rendered":"Tibetan medicine"},"content":{"rendered":"<p><strong>PROF. DR. NAMGYEL GARMET (AMCHI-LA)<\/strong><\/p>\n<p><strong><img loading=\"lazy\" decoding=\"async\" src=\"http:\/\/padmasana.hr\/wp-content\/uploads\/2014\/03\/drnamgyal.jpg\" alt=\"drnamgyal\" width=\"335\" height=\"318\"><\/strong><\/p>\n<p>Jedan od najstarijih lije\u010dnika tibetanskog holisti\u010dkog medicinskog sustava. Potje\u010de iz budisti\u010dke , kraljevske, lada\u010dke obitelji zadnjeg vladara u Lehu (mala Potala Tibeta).<\/p>\n<p>Kao dijete, od svoje osme godine u kontinuitetu je treniran u tibetsko drevno umije\u0107e pulsne dijagnostike kod starih medicinskih majstora. Od svoje osme do \u0161esnaeste godine memorira sva \u010detiri opse\u017ena korijenska teksta medicinske tantre &#8216;gju-szhi dud-tsi njing-po&#8217; \u0161to \u0107e mu biti osnova studija medicine na tibetanskom medicinskom sveu\u010dili\u0161tu od osamnaeste do dvadeset i \u010detvrte godine.<\/p>\n<p>Dobiv\u0161i diplomu tibetskog lije\u010dnika studirao je dalje do tridesete godine farmacijski sustav ljekovitog bilja, minerala i dragocjenih metala zadobiv\u0161i vje\u0161tinu alkemi\u010dara u pro\u010di\u0161\u0107avanju supstanci i pripremanju ljekovitih sastojaka po receptima prethodnika-lije\u010dnika njegove loze, &#8216;Namgyel &#8211; Njima Drakpa&#8217;.<\/p>\n<p>Nosilac je usmene neprekinute tradicije medicinskih Buddha gyu-thog yon-ten mGon-po-a (708-833 god.). Od svoje dvadesetdevete godine, kada je dobio pravo samostalne lije\u010dni\u010dke prakse uz blagoslov i odobrenje svojih u\u010ditelja, sve do danas (77 god.), pregledava i lije\u010di ljude. Bio je osobni lije\u010dnik mnogih velikih tibetskih duhovnih majstora, me\u0111u ostalim i posljednjem H.H. Dujom Rimpoche-u.<\/p>\n<p>Njegov je ujak bio Kjabje Bakula Rimpoche, jedan od Buddhinih Arhata od kojeg je Amchi-la Namgyel naslijedio mnoga duhovna znanja i izvorne duhovne prakse.<\/p>\n<p>Amchi Namgyel danas \u017eivi u Timosgang-u u visokom podru\u010dju Ladaka. Jo\u0161 uvijek je u potrazi za rijetkim ljekovitim himalajskim biljem, okru\u017een s 53 u\u010denika \u2013tibetanska lije\u010dnika kojima prenosi svoje dugo iskustvo i ste\u010deno znanje. \u010cuvar je tajne eliksira dugog \u017eivota. Proveo je sedam godina u Cam-Kang-u, visokog Zamskara, meditiraju\u0107i na mandalu Sangye Menle pa je dr. Namgyel i meditacijski majstor.<\/p>\n<p>U Zagreb je do\u0161ao na poziv Upasake Lobsang Norbua (predsjednika H.B.D. &#8216;Padmasana&#8217;) i odr\u017eao predavanje Nagarjuninog teksta: &#8216;Shurleka&#8217; a potom na \u010dlanove dru\u0161tva prenio je rijetku usmenu transmisiju &#8216;Jhe-nang&#8217; u obliku blagoslova za budu\u0107u praksu i realizaciju Medicinskog Buddhe (Sangye Menla-e) i time stvorio osnovu za sva daljnja u\u010denja u ovom dubokom budisti\u010dkom sistemu i izgradnju Medicinske pje\u0161\u010dane mandale u Zagrebu u skoroj budu\u0107nosti. \u010clanovi H.B.D. &#8216;Padmasana&#8217; su prvi koji su primili ovu rijetku usmenu medicinsku transmisiju izvan podru\u010dja Himalaja.<\/p>\n<p><strong>Neka sve bude povoljno i za dobro svih.<\/strong><\/p>\n<p><strong>H.B.D. &#8220;Padmasana&#8221;<\/strong><\/p>\n<p><strong>1. &#8216;DIJAMANTNI PUT &#8211; tibetansko umije\u0107e iscjeljivanja&#8217; prijevod originalnog tibetanskog medicinskog teksta uz komentare o drevnom umije\u0107u potpuno nepoznatom zapadnom svijetu.<\/strong><\/p>\n<p><strong><img loading=\"lazy\" decoding=\"async\" src=\"http:\/\/padmasana.hr\/wp-content\/uploads\/2014\/03\/dijamantniput.jpg\" alt=\"dijamantniput\" width=\"193\" height=\"284\"><\/strong><\/p>\n<p>Knjiga &#8221;Dijamantni put&#8221; predstavlja autenti\u010dni priru\u010dnik dubokih spoznaja o \u010dovjeku i kao takva je vodi\u010d za upoznavanje drevnog tibetanskog dijagnosti\u010dkog hodo\u010da\u0161\u0107a u umije\u0107u postizanja prirodne ravnote\u017ee koja omogu\u0107uje dugovje\u010dnost, vitalnost, zdravlje, sre\u0107u i ljepotu.<\/p>\n<p>Stoga ova knjiga u kojoj se obra\u0111uju osnovna polazi\u0161ta jedinstvenog medicinskog holisti\u010dkog sustava utemeljenog na spoznajnom iskustvu koje se stolje\u0107ima \u010duvalo u tibetanskim samostanima na nedoku\u010divim snje\u017enim osamama, obja\u0161njava u svom sadr\u017eaju izuzetan spoj izme\u0111u fiziologije tijela i prirode ljudskog uma razotkrivaju\u0107i duboku me\u0111uzavisnost izme\u0111u predispozicija i emocija, mentalnih sadr\u017eaja i djelovanja pa sve do pojave oboljenja.<\/p>\n<p>Knjiga ukazuje i na potrebu prvog koraka u osnovnom treningu na polju cjelovite duhovne medicinske terapije primjerene svakom ljudskom bi\u0107u koje stremi ka ispunjenju uzvi\u0161enog \u017eivotnog cilja u otkrivanju unutarnje sre\u0107e, mira i tajne \u017eivota.<\/p>","protected":false},"excerpt":{"rendered":"<p>PROF. DR. NAMGYEL GARMET (AMCHI-LA) Jedan od najstarijih lije\u010dnika tibetanskog holisti\u010dkog medicinskog sustava. Potje\u010de iz budisti\u010dke , kraljevske, lada\u010dke obitelji zadnjeg vladara u Lehu (mala Potala Tibeta). Kao dijete, od svoje osme godine u kontinuitetu je treniran u tibetsko drevno umije\u0107e pulsne dijagnostike kod starih medicinskih majstora. Od svoje osme do \u0161esnaeste godine memorira sva [&hellip;]<\/p>\n","protected":false},"author":3,"featured_media":0,"parent":0,"menu_order":0,"comment_status":"closed","ping_status":"closed","template":"","meta":{"iawp_total_views":106,"footnotes":""},"class_list":["post-25","page","type-page","status-publish","hentry"],"yoast_head":"<!-- This site is optimized with the Yoast SEO plugin v27.4 - https:\/\/yoast.com\/product\/yoast-seo-wordpress\/ -->\n<title>Tibetanska medicina - Hrvatsko Budisti\u010dko Dru\u0161tvo &quot;Padmasana&quot;<\/title>\n<meta name=\"robots\" content=\"index, follow, max-snippet:-1, max-image-preview:large, max-video-preview:-1\" \/>\n<link rel=\"canonical\" href=\"https:\/\/padmasana.hr\/en\/tibetanska-medicina\/\" \/>\n<meta property=\"og:locale\" content=\"en_US\" \/>\n<meta property=\"og:type\" content=\"article\" \/>\n<meta property=\"og:title\" content=\"Tibetanska medicina - Hrvatsko Budisti\u010dko Dru\u0161tvo &quot;Padmasana&quot;\" \/>\n<meta property=\"og:description\" content=\"PROF. DR. NAMGYEL GARMET (AMCHI-LA) Jedan od najstarijih lije\u010dnika tibetanskog holisti\u010dkog medicinskog sustava. Potje\u010de iz budisti\u010dke , kraljevske, lada\u010dke obitelji zadnjeg vladara u Lehu (mala Potala Tibeta). Kao dijete, od svoje osme godine u kontinuitetu je treniran u tibetsko drevno umije\u0107e pulsne dijagnostike kod starih medicinskih majstora. Od svoje osme do \u0161esnaeste godine memorira sva [&hellip;]\" \/>\n<meta property=\"og:url\" content=\"https:\/\/padmasana.hr\/en\/tibetanska-medicina\/\" \/>\n<meta property=\"og:site_name\" content=\"Hrvatsko Budisti\u010dko Dru\u0161tvo &quot;Padmasana&quot;\" \/>\n<meta property=\"article:publisher\" content=\"https:\/\/www.facebook.com\/profile.php?id=100064443051947\" \/>\n<meta property=\"article:modified_time\" content=\"2025-02-25T18:58:37+00:00\" \/>\n<meta property=\"og:image\" content=\"http:\/\/padmasana.hr\/wp-content\/uploads\/2014\/03\/drnamgyal.jpg\" \/>\n<meta name=\"twitter:card\" content=\"summary_large_image\" \/>\n<meta name=\"twitter:label1\" content=\"Est. reading time\" \/>\n\t<meta name=\"twitter:data1\" content=\"3 minutes\" \/>\n<script type=\"application\/ld+json\" class=\"yoast-schema-graph\">{\"@context\":\"https:\\\/\\\/schema.org\",\"@graph\":[{\"@type\":\"WebPage\",\"@id\":\"https:\\\/\\\/padmasana.hr\\\/tibetanska-medicina\\\/\",\"url\":\"https:\\\/\\\/padmasana.hr\\\/tibetanska-medicina\\\/\",\"name\":\"Tibetanska medicina - Hrvatsko Budisti\u010dko Dru\u0161tvo &quot;Padmasana&quot;\",\"isPartOf\":{\"@id\":\"https:\\\/\\\/padmasana.hr\\\/en\\\/#website\"},\"primaryImageOfPage\":{\"@id\":\"https:\\\/\\\/padmasana.hr\\\/tibetanska-medicina\\\/#primaryimage\"},\"image\":{\"@id\":\"https:\\\/\\\/padmasana.hr\\\/tibetanska-medicina\\\/#primaryimage\"},\"thumbnailUrl\":\"http:\\\/\\\/padmasana.hr\\\/wp-content\\\/uploads\\\/2014\\\/03\\\/drnamgyal.jpg\",\"datePublished\":\"2014-03-29T15:08:31+00:00\",\"dateModified\":\"2025-02-25T18:58:37+00:00\",\"breadcrumb\":{\"@id\":\"https:\\\/\\\/padmasana.hr\\\/tibetanska-medicina\\\/#breadcrumb\"},\"inLanguage\":\"en-US\",\"potentialAction\":[{\"@type\":\"ReadAction\",\"target\":[\"https:\\\/\\\/padmasana.hr\\\/tibetanska-medicina\\\/\"]}]},{\"@type\":\"ImageObject\",\"inLanguage\":\"en-US\",\"@id\":\"https:\\\/\\\/padmasana.hr\\\/tibetanska-medicina\\\/#primaryimage\",\"url\":\"http:\\\/\\\/padmasana.hr\\\/wp-content\\\/uploads\\\/2014\\\/03\\\/drnamgyal.jpg\",\"contentUrl\":\"http:\\\/\\\/padmasana.hr\\\/wp-content\\\/uploads\\\/2014\\\/03\\\/drnamgyal.jpg\"},{\"@type\":\"BreadcrumbList\",\"@id\":\"https:\\\/\\\/padmasana.hr\\\/tibetanska-medicina\\\/#breadcrumb\",\"itemListElement\":[{\"@type\":\"ListItem\",\"position\":1,\"name\":\"Home\",\"item\":\"https:\\\/\\\/padmasana.hr\\\/\"},{\"@type\":\"ListItem\",\"position\":2,\"name\":\"Tibetanska medicina\"}]},{\"@type\":\"WebSite\",\"@id\":\"https:\\\/\\\/padmasana.hr\\\/en\\\/#website\",\"url\":\"https:\\\/\\\/padmasana.hr\\\/en\\\/\",\"name\":\"Hrvatsko Budisti\u010dko Dru\u0161tvo \\\"Padmasana\\\"\",\"description\":\"\",\"publisher\":{\"@id\":\"https:\\\/\\\/padmasana.hr\\\/en\\\/#organization\"},\"potentialAction\":[{\"@type\":\"SearchAction\",\"target\":{\"@type\":\"EntryPoint\",\"urlTemplate\":\"https:\\\/\\\/padmasana.hr\\\/en\\\/?s={search_term_string}\"},\"query-input\":{\"@type\":\"PropertyValueSpecification\",\"valueRequired\":true,\"valueName\":\"search_term_string\"}}],\"inLanguage\":\"en-US\"},{\"@type\":\"Organization\",\"@id\":\"https:\\\/\\\/padmasana.hr\\\/en\\\/#organization\",\"name\":\"Hrvatsko Budisti\u010dko Dru\u0161tvo \\\"Padmasana\\\"\",\"url\":\"https:\\\/\\\/padmasana.hr\\\/en\\\/\",\"logo\":{\"@type\":\"ImageObject\",\"inLanguage\":\"en-US\",\"@id\":\"https:\\\/\\\/padmasana.hr\\\/en\\\/#\\\/schema\\\/logo\\\/image\\\/\",\"url\":\"https:\\\/\\\/padmasana.hr\\\/wp-content\\\/uploads\\\/2024\\\/04\\\/cropped-logotip-of-padmasana.jpg\",\"contentUrl\":\"https:\\\/\\\/padmasana.hr\\\/wp-content\\\/uploads\\\/2024\\\/04\\\/cropped-logotip-of-padmasana.jpg\",\"width\":512,\"height\":512,\"caption\":\"Hrvatsko Budisti\u010dko Dru\u0161tvo \\\"Padmasana\\\"\"},\"image\":{\"@id\":\"https:\\\/\\\/padmasana.hr\\\/en\\\/#\\\/schema\\\/logo\\\/image\\\/\"},\"sameAs\":[\"https:\\\/\\\/www.facebook.com\\\/profile.php?id=100064443051947\"]}]}<\/script>\n<!-- \/ Yoast SEO plugin. -->","yoast_head_json":{"title":"Tibetanska medicina - Hrvatsko Budisti\u010dko Dru\u0161tvo &quot;Padmasana&quot;","robots":{"index":"index","follow":"follow","max-snippet":"max-snippet:-1","max-image-preview":"max-image-preview:large","max-video-preview":"max-video-preview:-1"},"canonical":"https:\/\/padmasana.hr\/en\/tibetanska-medicina\/","og_locale":"en_US","og_type":"article","og_title":"Tibetanska medicina - Hrvatsko Budisti\u010dko Dru\u0161tvo &quot;Padmasana&quot;","og_description":"PROF. DR. NAMGYEL GARMET (AMCHI-LA) Jedan od najstarijih lije\u010dnika tibetanskog holisti\u010dkog medicinskog sustava. Potje\u010de iz budisti\u010dke , kraljevske, lada\u010dke obitelji zadnjeg vladara u Lehu (mala Potala Tibeta). Kao dijete, od svoje osme godine u kontinuitetu je treniran u tibetsko drevno umije\u0107e pulsne dijagnostike kod starih medicinskih majstora. Od svoje osme do \u0161esnaeste godine memorira sva [&hellip;]","og_url":"https:\/\/padmasana.hr\/en\/tibetanska-medicina\/","og_site_name":"Hrvatsko Budisti\u010dko Dru\u0161tvo &quot;Padmasana&quot;","article_publisher":"https:\/\/www.facebook.com\/profile.php?id=100064443051947","article_modified_time":"2025-02-25T18:58:37+00:00","og_image":[{"url":"http:\/\/padmasana.hr\/wp-content\/uploads\/2014\/03\/drnamgyal.jpg","type":"","width":"","height":""}],"twitter_card":"summary_large_image","twitter_misc":{"Est. reading time":"3 minutes"},"schema":{"@context":"https:\/\/schema.org","@graph":[{"@type":"WebPage","@id":"https:\/\/padmasana.hr\/tibetanska-medicina\/","url":"https:\/\/padmasana.hr\/tibetanska-medicina\/","name":"Tibetanska medicina - Hrvatsko Budisti\u010dko Dru\u0161tvo &quot;Padmasana&quot;","isPartOf":{"@id":"https:\/\/padmasana.hr\/en\/#website"},"primaryImageOfPage":{"@id":"https:\/\/padmasana.hr\/tibetanska-medicina\/#primaryimage"},"image":{"@id":"https:\/\/padmasana.hr\/tibetanska-medicina\/#primaryimage"},"thumbnailUrl":"http:\/\/padmasana.hr\/wp-content\/uploads\/2014\/03\/drnamgyal.jpg","datePublished":"2014-03-29T15:08:31+00:00","dateModified":"2025-02-25T18:58:37+00:00","breadcrumb":{"@id":"https:\/\/padmasana.hr\/tibetanska-medicina\/#breadcrumb"},"inLanguage":"en-US","potentialAction":[{"@type":"ReadAction","target":["https:\/\/padmasana.hr\/tibetanska-medicina\/"]}]},{"@type":"ImageObject","inLanguage":"en-US","@id":"https:\/\/padmasana.hr\/tibetanska-medicina\/#primaryimage","url":"http:\/\/padmasana.hr\/wp-content\/uploads\/2014\/03\/drnamgyal.jpg","contentUrl":"http:\/\/padmasana.hr\/wp-content\/uploads\/2014\/03\/drnamgyal.jpg"},{"@type":"BreadcrumbList","@id":"https:\/\/padmasana.hr\/tibetanska-medicina\/#breadcrumb","itemListElement":[{"@type":"ListItem","position":1,"name":"Home","item":"https:\/\/padmasana.hr\/"},{"@type":"ListItem","position":2,"name":"Tibetanska medicina"}]},{"@type":"WebSite","@id":"https:\/\/padmasana.hr\/en\/#website","url":"https:\/\/padmasana.hr\/en\/","name":"Hrvatsko Budisti\u010dko Dru\u0161tvo \"Padmasana\"","description":"","publisher":{"@id":"https:\/\/padmasana.hr\/en\/#organization"},"potentialAction":[{"@type":"SearchAction","target":{"@type":"EntryPoint","urlTemplate":"https:\/\/padmasana.hr\/en\/?s={search_term_string}"},"query-input":{"@type":"PropertyValueSpecification","valueRequired":true,"valueName":"search_term_string"}}],"inLanguage":"en-US"},{"@type":"Organization","@id":"https:\/\/padmasana.hr\/en\/#organization","name":"Hrvatsko Budisti\u010dko Dru\u0161tvo \"Padmasana\"","url":"https:\/\/padmasana.hr\/en\/","logo":{"@type":"ImageObject","inLanguage":"en-US","@id":"https:\/\/padmasana.hr\/en\/#\/schema\/logo\/image\/","url":"https:\/\/padmasana.hr\/wp-content\/uploads\/2024\/04\/cropped-logotip-of-padmasana.jpg","contentUrl":"https:\/\/padmasana.hr\/wp-content\/uploads\/2024\/04\/cropped-logotip-of-padmasana.jpg","width":512,"height":512,"caption":"Hrvatsko Budisti\u010dko Dru\u0161tvo \"Padmasana\""},"image":{"@id":"https:\/\/padmasana.hr\/en\/#\/schema\/logo\/image\/"},"sameAs":["https:\/\/www.facebook.com\/profile.php?id=100064443051947"]}]}},"_links":{"self":[{"href":"https:\/\/padmasana.hr\/en\/wp-json\/wp\/v2\/pages\/25","targetHints":{"allow":["GET"]}}],"collection":[{"href":"https:\/\/padmasana.hr\/en\/wp-json\/wp\/v2\/pages"}],"about":[{"href":"https:\/\/padmasana.hr\/en\/wp-json\/wp\/v2\/types\/page"}],"author":[{"embeddable":true,"href":"https:\/\/padmasana.hr\/en\/wp-json\/wp\/v2\/users\/3"}],"replies":[{"embeddable":true,"href":"https:\/\/padmasana.hr\/en\/wp-json\/wp\/v2\/comments?post=25"}],"version-history":[{"count":13,"href":"https:\/\/padmasana.hr\/en\/wp-json\/wp\/v2\/pages\/25\/revisions"}],"predecessor-version":[{"id":1938,"href":"https:\/\/padmasana.hr\/en\/wp-json\/wp\/v2\/pages\/25\/revisions\/1938"}],"wp:attachment":[{"href":"https:\/\/padmasana.hr\/en\/wp-json\/wp\/v2\/media?parent=25"}],"curies":[{"name":"wp","href":"https:\/\/api.w.org\/{rel}","templated":true}]}}