{"id":23,"date":"2014-03-29T15:08:14","date_gmt":"2014-03-29T15:08:14","guid":{"rendered":"http:\/\/padmasana.tk\/?page_id=23"},"modified":"2025-02-25T16:50:24","modified_gmt":"2025-02-25T15:50:24","slug":"h-h-dalai-lama-etika-za-novi-milenij","status":"publish","type":"page","link":"https:\/\/padmasana.hr\/en\/h-h-dalai-lama-etika-za-novi-milenij\/","title":{"rendered":"H. H. Dalai Lama &#8211; &#8220;Etika za novi milenij&#8221;"},"content":{"rendered":"<p><strong>DALAI LAMA: ETIKA ZA NOVI MILENIJ (SA\u017dETAK GOVORA NJEGOVE SVETOSTI DALAI LAME ODR\u017dANOG U MARIBORU, SLOVENIJI, 6. TRAVNJA 2010. g.)<\/strong><\/p>\r\n\r\n\r\n<div class=\"wp-block-image\">\r\n<figure class=\"alignleft\"><img loading=\"lazy\" decoding=\"async\" width=\"250\" height=\"331\" class=\"wp-image-663\" src=\"http:\/\/padmasana.hr\/wp-content\/uploads\/2014\/03\/dalailama.jpg\" alt=\"dalailama\" srcset=\"https:\/\/padmasana.hr\/wp-content\/uploads\/2014\/03\/dalailama.jpg 250w, https:\/\/padmasana.hr\/wp-content\/uploads\/2014\/03\/dalailama-226x300.jpg 226w\" sizes=\"auto, (max-width: 250px) 100vw, 250px\" \/><\/figure>\r\n<\/div>\r\n\r\n\r\n<p><img decoding=\"async\" src=\"file:\/\/\/C:\/Users\/Alen%20Ivan%C4%8Dec\/Desktop\/BUDDHA%20NOVO\/images\/dalailama.jpg\" alt=\"\" \/>Fizi\u010dki, mentalno i emocionalno, svi smo mi jednaki. Svi \u017eelimo sre\u0107u i imamo je pravo posti\u0107i. Unato\u010d te\u017enji i \u017eelji da postignemo sre\u0107u, svi se suo\u010davamo s mnogim problemima koje sami stvaramo. Drugi razlog suo\u010davanju s problemima, usprkos na\u0161oj te\u017enji za sre\u0107om, je na\u0161a kratkovidnost i nemogu\u0107nost cjelovitog uvida. Sve stvari su povezane, a i stvari koje mi pri\u017eeljkujemo su povezane s drugim \u010dimbenicima. No, kada mi \u017eelimo ne\u0161to odre\u0111eno, obi\u010dno ne uo\u010davamo isprepletenost drugih \u010dimbenika i tako se pojavljuju problemi poput ljutnje i sl. Tako, zahvaljuju\u0107i necjelovitom uvidu, na\u0161 pristup postaje nepovezan sa stvarno\u0161\u0107u. Stoga nam je potreban realisti\u010dan pristup, a da bi do\u0161li do njega morali bismo poznavati stvarnost za koju nam je potreban cjelovit uvid.<br \/>Svi \u017eelimo sretan \u017eivot, a sre\u0107a ili radost imaju dvije razine. Jedna razina je osje\u0107aj sre\u0107e ili osje\u0107ajna razina. No, duboko zadovoljstvo nije utemeljeno na osje\u0107ajnoj razini, prije bismo mogli re\u0107i da je to mentalna razina, koja predstavlja drugu razini sre\u0107e. Na primjer, zadovoljstvo ili radost koju osje\u0107amo kada vidimo ne\u0161to lijepo, \u010dujemo neki ugodan zvuk, osje\u0107amo ugodan miris, okus ili sl. je sre\u0107a na osje\u0107ajnoj razini. Uo\u010davamo da je sredstvo za postizanje radosti na osje\u0107ajnoj razini obi\u010dno novac, ali sre\u0107a na mentalnoj razini, ne mo\u017ee se dobiti novcem. Tehnologija mo\u017ee omogu\u0107iti zadovoljstvo na osje\u0107ajnoj razini, ali ne mo\u017ee nam priskrbiti mir na nekoj dubljoj razini. Ono \u0161to nam donosi duboki unutarnji mir naziva se etikom.<\/p>\r\n\r\n\r\n\r\n<p>Etika ima mnoge razine. Teisti\u010dke religije, one koje vjeruju u stvoritelja, imaju jednu razinu etike. Na primjer, svjetske religijske tradicije poput kr\u0161\u0107anstva, islama i drugih, imaju u svojoj osnovi vjeru u Krista, Alaha itd. Druga razina etike je kod ne-teisti\u010dkih religija, onih koje ne vjeruju u Boga kao stvoritelja. Jainizam (\u0111ainizam) i budizam nemaju koncept stvoritelja, njihov pogled je utemeljen na zakonu uzro\u010dnosti. Ako djelujemo na na\u010din koji donosi neku korist drugima, rezultat takvog djelovanja je i na\u0161a korist. No, ako djelujemo na na\u010din koji donosi patnju drugima, to \u0107e i nama donijeti patnju. To je zakon uzro\u010dnosti. Obje gore spomenute etike pripadaju nekoj religiji ili vjeri. Tre\u0107a razina etike je ona koja ne podrazumijeva nikakvu vjeru. U Indiji, ve\u0107 tisu\u0107ama godina postoji tradicija po\u0161tovanja ljudi, \u010dak i onih koji imaju pogre\u0161na gledi\u0161ta (stajali\u0161ta). Filozofska \u0161kola Charvaka negira i Boga i zakon uzro\u010dnosti, po\u0161to su oni nihilisti. Ipak, moramo po\u0161tovati i te nevjernike kao \u0161to to \u010dini indijska tradicija. Neki ljudi su uvjerenja da bilo kakva moralna etika mora imati osnovu u nekoj religijskoj etici. Ukoliko nagla\u0161avamo takav stav, onda moralna etika ne mo\u017ee biti univerzalna i u tom slu\u010daju ne mo\u017eemo je primijeniti u sekularnom obrazovanju. Unutar \u0161est milijardi ljudskih bi\u0107a ve\u0107ina su nevjernici. Oni su poput na\u0161ih sestara i bra\u0107e i moramo se brinuti i za njih. Ako govorimo o ljudima, moramo i njih uklju\u010diti, pa stoga sekularna etika nije utemeljena na nekoj religiji. Neki ljudi vide sekularizam kao nepo\u0161tovanje religije. Sekularizam to nije, jer po\u0161tuje sve religije, pa i one ljude koji nisu vjernici. Sekularizam je indijski na\u010din razmi\u0161ljanja pa je i njihov ustav sastavljen na toj osnovi. Po\u0161tuje sve religije bez davanja prioriteta i bez predrasuda. Ova vrsta etike pripada tre\u0107oj kategoriji i univerzalna je pa kako bi je promicali, moramo koristiti sekularna stajali\u0161ta.<\/p>\r\n\r\n\r\n\r\n<p>\u0160to je sekularna etika? Sekularna etika zna\u010di po\u0161tenje i istinoljubivost koja dovodi do otvorenosti i transparentnosti, koje onda dovode do povjerenja, prijateljstva i sklada. S obzirom da smo mi dru\u0161tvena bi\u0107a, sklad je vrlo va\u017ean. \u010cak i p\u010dele i mravi \u017eive i rade zajedni\u010dki jer su dru\u0161tvene \u017eivotinje i opstanak svake jedinke ovisi o skupnom djelovanju. Sklad i jedinstvo je bitno za nas kao dru\u0161tvena bi\u0107a. Ja se divim Europskoj uniji u kojoj, na primjer, i Slovenija, iako mala zemlja, ima jednaka prava kao i sve druge zemlje Unije. Prije su sve te zemlje me\u0111usobno ratovale, ali sada nam nova stvarnost ukazuje na potrebu zajedni\u010dkog djelovanja i kroz to se razvila nova etika. Globalna ekonomija stvara od cijelog svijeta jedan entitet. Morali bismo razviti koncept koji sva ljudska bi\u0107a uklju\u010duje u koncept \u201emi\u201c. \u010cak i one koji su nam prije bili neprijatelji smatraju se dijelom tog koncepta i to je na\u0161a stvarnost. Ja ka\u017eem na\u0161oj bra\u0107i i sestrama iz Kine, kolikogod mo\u0107i da imaju sklad proiza\u0161ao iz transparentnosti i otvorenosti vrlo je va\u017ean. Tajna dru\u0161tva ne mogu nadi\u0107i strah, a povjerenje je osnova za sklad. Novac i mo\u0107 nemogu donijeti razvijanje po\u0161tenja i povjerenja. \u0160to vi\u0161e razvijamo suosje\u0107anje i osje\u0107aj za dobrobit drugih, smanjit \u0107e se mogu\u0107nost da druge povrijedimo ili prevarimo. Kako bismo razvili povjerenje, potrebno nam je toplo srce. Ja sam tek jedan obi\u010dni izbjeglica, ali nema ni\u010dega \u0161to bih prikrio. S druge strane, komunisti\u010dke vo\u0111e su vrlo mo\u0107ni, ali i licemjerni. Ovo nije izjava usmjerena protiv Kineza, jer ja ih volim i po\u0161tujem, a i mi svi volimo kinesku hranu! Mi kritiziramo njihovu tajnovitost koja donosi strah. No, nagla\u0161avam ovo nije politi\u010dka izjava. Suosje\u0107ajno srce donosi iskrenost, a to dovodi do otvorenosti i povjerenja. Zdravlje je tako\u0111er vrlo va\u017eno i mi se o njemu zaista brinemo. Prema studijama mnogih neurologa, smiren um je va\u017ean \u010dimbenik dobrog zdravlja. Kada sam pred dvije godine i\u0161ao na operaciju, a bio sam star 73 godine, spomenuo sam lije\u010dniku kako vi\u0161e nisam mlad, no prema njegovom mi\u0161ljenju moje tijelo je bilo u dobi od 60-ak godina, pa se odnosio prema meni kao prema mla\u0111em pacijentu. Moje mentalno stanje, u usporedbi s nekim mojim prijateljima, je vrlo smireno. Naravno, uznemiruju\u0107e vijesti donose na povr\u0161ini neka nezadovoljstva ili \u010dak osje\u0107aj nesre\u0107e, no duboko unutra, ja sam vrlo miran. Na dubokoj razini, mi prakticiramo brigu i dobro\u010dinstva za sva osjetilna bi\u0107a, \u0161to donosi mentalni mir. Drugi \u010dimbenik sretnog \u017eivota je sretan brak. Za dobar brak je va\u017ena unutarnja ljepota. Ako je prisutna vanjska ljepota, a unutarnja nedostaje, dobar brak ne\u0107e biti dugog vijeka. No, ako nedostaje vanjska ljepota, a unutarnja je prisutna, brak je sretan.<\/p>\r\n\r\n\r\n\r\n<p>U \u0161ezdesetima, jedan se redovnik &#8216;razredio&#8217; i o\u017eenio. \u0160alio sam se s njim u vezi njegove \u017eene rekav\u0161i kako nije atraktivna. Rekao mi je da izvana ona nije toliko lijepa, ali ima unutarnju ljepotu. Nakon toga, nisam mu imao vi\u0161e \u0161to re\u0107i. Unutarnja ljepota je po\u0161tenje, po\u0161tovanje i povjerenje. Ova sekularna etika je upravo takva jer se odnosi ne samo na ljude, ve\u0107 i na \u017eivotinje. \u017divotinje, na primjer psi, u\u017eivaju u ljubavi, ljubaznosti i osje\u0107ajnosti. To su univerzalne vrednote i nisu povezane s nekom religijom. Kako razviti i iskazati te vrednote? Kao prvo, one se mogu razviti zbog sjemena suosje\u0107anja koje smo dobili od svoje majke. Mi smo pre\u017eivjeli zahvaljuju\u0107i maj\u010dinskom suosje\u0107anju. Sjeme suosje\u0107anja kod mene je do\u0161lo od moje majke, a ne od budisti\u010dkih u\u010denja. To je na\u0161a zajedni\u010dka zna\u010dajka. Oni koji su odgojeni uz veliku pa\u017enju su smireni, dok oni koji su zlostavljani kao djeca, \u010desto su duboko u sebi vrlo uznemirene osobe. Ako se osvrnemo po svom susjedstvu, suosje\u0107ajne obitelji su sretne i pune \u017eivota. U obiteljima \u010diji jedan \u010dlan je okrenut samo na sebe i ne brine za ostale \u010dlanove, obitelj je nesretna. Djeca sretnih obitelji su i sama sretnija i mentalno djeluju u\u010dinkovitije. U Americi se provode ispitivanja na ljudima koji prakticiraju suosje\u0107anje te nalazi prije i poslije takve prakse upu\u0107uju na smanjenje krvnog tlaka, stresa i pove\u0107anje pomnosti i o\u0161trine uma.<\/p>\r\n\r\n\r\n\r\n<p>Kroz na\u0161 obrazovni sustav, trebali bismo promovirati moralnu eti\u010dnost. U Americi i Kanadi, ljudi koji se bave obrazovanjem imaju ozbiljne diskusije o uklju\u010divanju moralne etike u obrazovni sustav. Moderno obrazovanje brine o materijalnim vrednotama, ali trebalo bi uklju\u010diti i moralnu etiku. Na tom podru\u010dju, \u017eene bi trebale odigrati posebnu ulogu, jer biolo\u0161ki su sklonije osje\u0107ati bol drugih. U promociji ljudskih vrijednosti, \u017eene bi trebale preuzeti mnogo aktivniju ulogu. U po\u010decima ljudske povijesti nije postajao koncept vo\u0111e i ljudi su sve dijelili. Polako, broj ljudi se pove\u0107avao, pa se razvio pojam kontrole i vodstva. Fizi\u010dka snaga i vodstvo postale su osnovom dominacije. Potom se razvilo obrazovanje koje je donijelo vi\u0161e jednakosti. U 21. stolje\u0107u samo obrazovanje nije vi\u0161e dovoljno. Da bismo promovirali ljudske vrijednosti, \u017eene bi trebale preuzeti puno aktivniju ulogu. Stvarni mir ili zadovoljstvo mora proiza\u0107i iz mentalne razine, iz samog na\u0161eg uma. Obi\u010dno obra\u0107amo pa\u017enju na vanjske objekte vjeruju\u0107i pri tome kako novac mo\u017ee pru\u017eiti duboko zadovoljstvo, ali osnova zadovoljstva su unutarnje vrijednosti. Konzumacija droga i sl. je rezultat nagla\u0161avanja samo vanjskih stvari i nedostatak realizacije unutarnjeg potencijala. Stoga, obratite pa\u017enju na unutarnje vrijednosti. Tijekom sekcije s pitanjima i odgovorima koje je slijedilo nakon u\u010denja, Njegova Svetost Dalai Lama je rekao: &#8220;20. stolje\u0107e je bilo stolje\u0107e krvoproli\u0107a, a 21. stolje\u0107e bi trebalo biti stolje\u0107e dijaloga.&#8221;<\/p>\r\n\r\n\r\n\r\n<p>Sedamnaest \u010dlanova iz na\u0161eg budisti\u010dkog dru\u0161tva Padmasana bilo je sretno \u0161to je zajedni\u010dki oti\u0161lo u Sloveniju kako bi slu\u0161ali govor u Mariboru. I samo vi\u0111enje Njegove Svetosti kao i slu\u0161anje njegovih dragocjenih rije\u010di preplavilo nas je rado\u0161\u0107u te nas nadahnulo da iskreno slijedimo Dharmu i nastavimo s pozitivnim radom kojim se bavimo u na\u0161em budisti\u010dkom dru\u0161tvu.<\/p>","protected":false},"excerpt":{"rendered":"<p>DALAI LAMA: ETIKA ZA NOVI MILENIJ (SA\u017dETAK GOVORA NJEGOVE SVETOSTI DALAI LAME ODR\u017dANOG U MARIBORU, SLOVENIJI, 6. TRAVNJA 2010. g.) Fizi\u010dki, mentalno i emocionalno, svi smo mi jednaki. Svi \u017eelimo sre\u0107u i imamo je pravo posti\u0107i. Unato\u010d te\u017enji i \u017eelji da postignemo sre\u0107u, svi se suo\u010davamo s mnogim problemima koje sami stvaramo. Drugi razlog suo\u010davanju [&hellip;]<\/p>\n","protected":false},"author":3,"featured_media":0,"parent":0,"menu_order":0,"comment_status":"closed","ping_status":"closed","template":"","meta":{"iawp_total_views":39,"footnotes":""},"class_list":["post-23","page","type-page","status-publish","hentry"],"yoast_head":"<!-- This site is optimized with the Yoast SEO plugin v27.4 - https:\/\/yoast.com\/product\/yoast-seo-wordpress\/ -->\n<title>H. H. Dalai Lama - &quot;Etika za novi milenij&quot; - Hrvatsko Budisti\u010dko Dru\u0161tvo &quot;Padmasana&quot;<\/title>\n<meta name=\"robots\" content=\"index, follow, max-snippet:-1, max-image-preview:large, max-video-preview:-1\" \/>\n<link rel=\"canonical\" href=\"https:\/\/padmasana.hr\/en\/h-h-dalai-lama-etika-za-novi-milenij\/\" \/>\n<meta property=\"og:locale\" content=\"en_US\" \/>\n<meta property=\"og:type\" content=\"article\" \/>\n<meta property=\"og:title\" content=\"H. H. Dalai Lama - &quot;Etika za novi milenij&quot; - Hrvatsko Budisti\u010dko Dru\u0161tvo &quot;Padmasana&quot;\" \/>\n<meta property=\"og:description\" content=\"DALAI LAMA: ETIKA ZA NOVI MILENIJ (SA\u017dETAK GOVORA NJEGOVE SVETOSTI DALAI LAME ODR\u017dANOG U MARIBORU, SLOVENIJI, 6. TRAVNJA 2010. g.) Fizi\u010dki, mentalno i emocionalno, svi smo mi jednaki. Svi \u017eelimo sre\u0107u i imamo je pravo posti\u0107i. Unato\u010d te\u017enji i \u017eelji da postignemo sre\u0107u, svi se suo\u010davamo s mnogim problemima koje sami stvaramo. Drugi razlog suo\u010davanju [&hellip;]\" \/>\n<meta property=\"og:url\" content=\"https:\/\/padmasana.hr\/en\/h-h-dalai-lama-etika-za-novi-milenij\/\" \/>\n<meta property=\"og:site_name\" content=\"Hrvatsko Budisti\u010dko Dru\u0161tvo &quot;Padmasana&quot;\" \/>\n<meta property=\"article:publisher\" content=\"https:\/\/www.facebook.com\/profile.php?id=100064443051947\" \/>\n<meta property=\"article:modified_time\" content=\"2025-02-25T15:50:24+00:00\" \/>\n<meta property=\"og:image\" content=\"https:\/\/padmasana.hr\/wp-content\/uploads\/2014\/03\/dalailama.jpg\" \/>\n\t<meta property=\"og:image:width\" content=\"250\" \/>\n\t<meta property=\"og:image:height\" content=\"331\" \/>\n\t<meta property=\"og:image:type\" content=\"image\/jpeg\" \/>\n<meta name=\"twitter:card\" content=\"summary_large_image\" \/>\n<meta name=\"twitter:label1\" content=\"Est. reading time\" \/>\n\t<meta name=\"twitter:data1\" content=\"8 minutes\" \/>\n<script type=\"application\/ld+json\" class=\"yoast-schema-graph\">{\"@context\":\"https:\\\/\\\/schema.org\",\"@graph\":[{\"@type\":\"WebPage\",\"@id\":\"https:\\\/\\\/padmasana.hr\\\/h-h-dalai-lama-etika-za-novi-milenij\\\/\",\"url\":\"https:\\\/\\\/padmasana.hr\\\/h-h-dalai-lama-etika-za-novi-milenij\\\/\",\"name\":\"H. H. Dalai Lama - \\\"Etika za novi milenij\\\" - Hrvatsko Budisti\u010dko Dru\u0161tvo &quot;Padmasana&quot;\",\"isPartOf\":{\"@id\":\"https:\\\/\\\/padmasana.hr\\\/en\\\/#website\"},\"primaryImageOfPage\":{\"@id\":\"https:\\\/\\\/padmasana.hr\\\/h-h-dalai-lama-etika-za-novi-milenij\\\/#primaryimage\"},\"image\":{\"@id\":\"https:\\\/\\\/padmasana.hr\\\/h-h-dalai-lama-etika-za-novi-milenij\\\/#primaryimage\"},\"thumbnailUrl\":\"http:\\\/\\\/padmasana.hr\\\/wp-content\\\/uploads\\\/2014\\\/03\\\/dalailama.jpg\",\"datePublished\":\"2014-03-29T15:08:14+00:00\",\"dateModified\":\"2025-02-25T15:50:24+00:00\",\"breadcrumb\":{\"@id\":\"https:\\\/\\\/padmasana.hr\\\/h-h-dalai-lama-etika-za-novi-milenij\\\/#breadcrumb\"},\"inLanguage\":\"en-US\",\"potentialAction\":[{\"@type\":\"ReadAction\",\"target\":[\"https:\\\/\\\/padmasana.hr\\\/h-h-dalai-lama-etika-za-novi-milenij\\\/\"]}]},{\"@type\":\"ImageObject\",\"inLanguage\":\"en-US\",\"@id\":\"https:\\\/\\\/padmasana.hr\\\/h-h-dalai-lama-etika-za-novi-milenij\\\/#primaryimage\",\"url\":\"http:\\\/\\\/padmasana.hr\\\/wp-content\\\/uploads\\\/2014\\\/03\\\/dalailama.jpg\",\"contentUrl\":\"http:\\\/\\\/padmasana.hr\\\/wp-content\\\/uploads\\\/2014\\\/03\\\/dalailama.jpg\"},{\"@type\":\"BreadcrumbList\",\"@id\":\"https:\\\/\\\/padmasana.hr\\\/h-h-dalai-lama-etika-za-novi-milenij\\\/#breadcrumb\",\"itemListElement\":[{\"@type\":\"ListItem\",\"position\":1,\"name\":\"Home\",\"item\":\"https:\\\/\\\/padmasana.hr\\\/\"},{\"@type\":\"ListItem\",\"position\":2,\"name\":\"H. H. Dalai Lama &#8211; &#8220;Etika za novi milenij&#8221;\"}]},{\"@type\":\"WebSite\",\"@id\":\"https:\\\/\\\/padmasana.hr\\\/en\\\/#website\",\"url\":\"https:\\\/\\\/padmasana.hr\\\/en\\\/\",\"name\":\"Hrvatsko Budisti\u010dko Dru\u0161tvo \\\"Padmasana\\\"\",\"description\":\"\",\"publisher\":{\"@id\":\"https:\\\/\\\/padmasana.hr\\\/en\\\/#organization\"},\"potentialAction\":[{\"@type\":\"SearchAction\",\"target\":{\"@type\":\"EntryPoint\",\"urlTemplate\":\"https:\\\/\\\/padmasana.hr\\\/en\\\/?s={search_term_string}\"},\"query-input\":{\"@type\":\"PropertyValueSpecification\",\"valueRequired\":true,\"valueName\":\"search_term_string\"}}],\"inLanguage\":\"en-US\"},{\"@type\":\"Organization\",\"@id\":\"https:\\\/\\\/padmasana.hr\\\/en\\\/#organization\",\"name\":\"Hrvatsko Budisti\u010dko Dru\u0161tvo \\\"Padmasana\\\"\",\"url\":\"https:\\\/\\\/padmasana.hr\\\/en\\\/\",\"logo\":{\"@type\":\"ImageObject\",\"inLanguage\":\"en-US\",\"@id\":\"https:\\\/\\\/padmasana.hr\\\/en\\\/#\\\/schema\\\/logo\\\/image\\\/\",\"url\":\"https:\\\/\\\/padmasana.hr\\\/wp-content\\\/uploads\\\/2024\\\/04\\\/cropped-logotip-of-padmasana.jpg\",\"contentUrl\":\"https:\\\/\\\/padmasana.hr\\\/wp-content\\\/uploads\\\/2024\\\/04\\\/cropped-logotip-of-padmasana.jpg\",\"width\":512,\"height\":512,\"caption\":\"Hrvatsko Budisti\u010dko Dru\u0161tvo \\\"Padmasana\\\"\"},\"image\":{\"@id\":\"https:\\\/\\\/padmasana.hr\\\/en\\\/#\\\/schema\\\/logo\\\/image\\\/\"},\"sameAs\":[\"https:\\\/\\\/www.facebook.com\\\/profile.php?id=100064443051947\"]}]}<\/script>\n<!-- \/ Yoast SEO plugin. -->","yoast_head_json":{"title":"H. H. Dalai Lama - \"Etika za novi milenij\" - Hrvatsko Budisti\u010dko Dru\u0161tvo &quot;Padmasana&quot;","robots":{"index":"index","follow":"follow","max-snippet":"max-snippet:-1","max-image-preview":"max-image-preview:large","max-video-preview":"max-video-preview:-1"},"canonical":"https:\/\/padmasana.hr\/en\/h-h-dalai-lama-etika-za-novi-milenij\/","og_locale":"en_US","og_type":"article","og_title":"H. H. Dalai Lama - \"Etika za novi milenij\" - Hrvatsko Budisti\u010dko Dru\u0161tvo &quot;Padmasana&quot;","og_description":"DALAI LAMA: ETIKA ZA NOVI MILENIJ (SA\u017dETAK GOVORA NJEGOVE SVETOSTI DALAI LAME ODR\u017dANOG U MARIBORU, SLOVENIJI, 6. TRAVNJA 2010. g.) Fizi\u010dki, mentalno i emocionalno, svi smo mi jednaki. Svi \u017eelimo sre\u0107u i imamo je pravo posti\u0107i. Unato\u010d te\u017enji i \u017eelji da postignemo sre\u0107u, svi se suo\u010davamo s mnogim problemima koje sami stvaramo. Drugi razlog suo\u010davanju [&hellip;]","og_url":"https:\/\/padmasana.hr\/en\/h-h-dalai-lama-etika-za-novi-milenij\/","og_site_name":"Hrvatsko Budisti\u010dko Dru\u0161tvo &quot;Padmasana&quot;","article_publisher":"https:\/\/www.facebook.com\/profile.php?id=100064443051947","article_modified_time":"2025-02-25T15:50:24+00:00","og_image":[{"width":250,"height":331,"url":"https:\/\/padmasana.hr\/wp-content\/uploads\/2014\/03\/dalailama.jpg","type":"image\/jpeg"}],"twitter_card":"summary_large_image","twitter_misc":{"Est. reading time":"8 minutes"},"schema":{"@context":"https:\/\/schema.org","@graph":[{"@type":"WebPage","@id":"https:\/\/padmasana.hr\/h-h-dalai-lama-etika-za-novi-milenij\/","url":"https:\/\/padmasana.hr\/h-h-dalai-lama-etika-za-novi-milenij\/","name":"H. H. Dalai Lama - \"Etika za novi milenij\" - Hrvatsko Budisti\u010dko Dru\u0161tvo &quot;Padmasana&quot;","isPartOf":{"@id":"https:\/\/padmasana.hr\/en\/#website"},"primaryImageOfPage":{"@id":"https:\/\/padmasana.hr\/h-h-dalai-lama-etika-za-novi-milenij\/#primaryimage"},"image":{"@id":"https:\/\/padmasana.hr\/h-h-dalai-lama-etika-za-novi-milenij\/#primaryimage"},"thumbnailUrl":"http:\/\/padmasana.hr\/wp-content\/uploads\/2014\/03\/dalailama.jpg","datePublished":"2014-03-29T15:08:14+00:00","dateModified":"2025-02-25T15:50:24+00:00","breadcrumb":{"@id":"https:\/\/padmasana.hr\/h-h-dalai-lama-etika-za-novi-milenij\/#breadcrumb"},"inLanguage":"en-US","potentialAction":[{"@type":"ReadAction","target":["https:\/\/padmasana.hr\/h-h-dalai-lama-etika-za-novi-milenij\/"]}]},{"@type":"ImageObject","inLanguage":"en-US","@id":"https:\/\/padmasana.hr\/h-h-dalai-lama-etika-za-novi-milenij\/#primaryimage","url":"http:\/\/padmasana.hr\/wp-content\/uploads\/2014\/03\/dalailama.jpg","contentUrl":"http:\/\/padmasana.hr\/wp-content\/uploads\/2014\/03\/dalailama.jpg"},{"@type":"BreadcrumbList","@id":"https:\/\/padmasana.hr\/h-h-dalai-lama-etika-za-novi-milenij\/#breadcrumb","itemListElement":[{"@type":"ListItem","position":1,"name":"Home","item":"https:\/\/padmasana.hr\/"},{"@type":"ListItem","position":2,"name":"H. H. Dalai Lama &#8211; &#8220;Etika za novi milenij&#8221;"}]},{"@type":"WebSite","@id":"https:\/\/padmasana.hr\/en\/#website","url":"https:\/\/padmasana.hr\/en\/","name":"Hrvatsko Budisti\u010dko Dru\u0161tvo \"Padmasana\"","description":"","publisher":{"@id":"https:\/\/padmasana.hr\/en\/#organization"},"potentialAction":[{"@type":"SearchAction","target":{"@type":"EntryPoint","urlTemplate":"https:\/\/padmasana.hr\/en\/?s={search_term_string}"},"query-input":{"@type":"PropertyValueSpecification","valueRequired":true,"valueName":"search_term_string"}}],"inLanguage":"en-US"},{"@type":"Organization","@id":"https:\/\/padmasana.hr\/en\/#organization","name":"Hrvatsko Budisti\u010dko Dru\u0161tvo \"Padmasana\"","url":"https:\/\/padmasana.hr\/en\/","logo":{"@type":"ImageObject","inLanguage":"en-US","@id":"https:\/\/padmasana.hr\/en\/#\/schema\/logo\/image\/","url":"https:\/\/padmasana.hr\/wp-content\/uploads\/2024\/04\/cropped-logotip-of-padmasana.jpg","contentUrl":"https:\/\/padmasana.hr\/wp-content\/uploads\/2024\/04\/cropped-logotip-of-padmasana.jpg","width":512,"height":512,"caption":"Hrvatsko Budisti\u010dko Dru\u0161tvo \"Padmasana\""},"image":{"@id":"https:\/\/padmasana.hr\/en\/#\/schema\/logo\/image\/"},"sameAs":["https:\/\/www.facebook.com\/profile.php?id=100064443051947"]}]}},"_links":{"self":[{"href":"https:\/\/padmasana.hr\/en\/wp-json\/wp\/v2\/pages\/23","targetHints":{"allow":["GET"]}}],"collection":[{"href":"https:\/\/padmasana.hr\/en\/wp-json\/wp\/v2\/pages"}],"about":[{"href":"https:\/\/padmasana.hr\/en\/wp-json\/wp\/v2\/types\/page"}],"author":[{"embeddable":true,"href":"https:\/\/padmasana.hr\/en\/wp-json\/wp\/v2\/users\/3"}],"replies":[{"embeddable":true,"href":"https:\/\/padmasana.hr\/en\/wp-json\/wp\/v2\/comments?post=23"}],"version-history":[{"count":11,"href":"https:\/\/padmasana.hr\/en\/wp-json\/wp\/v2\/pages\/23\/revisions"}],"predecessor-version":[{"id":1870,"href":"https:\/\/padmasana.hr\/en\/wp-json\/wp\/v2\/pages\/23\/revisions\/1870"}],"wp:attachment":[{"href":"https:\/\/padmasana.hr\/en\/wp-json\/wp\/v2\/media?parent=23"}],"curies":[{"name":"wp","href":"https:\/\/api.w.org\/{rel}","templated":true}]}}