{"id":222,"date":"2014-03-30T12:29:02","date_gmt":"2014-03-30T12:29:02","guid":{"rendered":"http:\/\/padmasana.tk\/?page_id=222"},"modified":"2025-02-25T16:51:08","modified_gmt":"2025-02-25T15:51:08","slug":"izlozba-relikvija-u-zagrebu-2011","status":"publish","type":"page","link":"https:\/\/padmasana.hr\/en\/izlozba-relikvija-u-zagrebu-2011\/","title":{"rendered":"Exhibition of Relics in Zagreb 2011."},"content":{"rendered":"<h3><strong>ME\u0110UNARODNA IZLO\u017dBA JEDINSTVENIH BUDISTI\u010cKIH RELIKVIJA SA UNIVERZALNOM PORUKOM MIRA I NENASILJA <\/strong><strong>Zagreb, 2011.<\/strong><\/h3>\r\n\r\n\r\n<div class=\"wp-block-image\">\r\n<figure class=\"aligncenter\"><img decoding=\"async\" class=\"wp-image-564\" src=\"http:\/\/padmasana.hr\/wp-content\/uploads\/2014\/03\/izlozbarelikvija2011.jpg\" alt=\"izlozbarelikvija2011\" \/><\/figure>\r\n<\/div>\r\n\r\n\r\n<p>Po\u0161tovani posjetioci izlo\u017ebe,<\/p>\r\n\r\n\r\n\r\n<p>Sretni smo \u0161to smo zajedno s Vama mogli dijeliti izuzetne trenutke razumijevanja, ljudske topline, ljubaznosti i bliskosti u prisutnosti relikvija koje su nas oplemenile posebnim unutarnjim iskustvom mira i ljubavi te potakle u nama pozitivne emocije koje su dirnule na\u0161u osobnost i nadahnule\u00a0u njegovanju djelatne dobrote srca, uzroka na\u0161oj trajnoj sre\u0107i.<br \/>Bila nam je posebna \u010dast okupiti po\u0161tovane predstavnike raznih duhovnih tradicija na zajedni\u010dku molitvu za mir i nenasilje, ljude razli\u010ditih kulturnih naslije\u0111a i uvjerenja, te potaknuti na ujedinjenje u zajedni\u010dkom iskustvu mira, ljubavi i tolerancije. Vjerujemo kako se time mo\u017ee unaprijediti nastojanje oko uspostave svjetskog mira, nenasilnog su\u017eivota u\u00a0 zajednicama i kreirati ozra\u010dje iskrenosti i povjerenja u dru\u0161tvu temeljenog prije svega na pozitivnim kvalitetama ljudskog bi\u0107a, a ne na socijalnim, kulturnim i ekonomskim interesima i religijskim razlikama. Ovakva okupljanja u cilju promicanja zajedni\u010dkog mira otvaraju mogu\u0107nosti istinske uspostave dijaloga na osnovi tolerancije, uvi\u0111anja i uva\u017eavanja potrebe drugih i spoznaje o su\u017eivotu i univerzalnoj odgovornosti za izgradnju sre\u0107e i mira na planeti Zemlji.<br \/>Zajedni\u010dko dobro ili planetarno dobro trebalo bi postati prioritet svakog ljudskog bi\u0107a novog milenija uz pojavu univerzalne svjesnosti da mo\u017eemo pre\u017eivjeti jedino zajedno sa spoznajom o me\u0111uzavisnosti, jednakosti i bri\u017enosti.<br \/>Cilj svake iskrene molitve srca je potaknuti dobro u \u010dovjeku i u\u010diniti ga boljim, toplijim i osjetljivijim bi\u0107em za patnju drugog. To je i svrha okupljanja na zajedni\u010dku molitvu. Svjesni smo\u00a0i dr\u017eimo istinom da je duhovni \u017eivot pojedinca stvar svetog odabira i unutarnjeg osobnog opredjeljenja svakog ljudskog bi\u0107a, no vjera koja se ra\u0111a na tako koncipiranoj pozitivnoj religijskoj osnovi treba potaknuti na ispunjenje uzvi\u0161enog principa kojem se te\u017ei, ne samo kroz molitvu ve\u0107 i \u010dinjenje dobrih i pozitivnih djela za druge. Cilj te te\u017enje je ostvarenje univerzalne dobrote i\u00a0ljubavi, uzvi\u0161enih odlika prirodnog i savr\u0161enog \u010dovjeka koji je u miru sa samim sobom, a time i cijelim svijetom. U toj univerzalnoj spoznaji zadr\u017eane su sve individualne kvalitete ljudskog bi\u0107a, njegova kreativnost, pravo izbora, osobne potrebe, volja pojedinca i njegova sloboda na sre\u0107u i odluku. Kako stanje univerzalne spoznaje koje se mo\u017ee probuditi u ljudskom bi\u0107u nije u suprotnosti s pozitivnim eti\u010dkim na\u010delima dru\u0161tva, odnosno nije zasnovano na nasilju, trajni mir u \u010dovjeku i njegovoj okolini je prirodna posljedica samog duhovnog ostvarenja.<br \/>Na ceremoniju otvaranja izlo\u017ebe relikvija u Zagrebu bile su pozvane sve vjerske zajednice i duhovna dru\u0161tva u Hrvatskoj. Gotovo svi ljubazno su<i> <\/i>se odazvali uzimaju\u0107i u obzir moment u kojem \u017eivimo i potrebu zajedni\u010dkog nastupa u poticanju mira, tolerancije i razumijevanja. Prisutni predstavnici vjerskih zajednica, duhovnih dru\u0161tava i organizacija nastupili\u00a0 su u duhu svoje tradicije molitvom, pjesmom i porukom mira, razumijevanja i zajedni\u0161tva, dijele\u0107i\u00a0 je sa drugima. <br \/>Uvodnu rije\u010d povodom otvaranja izlo\u017ebe dr\u017eali su Predsjednik Hrvatskog budisti\u010dkog Dru\u0161tva Padmasana, gosp. Dragutin \u0160malcelj i dopredsjednica Dru\u0161tva, g\u0111a. Reena \u0160malcelj, kao organizatori za Hrvatsku. Oni su objasnili svrhu i cilj ove izlo\u017ebe, kao i poruku koju relikvije prenose, pozdravili i zahvalili se svima prisutnima na velikom interesu i odazivu.<br \/><strong>U molitvi za mir sudjelovali su slijede\u0107i predstavnici vjerskih i duhovnih tradicija :<\/strong><\/p>\r\n\r\n\r\n\r\n<ol class=\"wp-block-list\" start=\"1\">\r\n<li>Uzvi\u0161eni gospodin <strong>Rabin Lucijano Mo\u0161e Prelevi\u0107<\/strong> <strong>u ime \u017didovske op\u0107ine u Zagrebu<\/strong> izrekao je jedan od &#8216;psalama&#8217; iz izuzetno stare duhovne tradicije i time uveli\u010dao ovu ceremoniju otvaranja. Me\u0111u prisutnima bila je i po\u0161tovana gospo\u0111a Vladimira Wolf, predsjednica odbora za \u017eidovsku kulturnu ba\u0161tinu i voditeljica zbirke Judajke, koja se ljubazno odazvala na ovu izlo\u017ebu, simbolu mira i nenasilja.<\/li>\r\n\r\n\r\n\r\n<li><strong>Islamsku zajednicu u Zagrebu zastupao je<\/strong> po\u0161tovani <strong>prof. Mevludi ef Arslani,<\/strong> ravnatelj Islamske gimnazije dr. Ahmeda\u00a0 Smajlovi\u0107a u Zagrebu koji se ljubazno odazvao u vrijeme Ramazana i objave svete knjige Kurana. Profesor Arslani ujedno je i dopredsjednik Svjetske konferencije religija za mir u Hrvatskoj. Profesor Arslani\u00a0izrekao je jednu od molitvi u duhu mira i jedinstva. Zahvalni smo i gosp. Aziz Efendiji\u00a0 Hasanovi\u0107u, glavnom koordinatoru Islamske vjerske Zajednice u Zagrebu na predivnom, toplom i otvorenom pismu podr\u0161ke ovoj izlo\u017ebi posve\u0107enoj svjetskom miru i razumijevanju me\u0111u ljudima, koje je upu\u0107eno predsjedniku Padmasane.<\/li>\r\n\r\n\r\n\r\n<li><strong>Predstavnik Pravoslavne crkvene Op\u0107ine i parohije zagreba\u010dke,<\/strong> uva\u017eeni <strong>gosp. Prota Marinko<\/strong> <strong>Jureti\u0107,<\/strong> paroh zagreba\u010dki i arhijerejski namjesnik grubi\u0161nopoljski, u ozra\u010dju mira i zajedni\u0161tva odr\u017eao je dojmljiv kratki govor kojim je nadahnuo prisutne naglasiv\u0161i da je do\u0161ao ovdje svjedo\u010diti\u00a0da su zajedni\u0161tvo i mir mogu\u0107i ako u to vjerujemo.<\/li>\r\n\r\n\r\n\r\n<li>U nastavku je nastupio <strong>predstavnik najstarijeg po djelovanju<i> <\/i>budisti\u010dkog centra\u00a0 iz<\/strong> <strong>Zagreba <\/strong>pod nazivom &#8216;Dharmaloka&#8217;, duhovni u\u010ditelj centra, <strong>gosp. \u017darko Andri\u010devi\u0107<\/strong>. On je recitirao u duhu tradicije iz koje dolazi mantru Avalokite\u0161vare, utjelovljenja suosje\u0107ajne mudrosti Buddha i pro\u010ditao poruke o unutarnjem putu mira iz budisti\u010dke sutre.<\/li>\r\n\r\n\r\n\r\n<li><strong>Predstavnici<\/strong> <strong>&#8216;Sai&#8217; organizacije Hrvatske<\/strong> su porukama Avatara i\u00a0duhovnom pjesmom dali ceremoniji otvaranja posebnu energiju radosti, sklada i ljubavi.<\/li>\r\n\r\n\r\n\r\n<li>Slijede\u0107i nastup pripao je skupini <strong>\u201e<\/strong>Vai\u0161navske vjerske zajednice u Hrvatskoj\u201c, a predvodio ju je voditelj centra <strong>gosp. Tomislav Klasni\u0107,<\/strong> slave\u0107i Boga pjesmom i prenose\u0107i \u00a0poruku ljubavi.<\/li>\r\n\r\n\r\n\r\n<li>Predstavnik dru\u0161tva <strong>&#8216;Joga u svakodnevnom \u017eivotu&#8217; \u00a0iz Zagreba<\/strong> bio je predsjednik dru\u0161tva <strong>gosp. Swami Vivek Puri<\/strong>, koji je ujedno i predsjednik Hinduisti\u010dke zajednice u Hrvatskoj. Gosp. Vivek Puri pozdravio je ovu izlo\u017ebu i dotakao se rije\u010dima onog \u0161to je osobni do\u017eivljaj i kakav bi on trebao biti u kontaktu s\u00a0 raritetima koji su izlo\u017eeni ovdje o\u010dima posjetioca.<\/li>\r\n\r\n\r\n\r\n<li>Predstavnica <strong>&#8216;Ananda Marga-yoga Dru\u0161tva&#8217; u Hrvatskoj<\/strong> bila je <strong>gospo\u0111ica Avadhutika<\/strong> <strong>Ananda Arpana Acharya<\/strong>. Ina\u010de Ananda Marga yoga u Hrvatskoj zastupa Pra\u010daraka Sanghu. Gospo\u0111ica Arpana nam je izvela\u00a0 sanskrtsku drevnu mantru &#8221;SAMGACCHADVAM&#8221; \u0161to bi\u00a0 zna\u010dilo\u00a0 &#8216;Kre\u0107emo se zajedno&#8217; svojim bo\u017eanskim glasom i porukom koja je ispunila\u00a0srca prisutnih.<\/li>\r\n<\/ol>\r\n\r\n\r\n\r\n<p>Nakon toga, budisti\u010dka redovnica Siliana Bossa u ime tima putuju\u0107e izlo\u017ebe relikvija i Maitreya projekta predstavila je sadr\u017eaj izlo\u017ebe i pozdravila sve prisutne. Zatim je uslijedilo razgledavanje relikvija i zavr\u0161na molitva posve\u0107enja svega pozitivnog za dobrobit svih osjetilnih bi\u0107a. Zavr\u0161nu molitvu izrekli su \u010dlanovi Hrvatskog budisti\u010dkog dru\u0161tva Padmasana, ujedno i organizatori izlo\u017ebe za Hrvatsku.<br \/>U dva dana, koliko je izlo\u017eba bila otvorena javnosti, posjetilo ju je vi\u0161e od tri tisu\u0107e ljudi iz cijele Hrvatske i okolnih zemalja, uklju\u010duju\u0107i i strane turiste iz azijskih zemalja.<br \/>Neka sve zasluge proistekle iz ovog doga\u0111aja budu na korist i dobro svim osjetilnim bi\u0107ima, neka budu unaprije\u0111ena u sre\u0107i, unutarnjem miru i mudrosti!<\/p>\r\n\r\n\r\n\r\n<p>Predsjednik H.B.D. Padmasana,<br \/>Dragutin \u0160malcelj<br \/>osniva\u010d i predsjednik H.B.D. &#8216;Padmasana&#8217;<br \/><a href=\"mailto:padmasana@live.in\">padmasana@live.in<\/a><\/p>\r\n\r\n\r\n\r\n<p>Jo\u0161 slika mo\u017eete vidjeti na <a title=\"Relic Tour Zagreb 2011.\" href=\"http:\/\/www.maitreyaproject.org\/relicgallery\/main.php?g2_itemId=13244&amp;\">Maitreya Project Relic Tour<\/a>.<\/p>\r\n\r\n\r\n\r\n<p><strong>Bro\u0161ura s kratkim\u00a0tekstom o povijesti relikvija na hrvatskom sa slikama u boji svih izlo\u017eenih relikvija mo\u017ee se naru\u010diti kod nas u Padmasani na <a href=\"mailto:padmasana@live.in\">padmasana@live.in<\/a> ili na mobitel 098\/ 175 38 59.<\/strong><\/p>","protected":false},"excerpt":{"rendered":"<p>ME\u0110UNARODNA IZLO\u017dBA JEDINSTVENIH BUDISTI\u010cKIH RELIKVIJA SA UNIVERZALNOM PORUKOM MIRA I NENASILJA Zagreb, 2011. Po\u0161tovani posjetioci izlo\u017ebe, Sretni smo \u0161to smo zajedno s Vama mogli dijeliti izuzetne trenutke razumijevanja, ljudske topline, ljubaznosti i bliskosti u prisutnosti relikvija koje su nas oplemenile posebnim unutarnjim iskustvom mira i ljubavi te potakle u nama pozitivne emocije koje su dirnule [&hellip;]<\/p>\n","protected":false},"author":3,"featured_media":0,"parent":0,"menu_order":0,"comment_status":"closed","ping_status":"closed","template":"","meta":{"iawp_total_views":29,"footnotes":""},"class_list":["post-222","page","type-page","status-publish","hentry"],"yoast_head":"<!-- This site is optimized with the Yoast SEO plugin v27.4 - https:\/\/yoast.com\/product\/yoast-seo-wordpress\/ -->\n<title>Izlo\u017eba relikvija u Zagrebu 2011. - Hrvatsko Budisti\u010dko Dru\u0161tvo &quot;Padmasana&quot;<\/title>\n<meta name=\"robots\" content=\"index, follow, max-snippet:-1, max-image-preview:large, max-video-preview:-1\" \/>\n<link rel=\"canonical\" href=\"https:\/\/padmasana.hr\/en\/izlozba-relikvija-u-zagrebu-2011\/\" \/>\n<meta property=\"og:locale\" content=\"en_US\" \/>\n<meta property=\"og:type\" content=\"article\" \/>\n<meta property=\"og:title\" content=\"Izlo\u017eba relikvija u Zagrebu 2011. - Hrvatsko Budisti\u010dko Dru\u0161tvo &quot;Padmasana&quot;\" \/>\n<meta property=\"og:description\" content=\"ME\u0110UNARODNA IZLO\u017dBA JEDINSTVENIH BUDISTI\u010cKIH RELIKVIJA SA UNIVERZALNOM PORUKOM MIRA I NENASILJA Zagreb, 2011. Po\u0161tovani posjetioci izlo\u017ebe, Sretni smo \u0161to smo zajedno s Vama mogli dijeliti izuzetne trenutke razumijevanja, ljudske topline, ljubaznosti i bliskosti u prisutnosti relikvija koje su nas oplemenile posebnim unutarnjim iskustvom mira i ljubavi te potakle u nama pozitivne emocije koje su dirnule [&hellip;]\" \/>\n<meta property=\"og:url\" content=\"https:\/\/padmasana.hr\/en\/izlozba-relikvija-u-zagrebu-2011\/\" \/>\n<meta property=\"og:site_name\" content=\"Hrvatsko Budisti\u010dko Dru\u0161tvo &quot;Padmasana&quot;\" \/>\n<meta property=\"article:publisher\" content=\"https:\/\/www.facebook.com\/profile.php?id=100064443051947\" \/>\n<meta property=\"article:modified_time\" content=\"2025-02-25T15:51:08+00:00\" \/>\n<meta name=\"twitter:card\" content=\"summary_large_image\" \/>\n<meta name=\"twitter:label1\" content=\"Est. reading time\" \/>\n\t<meta name=\"twitter:data1\" content=\"6 minutes\" \/>\n<script type=\"application\/ld+json\" class=\"yoast-schema-graph\">{\"@context\":\"https:\\\/\\\/schema.org\",\"@graph\":[{\"@type\":\"WebPage\",\"@id\":\"https:\\\/\\\/padmasana.hr\\\/izlozba-relikvija-u-zagrebu-2011\\\/\",\"url\":\"https:\\\/\\\/padmasana.hr\\\/izlozba-relikvija-u-zagrebu-2011\\\/\",\"name\":\"Izlo\u017eba relikvija u Zagrebu 2011. - Hrvatsko Budisti\u010dko Dru\u0161tvo &quot;Padmasana&quot;\",\"isPartOf\":{\"@id\":\"https:\\\/\\\/padmasana.hr\\\/en\\\/#website\"},\"primaryImageOfPage\":{\"@id\":\"https:\\\/\\\/padmasana.hr\\\/izlozba-relikvija-u-zagrebu-2011\\\/#primaryimage\"},\"image\":{\"@id\":\"https:\\\/\\\/padmasana.hr\\\/izlozba-relikvija-u-zagrebu-2011\\\/#primaryimage\"},\"thumbnailUrl\":\"http:\\\/\\\/padmasana.hr\\\/wp-content\\\/uploads\\\/2014\\\/03\\\/izlozbarelikvija2011.jpg\",\"datePublished\":\"2014-03-30T12:29:02+00:00\",\"dateModified\":\"2025-02-25T15:51:08+00:00\",\"breadcrumb\":{\"@id\":\"https:\\\/\\\/padmasana.hr\\\/izlozba-relikvija-u-zagrebu-2011\\\/#breadcrumb\"},\"inLanguage\":\"en-US\",\"potentialAction\":[{\"@type\":\"ReadAction\",\"target\":[\"https:\\\/\\\/padmasana.hr\\\/izlozba-relikvija-u-zagrebu-2011\\\/\"]}]},{\"@type\":\"ImageObject\",\"inLanguage\":\"en-US\",\"@id\":\"https:\\\/\\\/padmasana.hr\\\/izlozba-relikvija-u-zagrebu-2011\\\/#primaryimage\",\"url\":\"http:\\\/\\\/padmasana.hr\\\/wp-content\\\/uploads\\\/2014\\\/03\\\/izlozbarelikvija2011.jpg\",\"contentUrl\":\"http:\\\/\\\/padmasana.hr\\\/wp-content\\\/uploads\\\/2014\\\/03\\\/izlozbarelikvija2011.jpg\"},{\"@type\":\"BreadcrumbList\",\"@id\":\"https:\\\/\\\/padmasana.hr\\\/izlozba-relikvija-u-zagrebu-2011\\\/#breadcrumb\",\"itemListElement\":[{\"@type\":\"ListItem\",\"position\":1,\"name\":\"Home\",\"item\":\"https:\\\/\\\/padmasana.hr\\\/\"},{\"@type\":\"ListItem\",\"position\":2,\"name\":\"Izlo\u017eba relikvija u Zagrebu 2011.\"}]},{\"@type\":\"WebSite\",\"@id\":\"https:\\\/\\\/padmasana.hr\\\/en\\\/#website\",\"url\":\"https:\\\/\\\/padmasana.hr\\\/en\\\/\",\"name\":\"Hrvatsko Budisti\u010dko Dru\u0161tvo \\\"Padmasana\\\"\",\"description\":\"\",\"publisher\":{\"@id\":\"https:\\\/\\\/padmasana.hr\\\/en\\\/#organization\"},\"potentialAction\":[{\"@type\":\"SearchAction\",\"target\":{\"@type\":\"EntryPoint\",\"urlTemplate\":\"https:\\\/\\\/padmasana.hr\\\/en\\\/?s={search_term_string}\"},\"query-input\":{\"@type\":\"PropertyValueSpecification\",\"valueRequired\":true,\"valueName\":\"search_term_string\"}}],\"inLanguage\":\"en-US\"},{\"@type\":\"Organization\",\"@id\":\"https:\\\/\\\/padmasana.hr\\\/en\\\/#organization\",\"name\":\"Hrvatsko Budisti\u010dko Dru\u0161tvo \\\"Padmasana\\\"\",\"url\":\"https:\\\/\\\/padmasana.hr\\\/en\\\/\",\"logo\":{\"@type\":\"ImageObject\",\"inLanguage\":\"en-US\",\"@id\":\"https:\\\/\\\/padmasana.hr\\\/en\\\/#\\\/schema\\\/logo\\\/image\\\/\",\"url\":\"https:\\\/\\\/padmasana.hr\\\/wp-content\\\/uploads\\\/2024\\\/04\\\/cropped-logotip-of-padmasana.jpg\",\"contentUrl\":\"https:\\\/\\\/padmasana.hr\\\/wp-content\\\/uploads\\\/2024\\\/04\\\/cropped-logotip-of-padmasana.jpg\",\"width\":512,\"height\":512,\"caption\":\"Hrvatsko Budisti\u010dko Dru\u0161tvo \\\"Padmasana\\\"\"},\"image\":{\"@id\":\"https:\\\/\\\/padmasana.hr\\\/en\\\/#\\\/schema\\\/logo\\\/image\\\/\"},\"sameAs\":[\"https:\\\/\\\/www.facebook.com\\\/profile.php?id=100064443051947\"]}]}<\/script>\n<!-- \/ Yoast SEO plugin. -->","yoast_head_json":{"title":"Izlo\u017eba relikvija u Zagrebu 2011. - Hrvatsko Budisti\u010dko Dru\u0161tvo &quot;Padmasana&quot;","robots":{"index":"index","follow":"follow","max-snippet":"max-snippet:-1","max-image-preview":"max-image-preview:large","max-video-preview":"max-video-preview:-1"},"canonical":"https:\/\/padmasana.hr\/en\/izlozba-relikvija-u-zagrebu-2011\/","og_locale":"en_US","og_type":"article","og_title":"Izlo\u017eba relikvija u Zagrebu 2011. - Hrvatsko Budisti\u010dko Dru\u0161tvo &quot;Padmasana&quot;","og_description":"ME\u0110UNARODNA IZLO\u017dBA JEDINSTVENIH BUDISTI\u010cKIH RELIKVIJA SA UNIVERZALNOM PORUKOM MIRA I NENASILJA Zagreb, 2011. Po\u0161tovani posjetioci izlo\u017ebe, Sretni smo \u0161to smo zajedno s Vama mogli dijeliti izuzetne trenutke razumijevanja, ljudske topline, ljubaznosti i bliskosti u prisutnosti relikvija koje su nas oplemenile posebnim unutarnjim iskustvom mira i ljubavi te potakle u nama pozitivne emocije koje su dirnule [&hellip;]","og_url":"https:\/\/padmasana.hr\/en\/izlozba-relikvija-u-zagrebu-2011\/","og_site_name":"Hrvatsko Budisti\u010dko Dru\u0161tvo &quot;Padmasana&quot;","article_publisher":"https:\/\/www.facebook.com\/profile.php?id=100064443051947","article_modified_time":"2025-02-25T15:51:08+00:00","twitter_card":"summary_large_image","twitter_misc":{"Est. reading time":"6 minutes"},"schema":{"@context":"https:\/\/schema.org","@graph":[{"@type":"WebPage","@id":"https:\/\/padmasana.hr\/izlozba-relikvija-u-zagrebu-2011\/","url":"https:\/\/padmasana.hr\/izlozba-relikvija-u-zagrebu-2011\/","name":"Izlo\u017eba relikvija u Zagrebu 2011. - Hrvatsko Budisti\u010dko Dru\u0161tvo &quot;Padmasana&quot;","isPartOf":{"@id":"https:\/\/padmasana.hr\/en\/#website"},"primaryImageOfPage":{"@id":"https:\/\/padmasana.hr\/izlozba-relikvija-u-zagrebu-2011\/#primaryimage"},"image":{"@id":"https:\/\/padmasana.hr\/izlozba-relikvija-u-zagrebu-2011\/#primaryimage"},"thumbnailUrl":"http:\/\/padmasana.hr\/wp-content\/uploads\/2014\/03\/izlozbarelikvija2011.jpg","datePublished":"2014-03-30T12:29:02+00:00","dateModified":"2025-02-25T15:51:08+00:00","breadcrumb":{"@id":"https:\/\/padmasana.hr\/izlozba-relikvija-u-zagrebu-2011\/#breadcrumb"},"inLanguage":"en-US","potentialAction":[{"@type":"ReadAction","target":["https:\/\/padmasana.hr\/izlozba-relikvija-u-zagrebu-2011\/"]}]},{"@type":"ImageObject","inLanguage":"en-US","@id":"https:\/\/padmasana.hr\/izlozba-relikvija-u-zagrebu-2011\/#primaryimage","url":"http:\/\/padmasana.hr\/wp-content\/uploads\/2014\/03\/izlozbarelikvija2011.jpg","contentUrl":"http:\/\/padmasana.hr\/wp-content\/uploads\/2014\/03\/izlozbarelikvija2011.jpg"},{"@type":"BreadcrumbList","@id":"https:\/\/padmasana.hr\/izlozba-relikvija-u-zagrebu-2011\/#breadcrumb","itemListElement":[{"@type":"ListItem","position":1,"name":"Home","item":"https:\/\/padmasana.hr\/"},{"@type":"ListItem","position":2,"name":"Izlo\u017eba relikvija u Zagrebu 2011."}]},{"@type":"WebSite","@id":"https:\/\/padmasana.hr\/en\/#website","url":"https:\/\/padmasana.hr\/en\/","name":"Hrvatsko Budisti\u010dko Dru\u0161tvo \"Padmasana\"","description":"","publisher":{"@id":"https:\/\/padmasana.hr\/en\/#organization"},"potentialAction":[{"@type":"SearchAction","target":{"@type":"EntryPoint","urlTemplate":"https:\/\/padmasana.hr\/en\/?s={search_term_string}"},"query-input":{"@type":"PropertyValueSpecification","valueRequired":true,"valueName":"search_term_string"}}],"inLanguage":"en-US"},{"@type":"Organization","@id":"https:\/\/padmasana.hr\/en\/#organization","name":"Hrvatsko Budisti\u010dko Dru\u0161tvo \"Padmasana\"","url":"https:\/\/padmasana.hr\/en\/","logo":{"@type":"ImageObject","inLanguage":"en-US","@id":"https:\/\/padmasana.hr\/en\/#\/schema\/logo\/image\/","url":"https:\/\/padmasana.hr\/wp-content\/uploads\/2024\/04\/cropped-logotip-of-padmasana.jpg","contentUrl":"https:\/\/padmasana.hr\/wp-content\/uploads\/2024\/04\/cropped-logotip-of-padmasana.jpg","width":512,"height":512,"caption":"Hrvatsko Budisti\u010dko Dru\u0161tvo \"Padmasana\""},"image":{"@id":"https:\/\/padmasana.hr\/en\/#\/schema\/logo\/image\/"},"sameAs":["https:\/\/www.facebook.com\/profile.php?id=100064443051947"]}]}},"_links":{"self":[{"href":"https:\/\/padmasana.hr\/en\/wp-json\/wp\/v2\/pages\/222","targetHints":{"allow":["GET"]}}],"collection":[{"href":"https:\/\/padmasana.hr\/en\/wp-json\/wp\/v2\/pages"}],"about":[{"href":"https:\/\/padmasana.hr\/en\/wp-json\/wp\/v2\/types\/page"}],"author":[{"embeddable":true,"href":"https:\/\/padmasana.hr\/en\/wp-json\/wp\/v2\/users\/3"}],"replies":[{"embeddable":true,"href":"https:\/\/padmasana.hr\/en\/wp-json\/wp\/v2\/comments?post=222"}],"version-history":[{"count":11,"href":"https:\/\/padmasana.hr\/en\/wp-json\/wp\/v2\/pages\/222\/revisions"}],"predecessor-version":[{"id":1878,"href":"https:\/\/padmasana.hr\/en\/wp-json\/wp\/v2\/pages\/222\/revisions\/1878"}],"wp:attachment":[{"href":"https:\/\/padmasana.hr\/en\/wp-json\/wp\/v2\/media?parent=222"}],"curies":[{"name":"wp","href":"https:\/\/api.w.org\/{rel}","templated":true}]}}