{"id":218,"date":"2014-03-30T12:28:36","date_gmt":"2014-03-30T12:28:36","guid":{"rendered":"http:\/\/padmasana.tk\/?page_id=218"},"modified":"2025-02-25T16:54:06","modified_gmt":"2025-02-25T15:54:06","slug":"mandala-medicinskog-buddhe-u-zagrebu-2006","status":"publish","type":"page","link":"https:\/\/padmasana.hr\/en\/mandala-medicinskog-buddhe-u-zagrebu-2006\/","title":{"rendered":"Medicine Buddha Mandala in Zagreb 2006."},"content":{"rendered":"<h3><strong>SUSRET SA MANDALOM, SUSRET SA SU\u0160TINSKOM PRIRODOM VLASITIOG BI\u0106A<\/strong><\/h3>\r\n\r\n\r\n<div class=\"wp-block-image\">\r\n<figure class=\"aligncenter\"><img loading=\"lazy\" decoding=\"async\" width=\"250\" height=\"188\" class=\"wp-image-534\" src=\"http:\/\/padmasana.hr\/wp-content\/uploads\/2014\/03\/medicinska-mandala.jpg\" alt=\"medicinska-mandala\" \/><\/figure>\r\n<\/div>\r\n\r\n\r\n<p><img decoding=\"async\" src=\"file:\/\/\/C:\/Users\/Alen%20Ivan%C4%8Dec\/Desktop\/BUDDHA%20NOVO\/images\/medicinska-mandala.jpg\" alt=\"\" \/>Naziv \u201emandala\u201c (Tib. dKyil-Khor) ima mnogo zna\u010denja, no uglavnom tuma\u010di se kao centar koji \u010dini neizmjerna koli\u010dina pozitivnog dobra poput planine i krug oko nje \u0161to zatvara drugu granicu horizonta ili polja pozitivnog djelovanja u sva tri vremena pojavnog svijeta. Zato se ka\u017ee da je mandala polje Univerzalnog mira koji bi se trebao razviti u svakom ljudskom bi\u0107u. Savr\u0161enstvo koje mandala prikazuje vrhunski je sklad i cjelovitost \u010dovjekovog prosvijetljenog stanja kojeg \u010dini svijetlost mudrosti, ne-uvjetovane ljubavi, suosje\u0107anja i neustra\u0161ivosti. Stoga mandala nagla\u0161ava dobrotu probu\u0111enog srca koje nije pod utjecajem razornih misli i emotivnih stanja. Ovakvo stanje \u010dovjekove svijesti ne stvara neprijatelje oko sebe od kojih se ima za potrebu braniti. Ljudski um koji je u nemiru u sukobu je sa samim sobom a onda i sa okolinom i tu je glavni problem. Ako postoje istinski neprijatelji onda su oni zatrovana stanja vlastitog uma koja se o\u010dituju kroz mr\u017enju, ljutnju, pohlepu, ponos i neznanje. Ove emocije su destruktivne prirode i stoga su istinski neprijatelji na putu postignu\u0107a istinske sre\u0107e za kojom te\u017eimo. Postizanje trajne sre\u0107e je temeljno prirodno ljudsko pravo kao i pravo na ro\u0111enje i slobodu.<br \/>Medicinska mandala predstavlja vratnice iz kojih se pru\u017ea pogled u vlastitu kona\u010dnu prirodu \u010disto\u0107e koju sva ljudska bi\u0107a imaju potencijal razviti u sebi. Stoga medicinska mandala nije ograni\u010dena \u201eizmom\u201csame rije\u010di budhizam jer ocrtava ljudsko bi\u0107e kao svijet u malom u kojem se postigla ravnote\u017ea u emotivnom i mentalnom sklopu. Kao takvo, ljudsko bi\u0107e predstavlja savr\u0161enstvo koje je u skladu sa svim prirodnim zakonima Svijeta i cijelog univerzuma. Pogled u to polje mandale vrhunske ljepote u vremenu i prostoru sam je po sebi vrhunski blagoslov za postignu\u0107e takvog stanja savr\u0161enstva u vlastitom umu u budu\u0107nosti. Zbog toga se Medicinska mandala zove poljem vrhunskog iscjeljenja jer predstavlja stanje svijesti li\u0161eno negativnih mentalnih otrova, negativnih predispozicija, bolesti, starosti i neznanja o smrti; svega onog \u0161to donosi prisutnost tuge, straha i osje\u0107aja gubitka.<\/p>\r\n\r\n\r\n\r\n<p>Bez obzira \u0161to \u0107e ve\u0107ina ljudi vidjeti u Medicinskoj mandali samo lijepu umjetnost igre boja, \u0161ara i simbola, sam je kontakt sa ne\u010dim takvim u \u017eivotu blagoslov koji je ne-konceptualan i nije vezan uz razumijevanje i vjeru u ono \u0161to se opa\u017ea fizi\u010dkim okom.<\/p>\r\n\r\n\r\n\r\n<p><strong>KOJI JE SMISAO U ISCRTAVANJU PJE\u0160\u010cANE MANDALE?<\/strong><\/p>\r\n\r\n\r\n\r\n<p>Mandali\u010dni kozmogram je precizno uskla\u0111en sa pet bazi\u010dnih primarnih kozmi\u010dkih elemenata od kojih je sa\u010dinjen cijeli pojavni svijet pa tako i na\u0161a fizi\u010dka tijela. Boje u poljima mandale ocrtavaju 5 uzvi\u0161enih stanja uma Mudrosti a ta se stanja mogu razviti pretvorbom 5 negativnih osje\u0107aja. Te boje oslikavaju i pet ljudskih agregata i pet vitalnih organa u ljudskom tijelu u kojima je postignuta cjelovita ravnote\u017ea energetskih kvaliteta 5 grubih elemenata \u0161to je osnova dobrog zdravlja i dugog \u017eivota. Iscrtavanje mandale u vremenu i prostoru na strogo odre\u0111en na\u010din predstavlja i lije\u010denje zemlje, jer postavlja elemente u ravnote\u017eu i pridonosi op\u0107em skladu.<\/p>\r\n\r\n\r\n\r\n<p><strong>KOJI JE SMISAO U RAZLAGANJU MANDALE?<\/strong><\/p>\r\n\r\n\r\n\r\n<p>U procesu razlaganja mandale krije se duboka simbolika otpu\u0161tanja \u010distih i blagotvornih energija koje su prizvane u simbole u posve\u0107enim poljima mandale tokom izrade, tako \u0161to dolazi do \u0161irenja tog pozitivnog utjecaja u prostor i na ljude poput velikog ki\u0161obrana koji pokriva zemlju. Utjecaj ovog balansiranja energetskih kvaliteta elemenata u prostoru i \u010dovjeku je dugotrajan stoga fizi\u010dko razlaganje mandale nije i kraj djelovanja iscjeljuju\u0107eg polja mandale u vremenu i prostoru gdje se ona izgradila.<\/p>\r\n\r\n\r\n\r\n<p>Tako poruka o nu\u017enosti promjene na bolje, koju mandala nosi ljudskom bi\u0107u, bezvremenska je istina koja nema zastaru. Ne treba mijenjati naslije\u0111enu vjeru. Ono \u0161to bezuvjetno treba mijenjati su negativne i \u0161tetne navike koje djeluju razorno na \u017eivot pojedinca a time i cijelog dru\u0161tva. Ova mandala upravo nosi tu poruku.<\/p>\r\n\r\n\r\n\r\n<p><strong>FAZE IZRADE, POSTAVKE I RAZLAGANJE &#8220;MDO-CHOG-DCHIL-KOR&#8221; MANDALE<\/strong><\/p>","protected":false},"excerpt":{"rendered":"<p>SUSRET SA MANDALOM, SUSRET SA SU\u0160TINSKOM PRIRODOM VLASITIOG BI\u0106A Naziv \u201emandala\u201c (Tib. dKyil-Khor) ima mnogo zna\u010denja, no uglavnom tuma\u010di se kao centar koji \u010dini neizmjerna koli\u010dina pozitivnog dobra poput planine i krug oko nje \u0161to zatvara drugu granicu horizonta ili polja pozitivnog djelovanja u sva tri vremena pojavnog svijeta. Zato se ka\u017ee da je mandala [&hellip;]<\/p>\n","protected":false},"author":3,"featured_media":0,"parent":0,"menu_order":0,"comment_status":"closed","ping_status":"closed","template":"","meta":{"iawp_total_views":24,"footnotes":""},"class_list":["post-218","page","type-page","status-publish","hentry"],"yoast_head":"<!-- This site is optimized with the Yoast SEO plugin v27.4 - https:\/\/yoast.com\/product\/yoast-seo-wordpress\/ -->\n<title>Mandala Medicinskog Buddhe u Zagrebu 2006. - Hrvatsko Budisti\u010dko Dru\u0161tvo &quot;Padmasana&quot;<\/title>\n<meta name=\"robots\" content=\"index, follow, max-snippet:-1, max-image-preview:large, max-video-preview:-1\" \/>\n<link rel=\"canonical\" href=\"https:\/\/padmasana.hr\/en\/mandala-medicinskog-buddhe-u-zagrebu-2006\/\" \/>\n<meta property=\"og:locale\" content=\"en_US\" \/>\n<meta property=\"og:type\" content=\"article\" \/>\n<meta property=\"og:title\" content=\"Mandala Medicinskog Buddhe u Zagrebu 2006. - Hrvatsko Budisti\u010dko Dru\u0161tvo &quot;Padmasana&quot;\" \/>\n<meta property=\"og:description\" content=\"SUSRET SA MANDALOM, SUSRET SA SU\u0160TINSKOM PRIRODOM VLASITIOG BI\u0106A Naziv \u201emandala\u201c (Tib. dKyil-Khor) ima mnogo zna\u010denja, no uglavnom tuma\u010di se kao centar koji \u010dini neizmjerna koli\u010dina pozitivnog dobra poput planine i krug oko nje \u0161to zatvara drugu granicu horizonta ili polja pozitivnog djelovanja u sva tri vremena pojavnog svijeta. Zato se ka\u017ee da je mandala [&hellip;]\" \/>\n<meta property=\"og:url\" content=\"https:\/\/padmasana.hr\/en\/mandala-medicinskog-buddhe-u-zagrebu-2006\/\" \/>\n<meta property=\"og:site_name\" content=\"Hrvatsko Budisti\u010dko Dru\u0161tvo &quot;Padmasana&quot;\" \/>\n<meta property=\"article:publisher\" content=\"https:\/\/www.facebook.com\/profile.php?id=100064443051947\" \/>\n<meta property=\"article:modified_time\" content=\"2025-02-25T15:54:06+00:00\" \/>\n<meta property=\"og:image\" content=\"https:\/\/padmasana.hr\/wp-content\/uploads\/2014\/03\/medicinska-mandala.jpg\" \/>\n\t<meta property=\"og:image:width\" content=\"250\" \/>\n\t<meta property=\"og:image:height\" content=\"188\" \/>\n\t<meta property=\"og:image:type\" content=\"image\/jpeg\" \/>\n<meta name=\"twitter:card\" content=\"summary_large_image\" \/>\n<meta name=\"twitter:label1\" content=\"Est. reading time\" \/>\n\t<meta name=\"twitter:data1\" content=\"3 minutes\" \/>\n<script type=\"application\/ld+json\" class=\"yoast-schema-graph\">{\"@context\":\"https:\\\/\\\/schema.org\",\"@graph\":[{\"@type\":\"WebPage\",\"@id\":\"https:\\\/\\\/padmasana.hr\\\/mandala-medicinskog-buddhe-u-zagrebu-2006\\\/\",\"url\":\"https:\\\/\\\/padmasana.hr\\\/mandala-medicinskog-buddhe-u-zagrebu-2006\\\/\",\"name\":\"Mandala Medicinskog Buddhe u Zagrebu 2006. - Hrvatsko Budisti\u010dko Dru\u0161tvo &quot;Padmasana&quot;\",\"isPartOf\":{\"@id\":\"https:\\\/\\\/padmasana.hr\\\/en\\\/#website\"},\"primaryImageOfPage\":{\"@id\":\"https:\\\/\\\/padmasana.hr\\\/mandala-medicinskog-buddhe-u-zagrebu-2006\\\/#primaryimage\"},\"image\":{\"@id\":\"https:\\\/\\\/padmasana.hr\\\/mandala-medicinskog-buddhe-u-zagrebu-2006\\\/#primaryimage\"},\"thumbnailUrl\":\"http:\\\/\\\/padmasana.hr\\\/wp-content\\\/uploads\\\/2014\\\/03\\\/medicinska-mandala.jpg\",\"datePublished\":\"2014-03-30T12:28:36+00:00\",\"dateModified\":\"2025-02-25T15:54:06+00:00\",\"breadcrumb\":{\"@id\":\"https:\\\/\\\/padmasana.hr\\\/mandala-medicinskog-buddhe-u-zagrebu-2006\\\/#breadcrumb\"},\"inLanguage\":\"en-US\",\"potentialAction\":[{\"@type\":\"ReadAction\",\"target\":[\"https:\\\/\\\/padmasana.hr\\\/mandala-medicinskog-buddhe-u-zagrebu-2006\\\/\"]}]},{\"@type\":\"ImageObject\",\"inLanguage\":\"en-US\",\"@id\":\"https:\\\/\\\/padmasana.hr\\\/mandala-medicinskog-buddhe-u-zagrebu-2006\\\/#primaryimage\",\"url\":\"http:\\\/\\\/padmasana.hr\\\/wp-content\\\/uploads\\\/2014\\\/03\\\/medicinska-mandala.jpg\",\"contentUrl\":\"http:\\\/\\\/padmasana.hr\\\/wp-content\\\/uploads\\\/2014\\\/03\\\/medicinska-mandala.jpg\"},{\"@type\":\"BreadcrumbList\",\"@id\":\"https:\\\/\\\/padmasana.hr\\\/mandala-medicinskog-buddhe-u-zagrebu-2006\\\/#breadcrumb\",\"itemListElement\":[{\"@type\":\"ListItem\",\"position\":1,\"name\":\"Home\",\"item\":\"https:\\\/\\\/padmasana.hr\\\/\"},{\"@type\":\"ListItem\",\"position\":2,\"name\":\"Mandala Medicinskog Buddhe u Zagrebu 2006.\"}]},{\"@type\":\"WebSite\",\"@id\":\"https:\\\/\\\/padmasana.hr\\\/en\\\/#website\",\"url\":\"https:\\\/\\\/padmasana.hr\\\/en\\\/\",\"name\":\"Hrvatsko Budisti\u010dko Dru\u0161tvo \\\"Padmasana\\\"\",\"description\":\"\",\"publisher\":{\"@id\":\"https:\\\/\\\/padmasana.hr\\\/en\\\/#organization\"},\"potentialAction\":[{\"@type\":\"SearchAction\",\"target\":{\"@type\":\"EntryPoint\",\"urlTemplate\":\"https:\\\/\\\/padmasana.hr\\\/en\\\/?s={search_term_string}\"},\"query-input\":{\"@type\":\"PropertyValueSpecification\",\"valueRequired\":true,\"valueName\":\"search_term_string\"}}],\"inLanguage\":\"en-US\"},{\"@type\":\"Organization\",\"@id\":\"https:\\\/\\\/padmasana.hr\\\/en\\\/#organization\",\"name\":\"Hrvatsko Budisti\u010dko Dru\u0161tvo \\\"Padmasana\\\"\",\"url\":\"https:\\\/\\\/padmasana.hr\\\/en\\\/\",\"logo\":{\"@type\":\"ImageObject\",\"inLanguage\":\"en-US\",\"@id\":\"https:\\\/\\\/padmasana.hr\\\/en\\\/#\\\/schema\\\/logo\\\/image\\\/\",\"url\":\"https:\\\/\\\/padmasana.hr\\\/wp-content\\\/uploads\\\/2024\\\/04\\\/cropped-logotip-of-padmasana.jpg\",\"contentUrl\":\"https:\\\/\\\/padmasana.hr\\\/wp-content\\\/uploads\\\/2024\\\/04\\\/cropped-logotip-of-padmasana.jpg\",\"width\":512,\"height\":512,\"caption\":\"Hrvatsko Budisti\u010dko Dru\u0161tvo \\\"Padmasana\\\"\"},\"image\":{\"@id\":\"https:\\\/\\\/padmasana.hr\\\/en\\\/#\\\/schema\\\/logo\\\/image\\\/\"},\"sameAs\":[\"https:\\\/\\\/www.facebook.com\\\/profile.php?id=100064443051947\"]}]}<\/script>\n<!-- \/ Yoast SEO plugin. -->","yoast_head_json":{"title":"Mandala Medicinskog Buddhe u Zagrebu 2006. - Hrvatsko Budisti\u010dko Dru\u0161tvo &quot;Padmasana&quot;","robots":{"index":"index","follow":"follow","max-snippet":"max-snippet:-1","max-image-preview":"max-image-preview:large","max-video-preview":"max-video-preview:-1"},"canonical":"https:\/\/padmasana.hr\/en\/mandala-medicinskog-buddhe-u-zagrebu-2006\/","og_locale":"en_US","og_type":"article","og_title":"Mandala Medicinskog Buddhe u Zagrebu 2006. - Hrvatsko Budisti\u010dko Dru\u0161tvo &quot;Padmasana&quot;","og_description":"SUSRET SA MANDALOM, SUSRET SA SU\u0160TINSKOM PRIRODOM VLASITIOG BI\u0106A Naziv \u201emandala\u201c (Tib. dKyil-Khor) ima mnogo zna\u010denja, no uglavnom tuma\u010di se kao centar koji \u010dini neizmjerna koli\u010dina pozitivnog dobra poput planine i krug oko nje \u0161to zatvara drugu granicu horizonta ili polja pozitivnog djelovanja u sva tri vremena pojavnog svijeta. Zato se ka\u017ee da je mandala [&hellip;]","og_url":"https:\/\/padmasana.hr\/en\/mandala-medicinskog-buddhe-u-zagrebu-2006\/","og_site_name":"Hrvatsko Budisti\u010dko Dru\u0161tvo &quot;Padmasana&quot;","article_publisher":"https:\/\/www.facebook.com\/profile.php?id=100064443051947","article_modified_time":"2025-02-25T15:54:06+00:00","og_image":[{"width":250,"height":188,"url":"https:\/\/padmasana.hr\/wp-content\/uploads\/2014\/03\/medicinska-mandala.jpg","type":"image\/jpeg"}],"twitter_card":"summary_large_image","twitter_misc":{"Est. reading time":"3 minutes"},"schema":{"@context":"https:\/\/schema.org","@graph":[{"@type":"WebPage","@id":"https:\/\/padmasana.hr\/mandala-medicinskog-buddhe-u-zagrebu-2006\/","url":"https:\/\/padmasana.hr\/mandala-medicinskog-buddhe-u-zagrebu-2006\/","name":"Mandala Medicinskog Buddhe u Zagrebu 2006. - Hrvatsko Budisti\u010dko Dru\u0161tvo &quot;Padmasana&quot;","isPartOf":{"@id":"https:\/\/padmasana.hr\/en\/#website"},"primaryImageOfPage":{"@id":"https:\/\/padmasana.hr\/mandala-medicinskog-buddhe-u-zagrebu-2006\/#primaryimage"},"image":{"@id":"https:\/\/padmasana.hr\/mandala-medicinskog-buddhe-u-zagrebu-2006\/#primaryimage"},"thumbnailUrl":"http:\/\/padmasana.hr\/wp-content\/uploads\/2014\/03\/medicinska-mandala.jpg","datePublished":"2014-03-30T12:28:36+00:00","dateModified":"2025-02-25T15:54:06+00:00","breadcrumb":{"@id":"https:\/\/padmasana.hr\/mandala-medicinskog-buddhe-u-zagrebu-2006\/#breadcrumb"},"inLanguage":"en-US","potentialAction":[{"@type":"ReadAction","target":["https:\/\/padmasana.hr\/mandala-medicinskog-buddhe-u-zagrebu-2006\/"]}]},{"@type":"ImageObject","inLanguage":"en-US","@id":"https:\/\/padmasana.hr\/mandala-medicinskog-buddhe-u-zagrebu-2006\/#primaryimage","url":"http:\/\/padmasana.hr\/wp-content\/uploads\/2014\/03\/medicinska-mandala.jpg","contentUrl":"http:\/\/padmasana.hr\/wp-content\/uploads\/2014\/03\/medicinska-mandala.jpg"},{"@type":"BreadcrumbList","@id":"https:\/\/padmasana.hr\/mandala-medicinskog-buddhe-u-zagrebu-2006\/#breadcrumb","itemListElement":[{"@type":"ListItem","position":1,"name":"Home","item":"https:\/\/padmasana.hr\/"},{"@type":"ListItem","position":2,"name":"Mandala Medicinskog Buddhe u Zagrebu 2006."}]},{"@type":"WebSite","@id":"https:\/\/padmasana.hr\/en\/#website","url":"https:\/\/padmasana.hr\/en\/","name":"Hrvatsko Budisti\u010dko Dru\u0161tvo \"Padmasana\"","description":"","publisher":{"@id":"https:\/\/padmasana.hr\/en\/#organization"},"potentialAction":[{"@type":"SearchAction","target":{"@type":"EntryPoint","urlTemplate":"https:\/\/padmasana.hr\/en\/?s={search_term_string}"},"query-input":{"@type":"PropertyValueSpecification","valueRequired":true,"valueName":"search_term_string"}}],"inLanguage":"en-US"},{"@type":"Organization","@id":"https:\/\/padmasana.hr\/en\/#organization","name":"Hrvatsko Budisti\u010dko Dru\u0161tvo \"Padmasana\"","url":"https:\/\/padmasana.hr\/en\/","logo":{"@type":"ImageObject","inLanguage":"en-US","@id":"https:\/\/padmasana.hr\/en\/#\/schema\/logo\/image\/","url":"https:\/\/padmasana.hr\/wp-content\/uploads\/2024\/04\/cropped-logotip-of-padmasana.jpg","contentUrl":"https:\/\/padmasana.hr\/wp-content\/uploads\/2024\/04\/cropped-logotip-of-padmasana.jpg","width":512,"height":512,"caption":"Hrvatsko Budisti\u010dko Dru\u0161tvo \"Padmasana\""},"image":{"@id":"https:\/\/padmasana.hr\/en\/#\/schema\/logo\/image\/"},"sameAs":["https:\/\/www.facebook.com\/profile.php?id=100064443051947"]}]}},"_links":{"self":[{"href":"https:\/\/padmasana.hr\/en\/wp-json\/wp\/v2\/pages\/218","targetHints":{"allow":["GET"]}}],"collection":[{"href":"https:\/\/padmasana.hr\/en\/wp-json\/wp\/v2\/pages"}],"about":[{"href":"https:\/\/padmasana.hr\/en\/wp-json\/wp\/v2\/types\/page"}],"author":[{"embeddable":true,"href":"https:\/\/padmasana.hr\/en\/wp-json\/wp\/v2\/users\/3"}],"replies":[{"embeddable":true,"href":"https:\/\/padmasana.hr\/en\/wp-json\/wp\/v2\/comments?post=218"}],"version-history":[{"count":13,"href":"https:\/\/padmasana.hr\/en\/wp-json\/wp\/v2\/pages\/218\/revisions"}],"predecessor-version":[{"id":1882,"href":"https:\/\/padmasana.hr\/en\/wp-json\/wp\/v2\/pages\/218\/revisions\/1882"}],"wp:attachment":[{"href":"https:\/\/padmasana.hr\/en\/wp-json\/wp\/v2\/media?parent=218"}],"curies":[{"name":"wp","href":"https:\/\/api.w.org\/{rel}","templated":true}]}}