{"id":214,"date":"2014-03-30T12:27:58","date_gmt":"2014-03-30T12:27:58","guid":{"rendered":"http:\/\/padmasana.tk\/?page_id=214"},"modified":"2025-02-25T19:28:53","modified_gmt":"2025-02-25T18:28:53","slug":"ven-ayang-rinpoche","status":"publish","type":"page","link":"https:\/\/padmasana.hr\/en\/ven-ayang-rinpoche\/","title":{"rendered":"Ven. Ayang Rinpoche"},"content":{"rendered":"<p style=\"text-align: left;\" align=\"center\"><strong>Ven. K. C. Ayang Rinpoche<\/strong><\/p>\n<p><img loading=\"lazy\" decoding=\"async\" class=\"alignleft size-full wp-image-473\" src=\"http:\/\/padmasana.hr\/wp-content\/uploads\/2014\/03\/venayang.jpg\" alt=\"venayang\" width=\"149\" height=\"227\" \/>Ven. K. C. Ayang Rinpoche rodio se u sto\u010darskoj obitelji. Bio je prepoznat kao Lama &#8211; Trulku od strane mnogih visokih lama, uklju\u010duju\u0107i Njegovu Svetost 16. Gyalwa Karmapu, Ayang Drubchen Tenpai Nyima-<i>u,<\/i> Naglung Drubchen-a, prija\u0161njeg Traleg Kyabyon-a i Jabra Rinpoche-a, emanaciju mudrosti Chogyal Dorje-a. Chogyal Dorje vu\u010de podrijetlo od Guru Padmasambhave koji slovi kao utjelovljenje sveznaju\u0107e mudrosti primordijalne svijesti Samanthabadre ili &#8216;Svega dobrog&#8217;.<\/p>\n<p>Ven. Ayang Rinpoche-ov &#8216;AYANG&#8217; samostan je u isto\u010dnom Tibetu. Njegov glavni korijenski u\u010ditelj bio je prija\u0161nji veliki 16. Gyalwa Karmapa. Rinpoche je primio u\u010denje o budisti\u010dkoj filozofiji i osobito duboka meditacijska u\u010denja, opunomo\u0107enja i oralne transmisije temeljnih tekstova u obliku blagoslova od raznih velikih lama Kagyupa linije i majstora Nyingmapa tradicije. Najve\u0107i broj svojih meditacijskih praksi Rinpoche je kompletirao na razli\u010ditim svetim mjestima i spiljama Guru Padmasambhave u Tibetu. Rinpoche je bio prepoznat od Njegove Svetosti 14. Dalai Lame, Njegove Svetosti 16. Gyalwa Karmape i Njegove Svetosti Dudjom Rinpoche-a kao &#8216;Veliki majstor Phowa-e&#8217;. On danas putuje svijetom od Japana do Amerike i daje razli\u010dita u\u010denja, a njegova glavna specijalizacija je u obje Phowa-e; Kagyu Drikung Velikoj Phowa-i i Nyingma liniji Phowa-e.<\/p>\n<p>Godine 1983., organizatori me\u0111unarodne konferencije &#8216;Karma i reinkarnacija&#8217; u Tokiju (Japan), zamolili su Njegovu Svetost 14. Dalai Lamu da po\u0161alje tibetanskog lamu koji bi mogao govoriti o Phowa-i i demonstrirati njezine rezultate. Dalai Lama odredio je Ayang Rinpoche-a da pristupi toj konferenciji. U to vrijeme slavni japanski nau\u010dnik Dr. Hiroshi Motoyama izveo je nekoliko testova na Rinpocheu istra\u017euju\u0107i rezultate Phowa prakse. On je pritom koristio psihofiziolo\u0161ka mjerenja uklju\u010duju\u0107i EEG, ECG i Plethysmograph, kao i njegovu vlastitu elektroko\u017enu akupunktursku napravu, AMI, i utvrdio jasne promjene prije, u toku i poslije Phowa prakse. Rezultate istra\u017eivanja Dr. Hiroshi objavio je na japanskom i engleskom jeziku pod naslovom, &#8216;Psycho-physiological changes Due To Performance of the Phowa Ritual&#8217; u \u010dasopisu &#8216;IARP JOURNAL No 17, prosinac 1987.,pod Dr. Hiroshi Motoyama&#8217; utvrdiv\u0161i postojanje vrlo jasnih dokaza o promjenama koje su nastupile u svijesti kao rezultat prakse Phowa-e.<\/p>\n<p>Ven. Ayang Rinpoche je osniva\u010d Drikung dobrotvornog dru\u0161tva i dva samostanska instituta u ju\u017enoj Indiji, Centra Drikung Dharma dru\u0161tva i \u00a0Drikung Dharma Centara na Zapadu. Rinpocheov glavni samostan je \u00a0\u00a0&#8216;Thupten Shedrup Jangchup Ling&#8217; Kagyupa reda, nedaleko Mysorea u Indijskoj dr\u017eavi Karnataka-i.<\/p>\n<p>Neka sve bude povoljno i za dobro svih.<\/p>\n<p>H.B.D. &#8216;Padmasana&#8217;<\/p>\n<p><img loading=\"lazy\" decoding=\"async\" class=\"alignleft size-full wp-image-500\" src=\"http:\/\/padmasana.hr\/wp-content\/uploads\/2014\/03\/ayangstaro2.jpg\" alt=\"ayangstaro2\" width=\"641\" height=\"457\" srcset=\"https:\/\/padmasana.hr\/wp-content\/uploads\/2014\/03\/ayangstaro2.jpg 641w, https:\/\/padmasana.hr\/wp-content\/uploads\/2014\/03\/ayangstaro2-300x213.jpg 300w\" sizes=\"auto, (max-width: 641px) 100vw, 641px\" \/><\/p>","protected":false},"excerpt":{"rendered":"<p>Ven. K. C. Ayang Rinpoche Ven. K. C. Ayang Rinpoche rodio se u sto\u010darskoj obitelji. Bio je prepoznat kao Lama &#8211; Trulku od strane mnogih visokih lama, uklju\u010duju\u0107i Njegovu Svetost 16. Gyalwa Karmapu, Ayang Drubchen Tenpai Nyima-u, Naglung Drubchen-a, prija\u0161njeg Traleg Kyabyon-a i Jabra Rinpoche-a, emanaciju mudrosti Chogyal Dorje-a. Chogyal Dorje vu\u010de podrijetlo od Guru [&hellip;]<\/p>\n","protected":false},"author":3,"featured_media":0,"parent":0,"menu_order":0,"comment_status":"closed","ping_status":"closed","template":"","meta":{"iawp_total_views":34,"footnotes":""},"class_list":["post-214","page","type-page","status-publish","hentry"],"yoast_head":"<!-- This site is optimized with the Yoast SEO plugin v27.4 - https:\/\/yoast.com\/product\/yoast-seo-wordpress\/ -->\n<title>Ven. Ayang Rinpoche - Hrvatsko Budisti\u010dko Dru\u0161tvo &quot;Padmasana&quot;<\/title>\n<meta name=\"robots\" content=\"index, follow, max-snippet:-1, max-image-preview:large, max-video-preview:-1\" \/>\n<link rel=\"canonical\" href=\"https:\/\/padmasana.hr\/en\/ven-ayang-rinpoche\/\" \/>\n<meta property=\"og:locale\" content=\"en_US\" \/>\n<meta property=\"og:type\" content=\"article\" \/>\n<meta property=\"og:title\" content=\"Ven. Ayang Rinpoche - Hrvatsko Budisti\u010dko Dru\u0161tvo &quot;Padmasana&quot;\" \/>\n<meta property=\"og:description\" content=\"Ven. K. C. Ayang Rinpoche Ven. K. C. Ayang Rinpoche rodio se u sto\u010darskoj obitelji. Bio je prepoznat kao Lama &#8211; Trulku od strane mnogih visokih lama, uklju\u010duju\u0107i Njegovu Svetost 16. Gyalwa Karmapu, Ayang Drubchen Tenpai Nyima-u, Naglung Drubchen-a, prija\u0161njeg Traleg Kyabyon-a i Jabra Rinpoche-a, emanaciju mudrosti Chogyal Dorje-a. Chogyal Dorje vu\u010de podrijetlo od Guru [&hellip;]\" \/>\n<meta property=\"og:url\" content=\"https:\/\/padmasana.hr\/en\/ven-ayang-rinpoche\/\" \/>\n<meta property=\"og:site_name\" content=\"Hrvatsko Budisti\u010dko Dru\u0161tvo &quot;Padmasana&quot;\" \/>\n<meta property=\"article:publisher\" content=\"https:\/\/www.facebook.com\/profile.php?id=100064443051947\" \/>\n<meta property=\"article:modified_time\" content=\"2025-02-25T18:28:53+00:00\" \/>\n<meta property=\"og:image\" content=\"https:\/\/padmasana.hr\/wp-content\/uploads\/2014\/03\/venayang.jpg\" \/>\n\t<meta property=\"og:image:width\" content=\"149\" \/>\n\t<meta property=\"og:image:height\" content=\"227\" \/>\n\t<meta property=\"og:image:type\" content=\"image\/jpeg\" \/>\n<meta name=\"twitter:card\" content=\"summary_large_image\" \/>\n<meta name=\"twitter:label1\" content=\"Est. reading time\" \/>\n\t<meta name=\"twitter:data1\" content=\"2 minutes\" \/>\n<script type=\"application\/ld+json\" class=\"yoast-schema-graph\">{\"@context\":\"https:\\\/\\\/schema.org\",\"@graph\":[{\"@type\":\"WebPage\",\"@id\":\"https:\\\/\\\/padmasana.hr\\\/ven-ayang-rinpoche\\\/\",\"url\":\"https:\\\/\\\/padmasana.hr\\\/ven-ayang-rinpoche\\\/\",\"name\":\"Ven. Ayang Rinpoche - Hrvatsko Budisti\u010dko Dru\u0161tvo &quot;Padmasana&quot;\",\"isPartOf\":{\"@id\":\"https:\\\/\\\/padmasana.hr\\\/en\\\/#website\"},\"primaryImageOfPage\":{\"@id\":\"https:\\\/\\\/padmasana.hr\\\/ven-ayang-rinpoche\\\/#primaryimage\"},\"image\":{\"@id\":\"https:\\\/\\\/padmasana.hr\\\/ven-ayang-rinpoche\\\/#primaryimage\"},\"thumbnailUrl\":\"http:\\\/\\\/padmasana.hr\\\/wp-content\\\/uploads\\\/2014\\\/03\\\/venayang.jpg\",\"datePublished\":\"2014-03-30T12:27:58+00:00\",\"dateModified\":\"2025-02-25T18:28:53+00:00\",\"breadcrumb\":{\"@id\":\"https:\\\/\\\/padmasana.hr\\\/ven-ayang-rinpoche\\\/#breadcrumb\"},\"inLanguage\":\"en-US\",\"potentialAction\":[{\"@type\":\"ReadAction\",\"target\":[\"https:\\\/\\\/padmasana.hr\\\/ven-ayang-rinpoche\\\/\"]}]},{\"@type\":\"ImageObject\",\"inLanguage\":\"en-US\",\"@id\":\"https:\\\/\\\/padmasana.hr\\\/ven-ayang-rinpoche\\\/#primaryimage\",\"url\":\"http:\\\/\\\/padmasana.hr\\\/wp-content\\\/uploads\\\/2014\\\/03\\\/venayang.jpg\",\"contentUrl\":\"http:\\\/\\\/padmasana.hr\\\/wp-content\\\/uploads\\\/2014\\\/03\\\/venayang.jpg\"},{\"@type\":\"BreadcrumbList\",\"@id\":\"https:\\\/\\\/padmasana.hr\\\/ven-ayang-rinpoche\\\/#breadcrumb\",\"itemListElement\":[{\"@type\":\"ListItem\",\"position\":1,\"name\":\"Home\",\"item\":\"https:\\\/\\\/padmasana.hr\\\/\"},{\"@type\":\"ListItem\",\"position\":2,\"name\":\"Ven. Ayang Rinpoche\"}]},{\"@type\":\"WebSite\",\"@id\":\"https:\\\/\\\/padmasana.hr\\\/en\\\/#website\",\"url\":\"https:\\\/\\\/padmasana.hr\\\/en\\\/\",\"name\":\"Hrvatsko Budisti\u010dko Dru\u0161tvo \\\"Padmasana\\\"\",\"description\":\"\",\"publisher\":{\"@id\":\"https:\\\/\\\/padmasana.hr\\\/en\\\/#organization\"},\"potentialAction\":[{\"@type\":\"SearchAction\",\"target\":{\"@type\":\"EntryPoint\",\"urlTemplate\":\"https:\\\/\\\/padmasana.hr\\\/en\\\/?s={search_term_string}\"},\"query-input\":{\"@type\":\"PropertyValueSpecification\",\"valueRequired\":true,\"valueName\":\"search_term_string\"}}],\"inLanguage\":\"en-US\"},{\"@type\":\"Organization\",\"@id\":\"https:\\\/\\\/padmasana.hr\\\/en\\\/#organization\",\"name\":\"Hrvatsko Budisti\u010dko Dru\u0161tvo \\\"Padmasana\\\"\",\"url\":\"https:\\\/\\\/padmasana.hr\\\/en\\\/\",\"logo\":{\"@type\":\"ImageObject\",\"inLanguage\":\"en-US\",\"@id\":\"https:\\\/\\\/padmasana.hr\\\/en\\\/#\\\/schema\\\/logo\\\/image\\\/\",\"url\":\"https:\\\/\\\/padmasana.hr\\\/wp-content\\\/uploads\\\/2024\\\/04\\\/cropped-logotip-of-padmasana.jpg\",\"contentUrl\":\"https:\\\/\\\/padmasana.hr\\\/wp-content\\\/uploads\\\/2024\\\/04\\\/cropped-logotip-of-padmasana.jpg\",\"width\":512,\"height\":512,\"caption\":\"Hrvatsko Budisti\u010dko Dru\u0161tvo \\\"Padmasana\\\"\"},\"image\":{\"@id\":\"https:\\\/\\\/padmasana.hr\\\/en\\\/#\\\/schema\\\/logo\\\/image\\\/\"},\"sameAs\":[\"https:\\\/\\\/www.facebook.com\\\/profile.php?id=100064443051947\"]}]}<\/script>\n<!-- \/ Yoast SEO plugin. -->","yoast_head_json":{"title":"Ven. Ayang Rinpoche - Hrvatsko Budisti\u010dko Dru\u0161tvo &quot;Padmasana&quot;","robots":{"index":"index","follow":"follow","max-snippet":"max-snippet:-1","max-image-preview":"max-image-preview:large","max-video-preview":"max-video-preview:-1"},"canonical":"https:\/\/padmasana.hr\/en\/ven-ayang-rinpoche\/","og_locale":"en_US","og_type":"article","og_title":"Ven. Ayang Rinpoche - Hrvatsko Budisti\u010dko Dru\u0161tvo &quot;Padmasana&quot;","og_description":"Ven. K. C. Ayang Rinpoche Ven. K. C. Ayang Rinpoche rodio se u sto\u010darskoj obitelji. Bio je prepoznat kao Lama &#8211; Trulku od strane mnogih visokih lama, uklju\u010duju\u0107i Njegovu Svetost 16. Gyalwa Karmapu, Ayang Drubchen Tenpai Nyima-u, Naglung Drubchen-a, prija\u0161njeg Traleg Kyabyon-a i Jabra Rinpoche-a, emanaciju mudrosti Chogyal Dorje-a. Chogyal Dorje vu\u010de podrijetlo od Guru [&hellip;]","og_url":"https:\/\/padmasana.hr\/en\/ven-ayang-rinpoche\/","og_site_name":"Hrvatsko Budisti\u010dko Dru\u0161tvo &quot;Padmasana&quot;","article_publisher":"https:\/\/www.facebook.com\/profile.php?id=100064443051947","article_modified_time":"2025-02-25T18:28:53+00:00","og_image":[{"width":149,"height":227,"url":"https:\/\/padmasana.hr\/wp-content\/uploads\/2014\/03\/venayang.jpg","type":"image\/jpeg"}],"twitter_card":"summary_large_image","twitter_misc":{"Est. reading time":"2 minutes"},"schema":{"@context":"https:\/\/schema.org","@graph":[{"@type":"WebPage","@id":"https:\/\/padmasana.hr\/ven-ayang-rinpoche\/","url":"https:\/\/padmasana.hr\/ven-ayang-rinpoche\/","name":"Ven. Ayang Rinpoche - Hrvatsko Budisti\u010dko Dru\u0161tvo &quot;Padmasana&quot;","isPartOf":{"@id":"https:\/\/padmasana.hr\/en\/#website"},"primaryImageOfPage":{"@id":"https:\/\/padmasana.hr\/ven-ayang-rinpoche\/#primaryimage"},"image":{"@id":"https:\/\/padmasana.hr\/ven-ayang-rinpoche\/#primaryimage"},"thumbnailUrl":"http:\/\/padmasana.hr\/wp-content\/uploads\/2014\/03\/venayang.jpg","datePublished":"2014-03-30T12:27:58+00:00","dateModified":"2025-02-25T18:28:53+00:00","breadcrumb":{"@id":"https:\/\/padmasana.hr\/ven-ayang-rinpoche\/#breadcrumb"},"inLanguage":"en-US","potentialAction":[{"@type":"ReadAction","target":["https:\/\/padmasana.hr\/ven-ayang-rinpoche\/"]}]},{"@type":"ImageObject","inLanguage":"en-US","@id":"https:\/\/padmasana.hr\/ven-ayang-rinpoche\/#primaryimage","url":"http:\/\/padmasana.hr\/wp-content\/uploads\/2014\/03\/venayang.jpg","contentUrl":"http:\/\/padmasana.hr\/wp-content\/uploads\/2014\/03\/venayang.jpg"},{"@type":"BreadcrumbList","@id":"https:\/\/padmasana.hr\/ven-ayang-rinpoche\/#breadcrumb","itemListElement":[{"@type":"ListItem","position":1,"name":"Home","item":"https:\/\/padmasana.hr\/"},{"@type":"ListItem","position":2,"name":"Ven. Ayang Rinpoche"}]},{"@type":"WebSite","@id":"https:\/\/padmasana.hr\/en\/#website","url":"https:\/\/padmasana.hr\/en\/","name":"Hrvatsko Budisti\u010dko Dru\u0161tvo \"Padmasana\"","description":"","publisher":{"@id":"https:\/\/padmasana.hr\/en\/#organization"},"potentialAction":[{"@type":"SearchAction","target":{"@type":"EntryPoint","urlTemplate":"https:\/\/padmasana.hr\/en\/?s={search_term_string}"},"query-input":{"@type":"PropertyValueSpecification","valueRequired":true,"valueName":"search_term_string"}}],"inLanguage":"en-US"},{"@type":"Organization","@id":"https:\/\/padmasana.hr\/en\/#organization","name":"Hrvatsko Budisti\u010dko Dru\u0161tvo \"Padmasana\"","url":"https:\/\/padmasana.hr\/en\/","logo":{"@type":"ImageObject","inLanguage":"en-US","@id":"https:\/\/padmasana.hr\/en\/#\/schema\/logo\/image\/","url":"https:\/\/padmasana.hr\/wp-content\/uploads\/2024\/04\/cropped-logotip-of-padmasana.jpg","contentUrl":"https:\/\/padmasana.hr\/wp-content\/uploads\/2024\/04\/cropped-logotip-of-padmasana.jpg","width":512,"height":512,"caption":"Hrvatsko Budisti\u010dko Dru\u0161tvo \"Padmasana\""},"image":{"@id":"https:\/\/padmasana.hr\/en\/#\/schema\/logo\/image\/"},"sameAs":["https:\/\/www.facebook.com\/profile.php?id=100064443051947"]}]}},"_links":{"self":[{"href":"https:\/\/padmasana.hr\/en\/wp-json\/wp\/v2\/pages\/214","targetHints":{"allow":["GET"]}}],"collection":[{"href":"https:\/\/padmasana.hr\/en\/wp-json\/wp\/v2\/pages"}],"about":[{"href":"https:\/\/padmasana.hr\/en\/wp-json\/wp\/v2\/types\/page"}],"author":[{"embeddable":true,"href":"https:\/\/padmasana.hr\/en\/wp-json\/wp\/v2\/users\/3"}],"replies":[{"embeddable":true,"href":"https:\/\/padmasana.hr\/en\/wp-json\/wp\/v2\/comments?post=214"}],"version-history":[{"count":12,"href":"https:\/\/padmasana.hr\/en\/wp-json\/wp\/v2\/pages\/214\/revisions"}],"predecessor-version":[{"id":1897,"href":"https:\/\/padmasana.hr\/en\/wp-json\/wp\/v2\/pages\/214\/revisions\/1897"}],"wp:attachment":[{"href":"https:\/\/padmasana.hr\/en\/wp-json\/wp\/v2\/media?parent=214"}],"curies":[{"name":"wp","href":"https:\/\/api.w.org\/{rel}","templated":true}]}}