{"id":212,"date":"2014-03-30T12:27:47","date_gmt":"2014-03-30T12:27:47","guid":{"rendered":"http:\/\/padmasana.tk\/?page_id=212"},"modified":"2025-02-25T19:28:18","modified_gmt":"2025-02-25T18:28:18","slug":"ven-alak-tsawa-rinpoche","status":"publish","type":"page","link":"https:\/\/padmasana.hr\/en\/ven-alak-tsawa-rinpoche\/","title":{"rendered":"Ven. Alak Tsawa Rinpoche"},"content":{"rendered":"<p class=\"has-text-align-left\"><strong>O VEN. ALAK TSAWA RINPOCHE-u<\/strong><\/p>\r\n\r\n\r\n<div class=\"wp-block-image\">\r\n<figure class=\"aligncenter\"><img loading=\"lazy\" decoding=\"async\" class=\"wp-image-1074\" src=\"http:\/\/padmasana.hr\/wp-content\/uploads\/2014\/03\/LamaAlakTsawa.jpg\" alt=\"LamaAlakTsawa\" width=\"203\" height=\"276\" \/><\/figure>\r\n<\/div>\r\n\r\n\r\n<p><strong>Geshe Alak Tsawa Rinpoche Lobsang Tempe Gyaltsen<\/strong> ro\u0111en je u tibetanskoj obitelji u Shilongu (Asam-isto\u010dna Indija) kao drugo dijete Tsering Dondrub-a i majke Pema Dolme, oboje rodom iz tibetanske pokrajine Amdo. Vrlo rano, kao maleno dijete, Rinpoche je pokazao izuzetan interes za redovni\u010dki \u017eivot, \u010desto kri\u0161om nestaju\u0107i od ku\u0107e, tr\u010de\u0107i u mali budisti\u010dki hram podignut na okolnom brdu pored mjesta. Tamo je slu\u0161ao molitve starog redovnika, pronalazio uto\u010di\u0161te ispod trona 14. Dalai Lame i zamatao se u redovni\u010dku togu. Prona\u0111en je u dobi od pet godina od pro\u0161log Kyabje Trijang Rinpoche-a, mla\u0111eg tutora i osobnog u\u010ditelja 14. Dalai Lame. Dalai Lama je potvrdio inkarnaciju velikog Alak Tsawe Rinpoche-a iz tibetanskog samostana i istoimenog mjesta Tsawa i tako je mali tulku (Yangtsi) u dobi od \u0161est godina kao izuzetno dijete poslan na dugo \u0161kolovanje u jedan od tri najve\u0107a tibetanska budisti\u010dka sveu\u010dili\u0161ta utvr\u0111ena u ju\u017enoj Indiji, &#8216;Sera Jhe&#8217;. Prethodna inkarnacija Lame Alaka, Kempo Tsawa, bio je poznat po u\u010denosti i briljantnom pam\u0107enju i imao mnogo studenata od kojih je jedan postao Rinpocheov otac u njegovom sada\u0161njem \u017eivotu. Mali Yangtsi i u ovom \u017eivotu pokazao je odmah izuzetnu memoriju, tako je mogao upamtiti podu\u017ee tekstove koje bi mu njegov tutor u samostanu \u010ditao prije spavanja. U jutro, Rinpoche je za vrijeme doru\u010dka mogao ponoviti sve \u0161to je \u010duo od teksta prethodne ve\u010deri prije spavanja, bez ikakve pogre\u0161ke. Rinpoche je u pro\u0161losti bio i veliki iscjelitelj i dobar tantri\u010dki praktikant, naro\u010dito u tantrama Medicinskog Buddhe, Avalokiteshvare i Bijele Tare &#8216;Jetsun Drolkar&#8217;. Vezan je uz duhovnu lozu Dalai Lama i posjeduje rijetke usmene transmisije 13. i 14. Dalai Lame. Rinpoche je potpuno zare\u0111en budisti\u010dki sve\u0107enik od svoje \u0161este godine, a u svojoj sedmoj godini zapo\u010deo je s duhovnom izobrazbom. Nakon 18 godina napornih studija doktorirao je budisti\u010dku filozofiju na Mahayanskom sveu\u010dili\u0161tu Sera Jhe u odjeljenju Samlo Kamtsen, jednom od 16 sveu\u010dili\u0161nih odjeljenja Sera Jhe i postigao najvi\u0161i stupanj od \u010detiri mogu\u0107a u tibetanskoj tradiciji samostanskog klasi\u010dnog obrazovanja, titulu Hla ram-pe. Poslije zavr\u0161enog studija sutre, Rinpoche je proveo naredne dvije godine na tantri\u010dkom sveu\u010dili\u0161tu Gju Me u treningu tantre, rituala, klasi\u010dnog na\u010dina pojanja molitvi i u meditaciji. U sveu\u010dili\u0161tu Sera Jhe bio je tri godine na du\u017enosti majstora-voditelja obreda tantri\u010dkom bo\u017eanstvu Phurbe u gutor ceremoniji, drevnog za\u0161titnika Sera Jhe sveu\u010dili\u0161ta. Danas \u017eivi i podu\u010dava budisti\u010dku doktrinu uglavnom u Italiji.<\/p>","protected":false},"excerpt":{"rendered":"<p>O VEN. ALAK TSAWA RINPOCHE-u Geshe Alak Tsawa Rinpoche Lobsang Tempe Gyaltsen ro\u0111en je u tibetanskoj obitelji u Shilongu (Asam-isto\u010dna Indija) kao drugo dijete Tsering Dondrub-a i majke Pema Dolme, oboje rodom iz tibetanske pokrajine Amdo. Vrlo rano, kao maleno dijete, Rinpoche je pokazao izuzetan interes za redovni\u010dki \u017eivot, \u010desto kri\u0161om nestaju\u0107i od ku\u0107e, tr\u010de\u0107i [&hellip;]<\/p>\n","protected":false},"author":3,"featured_media":0,"parent":0,"menu_order":0,"comment_status":"closed","ping_status":"closed","template":"","meta":{"iawp_total_views":23,"footnotes":""},"class_list":["post-212","page","type-page","status-publish","hentry"],"yoast_head":"<!-- This site is optimized with the Yoast SEO plugin v27.4 - https:\/\/yoast.com\/product\/yoast-seo-wordpress\/ -->\n<title>Ven. Alak Tsawa Rinpoche - Hrvatsko Budisti\u010dko Dru\u0161tvo &quot;Padmasana&quot;<\/title>\n<meta name=\"robots\" content=\"index, follow, max-snippet:-1, max-image-preview:large, max-video-preview:-1\" \/>\n<link rel=\"canonical\" href=\"https:\/\/padmasana.hr\/en\/ven-alak-tsawa-rinpoche\/\" \/>\n<meta property=\"og:locale\" content=\"en_US\" \/>\n<meta property=\"og:type\" content=\"article\" \/>\n<meta property=\"og:title\" content=\"Ven. Alak Tsawa Rinpoche - Hrvatsko Budisti\u010dko Dru\u0161tvo &quot;Padmasana&quot;\" \/>\n<meta property=\"og:description\" content=\"O VEN. ALAK TSAWA RINPOCHE-u Geshe Alak Tsawa Rinpoche Lobsang Tempe Gyaltsen ro\u0111en je u tibetanskoj obitelji u Shilongu (Asam-isto\u010dna Indija) kao drugo dijete Tsering Dondrub-a i majke Pema Dolme, oboje rodom iz tibetanske pokrajine Amdo. Vrlo rano, kao maleno dijete, Rinpoche je pokazao izuzetan interes za redovni\u010dki \u017eivot, \u010desto kri\u0161om nestaju\u0107i od ku\u0107e, tr\u010de\u0107i [&hellip;]\" \/>\n<meta property=\"og:url\" content=\"https:\/\/padmasana.hr\/en\/ven-alak-tsawa-rinpoche\/\" \/>\n<meta property=\"og:site_name\" content=\"Hrvatsko Budisti\u010dko Dru\u0161tvo &quot;Padmasana&quot;\" \/>\n<meta property=\"article:publisher\" content=\"https:\/\/www.facebook.com\/profile.php?id=100064443051947\" \/>\n<meta property=\"article:modified_time\" content=\"2025-02-25T18:28:18+00:00\" \/>\n<meta property=\"og:image\" content=\"https:\/\/padmasana.hr\/wp-content\/uploads\/2014\/03\/LamaAlakTsawa.jpg\" \/>\n\t<meta property=\"og:image:width\" content=\"125\" \/>\n\t<meta property=\"og:image:height\" content=\"170\" \/>\n\t<meta property=\"og:image:type\" content=\"image\/jpeg\" \/>\n<meta name=\"twitter:card\" content=\"summary_large_image\" \/>\n<meta name=\"twitter:label1\" content=\"Est. reading time\" \/>\n\t<meta name=\"twitter:data1\" content=\"2 minutes\" \/>\n<script type=\"application\/ld+json\" class=\"yoast-schema-graph\">{\"@context\":\"https:\\\/\\\/schema.org\",\"@graph\":[{\"@type\":\"WebPage\",\"@id\":\"https:\\\/\\\/padmasana.hr\\\/ven-alak-tsawa-rinpoche\\\/\",\"url\":\"https:\\\/\\\/padmasana.hr\\\/ven-alak-tsawa-rinpoche\\\/\",\"name\":\"Ven. Alak Tsawa Rinpoche - Hrvatsko Budisti\u010dko Dru\u0161tvo &quot;Padmasana&quot;\",\"isPartOf\":{\"@id\":\"https:\\\/\\\/padmasana.hr\\\/en\\\/#website\"},\"primaryImageOfPage\":{\"@id\":\"https:\\\/\\\/padmasana.hr\\\/ven-alak-tsawa-rinpoche\\\/#primaryimage\"},\"image\":{\"@id\":\"https:\\\/\\\/padmasana.hr\\\/ven-alak-tsawa-rinpoche\\\/#primaryimage\"},\"thumbnailUrl\":\"http:\\\/\\\/padmasana.hr\\\/wp-content\\\/uploads\\\/2014\\\/03\\\/LamaAlakTsawa.jpg\",\"datePublished\":\"2014-03-30T12:27:47+00:00\",\"dateModified\":\"2025-02-25T18:28:18+00:00\",\"breadcrumb\":{\"@id\":\"https:\\\/\\\/padmasana.hr\\\/ven-alak-tsawa-rinpoche\\\/#breadcrumb\"},\"inLanguage\":\"en-US\",\"potentialAction\":[{\"@type\":\"ReadAction\",\"target\":[\"https:\\\/\\\/padmasana.hr\\\/ven-alak-tsawa-rinpoche\\\/\"]}]},{\"@type\":\"ImageObject\",\"inLanguage\":\"en-US\",\"@id\":\"https:\\\/\\\/padmasana.hr\\\/ven-alak-tsawa-rinpoche\\\/#primaryimage\",\"url\":\"http:\\\/\\\/padmasana.hr\\\/wp-content\\\/uploads\\\/2014\\\/03\\\/LamaAlakTsawa.jpg\",\"contentUrl\":\"http:\\\/\\\/padmasana.hr\\\/wp-content\\\/uploads\\\/2014\\\/03\\\/LamaAlakTsawa.jpg\"},{\"@type\":\"BreadcrumbList\",\"@id\":\"https:\\\/\\\/padmasana.hr\\\/ven-alak-tsawa-rinpoche\\\/#breadcrumb\",\"itemListElement\":[{\"@type\":\"ListItem\",\"position\":1,\"name\":\"Home\",\"item\":\"https:\\\/\\\/padmasana.hr\\\/\"},{\"@type\":\"ListItem\",\"position\":2,\"name\":\"Ven. Alak Tsawa Rinpoche\"}]},{\"@type\":\"WebSite\",\"@id\":\"https:\\\/\\\/padmasana.hr\\\/en\\\/#website\",\"url\":\"https:\\\/\\\/padmasana.hr\\\/en\\\/\",\"name\":\"Hrvatsko Budisti\u010dko Dru\u0161tvo \\\"Padmasana\\\"\",\"description\":\"\",\"publisher\":{\"@id\":\"https:\\\/\\\/padmasana.hr\\\/en\\\/#organization\"},\"potentialAction\":[{\"@type\":\"SearchAction\",\"target\":{\"@type\":\"EntryPoint\",\"urlTemplate\":\"https:\\\/\\\/padmasana.hr\\\/en\\\/?s={search_term_string}\"},\"query-input\":{\"@type\":\"PropertyValueSpecification\",\"valueRequired\":true,\"valueName\":\"search_term_string\"}}],\"inLanguage\":\"en-US\"},{\"@type\":\"Organization\",\"@id\":\"https:\\\/\\\/padmasana.hr\\\/en\\\/#organization\",\"name\":\"Hrvatsko Budisti\u010dko Dru\u0161tvo \\\"Padmasana\\\"\",\"url\":\"https:\\\/\\\/padmasana.hr\\\/en\\\/\",\"logo\":{\"@type\":\"ImageObject\",\"inLanguage\":\"en-US\",\"@id\":\"https:\\\/\\\/padmasana.hr\\\/en\\\/#\\\/schema\\\/logo\\\/image\\\/\",\"url\":\"https:\\\/\\\/padmasana.hr\\\/wp-content\\\/uploads\\\/2024\\\/04\\\/cropped-logotip-of-padmasana.jpg\",\"contentUrl\":\"https:\\\/\\\/padmasana.hr\\\/wp-content\\\/uploads\\\/2024\\\/04\\\/cropped-logotip-of-padmasana.jpg\",\"width\":512,\"height\":512,\"caption\":\"Hrvatsko Budisti\u010dko Dru\u0161tvo \\\"Padmasana\\\"\"},\"image\":{\"@id\":\"https:\\\/\\\/padmasana.hr\\\/en\\\/#\\\/schema\\\/logo\\\/image\\\/\"},\"sameAs\":[\"https:\\\/\\\/www.facebook.com\\\/profile.php?id=100064443051947\"]}]}<\/script>\n<!-- \/ Yoast SEO plugin. -->","yoast_head_json":{"title":"Ven. Alak Tsawa Rinpoche - Hrvatsko Budisti\u010dko Dru\u0161tvo &quot;Padmasana&quot;","robots":{"index":"index","follow":"follow","max-snippet":"max-snippet:-1","max-image-preview":"max-image-preview:large","max-video-preview":"max-video-preview:-1"},"canonical":"https:\/\/padmasana.hr\/en\/ven-alak-tsawa-rinpoche\/","og_locale":"en_US","og_type":"article","og_title":"Ven. Alak Tsawa Rinpoche - Hrvatsko Budisti\u010dko Dru\u0161tvo &quot;Padmasana&quot;","og_description":"O VEN. ALAK TSAWA RINPOCHE-u Geshe Alak Tsawa Rinpoche Lobsang Tempe Gyaltsen ro\u0111en je u tibetanskoj obitelji u Shilongu (Asam-isto\u010dna Indija) kao drugo dijete Tsering Dondrub-a i majke Pema Dolme, oboje rodom iz tibetanske pokrajine Amdo. Vrlo rano, kao maleno dijete, Rinpoche je pokazao izuzetan interes za redovni\u010dki \u017eivot, \u010desto kri\u0161om nestaju\u0107i od ku\u0107e, tr\u010de\u0107i [&hellip;]","og_url":"https:\/\/padmasana.hr\/en\/ven-alak-tsawa-rinpoche\/","og_site_name":"Hrvatsko Budisti\u010dko Dru\u0161tvo &quot;Padmasana&quot;","article_publisher":"https:\/\/www.facebook.com\/profile.php?id=100064443051947","article_modified_time":"2025-02-25T18:28:18+00:00","og_image":[{"width":125,"height":170,"url":"https:\/\/padmasana.hr\/wp-content\/uploads\/2014\/03\/LamaAlakTsawa.jpg","type":"image\/jpeg"}],"twitter_card":"summary_large_image","twitter_misc":{"Est. reading time":"2 minutes"},"schema":{"@context":"https:\/\/schema.org","@graph":[{"@type":"WebPage","@id":"https:\/\/padmasana.hr\/ven-alak-tsawa-rinpoche\/","url":"https:\/\/padmasana.hr\/ven-alak-tsawa-rinpoche\/","name":"Ven. Alak Tsawa Rinpoche - Hrvatsko Budisti\u010dko Dru\u0161tvo &quot;Padmasana&quot;","isPartOf":{"@id":"https:\/\/padmasana.hr\/en\/#website"},"primaryImageOfPage":{"@id":"https:\/\/padmasana.hr\/ven-alak-tsawa-rinpoche\/#primaryimage"},"image":{"@id":"https:\/\/padmasana.hr\/ven-alak-tsawa-rinpoche\/#primaryimage"},"thumbnailUrl":"http:\/\/padmasana.hr\/wp-content\/uploads\/2014\/03\/LamaAlakTsawa.jpg","datePublished":"2014-03-30T12:27:47+00:00","dateModified":"2025-02-25T18:28:18+00:00","breadcrumb":{"@id":"https:\/\/padmasana.hr\/ven-alak-tsawa-rinpoche\/#breadcrumb"},"inLanguage":"en-US","potentialAction":[{"@type":"ReadAction","target":["https:\/\/padmasana.hr\/ven-alak-tsawa-rinpoche\/"]}]},{"@type":"ImageObject","inLanguage":"en-US","@id":"https:\/\/padmasana.hr\/ven-alak-tsawa-rinpoche\/#primaryimage","url":"http:\/\/padmasana.hr\/wp-content\/uploads\/2014\/03\/LamaAlakTsawa.jpg","contentUrl":"http:\/\/padmasana.hr\/wp-content\/uploads\/2014\/03\/LamaAlakTsawa.jpg"},{"@type":"BreadcrumbList","@id":"https:\/\/padmasana.hr\/ven-alak-tsawa-rinpoche\/#breadcrumb","itemListElement":[{"@type":"ListItem","position":1,"name":"Home","item":"https:\/\/padmasana.hr\/"},{"@type":"ListItem","position":2,"name":"Ven. Alak Tsawa Rinpoche"}]},{"@type":"WebSite","@id":"https:\/\/padmasana.hr\/en\/#website","url":"https:\/\/padmasana.hr\/en\/","name":"Hrvatsko Budisti\u010dko Dru\u0161tvo \"Padmasana\"","description":"","publisher":{"@id":"https:\/\/padmasana.hr\/en\/#organization"},"potentialAction":[{"@type":"SearchAction","target":{"@type":"EntryPoint","urlTemplate":"https:\/\/padmasana.hr\/en\/?s={search_term_string}"},"query-input":{"@type":"PropertyValueSpecification","valueRequired":true,"valueName":"search_term_string"}}],"inLanguage":"en-US"},{"@type":"Organization","@id":"https:\/\/padmasana.hr\/en\/#organization","name":"Hrvatsko Budisti\u010dko Dru\u0161tvo \"Padmasana\"","url":"https:\/\/padmasana.hr\/en\/","logo":{"@type":"ImageObject","inLanguage":"en-US","@id":"https:\/\/padmasana.hr\/en\/#\/schema\/logo\/image\/","url":"https:\/\/padmasana.hr\/wp-content\/uploads\/2024\/04\/cropped-logotip-of-padmasana.jpg","contentUrl":"https:\/\/padmasana.hr\/wp-content\/uploads\/2024\/04\/cropped-logotip-of-padmasana.jpg","width":512,"height":512,"caption":"Hrvatsko Budisti\u010dko Dru\u0161tvo \"Padmasana\""},"image":{"@id":"https:\/\/padmasana.hr\/en\/#\/schema\/logo\/image\/"},"sameAs":["https:\/\/www.facebook.com\/profile.php?id=100064443051947"]}]}},"_links":{"self":[{"href":"https:\/\/padmasana.hr\/en\/wp-json\/wp\/v2\/pages\/212","targetHints":{"allow":["GET"]}}],"collection":[{"href":"https:\/\/padmasana.hr\/en\/wp-json\/wp\/v2\/pages"}],"about":[{"href":"https:\/\/padmasana.hr\/en\/wp-json\/wp\/v2\/types\/page"}],"author":[{"embeddable":true,"href":"https:\/\/padmasana.hr\/en\/wp-json\/wp\/v2\/users\/3"}],"replies":[{"embeddable":true,"href":"https:\/\/padmasana.hr\/en\/wp-json\/wp\/v2\/comments?post=212"}],"version-history":[{"count":13,"href":"https:\/\/padmasana.hr\/en\/wp-json\/wp\/v2\/pages\/212\/revisions"}],"predecessor-version":[{"id":1898,"href":"https:\/\/padmasana.hr\/en\/wp-json\/wp\/v2\/pages\/212\/revisions\/1898"}],"wp:attachment":[{"href":"https:\/\/padmasana.hr\/en\/wp-json\/wp\/v2\/media?parent=212"}],"curies":[{"name":"wp","href":"https:\/\/api.w.org\/{rel}","templated":true}]}}