{"id":210,"date":"2014-03-30T12:27:35","date_gmt":"2014-03-30T12:27:35","guid":{"rendered":"http:\/\/padmasana.tk\/?page_id=210"},"modified":"2025-02-25T19:28:39","modified_gmt":"2025-02-25T18:28:39","slug":"ven-gangten-trulku-rinpoche","status":"publish","type":"page","link":"https:\/\/padmasana.hr\/en\/ven-gangten-trulku-rinpoche\/","title":{"rendered":"Ven. Gangten Trulku Rinpoche"},"content":{"rendered":"<div class=\"wp-block-image\">\r\n<figure class=\"aligncenter\"><img loading=\"lazy\" decoding=\"async\" width=\"252\" height=\"353\" class=\"wp-image-450\" src=\"http:\/\/padmasana.hr\/wp-content\/uploads\/2014\/03\/Ganktennaslovnica.jpg\" alt=\"Ganktennaslovnica\" srcset=\"https:\/\/padmasana.hr\/wp-content\/uploads\/2014\/03\/Ganktennaslovnica.jpg 252w, https:\/\/padmasana.hr\/wp-content\/uploads\/2014\/03\/Ganktennaslovnica-214x300.jpg 214w\" sizes=\"auto, (max-width: 252px) 100vw, 252px\" \/><\/figure>\r\n<\/div>\r\n\r\n\r\n<p><b>H.E. Gangteng Tulku Rinpoche<\/b>.<\/p>\r\n\r\n\r\n\r\n<p>Godine 1955. <b>Kunzang Pema Namgyal, deveti Gangteng Tulku<\/b>, ro\u0111en je u blizini Tongsa u udaljenom, planinskom i prelijepom podru\u010dju sredi\u0161njeg Butana. Jednog dana, u dobi od tri godine, dok se igrao u \u0161umi, Kunzang Pema Namgyal, uzeo je o\u010dev medaljon (tib. Gau) u kojem se nalazio mali kip Buddhe. Otvorio je Gau i nje\u017eno uklonio kip. Odjednom, kip je o\u017eivio i\u00a0 progovorio, &#8220;Idem u Gangteng Gonpa-u!&#8221;, a zatim\u00a0 odletio. Kada je Kunzangov otac\u00a0 saznao da je njegov sin izgubio dragocjeni kip, po\u010deo je pljuskati dje\u010daka. No, nakon saslu\u0161anja dje\u010djeg obja\u0161njenja, otac je zastao u \u010dudu i poklonio se svojem mladom sinu.<\/p>\r\n\r\n\r\n\r\n<p>Godine 1959. nitko u obitelji mladog Tulku-a nikada nije \u010duo za ime Gangteng Gonpa-e, koja je bila smje\u0161tena u dalekoj skrivenog zemlji Phobjika doline. Neuvjerljivo, dijete su nazvali &#8216;zimski dom posebnog crno-vratog \u017edrala, kao i sjedi\u0161te Gangteng Tulku-a, pojavnog tijela kralja tertona iz 16. stolje\u0107a\u00a0 (otkriva\u010da skrivenih riznica-blaga), svetog za\u0161titnika Butana, Pema Lingpa-e .<\/p>\r\n\r\n\r\n\r\n<p><b>Nakon toga, Kunzang Pema Namgyal je prepoznat i potvr\u0111en od Njegove Svetosti 16. Gyalwa Karmape, Rangjung Rigpe Dorjee, Njegove Svetosti Dudjom Jigdral Yeshe Dorjee, Njegove Svetosti Dilgo Khyentse Rinpoche-a i drugih majstora Vajrayana budizma, kao deveta uzastopna emanacija tijela Pema Lingpa-e. <\/b><\/p>\r\n\r\n\r\n\r\n<p>Kao redovnik u samostanu Tongsa, pro\u0161ao je tradicionalni odgoj primjeren inkarniranom lami prije nego \u0161to je slu\u017ebeno ustoli\u010den u dobi od \u0161esnaest godina kao 9. Gangteng Tulku u Gangteng Gonpa-i, tradicionalnom sjedi\u0161tu Gangteng Tulku-a. Mladi opat je zatim preuzeo brigu o ostav\u0161tini svojih prethodnika \u2013 devetnaest privatno uzdr\u017eavanih Nyingma samostana i meditacijskih samoti\u0161ta \u00a0(od tih godina, broj je narastao na vi\u0161e od trideset).<\/p>\r\n\r\n\r\n\r\n<p>Pema Lingpa osobno je izabrao mjesto za Gangteng Gonpa-u. Gradnju samostana po\u010deo je u 16. stolje\u0107u unuk Pema Lingpa-e, prvi Gangteng Tulku, a gradnju je dovr\u0161io kasnije u tom stolje\u0107u drugi Gangteng Tulku. Naziv samostana jednostavan je i prikladan, &#8221;Top of the Hill&#8221; i pripisuje se Pema Lingpa-i. Gangteng Gonpa nalazi se u Wangdue Phodrang distriktu u sredi\u0161njem Butanu i va\u017ean je samostan Nyingma-pa (stare budisti\u010dke \u0161kole). <b>Samostan predstavlja jedno od glavnih sjedi\u0161ta vjerske tradicije koja se temelji na termama Pema Lingpa-e i jedan od dva glavna sredi\u0161ta Nyingma-pa \u0161kole u Butanu. <\/b><\/p>\r\n\r\n\r\n\r\n<p>9. Gangteng Tulku zapo\u010deo je tri godine osobnog studija s Njeg. Sv. Dudjom Jigdral Yeshe Dorje Rinpoche-om, tada\u0161njim poglavarom Nyingma loze, primiv\u0161i od njega cjelovitu skupinu\u00a0 opunomo\u0107enja i usmenih prijenosa u lozi Pema Lingpa-e , kao i od Njegove Svetosti Dilgo Khyentse Rinpoche-a. Nakon tog studija Gangteng Tulku je proveo osam godina u gotovo stalnom meditacijskom povla\u010denju pod tutorstvom biv\u0161eg Je Khenpo-a, Tenzin Dondupa. Tenzin Dondup je cijenjen kao jedan od najva\u017enijih visoko ostvarenih Dzogchen majstora na\u0161eg vremena.<\/p>\r\n\r\n\r\n\r\n<p>Kao primarni <b>nositelj Pema Lingpa loze, Gangteng Tulku<\/b> suo\u010dio se s te\u0161kim zadatkom ponovnog uspostavljanja dragocjenih praksi i u\u010denja Pema Lingpa loze i fizi\u010dke strukture Gangteng Tulku samostana koji je tokom vremena ozbiljno propao. \u0160to je jo\u0161 gore, ozbiljnost situacije pogor\u0161ao je gotovo potpun gubitak Pema Lingpa tradicije u Tibetu. Tibetanska tradicija Pema Lingpa-e bila je stolje\u0107ima \u010dvrsto uspostavljena u samostanima Sungtrul i Tukse tulku-a \u00a0(emanacija govora i uma Pema Lingpa-e ) .<\/p>\r\n\r\n\r\n\r\n<p>U to vrijeme on je po\u010deo s razdobljem intenzivnih u\u010diteljskih aktivnosti u Butanu, a tako\u0111er je nastavio i s osobnim daljnjim studijama u Nepalu uz \u0161tovanog Dzogchen majstora, Njegovu Svetost Chatral Rinpoche-a. Na prijedlog svog u\u010ditelja, biv\u0161eg Je Khenpo-a, Tenzin Dondup Rinpoche-a, 9. Gangteng Tulku odlu\u010dio je sredinom 1980. posjetiti Zapad i pou\u010davati u Dzogchen tradiciji. Njegov je cilj bio i oja\u010dati Pema Lingpa lozu time \u0161to \u0107e dijeliti u\u010denja me\u0111u zapadne studente,\u00a0 prikupljaju\u0107i financijsku pomo\u0107 kako za obnovu 400 godina starog Gangteng samostana, tako i za mnoge druge Dharma projekte koje je zapo\u010deo u Butanu.<\/p>\r\n\r\n\r\n\r\n<p>Zavr\u0161iv\u0161i jo\u0161 jedno trogodi\u0161nje povla\u010denje 1992. Gangteng Tulku Rinpoche je radio bez prestanka kako bi se osiguralo pre\u017eivljavanje kako u\u010denja tako i praksi Pema Lingpa tradicije. Projekti poput dva retreat centra za trogodi\u0161nje povla\u010denje, osamljeno Dzogchen pustinja\u010dko obitavali\u0161te za trogodi\u0161nje povla\u010denje, novi samostan \u00a0(Ogyen Ling ) u blizini podru\u010dja njegova ro\u0111enja\u00a0 u Tongsa-i,\u00a0 \u017eenski samostan i shedra za \u017eene u blizini Pema Lingpa rodnog mjesta u Bumthangu, te vrlo hvaljena shedra na razini sveu\u010dili\u0161ta u susjedstvu Gangteng Gonpa-e, samo su neki od rezultata Gangteng Tulkovih impresivnih napora za ponovnim o\u017eivljavanjem Pema Lingpa loze u Butanu kao i nastojanja da se ono pro\u0161iri po mnogim drugim dijelovima svijeta.<\/p>\r\n\r\n\r\n\r\n<p><b>Rinpoche je tokom\u00a0 mnogih\u00a0 godina putovanja i podu\u010davanja\u00a0 u Europi i Americi,\u00a0 osnovao\u00a0 i mnogo centara u svijetu. Njegovi glavni retreat centri na Zapadu su Pema Yang Dzong u Francuskoj i Choying Dzong u Coloradu, (USA).<\/b><\/p>","protected":false},"excerpt":{"rendered":"<p>H.E. Gangteng Tulku Rinpoche. Godine 1955. Kunzang Pema Namgyal, deveti Gangteng Tulku, ro\u0111en je u blizini Tongsa u udaljenom, planinskom i prelijepom podru\u010dju sredi\u0161njeg Butana. Jednog dana, u dobi od tri godine, dok se igrao u \u0161umi, Kunzang Pema Namgyal, uzeo je o\u010dev medaljon (tib. Gau) u kojem se nalazio mali kip Buddhe. Otvorio je [&hellip;]<\/p>\n","protected":false},"author":3,"featured_media":0,"parent":0,"menu_order":0,"comment_status":"closed","ping_status":"closed","template":"","meta":{"iawp_total_views":29,"footnotes":""},"class_list":["post-210","page","type-page","status-publish","hentry"],"yoast_head":"<!-- This site is optimized with the Yoast SEO plugin v27.4 - https:\/\/yoast.com\/product\/yoast-seo-wordpress\/ -->\n<title>Ven. Gangten Trulku Rinpoche - Hrvatsko Budisti\u010dko Dru\u0161tvo &quot;Padmasana&quot;<\/title>\n<meta name=\"robots\" content=\"index, follow, max-snippet:-1, max-image-preview:large, max-video-preview:-1\" \/>\n<link rel=\"canonical\" href=\"https:\/\/padmasana.hr\/en\/ven-gangten-trulku-rinpoche\/\" \/>\n<meta property=\"og:locale\" content=\"en_US\" \/>\n<meta property=\"og:type\" content=\"article\" \/>\n<meta property=\"og:title\" content=\"Ven. Gangten Trulku Rinpoche - Hrvatsko Budisti\u010dko Dru\u0161tvo &quot;Padmasana&quot;\" \/>\n<meta property=\"og:description\" content=\"H.E. Gangteng Tulku Rinpoche. Godine 1955. Kunzang Pema Namgyal, deveti Gangteng Tulku, ro\u0111en je u blizini Tongsa u udaljenom, planinskom i prelijepom podru\u010dju sredi\u0161njeg Butana. Jednog dana, u dobi od tri godine, dok se igrao u \u0161umi, Kunzang Pema Namgyal, uzeo je o\u010dev medaljon (tib. Gau) u kojem se nalazio mali kip Buddhe. Otvorio je [&hellip;]\" \/>\n<meta property=\"og:url\" content=\"https:\/\/padmasana.hr\/en\/ven-gangten-trulku-rinpoche\/\" \/>\n<meta property=\"og:site_name\" content=\"Hrvatsko Budisti\u010dko Dru\u0161tvo &quot;Padmasana&quot;\" \/>\n<meta property=\"article:publisher\" content=\"https:\/\/www.facebook.com\/profile.php?id=100064443051947\" \/>\n<meta property=\"article:modified_time\" content=\"2025-02-25T18:28:39+00:00\" \/>\n<meta property=\"og:image\" content=\"https:\/\/padmasana.hr\/wp-content\/uploads\/2014\/03\/Ganktennaslovnica.jpg\" \/>\n\t<meta property=\"og:image:width\" content=\"252\" \/>\n\t<meta property=\"og:image:height\" content=\"353\" \/>\n\t<meta property=\"og:image:type\" content=\"image\/jpeg\" \/>\n<meta name=\"twitter:card\" content=\"summary_large_image\" \/>\n<meta name=\"twitter:label1\" content=\"Est. reading time\" \/>\n\t<meta name=\"twitter:data1\" content=\"4 minutes\" \/>\n<script type=\"application\/ld+json\" class=\"yoast-schema-graph\">{\"@context\":\"https:\\\/\\\/schema.org\",\"@graph\":[{\"@type\":\"WebPage\",\"@id\":\"https:\\\/\\\/padmasana.hr\\\/ven-gangten-trulku-rinpoche\\\/\",\"url\":\"https:\\\/\\\/padmasana.hr\\\/ven-gangten-trulku-rinpoche\\\/\",\"name\":\"Ven. Gangten Trulku Rinpoche - Hrvatsko Budisti\u010dko Dru\u0161tvo &quot;Padmasana&quot;\",\"isPartOf\":{\"@id\":\"https:\\\/\\\/padmasana.hr\\\/en\\\/#website\"},\"primaryImageOfPage\":{\"@id\":\"https:\\\/\\\/padmasana.hr\\\/ven-gangten-trulku-rinpoche\\\/#primaryimage\"},\"image\":{\"@id\":\"https:\\\/\\\/padmasana.hr\\\/ven-gangten-trulku-rinpoche\\\/#primaryimage\"},\"thumbnailUrl\":\"http:\\\/\\\/padmasana.hr\\\/wp-content\\\/uploads\\\/2014\\\/03\\\/Ganktennaslovnica.jpg\",\"datePublished\":\"2014-03-30T12:27:35+00:00\",\"dateModified\":\"2025-02-25T18:28:39+00:00\",\"breadcrumb\":{\"@id\":\"https:\\\/\\\/padmasana.hr\\\/ven-gangten-trulku-rinpoche\\\/#breadcrumb\"},\"inLanguage\":\"en-US\",\"potentialAction\":[{\"@type\":\"ReadAction\",\"target\":[\"https:\\\/\\\/padmasana.hr\\\/ven-gangten-trulku-rinpoche\\\/\"]}]},{\"@type\":\"ImageObject\",\"inLanguage\":\"en-US\",\"@id\":\"https:\\\/\\\/padmasana.hr\\\/ven-gangten-trulku-rinpoche\\\/#primaryimage\",\"url\":\"http:\\\/\\\/padmasana.hr\\\/wp-content\\\/uploads\\\/2014\\\/03\\\/Ganktennaslovnica.jpg\",\"contentUrl\":\"http:\\\/\\\/padmasana.hr\\\/wp-content\\\/uploads\\\/2014\\\/03\\\/Ganktennaslovnica.jpg\"},{\"@type\":\"BreadcrumbList\",\"@id\":\"https:\\\/\\\/padmasana.hr\\\/ven-gangten-trulku-rinpoche\\\/#breadcrumb\",\"itemListElement\":[{\"@type\":\"ListItem\",\"position\":1,\"name\":\"Home\",\"item\":\"https:\\\/\\\/padmasana.hr\\\/\"},{\"@type\":\"ListItem\",\"position\":2,\"name\":\"Ven. Gangten Trulku Rinpoche\"}]},{\"@type\":\"WebSite\",\"@id\":\"https:\\\/\\\/padmasana.hr\\\/en\\\/#website\",\"url\":\"https:\\\/\\\/padmasana.hr\\\/en\\\/\",\"name\":\"Hrvatsko Budisti\u010dko Dru\u0161tvo \\\"Padmasana\\\"\",\"description\":\"\",\"publisher\":{\"@id\":\"https:\\\/\\\/padmasana.hr\\\/en\\\/#organization\"},\"potentialAction\":[{\"@type\":\"SearchAction\",\"target\":{\"@type\":\"EntryPoint\",\"urlTemplate\":\"https:\\\/\\\/padmasana.hr\\\/en\\\/?s={search_term_string}\"},\"query-input\":{\"@type\":\"PropertyValueSpecification\",\"valueRequired\":true,\"valueName\":\"search_term_string\"}}],\"inLanguage\":\"en-US\"},{\"@type\":\"Organization\",\"@id\":\"https:\\\/\\\/padmasana.hr\\\/en\\\/#organization\",\"name\":\"Hrvatsko Budisti\u010dko Dru\u0161tvo \\\"Padmasana\\\"\",\"url\":\"https:\\\/\\\/padmasana.hr\\\/en\\\/\",\"logo\":{\"@type\":\"ImageObject\",\"inLanguage\":\"en-US\",\"@id\":\"https:\\\/\\\/padmasana.hr\\\/en\\\/#\\\/schema\\\/logo\\\/image\\\/\",\"url\":\"https:\\\/\\\/padmasana.hr\\\/wp-content\\\/uploads\\\/2024\\\/04\\\/cropped-logotip-of-padmasana.jpg\",\"contentUrl\":\"https:\\\/\\\/padmasana.hr\\\/wp-content\\\/uploads\\\/2024\\\/04\\\/cropped-logotip-of-padmasana.jpg\",\"width\":512,\"height\":512,\"caption\":\"Hrvatsko Budisti\u010dko Dru\u0161tvo \\\"Padmasana\\\"\"},\"image\":{\"@id\":\"https:\\\/\\\/padmasana.hr\\\/en\\\/#\\\/schema\\\/logo\\\/image\\\/\"},\"sameAs\":[\"https:\\\/\\\/www.facebook.com\\\/profile.php?id=100064443051947\"]}]}<\/script>\n<!-- \/ Yoast SEO plugin. -->","yoast_head_json":{"title":"Ven. Gangten Trulku Rinpoche - Hrvatsko Budisti\u010dko Dru\u0161tvo &quot;Padmasana&quot;","robots":{"index":"index","follow":"follow","max-snippet":"max-snippet:-1","max-image-preview":"max-image-preview:large","max-video-preview":"max-video-preview:-1"},"canonical":"https:\/\/padmasana.hr\/en\/ven-gangten-trulku-rinpoche\/","og_locale":"en_US","og_type":"article","og_title":"Ven. Gangten Trulku Rinpoche - Hrvatsko Budisti\u010dko Dru\u0161tvo &quot;Padmasana&quot;","og_description":"H.E. Gangteng Tulku Rinpoche. Godine 1955. Kunzang Pema Namgyal, deveti Gangteng Tulku, ro\u0111en je u blizini Tongsa u udaljenom, planinskom i prelijepom podru\u010dju sredi\u0161njeg Butana. Jednog dana, u dobi od tri godine, dok se igrao u \u0161umi, Kunzang Pema Namgyal, uzeo je o\u010dev medaljon (tib. Gau) u kojem se nalazio mali kip Buddhe. Otvorio je [&hellip;]","og_url":"https:\/\/padmasana.hr\/en\/ven-gangten-trulku-rinpoche\/","og_site_name":"Hrvatsko Budisti\u010dko Dru\u0161tvo &quot;Padmasana&quot;","article_publisher":"https:\/\/www.facebook.com\/profile.php?id=100064443051947","article_modified_time":"2025-02-25T18:28:39+00:00","og_image":[{"width":252,"height":353,"url":"https:\/\/padmasana.hr\/wp-content\/uploads\/2014\/03\/Ganktennaslovnica.jpg","type":"image\/jpeg"}],"twitter_card":"summary_large_image","twitter_misc":{"Est. reading time":"4 minutes"},"schema":{"@context":"https:\/\/schema.org","@graph":[{"@type":"WebPage","@id":"https:\/\/padmasana.hr\/ven-gangten-trulku-rinpoche\/","url":"https:\/\/padmasana.hr\/ven-gangten-trulku-rinpoche\/","name":"Ven. Gangten Trulku Rinpoche - Hrvatsko Budisti\u010dko Dru\u0161tvo &quot;Padmasana&quot;","isPartOf":{"@id":"https:\/\/padmasana.hr\/en\/#website"},"primaryImageOfPage":{"@id":"https:\/\/padmasana.hr\/ven-gangten-trulku-rinpoche\/#primaryimage"},"image":{"@id":"https:\/\/padmasana.hr\/ven-gangten-trulku-rinpoche\/#primaryimage"},"thumbnailUrl":"http:\/\/padmasana.hr\/wp-content\/uploads\/2014\/03\/Ganktennaslovnica.jpg","datePublished":"2014-03-30T12:27:35+00:00","dateModified":"2025-02-25T18:28:39+00:00","breadcrumb":{"@id":"https:\/\/padmasana.hr\/ven-gangten-trulku-rinpoche\/#breadcrumb"},"inLanguage":"en-US","potentialAction":[{"@type":"ReadAction","target":["https:\/\/padmasana.hr\/ven-gangten-trulku-rinpoche\/"]}]},{"@type":"ImageObject","inLanguage":"en-US","@id":"https:\/\/padmasana.hr\/ven-gangten-trulku-rinpoche\/#primaryimage","url":"http:\/\/padmasana.hr\/wp-content\/uploads\/2014\/03\/Ganktennaslovnica.jpg","contentUrl":"http:\/\/padmasana.hr\/wp-content\/uploads\/2014\/03\/Ganktennaslovnica.jpg"},{"@type":"BreadcrumbList","@id":"https:\/\/padmasana.hr\/ven-gangten-trulku-rinpoche\/#breadcrumb","itemListElement":[{"@type":"ListItem","position":1,"name":"Home","item":"https:\/\/padmasana.hr\/"},{"@type":"ListItem","position":2,"name":"Ven. Gangten Trulku Rinpoche"}]},{"@type":"WebSite","@id":"https:\/\/padmasana.hr\/en\/#website","url":"https:\/\/padmasana.hr\/en\/","name":"Hrvatsko Budisti\u010dko Dru\u0161tvo \"Padmasana\"","description":"","publisher":{"@id":"https:\/\/padmasana.hr\/en\/#organization"},"potentialAction":[{"@type":"SearchAction","target":{"@type":"EntryPoint","urlTemplate":"https:\/\/padmasana.hr\/en\/?s={search_term_string}"},"query-input":{"@type":"PropertyValueSpecification","valueRequired":true,"valueName":"search_term_string"}}],"inLanguage":"en-US"},{"@type":"Organization","@id":"https:\/\/padmasana.hr\/en\/#organization","name":"Hrvatsko Budisti\u010dko Dru\u0161tvo \"Padmasana\"","url":"https:\/\/padmasana.hr\/en\/","logo":{"@type":"ImageObject","inLanguage":"en-US","@id":"https:\/\/padmasana.hr\/en\/#\/schema\/logo\/image\/","url":"https:\/\/padmasana.hr\/wp-content\/uploads\/2024\/04\/cropped-logotip-of-padmasana.jpg","contentUrl":"https:\/\/padmasana.hr\/wp-content\/uploads\/2024\/04\/cropped-logotip-of-padmasana.jpg","width":512,"height":512,"caption":"Hrvatsko Budisti\u010dko Dru\u0161tvo \"Padmasana\""},"image":{"@id":"https:\/\/padmasana.hr\/en\/#\/schema\/logo\/image\/"},"sameAs":["https:\/\/www.facebook.com\/profile.php?id=100064443051947"]}]}},"_links":{"self":[{"href":"https:\/\/padmasana.hr\/en\/wp-json\/wp\/v2\/pages\/210","targetHints":{"allow":["GET"]}}],"collection":[{"href":"https:\/\/padmasana.hr\/en\/wp-json\/wp\/v2\/pages"}],"about":[{"href":"https:\/\/padmasana.hr\/en\/wp-json\/wp\/v2\/types\/page"}],"author":[{"embeddable":true,"href":"https:\/\/padmasana.hr\/en\/wp-json\/wp\/v2\/users\/3"}],"replies":[{"embeddable":true,"href":"https:\/\/padmasana.hr\/en\/wp-json\/wp\/v2\/comments?post=210"}],"version-history":[{"count":8,"href":"https:\/\/padmasana.hr\/en\/wp-json\/wp\/v2\/pages\/210\/revisions"}],"predecessor-version":[{"id":1904,"href":"https:\/\/padmasana.hr\/en\/wp-json\/wp\/v2\/pages\/210\/revisions\/1904"}],"wp:attachment":[{"href":"https:\/\/padmasana.hr\/en\/wp-json\/wp\/v2\/media?parent=210"}],"curies":[{"name":"wp","href":"https:\/\/api.w.org\/{rel}","templated":true}]}}