{"id":208,"date":"2014-03-30T12:27:24","date_gmt":"2014-03-30T12:27:24","guid":{"rendered":"http:\/\/padmasana.tk\/?page_id=208"},"modified":"2025-03-14T15:37:46","modified_gmt":"2025-03-14T14:37:46","slug":"veliki-dzogchen-14-ganor-rinpoche","status":"publish","type":"page","link":"https:\/\/padmasana.hr\/en\/veliki-dzogchen-14-ganor-rinpoche\/","title":{"rendered":"The Great Dzogchen 14th Ganor Rinpoche"},"content":{"rendered":"<div class=\"wp-block-image\">\r\n<figure class=\"aligncenter\"><img loading=\"lazy\" decoding=\"async\" width=\"250\" height=\"188\" class=\"wp-image-404\" src=\"http:\/\/padmasana.hr\/wp-content\/uploads\/2014\/03\/14gtr.jpg\" alt=\"14gtr\" \/><\/figure>\r\n<\/div>\r\n\r\n\r\n<p><strong>14. GANOR DZOGCHEN RINPOCHE-u<\/strong><\/p>\r\n\r\n\r\n\r\n<p><em><b>Dzogchen Thupten Choekyi Nyima Ghaway Norbu,<\/b><\/em> poznat kao <em><b>Veliki Dzogchen 14. Ganor<\/b><\/em> <em><b>Rinpoche,<\/b><\/em> <em><b>boravio je u Zagrebu od 12. 06. do 28. 06. 07. u Centru za budisti\u010dki studij, meditaciju i duhovnu kulturu \u201ePadmasana\u201c. Rinpoche je u ovom \u017eivotu nosilac 21 tajne riznice mudrosti \u201eTerme\u201c(sa-ter i nam-ter), \u010dija je autenti\u010dnost potvr\u0111ena od H.H. Dalai Lame.<\/b><\/em><br \/>U\u010denja, inicijacije i meditacijske prakse s Rinpocheom trajale su punih osam dana od 15.06 do 18.06. i od 22.06 do 25.06. i u tom je vremenu Rinpoche prenio \u010detrdesetorici studenata \u010dlanova Padmasane izuzetno rijetka i dragocjena u\u010denja i specifi\u010dne prakse Dzogchen &#8211; Terton loze koja je zapo\u010dela u starom Tibetu dolaskom budisti\u010dkog adepta Lopon Padmasambhawe poznatog u Tibetu kao Guru Rinpoche-a (8. vijek) i pojavom njegovih prvih dvadeset i pet u\u010denika.<br \/>&#8216;Rinpocheove rije\u010di&#8217; je u Zagrebu s tibetanskog jezika (Derge dijalekta Do-Kham-a) prevodio na hrvatski njegov stari u\u010denik i suradnik Lobsang Norbu (Drago), predsjednik H.B.D. Padmasane.<br \/><em><b>Ganor Rinpoche je izuzetan ne-stereotipan tibetanski Nyingmapa lama u lozi autenti\u010dnih povijesnih tertona,<\/b><\/em><i> <\/i><em><b>budisti\u010dkih siddha (otkrivatelja dragocjenih duhovnih riznica), \u010dije je ime<\/b><\/em> <em><b>upisano u starom tekstu Rinchen Tertso o terton lozama<\/b><\/em>, mjestima i skrivenim riznicama koje su u ljudskom prostoru i vremenu ostavila bi\u0107a prvobitne svjesnosti mudrosti (potpuno ostvareni vidyadhare ili rigdzin-i), kako bi time pomogli ljudskim bi\u0107ima u razli\u010ditim vremenima u njihovom duhovnom rastu i kroz razli\u010dite metode im ukazali na put ka istini i sre\u0107i koju tra\u017ee. Tertoni su izuzetno va\u017eni za o\u010duvanje izvorne tibetanske budisti\u010dke tradicije koja je kasnije nazvana \u0161kolom Nyingmapa (sljedbenika starih u\u010denja). Budisti\u010dka su u\u010denja puta sutre i tantre prvobitno stigla iz Indije sa indijskim budisti\u010dkim panditom Kempo Bodhisattvom (Shantarakshitom), ostvarenim majstorom svih Buddhinih tekstova, u\u010denim Vairochanom i ostalim Mahasattvama bodhisattvama koji su se okupili oko Guru Rinpochea po njegovom dolasku u Tibet. Tradicija se o\u010duvala i po\u010dela prenositi Snje\u017enom zemljom zahvaljuju\u0107i snazi duhovne realizacije prvih dvadeset i pet Guru Rinpocheovih u\u010denika, poput tibetanskog kralja Trisong Detsena, Khandro Yeshe Tsogyal, Dakini Mandarawe, Gyalwe Chogyanga, Longchen Rabjampe, Lha Lung Peldora , Namkai Nyingpo-a i drugih tibetanskih bodhisattvi. Pojava njihove besmrtne mudrosti ima uzroke u suosje\u0107ajnoj mo\u0107i Guruovog blagoslova i kolekciji vrlina kod studenata iz pro\u0161lih \u017eivota, na osnovu \u010dega se rodila nepokolebljiva vjera u u\u010diteljev um kao izvor kona\u010dne mudrosti i bla\u017eenstva. Tako su prvi u\u010denici Velikog Guru Rinpochea iz zemlje Orgyan dobili blagoslov svih Buddha i bodhisattvi da mra\u010dnim Tibetom orijentiranim prema Bon tradiciji koja je tada dominirala, pro\u0161ire doktrinu svijetlosti kona\u010dne mudrosti velikog pobjednika nad iluzijom sebstva Tathagate Buddhe Shakyamunija. Bila je to \u017eivotna misija bez premca koja je prouzro\u010dila neizmjerno dobro u cijeloj povijesti budisti\u010dkog Tibeta i dala osnovu za sve kasnije tibetanske budisti\u010dke \u0161kole kao i daljnje \u0161irenje izvorne i cjelovite Vajrayana doktrine u susjedne zemlje, sve do dana\u0161njih dana \u0161irenja na Zapad u skladu s proro\u010danstvom samog Buddhe o zadnjem okretaju kota\u010da Dharme.<\/p>\r\n\r\n\r\n\r\n<p>Iako je Rinpoche potekao iz tradicije Dzogchena i pripada Nyingmapa redu, on je i majstor Mahamudre, \u0161est yogha Narope, yogha sestara Niguna i posebno u\u010den u tradiciji Khadro Thana kao i u Drikung Kagyupa (Drikung-pa) lozama usmenih prijenosa. Zavr\u0161io je pet preliminarnih praksi (Ngodro) u skladu sa odre\u0111enom tantri\u010dkom tradicijom i posjeduje rijetka tantri\u010dka postignu\u0107a u Mantrayani kroz milijune izvedenih mantri na Yidame (meditativna tantri\u010dka bo\u017eanstva) iz \u010detiri tibetanske \u0161kole, pa predstavlja utjelovljenje \u017eivu\u0107eg\u00a0 u\u010ditelja-majstora Rime-a (ne-sekta\u0161tva u razumijevanju i prakticiranju Buddhine doktrine). Ganor Rinpoche vrlo je blizak Njegovoj Svetosti Dalai Lami i njegov je \u010desti gost u Dharamsali (indijskom dijelu zapadnih obronaka visokih Himalaja), gdje godi\u0161nje predvodi tantri\u010dke rituale Tsechu, Nyernga, Phurdhogs (na osnovi tajne vizije bo\u017eanstva Phurbe od kojeg je direktno primio inicijaciju) i terma praksu Ratna Lingpa-e \u201eVeliki tajni Guhyasamaja\u201c sa stotinu tisu\u0107a tsog prinosa Vajrasattvi u desetom mjesecu po tibetanskom mjese\u010devom kalendaru za dugi \u017eivot Njegove Svetosti Dalai Lame.<br \/>Ganor Rinpoche je poseban u tradiciji Tertona po tome \u0161to je jedan od pet \u017eivu\u0107ih tertona koji se spominju u starim spisima o lozama tertona i siddha koji \u0107e otkriti (otpe\u010datiti) ve\u0107 postoje\u0107e tajne duhovne riznice \u201eTerme\u201c pohranjene na zapadnom podru\u010dju u vrijeme \u0161irenja budisti\u010dke dharme na Zapad. U toj je misiji pored \u0160vicarske posjetio i Hrvatsku i utisnuo duhovnu prisutnost Tertona u prvih \u010detrdesetak odabranih u\u010denika iz hrvatskog budisti\u010dkog<i> <\/i>centra &#8216;Padmasana&#8217; posve\u010denog tradiciji &#8221;Rime&#8221;. Na taj na\u010din H.B.D. &#8216;Padmasana&#8217; je dobila najve\u0107u mogu\u0107u\u00a0potvrdu svoje vrijednosti i dragocjen blagoslov loze tertona za svoj rad i smisao svog daljnjeg postojanja.<\/p>\r\n\r\n\r\n<div class=\"wp-block-image\">\r\n<figure class=\"alignleft\"><img loading=\"lazy\" decoding=\"async\" width=\"211\" height=\"145\" class=\"wp-image-408 alignnone\" src=\"http:\/\/padmasana.hr\/wp-content\/uploads\/2014\/03\/ganor01.jpg\" alt=\"ganor01\" \/><\/figure>\r\n<\/div>\r\n\r\n<div class=\"wp-block-image\">\r\n<figure class=\"alignleft\"><img loading=\"lazy\" decoding=\"async\" width=\"211\" height=\"145\" class=\"wp-image-409 aligncenter\" src=\"http:\/\/padmasana.hr\/wp-content\/uploads\/2014\/03\/ganor02.jpg\" alt=\"ganor02\" \/><\/figure>\r\n<\/div>\r\n\r\n<div class=\"wp-block-image\">\r\n<figure class=\"alignleft\"><img loading=\"lazy\" decoding=\"async\" width=\"211\" height=\"145\" class=\"wp-image-410 aligncenter\" src=\"http:\/\/padmasana.hr\/wp-content\/uploads\/2014\/03\/ganor03.jpg\" alt=\"ganor03\" \/><\/figure>\r\n<\/div>\r\n\r\n<div class=\"wp-block-image\">\r\n<figure class=\"alignleft\"><img loading=\"lazy\" decoding=\"async\" width=\"211\" height=\"145\" class=\"wp-image-411 aligncenter\" src=\"http:\/\/padmasana.hr\/wp-content\/uploads\/2014\/03\/ganor04.jpg\" alt=\"ganor04\" \/><\/figure>\r\n<\/div>\r\n\r\n<div class=\"wp-block-image\">\r\n<figure class=\"alignleft\"><img loading=\"lazy\" decoding=\"async\" width=\"211\" height=\"145\" class=\"wp-image-412 aligncenter\" src=\"http:\/\/padmasana.hr\/wp-content\/uploads\/2014\/03\/ganor05.jpg\" alt=\"ganor05\" \/><\/figure>\r\n<\/div>\r\n\r\n<div class=\"wp-block-image\">\r\n<figure class=\"alignleft\"><img loading=\"lazy\" decoding=\"async\" width=\"211\" height=\"147\" class=\"wp-image-413 alignnone\" src=\"http:\/\/padmasana.hr\/wp-content\/uploads\/2014\/03\/ganor06.jpg\" alt=\"ganor06\" \/><\/figure>\r\n<p>&nbsp;<\/p>\r\n<p>&nbsp;<\/p>\r\n<p>&nbsp;<\/p>\r\n<p>&nbsp;<\/p>\r\n<p>&nbsp;<\/p>\r\n<\/div>\r\n\r\n\r\n<p>&nbsp;<\/p>\r\n\r\n\r\n\r\n<p>&nbsp;<\/p>\r\n\r\n\r\n\r\n<p>&nbsp;<\/p>\r\n\r\n\r\n\r\n<p>&nbsp;<\/p>\r\n\r\n\r\n\r\n<p>Tertonska loza Ganora i njegovog brata Lhadhang Palden Choegyal Rinpoche-a, opata starog samostana Lhadhang kojeg je podigao 1688, Jadel Kunchog Tenzin Rinpoche u isto\u010dnom dijelu grada Wonpo Toe Tashi Teng u oblasti Kham\/Derge u Tibetu. Samostan je vijekovima pripadao inkarnacijama tertona Ganor loze i bio sjedi\u0161te Nyingmapa duhovne tradicije. \u00a0Terton Tawa nGoshi\u00a0 bio je prva inkarnacija Gyalwe Chogyanga, jednog od 25 studenata Guru Rinpochea. Terton Longchen Rabjang inkarnacija je tertona Tawa nGoshi- a, daljnje inkarnacije su tertoni Thruteb Tandom Gyapo, Thrutop Ngodrup, Thrutob Taksham Noden Dorje, Thrutob Tamdrin Gompo, nosilac Ngonter terme koja je u sustavu Rinchen Tertso), zatim terton gelong Tubten Namdrel Gyatso (poznat pod duhovnim imenom kao Lhadhang Palden Choegyal Rinpoche). Poznat je po specifi\u010dnim termama; Opa-Me-Ku termi, Ser-termi, Bel-pa termi (obred prizivanja ki\u0161e) i He (Purchen) termi (lete\u0107oj Phurbi). Choegyal\u00a0Rinpoche bio je brat Ganor Rinpochea, koji se inkarnirao ponovo kao Tubten Namdrol Gyatso, napustiv\u0161i\u00a0 tijelo (u svojoj 11. godini), kako je i sam pretkazao u pro\u0161lom \u017eivotu, ostaviv\u0161i vidljivi znak\u00a0realizacije otiskom svojeg stopala u tvrdoj kamenoj stijeni u blizini mjesta gdje je rastao. Choegyal Rinpoche ostavio je pismo kod Njegove Svetosti Dalai Lame i H.H. Penor Rinpochea,poglavara svih Nyingmapa, neposredno prije neuobi\u010dajenog na\u010dina napu\u0161tanja svog tijela, pretvoriv\u0161i svih \u0161est vitalnih organa i kosti u ringtsil, \u0161to je znak postignu\u0107a tri kaye. U pismu je upozorio na\u00a0 mnoge stvari koje \u0107e se u budu\u0107nosti zbiti i najavio je svoj ponovni dolazak u dvije sukcesivne inkarnacije od koje \u0107e prva biti vrlo kratka. Posljednju inkarnaciju biv\u0161eg Choegyal Rinpochea prona\u0161ao je i osobno potvrdio Njegova Svetost Dalai Lama, a potom i H.H. Penor Rinpoche. Yangtsin 13. Pema Trinley Drodul Rinpoche sada je star pet godina, majka mu je Pema Tsetso, tibetanska lije\u010dnica iz obitelji Ganor Rinpochea a Rinpoche je postao djed i tutor malog Yangtsina upravo kao \u0161to je u svom zape\u010da\u0107enom pismu Njegovoj Svetosti Dalai Lami prorekao 11. Lhadhang Palden Choegyal Rinpoche prije svoje smrti. <br \/><br \/>13. Pema Trinley Drodul Rinpoche primit \u0107e sva u\u010denja iz svoje tradicije tertona od svog djeda\u00a0i tutora Ganor Rinpochea i jedan je od pet tertona koji \u0107e u budu\u0107nosti\u00a0prona\u0107i i otpe\u010datiti neke od sakrivenih termi na Zapadu, \u010dime \u0107e se na tim podru\u010djima stvoriti uvjeti za trajnu postavku Dharme i budisti\u010dku Sanghu kroz inkarnirane u\u010ditelje.[\/vc_column_text][vc_row_inner][vc_column_inner width=&#8221;1\/1&#8243;][vc_column_text]Otisak stopala 14. Ganor Rinpoche-a u granitnom kamenu na dan 12.10.1986. godine izme\u0111u 18:00 i 19:00 popodne dok je predvodio ritualom Chod na stotinu podjela bo\u017eanstava Changbu kao dio posebnog tretmana za gospo\u0111u Cheme Peldon, \u017eenu Gyarong Karme iz 4. kamp-a tibetanske zajednice u mjestu Tezu. Gospo\u0111a Cheme je patila od ozbiljnog oboljenja uzrokovanog djelovanjem zlokobnih duhova, tako da sve standardne medicinske terapije nisu bile od pomo\u0107i. Dana 31. kolovoza 1983. u godini Vodenog Psa (sedmog mjeseca po tibetanskom lunarnom kalendaru) u vrijeme izlaska zvijezde Rishi, Rinpoche je prona\u0161ao kamenu vodenu riznicu u svetoj rijeci Brahmaputra u blizini mjesta Tezu. Iz ove kamene riznice neprestano izlazi mirisno ulje koje ima izuzetno ljekovito svojstvo da revitalizira funkcije tjelesnih organa.U periodu od 8. do 15.12.2005. godine (mjesec listopad po tibetanskom lunarnom kalendaru), Rinpoche je predvodio molitvu za postignu\u0107e dragocjenog dugog \u017eivota. U to vrijeme potekao je nektar (dutsi), iz obredne torme bo\u017eanstva dugovje\u010dnosti pred o\u010dima stotine redovnika samostana Namdroling u Ju\u017enoj Indiji (Belakoope).Samostan &#8216;Lhagon Jangchub Choe Ling&#8217; Tezu Lama Kamp 2 u Arunachal Pradesh &#8211; Indija, sjedi\u0161te 14. Ganor Dzogchen Rinpoche-a.14. Ganor Dzogchen Rinpoche u budisti\u010dkom centru u Maleziji za vrijeme obreda Ganachakra na mandalu bo\u017eanstava za dug \u017eivot i zdravlje. Posve\u0107enje supstanci za oboljele. 14. Ganor Rinpoche na kraju inicijacije u bo\u017eanstvo Phurba dijeli zavr\u0161ni blagoslov prisutnima u svom samostanu Lhagon Jangchub Choe Ling &#8211; Indija.<\/p>\r\n","protected":false},"excerpt":{"rendered":"<p>14. GANOR DZOGCHEN RINPOCHE-u Dzogchen Thupten Choekyi Nyima Ghaway Norbu, poznat kao Veliki Dzogchen 14. Ganor Rinpoche, boravio je u Zagrebu od 12. 06. do 28. 06. 07. u Centru za budisti\u010dki studij, meditaciju i duhovnu kulturu \u201ePadmasana\u201c. Rinpoche je u ovom \u017eivotu nosilac 21 tajne riznice mudrosti \u201eTerme\u201c(sa-ter i nam-ter), \u010dija je autenti\u010dnost potvr\u0111ena [&hellip;]<\/p>\n","protected":false},"author":3,"featured_media":0,"parent":0,"menu_order":0,"comment_status":"closed","ping_status":"closed","template":"","meta":{"iawp_total_views":37,"footnotes":""},"class_list":["post-208","page","type-page","status-publish","hentry"],"yoast_head":"<!-- This site is optimized with the Yoast SEO plugin v27.4 - https:\/\/yoast.com\/product\/yoast-seo-wordpress\/ -->\n<title>Veliki Dzogchen 14. Ganor Rinpoche - Hrvatsko Budisti\u010dko Dru\u0161tvo &quot;Padmasana&quot;<\/title>\n<meta name=\"robots\" content=\"index, follow, max-snippet:-1, max-image-preview:large, max-video-preview:-1\" \/>\n<link rel=\"canonical\" href=\"https:\/\/padmasana.hr\/en\/veliki-dzogchen-14-ganor-rinpoche\/\" \/>\n<meta property=\"og:locale\" content=\"en_US\" \/>\n<meta property=\"og:type\" content=\"article\" \/>\n<meta property=\"og:title\" content=\"Veliki Dzogchen 14. Ganor Rinpoche - Hrvatsko Budisti\u010dko Dru\u0161tvo &quot;Padmasana&quot;\" \/>\n<meta property=\"og:description\" content=\"14. GANOR DZOGCHEN RINPOCHE-u Dzogchen Thupten Choekyi Nyima Ghaway Norbu, poznat kao Veliki Dzogchen 14. Ganor Rinpoche, boravio je u Zagrebu od 12. 06. do 28. 06. 07. u Centru za budisti\u010dki studij, meditaciju i duhovnu kulturu \u201ePadmasana\u201c. Rinpoche je u ovom \u017eivotu nosilac 21 tajne riznice mudrosti \u201eTerme\u201c(sa-ter i nam-ter), \u010dija je autenti\u010dnost potvr\u0111ena [&hellip;]\" \/>\n<meta property=\"og:url\" content=\"https:\/\/padmasana.hr\/en\/veliki-dzogchen-14-ganor-rinpoche\/\" \/>\n<meta property=\"og:site_name\" content=\"Hrvatsko Budisti\u010dko Dru\u0161tvo &quot;Padmasana&quot;\" \/>\n<meta property=\"article:publisher\" content=\"https:\/\/www.facebook.com\/profile.php?id=100064443051947\" \/>\n<meta property=\"article:modified_time\" content=\"2025-03-14T14:37:46+00:00\" \/>\n<meta property=\"og:image\" content=\"https:\/\/padmasana.hr\/wp-content\/uploads\/2014\/03\/14gtr.jpg\" \/>\n\t<meta property=\"og:image:width\" content=\"250\" \/>\n\t<meta property=\"og:image:height\" content=\"188\" \/>\n\t<meta property=\"og:image:type\" content=\"image\/jpeg\" \/>\n<meta name=\"twitter:card\" content=\"summary_large_image\" \/>\n<meta name=\"twitter:label1\" content=\"Est. reading time\" \/>\n\t<meta name=\"twitter:data1\" content=\"7 minutes\" \/>\n<script type=\"application\/ld+json\" class=\"yoast-schema-graph\">{\"@context\":\"https:\\\/\\\/schema.org\",\"@graph\":[{\"@type\":\"WebPage\",\"@id\":\"https:\\\/\\\/padmasana.hr\\\/veliki-dzogchen-14-ganor-rinpoche\\\/\",\"url\":\"https:\\\/\\\/padmasana.hr\\\/veliki-dzogchen-14-ganor-rinpoche\\\/\",\"name\":\"Veliki Dzogchen 14. Ganor Rinpoche - Hrvatsko Budisti\u010dko Dru\u0161tvo &quot;Padmasana&quot;\",\"isPartOf\":{\"@id\":\"https:\\\/\\\/padmasana.hr\\\/en\\\/#website\"},\"primaryImageOfPage\":{\"@id\":\"https:\\\/\\\/padmasana.hr\\\/veliki-dzogchen-14-ganor-rinpoche\\\/#primaryimage\"},\"image\":{\"@id\":\"https:\\\/\\\/padmasana.hr\\\/veliki-dzogchen-14-ganor-rinpoche\\\/#primaryimage\"},\"thumbnailUrl\":\"http:\\\/\\\/padmasana.hr\\\/wp-content\\\/uploads\\\/2014\\\/03\\\/14gtr.jpg\",\"datePublished\":\"2014-03-30T12:27:24+00:00\",\"dateModified\":\"2025-03-14T14:37:46+00:00\",\"breadcrumb\":{\"@id\":\"https:\\\/\\\/padmasana.hr\\\/veliki-dzogchen-14-ganor-rinpoche\\\/#breadcrumb\"},\"inLanguage\":\"en-US\",\"potentialAction\":[{\"@type\":\"ReadAction\",\"target\":[\"https:\\\/\\\/padmasana.hr\\\/veliki-dzogchen-14-ganor-rinpoche\\\/\"]}]},{\"@type\":\"ImageObject\",\"inLanguage\":\"en-US\",\"@id\":\"https:\\\/\\\/padmasana.hr\\\/veliki-dzogchen-14-ganor-rinpoche\\\/#primaryimage\",\"url\":\"http:\\\/\\\/padmasana.hr\\\/wp-content\\\/uploads\\\/2014\\\/03\\\/14gtr.jpg\",\"contentUrl\":\"http:\\\/\\\/padmasana.hr\\\/wp-content\\\/uploads\\\/2014\\\/03\\\/14gtr.jpg\"},{\"@type\":\"BreadcrumbList\",\"@id\":\"https:\\\/\\\/padmasana.hr\\\/veliki-dzogchen-14-ganor-rinpoche\\\/#breadcrumb\",\"itemListElement\":[{\"@type\":\"ListItem\",\"position\":1,\"name\":\"Home\",\"item\":\"https:\\\/\\\/padmasana.hr\\\/\"},{\"@type\":\"ListItem\",\"position\":2,\"name\":\"Veliki Dzogchen 14. Ganor Rinpoche\"}]},{\"@type\":\"WebSite\",\"@id\":\"https:\\\/\\\/padmasana.hr\\\/en\\\/#website\",\"url\":\"https:\\\/\\\/padmasana.hr\\\/en\\\/\",\"name\":\"Hrvatsko Budisti\u010dko Dru\u0161tvo \\\"Padmasana\\\"\",\"description\":\"\",\"publisher\":{\"@id\":\"https:\\\/\\\/padmasana.hr\\\/en\\\/#organization\"},\"potentialAction\":[{\"@type\":\"SearchAction\",\"target\":{\"@type\":\"EntryPoint\",\"urlTemplate\":\"https:\\\/\\\/padmasana.hr\\\/en\\\/?s={search_term_string}\"},\"query-input\":{\"@type\":\"PropertyValueSpecification\",\"valueRequired\":true,\"valueName\":\"search_term_string\"}}],\"inLanguage\":\"en-US\"},{\"@type\":\"Organization\",\"@id\":\"https:\\\/\\\/padmasana.hr\\\/en\\\/#organization\",\"name\":\"Hrvatsko Budisti\u010dko Dru\u0161tvo \\\"Padmasana\\\"\",\"url\":\"https:\\\/\\\/padmasana.hr\\\/en\\\/\",\"logo\":{\"@type\":\"ImageObject\",\"inLanguage\":\"en-US\",\"@id\":\"https:\\\/\\\/padmasana.hr\\\/en\\\/#\\\/schema\\\/logo\\\/image\\\/\",\"url\":\"https:\\\/\\\/padmasana.hr\\\/wp-content\\\/uploads\\\/2024\\\/04\\\/cropped-logotip-of-padmasana.jpg\",\"contentUrl\":\"https:\\\/\\\/padmasana.hr\\\/wp-content\\\/uploads\\\/2024\\\/04\\\/cropped-logotip-of-padmasana.jpg\",\"width\":512,\"height\":512,\"caption\":\"Hrvatsko Budisti\u010dko Dru\u0161tvo \\\"Padmasana\\\"\"},\"image\":{\"@id\":\"https:\\\/\\\/padmasana.hr\\\/en\\\/#\\\/schema\\\/logo\\\/image\\\/\"},\"sameAs\":[\"https:\\\/\\\/www.facebook.com\\\/profile.php?id=100064443051947\"]}]}<\/script>\n<!-- \/ Yoast SEO plugin. -->","yoast_head_json":{"title":"Veliki Dzogchen 14. Ganor Rinpoche - Hrvatsko Budisti\u010dko Dru\u0161tvo &quot;Padmasana&quot;","robots":{"index":"index","follow":"follow","max-snippet":"max-snippet:-1","max-image-preview":"max-image-preview:large","max-video-preview":"max-video-preview:-1"},"canonical":"https:\/\/padmasana.hr\/en\/veliki-dzogchen-14-ganor-rinpoche\/","og_locale":"en_US","og_type":"article","og_title":"Veliki Dzogchen 14. Ganor Rinpoche - Hrvatsko Budisti\u010dko Dru\u0161tvo &quot;Padmasana&quot;","og_description":"14. GANOR DZOGCHEN RINPOCHE-u Dzogchen Thupten Choekyi Nyima Ghaway Norbu, poznat kao Veliki Dzogchen 14. Ganor Rinpoche, boravio je u Zagrebu od 12. 06. do 28. 06. 07. u Centru za budisti\u010dki studij, meditaciju i duhovnu kulturu \u201ePadmasana\u201c. Rinpoche je u ovom \u017eivotu nosilac 21 tajne riznice mudrosti \u201eTerme\u201c(sa-ter i nam-ter), \u010dija je autenti\u010dnost potvr\u0111ena [&hellip;]","og_url":"https:\/\/padmasana.hr\/en\/veliki-dzogchen-14-ganor-rinpoche\/","og_site_name":"Hrvatsko Budisti\u010dko Dru\u0161tvo &quot;Padmasana&quot;","article_publisher":"https:\/\/www.facebook.com\/profile.php?id=100064443051947","article_modified_time":"2025-03-14T14:37:46+00:00","og_image":[{"width":250,"height":188,"url":"https:\/\/padmasana.hr\/wp-content\/uploads\/2014\/03\/14gtr.jpg","type":"image\/jpeg"}],"twitter_card":"summary_large_image","twitter_misc":{"Est. reading time":"7 minutes"},"schema":{"@context":"https:\/\/schema.org","@graph":[{"@type":"WebPage","@id":"https:\/\/padmasana.hr\/veliki-dzogchen-14-ganor-rinpoche\/","url":"https:\/\/padmasana.hr\/veliki-dzogchen-14-ganor-rinpoche\/","name":"Veliki Dzogchen 14. Ganor Rinpoche - Hrvatsko Budisti\u010dko Dru\u0161tvo &quot;Padmasana&quot;","isPartOf":{"@id":"https:\/\/padmasana.hr\/en\/#website"},"primaryImageOfPage":{"@id":"https:\/\/padmasana.hr\/veliki-dzogchen-14-ganor-rinpoche\/#primaryimage"},"image":{"@id":"https:\/\/padmasana.hr\/veliki-dzogchen-14-ganor-rinpoche\/#primaryimage"},"thumbnailUrl":"http:\/\/padmasana.hr\/wp-content\/uploads\/2014\/03\/14gtr.jpg","datePublished":"2014-03-30T12:27:24+00:00","dateModified":"2025-03-14T14:37:46+00:00","breadcrumb":{"@id":"https:\/\/padmasana.hr\/veliki-dzogchen-14-ganor-rinpoche\/#breadcrumb"},"inLanguage":"en-US","potentialAction":[{"@type":"ReadAction","target":["https:\/\/padmasana.hr\/veliki-dzogchen-14-ganor-rinpoche\/"]}]},{"@type":"ImageObject","inLanguage":"en-US","@id":"https:\/\/padmasana.hr\/veliki-dzogchen-14-ganor-rinpoche\/#primaryimage","url":"http:\/\/padmasana.hr\/wp-content\/uploads\/2014\/03\/14gtr.jpg","contentUrl":"http:\/\/padmasana.hr\/wp-content\/uploads\/2014\/03\/14gtr.jpg"},{"@type":"BreadcrumbList","@id":"https:\/\/padmasana.hr\/veliki-dzogchen-14-ganor-rinpoche\/#breadcrumb","itemListElement":[{"@type":"ListItem","position":1,"name":"Home","item":"https:\/\/padmasana.hr\/"},{"@type":"ListItem","position":2,"name":"Veliki Dzogchen 14. Ganor Rinpoche"}]},{"@type":"WebSite","@id":"https:\/\/padmasana.hr\/en\/#website","url":"https:\/\/padmasana.hr\/en\/","name":"Hrvatsko Budisti\u010dko Dru\u0161tvo \"Padmasana\"","description":"","publisher":{"@id":"https:\/\/padmasana.hr\/en\/#organization"},"potentialAction":[{"@type":"SearchAction","target":{"@type":"EntryPoint","urlTemplate":"https:\/\/padmasana.hr\/en\/?s={search_term_string}"},"query-input":{"@type":"PropertyValueSpecification","valueRequired":true,"valueName":"search_term_string"}}],"inLanguage":"en-US"},{"@type":"Organization","@id":"https:\/\/padmasana.hr\/en\/#organization","name":"Hrvatsko Budisti\u010dko Dru\u0161tvo \"Padmasana\"","url":"https:\/\/padmasana.hr\/en\/","logo":{"@type":"ImageObject","inLanguage":"en-US","@id":"https:\/\/padmasana.hr\/en\/#\/schema\/logo\/image\/","url":"https:\/\/padmasana.hr\/wp-content\/uploads\/2024\/04\/cropped-logotip-of-padmasana.jpg","contentUrl":"https:\/\/padmasana.hr\/wp-content\/uploads\/2024\/04\/cropped-logotip-of-padmasana.jpg","width":512,"height":512,"caption":"Hrvatsko Budisti\u010dko Dru\u0161tvo \"Padmasana\""},"image":{"@id":"https:\/\/padmasana.hr\/en\/#\/schema\/logo\/image\/"},"sameAs":["https:\/\/www.facebook.com\/profile.php?id=100064443051947"]}]}},"_links":{"self":[{"href":"https:\/\/padmasana.hr\/en\/wp-json\/wp\/v2\/pages\/208","targetHints":{"allow":["GET"]}}],"collection":[{"href":"https:\/\/padmasana.hr\/en\/wp-json\/wp\/v2\/pages"}],"about":[{"href":"https:\/\/padmasana.hr\/en\/wp-json\/wp\/v2\/types\/page"}],"author":[{"embeddable":true,"href":"https:\/\/padmasana.hr\/en\/wp-json\/wp\/v2\/users\/3"}],"replies":[{"embeddable":true,"href":"https:\/\/padmasana.hr\/en\/wp-json\/wp\/v2\/comments?post=208"}],"version-history":[{"count":4,"href":"https:\/\/padmasana.hr\/en\/wp-json\/wp\/v2\/pages\/208\/revisions"}],"predecessor-version":[{"id":1963,"href":"https:\/\/padmasana.hr\/en\/wp-json\/wp\/v2\/pages\/208\/revisions\/1963"}],"wp:attachment":[{"href":"https:\/\/padmasana.hr\/en\/wp-json\/wp\/v2\/media?parent=208"}],"curies":[{"name":"wp","href":"https:\/\/api.w.org\/{rel}","templated":true}]}}