{"id":206,"date":"2014-03-30T12:27:11","date_gmt":"2014-03-30T12:27:11","guid":{"rendered":"http:\/\/padmasana.tk\/?page_id=206"},"modified":"2025-02-25T15:42:04","modified_gmt":"2025-02-25T14:42:04","slug":"h-e-garchen-rinpoche","status":"publish","type":"page","link":"https:\/\/padmasana.hr\/en\/h-e-garchen-rinpoche\/","title":{"rendered":"H. E. Garchen Rinpoche"},"content":{"rendered":"<p class=\"has-text-align-left\"><strong>H. E. Garchen Rinpoche,\u00a0<\/strong><strong>kratki \u017eivotopis duhovnog majstora\u00a0<\/strong><strong>Mahamudre i Dzogchena<\/strong><\/p>\r\n\r\n\r\n<div class=\"wp-block-image\">\r\n<figure class=\"aligncenter\"><img decoding=\"async\" src=\"http:\/\/padmasana.hr\/wp-content\/uploads\/2014\/03\/gar-empowerment-hat.jpg\" alt=\"gar-empowerment-hat\" \/><\/figure>\r\n<\/div>\r\n\r\n\r\n<p>H.E. Garchen Rinpoche svjetski je poznat tibetanski u\u010ditelj iz Drikung Kagyu loze u tibetanskoj budhisti\u010dkoj tradiciji. <em><b>Slovi kao inkarnacija Adepta-Siddha-e Gar Choding-pe iz<\/b><\/em> <em><b>13. stolje\u0107a<\/b><\/em>. <em><b>Siddha Gar Choding-pa bio je sr\u010dani student osniva\u010da Drikung Kagyu loze,<\/b><\/em> <em><b>velikog majstora \u010dudotvorca Kyobpa Jigten Sumgon-a<\/b><\/em>, nebeske riznice mudrosti. <em><b>U drevnoj Indiji bio je utjelovljen kao Mahasiddha Aryadeva ro\u0111en iz lotosa, student velikog indijskog buddhisti\u010dkog Acharya-e Nagarjune, oca Srednjeg Puta &#8211; Madhyamike<\/b><\/em>, koji je bio pretkazan od samog Buddhe Shakyamunija. <em><b>U 7. Stolje\u0107u, Rinpoche je bio poznat kao Lonpo Gar, ministar tibetanskog dharmi\u010dkog kralja Songsten Gampo-a. <\/b><\/em><\/p>\r\n\r\n\r\n\r\n<p>Garchen Rinpoche je prepoznat kao veliki duhovni majstor iz pro\u0161losti i ustoli\u010den na tronu u isto\u010dnom Tibetu od prija\u0161njeg Drikung poglavara Kyabgon Zhiwe Lodro-a. Kada je Rinpoche-u bilo 7. godina, bio je uveden u samostan Lho Miyal, kojim je po\u010deo upravljati u svojoj 11. godini \u017eivota. Njegova duhovna edukacija i trening u meditaciji bili su pod nadzorom <em><b>u\u010ditelja Siddhe Chime Dorje-<\/b><\/em>a koji mu je prenio cjelovite i produbljene usmene instrukcije o preliminarnim praksama (ngondro), <em><b>petodijelnoj praksi\u00a0Mahamudre <\/b><\/em><em><b>i \u0161est<\/b><\/em><em><b> Yoga Mahasiddha-e Narope, po \u010demu Rinpoche postaje poznat.<\/b><\/em><\/p>\r\n\r\n\r\n\r\n<p>Sa navr\u0161ene 22.godine, nakon meditacijskog povla\u010denja od dvije i pol godine, Rinpoche je bio uhi\u0107en i zato\u010den u radnom logoru na idu\u0107ih 20 godina, tokom perioda kineske kulturne revolucije<em><b>. U tom periodu zato\u010deni\u0161tva Rinpoche je primio meditacijske instrukcije od svog korijenskog u\u010ditelja Nyingma majstora Khenpo Munsel-a<\/b><\/em>. Suo\u010den s<i>a<\/i> mnogim te\u0161ko\u0107ama, pokatkad u gotovo nemogu\u0107im uvjetima<i>,<\/i> Rinpoche je potajno prakticirao Dharmu. Ovaj napor i ustrajnost u izuzetno te\u0161kim uvjetima donijeli su Garchen Rinpoche-u postignu\u0107e realizacije u\u010diteljevog uma mudrosti.<\/p>\r\n\r\n\r\n\r\n<p>Rinpoche je pu\u0161ten na slobodu 1979. godine i od tada \u010dini velike napore u obnovi Drikung Kagyu samostana, ponovo osniva budhisti\u010dka u\u010denja i gradi dva \u0161kolska internata za tibetansku djecu u ruralnoj sredini u isto\u010dnom Tibetu.<\/p>\r\n\r\n\r\n\r\n<p>Garchen Rinpoche je osniva\u010d i duhovni direktor Garchen Buddhist Instituta u Chino Valley, Arizona, USA.<br \/><b><i><br \/><em>Rinpoche je nadaleko poznat po svojoj cjelovitoj realizaciji kao i po svojoj velikoj ljubaznosti i slovi za u\u010ditelja Rime-a: nesekta\u0161kog pristupa univerzalnom u\u010denju Buddhe, kojeg slijedi i sprovodi u svom programu H.B.D. &#8216;Padmasana&#8217;.<\/em><\/i><\/b><\/p>","protected":false},"excerpt":{"rendered":"<p>H. E. Garchen Rinpoche,\u00a0kratki \u017eivotopis duhovnog majstora\u00a0Mahamudre i Dzogchena H.E. Garchen Rinpoche svjetski je poznat tibetanski u\u010ditelj iz Drikung Kagyu loze u tibetanskoj budhisti\u010dkoj tradiciji. Slovi kao inkarnacija Adepta-Siddha-e Gar Choding-pe iz 13. stolje\u0107a. Siddha Gar Choding-pa bio je sr\u010dani student osniva\u010da Drikung Kagyu loze, velikog majstora \u010dudotvorca Kyobpa Jigten Sumgon-a, nebeske riznice mudrosti. U [&hellip;]<\/p>\n","protected":false},"author":3,"featured_media":0,"parent":0,"menu_order":0,"comment_status":"closed","ping_status":"closed","template":"","meta":{"iawp_total_views":43,"footnotes":""},"class_list":["post-206","page","type-page","status-publish","hentry"],"yoast_head":"<!-- This site is optimized with the Yoast SEO plugin v27.4 - https:\/\/yoast.com\/product\/yoast-seo-wordpress\/ -->\n<title>H. E. Garchen Rinpoche - Hrvatsko Budisti\u010dko Dru\u0161tvo &quot;Padmasana&quot;<\/title>\n<meta name=\"robots\" content=\"index, follow, max-snippet:-1, max-image-preview:large, max-video-preview:-1\" \/>\n<link rel=\"canonical\" href=\"https:\/\/padmasana.hr\/en\/h-e-garchen-rinpoche\/\" \/>\n<meta property=\"og:locale\" content=\"en_US\" \/>\n<meta property=\"og:type\" content=\"article\" \/>\n<meta property=\"og:title\" content=\"H. E. Garchen Rinpoche - Hrvatsko Budisti\u010dko Dru\u0161tvo &quot;Padmasana&quot;\" \/>\n<meta property=\"og:description\" content=\"H. E. Garchen Rinpoche,\u00a0kratki \u017eivotopis duhovnog majstora\u00a0Mahamudre i Dzogchena H.E. Garchen Rinpoche svjetski je poznat tibetanski u\u010ditelj iz Drikung Kagyu loze u tibetanskoj budhisti\u010dkoj tradiciji. Slovi kao inkarnacija Adepta-Siddha-e Gar Choding-pe iz 13. stolje\u0107a. Siddha Gar Choding-pa bio je sr\u010dani student osniva\u010da Drikung Kagyu loze, velikog majstora \u010dudotvorca Kyobpa Jigten Sumgon-a, nebeske riznice mudrosti. U [&hellip;]\" \/>\n<meta property=\"og:url\" content=\"https:\/\/padmasana.hr\/en\/h-e-garchen-rinpoche\/\" \/>\n<meta property=\"og:site_name\" content=\"Hrvatsko Budisti\u010dko Dru\u0161tvo &quot;Padmasana&quot;\" \/>\n<meta property=\"article:publisher\" content=\"https:\/\/www.facebook.com\/profile.php?id=100064443051947\" \/>\n<meta property=\"article:modified_time\" content=\"2025-02-25T14:42:04+00:00\" \/>\n<meta property=\"og:image\" content=\"http:\/\/padmasana.hr\/wp-content\/uploads\/2014\/03\/gar-empowerment-hat.jpg\" \/>\n<meta name=\"twitter:card\" content=\"summary_large_image\" \/>\n<meta name=\"twitter:label1\" content=\"Est. reading time\" \/>\n\t<meta name=\"twitter:data1\" content=\"2 minutes\" \/>\n<script type=\"application\/ld+json\" class=\"yoast-schema-graph\">{\"@context\":\"https:\\\/\\\/schema.org\",\"@graph\":[{\"@type\":\"WebPage\",\"@id\":\"https:\\\/\\\/padmasana.hr\\\/h-e-garchen-rinpoche\\\/\",\"url\":\"https:\\\/\\\/padmasana.hr\\\/h-e-garchen-rinpoche\\\/\",\"name\":\"H. E. Garchen Rinpoche - Hrvatsko Budisti\u010dko Dru\u0161tvo &quot;Padmasana&quot;\",\"isPartOf\":{\"@id\":\"https:\\\/\\\/padmasana.hr\\\/en\\\/#website\"},\"primaryImageOfPage\":{\"@id\":\"https:\\\/\\\/padmasana.hr\\\/h-e-garchen-rinpoche\\\/#primaryimage\"},\"image\":{\"@id\":\"https:\\\/\\\/padmasana.hr\\\/h-e-garchen-rinpoche\\\/#primaryimage\"},\"thumbnailUrl\":\"http:\\\/\\\/padmasana.hr\\\/wp-content\\\/uploads\\\/2014\\\/03\\\/gar-empowerment-hat.jpg\",\"datePublished\":\"2014-03-30T12:27:11+00:00\",\"dateModified\":\"2025-02-25T14:42:04+00:00\",\"breadcrumb\":{\"@id\":\"https:\\\/\\\/padmasana.hr\\\/h-e-garchen-rinpoche\\\/#breadcrumb\"},\"inLanguage\":\"en-US\",\"potentialAction\":[{\"@type\":\"ReadAction\",\"target\":[\"https:\\\/\\\/padmasana.hr\\\/h-e-garchen-rinpoche\\\/\"]}]},{\"@type\":\"ImageObject\",\"inLanguage\":\"en-US\",\"@id\":\"https:\\\/\\\/padmasana.hr\\\/h-e-garchen-rinpoche\\\/#primaryimage\",\"url\":\"http:\\\/\\\/padmasana.hr\\\/wp-content\\\/uploads\\\/2014\\\/03\\\/gar-empowerment-hat.jpg\",\"contentUrl\":\"http:\\\/\\\/padmasana.hr\\\/wp-content\\\/uploads\\\/2014\\\/03\\\/gar-empowerment-hat.jpg\"},{\"@type\":\"BreadcrumbList\",\"@id\":\"https:\\\/\\\/padmasana.hr\\\/h-e-garchen-rinpoche\\\/#breadcrumb\",\"itemListElement\":[{\"@type\":\"ListItem\",\"position\":1,\"name\":\"Home\",\"item\":\"https:\\\/\\\/padmasana.hr\\\/\"},{\"@type\":\"ListItem\",\"position\":2,\"name\":\"H. E. Garchen Rinpoche\"}]},{\"@type\":\"WebSite\",\"@id\":\"https:\\\/\\\/padmasana.hr\\\/en\\\/#website\",\"url\":\"https:\\\/\\\/padmasana.hr\\\/en\\\/\",\"name\":\"Hrvatsko Budisti\u010dko Dru\u0161tvo \\\"Padmasana\\\"\",\"description\":\"\",\"publisher\":{\"@id\":\"https:\\\/\\\/padmasana.hr\\\/en\\\/#organization\"},\"potentialAction\":[{\"@type\":\"SearchAction\",\"target\":{\"@type\":\"EntryPoint\",\"urlTemplate\":\"https:\\\/\\\/padmasana.hr\\\/en\\\/?s={search_term_string}\"},\"query-input\":{\"@type\":\"PropertyValueSpecification\",\"valueRequired\":true,\"valueName\":\"search_term_string\"}}],\"inLanguage\":\"en-US\"},{\"@type\":\"Organization\",\"@id\":\"https:\\\/\\\/padmasana.hr\\\/en\\\/#organization\",\"name\":\"Hrvatsko Budisti\u010dko Dru\u0161tvo \\\"Padmasana\\\"\",\"url\":\"https:\\\/\\\/padmasana.hr\\\/en\\\/\",\"logo\":{\"@type\":\"ImageObject\",\"inLanguage\":\"en-US\",\"@id\":\"https:\\\/\\\/padmasana.hr\\\/en\\\/#\\\/schema\\\/logo\\\/image\\\/\",\"url\":\"https:\\\/\\\/padmasana.hr\\\/wp-content\\\/uploads\\\/2024\\\/04\\\/cropped-logotip-of-padmasana.jpg\",\"contentUrl\":\"https:\\\/\\\/padmasana.hr\\\/wp-content\\\/uploads\\\/2024\\\/04\\\/cropped-logotip-of-padmasana.jpg\",\"width\":512,\"height\":512,\"caption\":\"Hrvatsko Budisti\u010dko Dru\u0161tvo \\\"Padmasana\\\"\"},\"image\":{\"@id\":\"https:\\\/\\\/padmasana.hr\\\/en\\\/#\\\/schema\\\/logo\\\/image\\\/\"},\"sameAs\":[\"https:\\\/\\\/www.facebook.com\\\/profile.php?id=100064443051947\"]}]}<\/script>\n<!-- \/ Yoast SEO plugin. -->","yoast_head_json":{"title":"H. E. Garchen Rinpoche - Hrvatsko Budisti\u010dko Dru\u0161tvo &quot;Padmasana&quot;","robots":{"index":"index","follow":"follow","max-snippet":"max-snippet:-1","max-image-preview":"max-image-preview:large","max-video-preview":"max-video-preview:-1"},"canonical":"https:\/\/padmasana.hr\/en\/h-e-garchen-rinpoche\/","og_locale":"en_US","og_type":"article","og_title":"H. E. Garchen Rinpoche - Hrvatsko Budisti\u010dko Dru\u0161tvo &quot;Padmasana&quot;","og_description":"H. E. Garchen Rinpoche,\u00a0kratki \u017eivotopis duhovnog majstora\u00a0Mahamudre i Dzogchena H.E. Garchen Rinpoche svjetski je poznat tibetanski u\u010ditelj iz Drikung Kagyu loze u tibetanskoj budhisti\u010dkoj tradiciji. Slovi kao inkarnacija Adepta-Siddha-e Gar Choding-pe iz 13. stolje\u0107a. Siddha Gar Choding-pa bio je sr\u010dani student osniva\u010da Drikung Kagyu loze, velikog majstora \u010dudotvorca Kyobpa Jigten Sumgon-a, nebeske riznice mudrosti. U [&hellip;]","og_url":"https:\/\/padmasana.hr\/en\/h-e-garchen-rinpoche\/","og_site_name":"Hrvatsko Budisti\u010dko Dru\u0161tvo &quot;Padmasana&quot;","article_publisher":"https:\/\/www.facebook.com\/profile.php?id=100064443051947","article_modified_time":"2025-02-25T14:42:04+00:00","og_image":[{"url":"http:\/\/padmasana.hr\/wp-content\/uploads\/2014\/03\/gar-empowerment-hat.jpg","type":"","width":"","height":""}],"twitter_card":"summary_large_image","twitter_misc":{"Est. reading time":"2 minutes"},"schema":{"@context":"https:\/\/schema.org","@graph":[{"@type":"WebPage","@id":"https:\/\/padmasana.hr\/h-e-garchen-rinpoche\/","url":"https:\/\/padmasana.hr\/h-e-garchen-rinpoche\/","name":"H. E. Garchen Rinpoche - Hrvatsko Budisti\u010dko Dru\u0161tvo &quot;Padmasana&quot;","isPartOf":{"@id":"https:\/\/padmasana.hr\/en\/#website"},"primaryImageOfPage":{"@id":"https:\/\/padmasana.hr\/h-e-garchen-rinpoche\/#primaryimage"},"image":{"@id":"https:\/\/padmasana.hr\/h-e-garchen-rinpoche\/#primaryimage"},"thumbnailUrl":"http:\/\/padmasana.hr\/wp-content\/uploads\/2014\/03\/gar-empowerment-hat.jpg","datePublished":"2014-03-30T12:27:11+00:00","dateModified":"2025-02-25T14:42:04+00:00","breadcrumb":{"@id":"https:\/\/padmasana.hr\/h-e-garchen-rinpoche\/#breadcrumb"},"inLanguage":"en-US","potentialAction":[{"@type":"ReadAction","target":["https:\/\/padmasana.hr\/h-e-garchen-rinpoche\/"]}]},{"@type":"ImageObject","inLanguage":"en-US","@id":"https:\/\/padmasana.hr\/h-e-garchen-rinpoche\/#primaryimage","url":"http:\/\/padmasana.hr\/wp-content\/uploads\/2014\/03\/gar-empowerment-hat.jpg","contentUrl":"http:\/\/padmasana.hr\/wp-content\/uploads\/2014\/03\/gar-empowerment-hat.jpg"},{"@type":"BreadcrumbList","@id":"https:\/\/padmasana.hr\/h-e-garchen-rinpoche\/#breadcrumb","itemListElement":[{"@type":"ListItem","position":1,"name":"Home","item":"https:\/\/padmasana.hr\/"},{"@type":"ListItem","position":2,"name":"H. E. Garchen Rinpoche"}]},{"@type":"WebSite","@id":"https:\/\/padmasana.hr\/en\/#website","url":"https:\/\/padmasana.hr\/en\/","name":"Hrvatsko Budisti\u010dko Dru\u0161tvo \"Padmasana\"","description":"","publisher":{"@id":"https:\/\/padmasana.hr\/en\/#organization"},"potentialAction":[{"@type":"SearchAction","target":{"@type":"EntryPoint","urlTemplate":"https:\/\/padmasana.hr\/en\/?s={search_term_string}"},"query-input":{"@type":"PropertyValueSpecification","valueRequired":true,"valueName":"search_term_string"}}],"inLanguage":"en-US"},{"@type":"Organization","@id":"https:\/\/padmasana.hr\/en\/#organization","name":"Hrvatsko Budisti\u010dko Dru\u0161tvo \"Padmasana\"","url":"https:\/\/padmasana.hr\/en\/","logo":{"@type":"ImageObject","inLanguage":"en-US","@id":"https:\/\/padmasana.hr\/en\/#\/schema\/logo\/image\/","url":"https:\/\/padmasana.hr\/wp-content\/uploads\/2024\/04\/cropped-logotip-of-padmasana.jpg","contentUrl":"https:\/\/padmasana.hr\/wp-content\/uploads\/2024\/04\/cropped-logotip-of-padmasana.jpg","width":512,"height":512,"caption":"Hrvatsko Budisti\u010dko Dru\u0161tvo \"Padmasana\""},"image":{"@id":"https:\/\/padmasana.hr\/en\/#\/schema\/logo\/image\/"},"sameAs":["https:\/\/www.facebook.com\/profile.php?id=100064443051947"]}]}},"_links":{"self":[{"href":"https:\/\/padmasana.hr\/en\/wp-json\/wp\/v2\/pages\/206","targetHints":{"allow":["GET"]}}],"collection":[{"href":"https:\/\/padmasana.hr\/en\/wp-json\/wp\/v2\/pages"}],"about":[{"href":"https:\/\/padmasana.hr\/en\/wp-json\/wp\/v2\/types\/page"}],"author":[{"embeddable":true,"href":"https:\/\/padmasana.hr\/en\/wp-json\/wp\/v2\/users\/3"}],"replies":[{"embeddable":true,"href":"https:\/\/padmasana.hr\/en\/wp-json\/wp\/v2\/comments?post=206"}],"version-history":[{"count":13,"href":"https:\/\/padmasana.hr\/en\/wp-json\/wp\/v2\/pages\/206\/revisions"}],"predecessor-version":[{"id":1872,"href":"https:\/\/padmasana.hr\/en\/wp-json\/wp\/v2\/pages\/206\/revisions\/1872"}],"wp:attachment":[{"href":"https:\/\/padmasana.hr\/en\/wp-json\/wp\/v2\/media?parent=206"}],"curies":[{"name":"wp","href":"https:\/\/api.w.org\/{rel}","templated":true}]}}