{"id":202,"date":"2014-03-30T12:26:45","date_gmt":"2014-03-30T12:26:45","guid":{"rendered":"http:\/\/padmasana.tk\/?page_id=202"},"modified":"2025-03-14T15:36:01","modified_gmt":"2025-03-14T14:36:01","slug":"dragutin-smalcelj","status":"publish","type":"page","link":"https:\/\/padmasana.hr\/en\/dragutin-smalcelj\/","title":{"rendered":"Dragutin \u0160malcelj (Gen&#8217;la Lobsang Norbu)"},"content":{"rendered":"<div class=\"wp-block-image\">\r\n<figure class=\"alignleft\"><img loading=\"lazy\" decoding=\"async\" class=\"wp-image-358\" src=\"http:\/\/padmasana.hr\/wp-content\/uploads\/2014\/03\/Dragosmaljcelj.jpg\" alt=\"Dragosmaljcelj\" width=\"181\" height=\"327\" \/><\/figure>\r\n<\/div>\r\n\r\n\r\n<p><b>\u017divotopis duhovnog u\u010ditelja Dragutina \u0160malcelja\u00a0 <\/b><b>(predsjednika Hrvatskog buddhisti\u010dkog dru\u0161tva &#8216;Padmasana&#8217; )<\/b><\/p>\r\n<p><b><span style=\"color: #050505;\">Dragutin \u0160malcelj (Gen&#8217;la Lobsang Norbu), <\/span><\/b><span style=\"color: #050505;\">buddhisti\u010dki u\u010ditelj, osniva\u010d i predsjednik Hrvatskog buddhisti\u010dkog dru\u0161tva &#8216;Padmasana&#8217;, ro\u0111en je i \u0161kolovao se u Zagrebu gdje je poha\u0111ao klasi\u010dnu gimnaziju i studij ekonomije. Godinama je radio u ekonomskoj struci. Vrlo je rano po\u010deo putovati svijetom, \u010desto opasno i mukotrpno, po zemljama Sjeverne, Isto\u010dne i Centralne Afrike te po azijskim zemljama, sve do Sri Lanke i Tibeta, upoznaju\u0107i razli\u010dite narode, kulture i svjetonazore. Tada osobno upoznaje i svoje prve velike pred-buddhisti\u010dke uzore u Indiji : <b>Majku Terezu, Swami Chinmayanandu i\u00a0 Acharyu Shri Tulsija.<\/b><\/span><b><\/b><\/p>\r\n\r\n\r\n\r\n<p><span style=\"color: #050505;\">Rad uz Majku Terezu s umiru\u0107im besku\u0107nicima u Kalighatu (Kolkata) ostavio je u njemu neizbrisiv, dubok trag ljudske patnje i prisutne netrajnosti, inspirirao ga suosje\u0107anjem i motivirao za rad s drugima na nesebi\u010dan na\u010din. Susret s indijskim mudracem, Jainskim svecom Acharyom Sri Tulsijem iz Terapanth Jain sekte urodio je kod Dragutina dubljim razumijevanjem potrebe njegovanja univerzalnog principa <i>ahimse<\/i> u procesu ljudskog duhovnog razvoja i postizanja temeljne sre\u0107e. Veliki indijski pandit Swami Chinmayananda osobno, njegovi savjeti, blagoslov i providnost rasvijetlili su mu put ka duhovnoj buddhisti\u010dkoj tradiciji za kojom je intuitivno tragao ve\u0107 od svojih ranih godina.<\/span><\/p>\r\n\r\n\r\n\r\n<p><span style=\"color: #050505;\">Susret i prijateljstvo s <b>prof. Velja\u010di\u0107em,<\/b> prvim hrvatskim buddhisti\u010dkim redovnikom na otoku Sri Lanki pobudilo je kod Dragutina dubok interes za theravadinsku buddhisti\u010dku tradiciju, put traganja za uzrocima patnje kao osnove netrajnosti prirode \u017eivota i mogu\u0107nost trajnog oslobo\u0111enja kroz dokinu\u0107e cjelokupne patnje. Na Sri Lanku se vra\u0107a\u00a0 da bi uz buddhisti\u010dke redovnike u osami vje\u017ebao pomnost na disanje &#8216;Anapana sati&#8217; i meditaciju na srda\u010dnost i ljubav &#8216;Metta bhavana&#8217;. Uz u\u010denog \u00a0<b>Arhata L. Ariyawansa Nayaka Mahatheru<\/b><b>,<\/b> poglavara Sanghe Nayaka u sjevernoj Indiji i dopredsjednika Svjetskog buddhisti\u010dkog koncila, Dragutin studira temeljne tekstove Theravadinske tradicije i slu\u0161a obja\u0161njenja &#8216;osmodijelnog puta&#8217;, &#8216;zakon uvjetovanosti me\u0111uzavisnog nastajanja&#8217; i &#8216;\u010detiri plemenite istine&#8217;. Posebno studira tekst Visudhimagga od pandite Buddhaghose, Sammohavinodani komentare na Vibhanga tekst Abhidhamme, a Kalama Suttu, Mahaparinibbhana Suttu i Mangala Suttu studira kasnije uz Vimalasara Thero Banthe-a.<\/span><\/p>\r\n\r\n\r\n\r\n<p><span style=\"color: #050505;\">1981. godine, na jednom od svojih ranijih putovanja, susre\u0107e u Dharamsali na obroncima indijskih Himalaja <b>Njegovu Svetost 14. Dalai<\/b> <b>Lamu<\/b> i u privatnoj audijenciji dobiva jasne odgovore o unutarnjim razlozima svojih putovanja svijetom. To je susret koji \u0107e u cijelosti odrediti njegov daljnji \u017eivot. 1989. godine vra\u0107a se u Indiju kako bi 1990. godine svoje buddhisti\u010dke studije zapo\u010deo u &#8216;Library of Tibetan Works and Archives&#8217; u Dharamsali. Poslije tri godine uvodnih studija u klasi tibetanskog u\u010ditelja Geshe Dawa-e i Geshe Sonam Rinchen-a i privatnog studija tibetanskog jezika u samostanu Namgyal Njegove Svetosti Dalai Lame, a u vrijeme dok je opat samostana bio Geshe Wangyal, Dragutin \u0160malcelj ponovo susre\u0107e Nj. Sv. Dalai Lamu. Njegova preporuka mu otvara vrata studija buddhisti\u010dke filozofije u &#8216;Institute of Buddhist Dialectics&#8217;, u ustanovi u kojoj studiraju samo tibetanski sve\u0107enici i vrlo rijetko strani studenti.<\/span><\/p>\r\n\r\n\r\n\r\n<p><span style=\"color: #050505;\">Studij se odvija isklju\u010divo na tibetanskom jeziku, uz posebno formuliranu buddhisti\u010dku terminologiju. U to je vrijeme direktor Instituta bio, pod bliskim nadzorom Nj. Sv. Dalai Lame, omiljeni <b>Geshe Lobsang Gyatso<\/b>, veliki znalac buddhisti\u010dkih tekstova, buddhisti\u010dke filozofije i vo\u0111enja rasprava.<\/span><\/p>\r\n\r\n\r\n\r\n<p><span style=\"color: #050505;\">Dijalektiku na &#8216;Institute of Buddhist Dialectics&#8217; studira dvije godine i to tekstove logike i epistemologiku (Pramanika) iz tradicije indijskog buddhizma. Usporedno, u razredu otvorenom samo za tu priliku u Namgyal samostanu za sve\u0107enike iz Kalmikije i Burjatije, godinu dana Dragutin studira crtanje mandale Kalachakra-e te memorira osnovni korijenski tibetanski tekst o omjerima te mandale. U to vrijeme korijenski u\u010ditelj postaje mu <b>Geshe Gen Lam Rimpa<\/b>, jedan od malobrojnih tibetanskih meditacijskih majstora s najvi\u0161im postignu\u0107ima u <i>shamati<\/i>. 1996. <\/span><\/p>\r\n\r\n\r\n\r\n<p><span style=\"color: #050505;\">Dragutin odlazi u <b>sveu\u010dili\u0161te Sera Jhe,<\/b> jedno od tri najve\u0107a tibetanska sveu\u010dili\u0161ta za buddhisti\u010dku Mahajana filozofiju te studira buddhisti\u010dke sutre u klasi Geshe Lobsang Paldena, kasnije sveu\u010dili\u0161nog opata. Sudjeluje u debatama na definicije &#8216;sedamdeset predmeta Maitreye\/Asange&#8217;, studira tekst &#8216;Ukras jasnog postignu\u0107a&#8217; &#8211; komentare na Prajnaparamitu od Buddhe Maitreye; slu\u0161a &#8216;Dijamantnu Sutru&#8217;; prima usmenu transmisiju na veliku zbirku tekstova &#8216;Su\u0161tinu dobrih instrukcija&#8217; od Tsong Khape, prima komentare na korjenski tekst &#8216;sTong thun chen mo&#8217; od mKhas grub rje-a kod Nje. Sv. Dalai Lame. Temeljne debate vodi na filozofska gledi\u0161ta Cittamatra \u0161kole te Svatantriku i Prasangika Madhyamiku po temeljnim tekstovima Nagarjune i Chandrakirtiya.<\/span><\/p>\r\n\r\n\r\n\r\n<p><span style=\"color: #050505;\">Od 1991. godine poha\u0111a sva u\u010denja Nj. Sv. Dalai Lame u Indiji, \u00a0a i privatno, uz autenti\u010dne vajra majstore, studira tantri\u010dke tekstove, Uttara tantru, Demchog tantru; Tamden Pema Wangchen tantru; Yangdak Phurbu; Yamantaka tantru; Shin Je Cho Gyel mandalu; Pel Gon-Kar mandalu; Osam mandala &#8216;Kagye&#8217; bo\u017eanstava;\u00a0 &#8216;Ogledalo pomnosti&#8217; ili Tsele natsok rangdrol\/Kota\u010d \u010detiri bardo-a; Stotinu bo\u017eanstava Shitro; simboliku tantri\u010dkih bo\u017eanstava; mudre i ritual; Kala\/Kali za\u0161titni\u010dki krug, i drugo. <\/span><\/p>\r\n\r\n\r\n\r\n<p><span style=\"color: #050505;\">Dobiva inicijacije u tajnost mandala tantri\u010dkih Buddha i posve\u0107uje se tantri\u010dkom duhovnom treningu dugi niz godina. U tome ga vode \u010duveni majstori iz sve \u010detiri tibetanske \u0161kole: Garje Khamtrul Rinpoche, Kyabje Trulshik Rinpoche, Kirti Tsenshab Rinpoche, Denma Locho Rinpoche, \u00a0Kyabje Lati Rinpoche, \u00a0Kyabje Tulku Urgyen Rinpoche, \u00a0Lama Drugthop Kunga Rinpoche, Kyabje Druwang Rinpoche, Kyabje Dodrubchen Rinpoche, Golog Dzogchen Rinpoche, K.C. Ayang Rinpoche i Beru Kyentse Rinpoche. U to vrijeme susre\u010de i <b>Nj. Sv. Sakya Trizina<\/b> i slu\u0161a u\u010denje o stupnjevitom putu treninga uma &#8216;Lam Dre&#8217;, Sakya \u0161kole. \u00a01998. godine Dragutin postaje u\u010denik 14. Ganor Dzogchen Tenyi Nyima Rinpoche-a, siddhe i nositelja rijetkih u\u010denja u terton tradiciji. Tada prima i u\u010denje Nyingtig Yabzhi (\u010detiri grane su\u0161tinske kapi) od Longchenpe kao i &#8216;Treg Choeg&#8217; i &#8216;Lhun Drug Thog Gel&#8217; u Dzogchen tradiciji. Dobiva transmisiju &#8216;Kha Termi&#8217;: &#8216;Shemar&#8217; i &#8216;Nyingtig Dorsem&#8217;.<\/span><\/p>\r\n\r\n\r\n\r\n<p><span style=\"color: #050505;\"><b>Teoriju Medicinske tantre<\/b> slu\u0161a prvo kod Lame Kirti Tsenshab Rinpoche-a, i Garje Khamtrul Rinpoche-a. Od Trogawa Rinpoche-a, nositelja drevne Chagpori medicinske Yutok loze, prima potom detaljnu instrukciju u duhovni aspekt medicinskog polja iscjeljuju\u0107eg Buddhe. Cjelovitu inicijaciju u mandalu Medicinskog Buddhe prima od Lame Khamtrul Rinpoche-a. <\/span><\/p>\r\n\r\n\r\n\r\n<p><span style=\"color: #050505;\">Rinpoche mu predaje usmenu transmisiju \u010detiri medicinske tantre, uvodi ga u za\u0161titni prsten Nochong-a, nakon \u010dega prakticira medicinsku tantru niz godina. Sedam godina proveo je uz lije\u010dnike iz Tibeta i Ladaka, u\u010div\u0161i od njih vje\u0161tinu dijagnostike na oboljelima i stekao iskustvo u primjeni prirodnih biljnih supstanci i metodama tradicionalnog iscjeljivanja.<\/span><\/p>\r\n\r\n\r\n\r\n<p><span style=\"color: #050505;\">Dragutin \u0160malcelj tijekom dugih godina zavr\u0161io je op\u0107e i posebne preliminarne prakse i n&#8217;gondro na Mahamudru borave\u0107i u Bodh Gayi\/ Indija, a stekao je i osobno meditacijsko iskustvo nakon povla\u010denja u osamu Himalaja, kontempliraju\u0107i prvo na stupnjevit put u sutri, a zatim se posvetio\u00a0 tantri\u010dkim duhovnim vje\u017ebama kroz trening u shamati.<\/span><\/p>\r\n\r\n\r\n\r\n<p><span style=\"color: #050505;\">Uz opse\u017eno znanje sutre i tantre, Dragutin \u0160malcelj slovi danas za kompententnog buddhisti\u010dkog u\u010ditelja koji uz blagoslov svojih himalajskih duhovnih majstora podu\u010dava buddhisti\u010dkom putu studente u nesekta\u0161kom duhu. U svim njegovim u\u010denjima prisutan je osebujan duh nesekta\u0161tva u prijenosu \u0161irine puta Dharme i su\u0161tine Buddhinog u\u010denja, isti\u010de va\u017enost razumijevanja samog u\u010denja, nagla\u0161avaju\u0107i njegovu prakti\u010dnu primjenu u svakodnevnom \u017eivotu ljudi.<\/span><\/p>\r\n\r\n\r\n\r\n<p><span style=\"color: #050505;\">Dragutin \u0160malcelj \u010dlan je Me\u0111unarodnog buddhisti\u010dkog savjeta sa sjedi\u0161tem u Bodh-Gaya-i u Indiji. Od 1999. predsjednik je Me\u0111unarodnog budisti\u010dkog dru\u0161tva &#8216;Prajnadeep&#8217;, osnovanog u Indiji. 1997. u Zagrebu osniva i postaje predsjednik prvom hrvatskom budhisti\u010dkom dru\u0161tvu &#8216;Bodhiratna&#8217; za izu\u010davanje tibetanske Mahayanske tradicije uz blagoslov K.C. <\/span><span style=\"color: #050505;\">Ayang Rinpoche-a. Dru\u0161tvo 2001. godine mijenja naziv u &#8216;Hrvatsko buddhisti\u010dko dru\u0161tvo Padmasana&#8217; koje temelji svoj rad na nesekta\u0161koj tradiciji &#8216;Rime&#8217;. Programsko djelovanje koncipirano je kroz \u0161irenje kulture mudrosti koja zbli\u017eava i njeguje pozitivno stanje \u010dovjeka, osnovu op\u0107eg dobra i mira u okru\u017eenju u kojem dru\u0161tvo djeluje. D. \u0160malcelj se zala\u017ee za uspostavu nepatvorene suradnje izme\u0111u buddhisti\u010dkih \u0161kola te je zagovornik me\u0111ureligijskog dijaloga uz sekularni pristup.<\/span><\/p>\r\n\r\n\r\n\r\n\r\n\r\n<p><span style=\"color: #050505;\">Dragutin \u0160malcelj sudionik je mnogih me\u0111unarodnih buddhisti\u010dkih konferencija, \u010dlan je me\u0111unarodnih radnih timova s ciljem promicanja nenasilja, uva\u017eavanja razlika me\u0111u ljudima s razli\u010ditim svjetonazorima, zala\u017ee se za \u0161irenje mira, ljubavi i suosje\u0107ajne dobrote. Pobornik je uvo\u0111enja ovih temeljnih ljudskih vrijednosti u edukacijski sistem mladih nara\u0161taja gdje god je to mogu\u0107e. U svibnju 2011. godine kao sudionik 8. Me\u0111unarodne buddhisti\u010dke konferencije u Tajlandu, jedan je od potpisnika Bangko\u0161ke deklaracije kojom je buddhisti\u010dki Vesak progla\u0161en posebnim danom mira UN-a. Na konferenciji su razmatrane dru\u0161tvene, obiteljske, religiozne i politi\u010dke nesuglasice s kojima se suo\u010dava ljudska zajednica, analizirani su korijeni tih problema te je zauzeto stanovi\u0161te da se sa pozitivnim ljudskim potencijalima mogu prevladati svi izazovi kao postoje\u0107i problemi. <\/span><\/p>\r\n\r\n\r\n\r\n<p><span style=\"color: #050505;\">Razmatrane su buddhisti\u010dke vrline i dru\u0161tveno ekonomski razvoj te usvojeno eti\u010dko na\u010delo u edukativnom sustavu za novi milenij, koji bi se temeljio na suosje\u0107anju, dobroti, ljubavi, velikodu\u0161nosti, toleranciji, razumijevanju i povjerenju, osnovnim prirodnim kvalitetama ljudskog bi\u0107a neophodnih za izgradnju sklada i mira u svijetu. Dragutin \u0160malcelj kao gost predava\u010d na mnogim buddhisti\u010dkim i ne-buddhisti\u010dkim skupovima od Indije do \u0160vicarske, daje naglasak na duhovnu praksu koja se temelji na primjeni koja je primjerena dru\u0161tvenim okolnostima, a usmjerena je uvijek prema \u010dinjenju dobra za druge. Time se prevladavaju osobne ambicije ega okrenutog prema samom sebi. Napisao je brojne tekstove i eseje o buddhisti\u010dkom na\u010dinu treninga uma zasnovanog na logici i ispravnom razumijevanju stvari u svakodnevnom \u017eivotu i okolnostima koje utje\u010du na na\u0161e odluke i na\u010din djelovanja. <b>Autor je knjige &#8216;Dijamantni put&#8217;<\/b> u kojoj analizira duboku spregu izme\u0111u uma, emocija, pojave misli i utjecaja na ljudsku sre\u0107u i tjelesno zdravlje. U ovoj knjizi, po prvi puta u Hrvatskoj, na sistematski na\u010din predstavljen je drevni tibetanski medicinski sustav koji raspola\u017ee dubokim uvidima o \u010dovjeku, onkraj dana\u0161nje znanosti.<\/span><\/p>\r\n\r\n\r\n\r\n<p><span style=\"color: #050505;\">Neka sve bude povoljno i za dobro svih.<\/span><\/p>","protected":false},"excerpt":{"rendered":"<p>\u017divotopis duhovnog u\u010ditelja Dragutina \u0160malcelja\u00a0 (predsjednika Hrvatskog buddhisti\u010dkog dru\u0161tva &#8216;Padmasana&#8217; ) Dragutin \u0160malcelj (Gen&#8217;la Lobsang Norbu), buddhisti\u010dki u\u010ditelj, osniva\u010d i predsjednik Hrvatskog buddhisti\u010dkog dru\u0161tva &#8216;Padmasana&#8217;, ro\u0111en je i \u0161kolovao se u Zagrebu gdje je poha\u0111ao klasi\u010dnu gimnaziju i studij ekonomije. Godinama je radio u ekonomskoj struci. Vrlo je rano po\u010deo putovati svijetom, \u010desto opasno i [&hellip;]<\/p>\n","protected":false},"author":3,"featured_media":0,"parent":0,"menu_order":0,"comment_status":"closed","ping_status":"closed","template":"","meta":{"iawp_total_views":166,"footnotes":""},"class_list":["post-202","page","type-page","status-publish","hentry"],"yoast_head":"<!-- This site is optimized with the Yoast SEO plugin v27.4 - https:\/\/yoast.com\/product\/yoast-seo-wordpress\/ -->\n<title>Dragutin \u0160malcelj (Gen&#039;la Lobsang Norbu) - Hrvatsko Budisti\u010dko Dru\u0161tvo &quot;Padmasana&quot;<\/title>\n<meta name=\"robots\" content=\"index, follow, max-snippet:-1, max-image-preview:large, max-video-preview:-1\" \/>\n<link rel=\"canonical\" href=\"https:\/\/padmasana.hr\/en\/dragutin-smalcelj\/\" \/>\n<meta property=\"og:locale\" content=\"en_US\" \/>\n<meta property=\"og:type\" content=\"article\" \/>\n<meta property=\"og:title\" content=\"Dragutin \u0160malcelj (Gen&#039;la Lobsang Norbu) - Hrvatsko Budisti\u010dko Dru\u0161tvo &quot;Padmasana&quot;\" \/>\n<meta property=\"og:description\" content=\"\u017divotopis duhovnog u\u010ditelja Dragutina \u0160malcelja\u00a0 (predsjednika Hrvatskog buddhisti\u010dkog dru\u0161tva &#8216;Padmasana&#8217; ) Dragutin \u0160malcelj (Gen&#8217;la Lobsang Norbu), buddhisti\u010dki u\u010ditelj, osniva\u010d i predsjednik Hrvatskog buddhisti\u010dkog dru\u0161tva &#8216;Padmasana&#8217;, ro\u0111en je i \u0161kolovao se u Zagrebu gdje je poha\u0111ao klasi\u010dnu gimnaziju i studij ekonomije. Godinama je radio u ekonomskoj struci. Vrlo je rano po\u010deo putovati svijetom, \u010desto opasno i [&hellip;]\" \/>\n<meta property=\"og:url\" content=\"https:\/\/padmasana.hr\/en\/dragutin-smalcelj\/\" \/>\n<meta property=\"og:site_name\" content=\"Hrvatsko Budisti\u010dko Dru\u0161tvo &quot;Padmasana&quot;\" \/>\n<meta property=\"article:publisher\" content=\"https:\/\/www.facebook.com\/profile.php?id=100064443051947\" \/>\n<meta property=\"article:modified_time\" content=\"2025-03-14T14:36:01+00:00\" \/>\n<meta property=\"og:image\" content=\"https:\/\/padmasana.hr\/wp-content\/uploads\/2014\/03\/Dragosmaljcelj.jpg\" \/>\n\t<meta property=\"og:image:width\" content=\"160\" \/>\n\t<meta property=\"og:image:height\" content=\"289\" \/>\n\t<meta property=\"og:image:type\" content=\"image\/jpeg\" \/>\n<meta name=\"twitter:card\" content=\"summary_large_image\" \/>\n<meta name=\"twitter:label1\" content=\"Est. reading time\" \/>\n\t<meta name=\"twitter:data1\" content=\"8 minutes\" \/>\n<script type=\"application\/ld+json\" class=\"yoast-schema-graph\">{\"@context\":\"https:\\\/\\\/schema.org\",\"@graph\":[{\"@type\":\"WebPage\",\"@id\":\"https:\\\/\\\/padmasana.hr\\\/dragutin-smalcelj\\\/\",\"url\":\"https:\\\/\\\/padmasana.hr\\\/dragutin-smalcelj\\\/\",\"name\":\"Dragutin \u0160malcelj (Gen'la Lobsang Norbu) - Hrvatsko Budisti\u010dko Dru\u0161tvo &quot;Padmasana&quot;\",\"isPartOf\":{\"@id\":\"https:\\\/\\\/padmasana.hr\\\/en\\\/#website\"},\"primaryImageOfPage\":{\"@id\":\"https:\\\/\\\/padmasana.hr\\\/dragutin-smalcelj\\\/#primaryimage\"},\"image\":{\"@id\":\"https:\\\/\\\/padmasana.hr\\\/dragutin-smalcelj\\\/#primaryimage\"},\"thumbnailUrl\":\"http:\\\/\\\/padmasana.hr\\\/wp-content\\\/uploads\\\/2014\\\/03\\\/Dragosmaljcelj.jpg\",\"datePublished\":\"2014-03-30T12:26:45+00:00\",\"dateModified\":\"2025-03-14T14:36:01+00:00\",\"breadcrumb\":{\"@id\":\"https:\\\/\\\/padmasana.hr\\\/dragutin-smalcelj\\\/#breadcrumb\"},\"inLanguage\":\"en-US\",\"potentialAction\":[{\"@type\":\"ReadAction\",\"target\":[\"https:\\\/\\\/padmasana.hr\\\/dragutin-smalcelj\\\/\"]}]},{\"@type\":\"ImageObject\",\"inLanguage\":\"en-US\",\"@id\":\"https:\\\/\\\/padmasana.hr\\\/dragutin-smalcelj\\\/#primaryimage\",\"url\":\"http:\\\/\\\/padmasana.hr\\\/wp-content\\\/uploads\\\/2014\\\/03\\\/Dragosmaljcelj.jpg\",\"contentUrl\":\"http:\\\/\\\/padmasana.hr\\\/wp-content\\\/uploads\\\/2014\\\/03\\\/Dragosmaljcelj.jpg\"},{\"@type\":\"BreadcrumbList\",\"@id\":\"https:\\\/\\\/padmasana.hr\\\/dragutin-smalcelj\\\/#breadcrumb\",\"itemListElement\":[{\"@type\":\"ListItem\",\"position\":1,\"name\":\"Home\",\"item\":\"https:\\\/\\\/padmasana.hr\\\/\"},{\"@type\":\"ListItem\",\"position\":2,\"name\":\"Dragutin \u0160malcelj (Gen&#8217;la Lobsang Norbu)\"}]},{\"@type\":\"WebSite\",\"@id\":\"https:\\\/\\\/padmasana.hr\\\/en\\\/#website\",\"url\":\"https:\\\/\\\/padmasana.hr\\\/en\\\/\",\"name\":\"Hrvatsko Budisti\u010dko Dru\u0161tvo \\\"Padmasana\\\"\",\"description\":\"\",\"publisher\":{\"@id\":\"https:\\\/\\\/padmasana.hr\\\/en\\\/#organization\"},\"potentialAction\":[{\"@type\":\"SearchAction\",\"target\":{\"@type\":\"EntryPoint\",\"urlTemplate\":\"https:\\\/\\\/padmasana.hr\\\/en\\\/?s={search_term_string}\"},\"query-input\":{\"@type\":\"PropertyValueSpecification\",\"valueRequired\":true,\"valueName\":\"search_term_string\"}}],\"inLanguage\":\"en-US\"},{\"@type\":\"Organization\",\"@id\":\"https:\\\/\\\/padmasana.hr\\\/en\\\/#organization\",\"name\":\"Hrvatsko Budisti\u010dko Dru\u0161tvo \\\"Padmasana\\\"\",\"url\":\"https:\\\/\\\/padmasana.hr\\\/en\\\/\",\"logo\":{\"@type\":\"ImageObject\",\"inLanguage\":\"en-US\",\"@id\":\"https:\\\/\\\/padmasana.hr\\\/en\\\/#\\\/schema\\\/logo\\\/image\\\/\",\"url\":\"https:\\\/\\\/padmasana.hr\\\/wp-content\\\/uploads\\\/2024\\\/04\\\/cropped-logotip-of-padmasana.jpg\",\"contentUrl\":\"https:\\\/\\\/padmasana.hr\\\/wp-content\\\/uploads\\\/2024\\\/04\\\/cropped-logotip-of-padmasana.jpg\",\"width\":512,\"height\":512,\"caption\":\"Hrvatsko Budisti\u010dko Dru\u0161tvo \\\"Padmasana\\\"\"},\"image\":{\"@id\":\"https:\\\/\\\/padmasana.hr\\\/en\\\/#\\\/schema\\\/logo\\\/image\\\/\"},\"sameAs\":[\"https:\\\/\\\/www.facebook.com\\\/profile.php?id=100064443051947\"]}]}<\/script>\n<!-- \/ Yoast SEO plugin. -->","yoast_head_json":{"title":"Dragutin \u0160malcelj (Gen'la Lobsang Norbu) - Hrvatsko Budisti\u010dko Dru\u0161tvo &quot;Padmasana&quot;","robots":{"index":"index","follow":"follow","max-snippet":"max-snippet:-1","max-image-preview":"max-image-preview:large","max-video-preview":"max-video-preview:-1"},"canonical":"https:\/\/padmasana.hr\/en\/dragutin-smalcelj\/","og_locale":"en_US","og_type":"article","og_title":"Dragutin \u0160malcelj (Gen'la Lobsang Norbu) - Hrvatsko Budisti\u010dko Dru\u0161tvo &quot;Padmasana&quot;","og_description":"\u017divotopis duhovnog u\u010ditelja Dragutina \u0160malcelja\u00a0 (predsjednika Hrvatskog buddhisti\u010dkog dru\u0161tva &#8216;Padmasana&#8217; ) Dragutin \u0160malcelj (Gen&#8217;la Lobsang Norbu), buddhisti\u010dki u\u010ditelj, osniva\u010d i predsjednik Hrvatskog buddhisti\u010dkog dru\u0161tva &#8216;Padmasana&#8217;, ro\u0111en je i \u0161kolovao se u Zagrebu gdje je poha\u0111ao klasi\u010dnu gimnaziju i studij ekonomije. Godinama je radio u ekonomskoj struci. Vrlo je rano po\u010deo putovati svijetom, \u010desto opasno i [&hellip;]","og_url":"https:\/\/padmasana.hr\/en\/dragutin-smalcelj\/","og_site_name":"Hrvatsko Budisti\u010dko Dru\u0161tvo &quot;Padmasana&quot;","article_publisher":"https:\/\/www.facebook.com\/profile.php?id=100064443051947","article_modified_time":"2025-03-14T14:36:01+00:00","og_image":[{"width":160,"height":289,"url":"https:\/\/padmasana.hr\/wp-content\/uploads\/2014\/03\/Dragosmaljcelj.jpg","type":"image\/jpeg"}],"twitter_card":"summary_large_image","twitter_misc":{"Est. reading time":"8 minutes"},"schema":{"@context":"https:\/\/schema.org","@graph":[{"@type":"WebPage","@id":"https:\/\/padmasana.hr\/dragutin-smalcelj\/","url":"https:\/\/padmasana.hr\/dragutin-smalcelj\/","name":"Dragutin \u0160malcelj (Gen'la Lobsang Norbu) - Hrvatsko Budisti\u010dko Dru\u0161tvo &quot;Padmasana&quot;","isPartOf":{"@id":"https:\/\/padmasana.hr\/en\/#website"},"primaryImageOfPage":{"@id":"https:\/\/padmasana.hr\/dragutin-smalcelj\/#primaryimage"},"image":{"@id":"https:\/\/padmasana.hr\/dragutin-smalcelj\/#primaryimage"},"thumbnailUrl":"http:\/\/padmasana.hr\/wp-content\/uploads\/2014\/03\/Dragosmaljcelj.jpg","datePublished":"2014-03-30T12:26:45+00:00","dateModified":"2025-03-14T14:36:01+00:00","breadcrumb":{"@id":"https:\/\/padmasana.hr\/dragutin-smalcelj\/#breadcrumb"},"inLanguage":"en-US","potentialAction":[{"@type":"ReadAction","target":["https:\/\/padmasana.hr\/dragutin-smalcelj\/"]}]},{"@type":"ImageObject","inLanguage":"en-US","@id":"https:\/\/padmasana.hr\/dragutin-smalcelj\/#primaryimage","url":"http:\/\/padmasana.hr\/wp-content\/uploads\/2014\/03\/Dragosmaljcelj.jpg","contentUrl":"http:\/\/padmasana.hr\/wp-content\/uploads\/2014\/03\/Dragosmaljcelj.jpg"},{"@type":"BreadcrumbList","@id":"https:\/\/padmasana.hr\/dragutin-smalcelj\/#breadcrumb","itemListElement":[{"@type":"ListItem","position":1,"name":"Home","item":"https:\/\/padmasana.hr\/"},{"@type":"ListItem","position":2,"name":"Dragutin \u0160malcelj (Gen&#8217;la Lobsang Norbu)"}]},{"@type":"WebSite","@id":"https:\/\/padmasana.hr\/en\/#website","url":"https:\/\/padmasana.hr\/en\/","name":"Hrvatsko Budisti\u010dko Dru\u0161tvo \"Padmasana\"","description":"","publisher":{"@id":"https:\/\/padmasana.hr\/en\/#organization"},"potentialAction":[{"@type":"SearchAction","target":{"@type":"EntryPoint","urlTemplate":"https:\/\/padmasana.hr\/en\/?s={search_term_string}"},"query-input":{"@type":"PropertyValueSpecification","valueRequired":true,"valueName":"search_term_string"}}],"inLanguage":"en-US"},{"@type":"Organization","@id":"https:\/\/padmasana.hr\/en\/#organization","name":"Hrvatsko Budisti\u010dko Dru\u0161tvo \"Padmasana\"","url":"https:\/\/padmasana.hr\/en\/","logo":{"@type":"ImageObject","inLanguage":"en-US","@id":"https:\/\/padmasana.hr\/en\/#\/schema\/logo\/image\/","url":"https:\/\/padmasana.hr\/wp-content\/uploads\/2024\/04\/cropped-logotip-of-padmasana.jpg","contentUrl":"https:\/\/padmasana.hr\/wp-content\/uploads\/2024\/04\/cropped-logotip-of-padmasana.jpg","width":512,"height":512,"caption":"Hrvatsko Budisti\u010dko Dru\u0161tvo \"Padmasana\""},"image":{"@id":"https:\/\/padmasana.hr\/en\/#\/schema\/logo\/image\/"},"sameAs":["https:\/\/www.facebook.com\/profile.php?id=100064443051947"]}]}},"_links":{"self":[{"href":"https:\/\/padmasana.hr\/en\/wp-json\/wp\/v2\/pages\/202","targetHints":{"allow":["GET"]}}],"collection":[{"href":"https:\/\/padmasana.hr\/en\/wp-json\/wp\/v2\/pages"}],"about":[{"href":"https:\/\/padmasana.hr\/en\/wp-json\/wp\/v2\/types\/page"}],"author":[{"embeddable":true,"href":"https:\/\/padmasana.hr\/en\/wp-json\/wp\/v2\/users\/3"}],"replies":[{"embeddable":true,"href":"https:\/\/padmasana.hr\/en\/wp-json\/wp\/v2\/comments?post=202"}],"version-history":[{"count":4,"href":"https:\/\/padmasana.hr\/en\/wp-json\/wp\/v2\/pages\/202\/revisions"}],"predecessor-version":[{"id":1962,"href":"https:\/\/padmasana.hr\/en\/wp-json\/wp\/v2\/pages\/202\/revisions\/1962"}],"wp:attachment":[{"href":"https:\/\/padmasana.hr\/en\/wp-json\/wp\/v2\/media?parent=202"}],"curies":[{"name":"wp","href":"https:\/\/api.w.org\/{rel}","templated":true}]}}