{"id":2,"date":"2014-03-28T20:52:23","date_gmt":"2014-03-28T20:52:23","guid":{"rendered":"http:\/\/padmasana.tk\/?page_id=2"},"modified":"2025-09-08T15:25:15","modified_gmt":"2025-09-08T13:25:15","slug":"sample-page","status":"publish","type":"page","link":"https:\/\/padmasana.hr\/en\/","title":{"rendered":"H. B. D.  Padmasana"},"content":{"rendered":"<p class=\"has-text-align-left\"><strong><a href=\"https:\/\/padmasana.hr\/wp-content\/uploads\/2024\/04\/1712530790439.jpg\"><img loading=\"lazy\" decoding=\"async\" class=\"aligncenter wp-image-1845 size-full\" src=\"https:\/\/padmasana.hr\/wp-content\/uploads\/2024\/04\/1712530790439.jpg\" alt=\"\" width=\"1868\" height=\"1401\" srcset=\"https:\/\/padmasana.hr\/wp-content\/uploads\/2024\/04\/1712530790439.jpg 1868w, https:\/\/padmasana.hr\/wp-content\/uploads\/2024\/04\/1712530790439-300x225.jpg 300w, https:\/\/padmasana.hr\/wp-content\/uploads\/2024\/04\/1712530790439-1024x768.jpg 1024w, https:\/\/padmasana.hr\/wp-content\/uploads\/2024\/04\/1712530790439-768x576.jpg 768w, https:\/\/padmasana.hr\/wp-content\/uploads\/2024\/04\/1712530790439-1536x1152.jpg 1536w\" sizes=\"auto, (max-width: 1868px) 100vw, 1868px\" \/><\/a><\/strong><\/p>\r\n<p class=\"has-text-align-left\"><strong><a href=\"https:\/\/padmasana.hr\/wp-content\/uploads\/2024\/04\/IMG_20190402_140329_BURST001_COVER.jpg\"><img loading=\"lazy\" decoding=\"async\" class=\"aligncenter wp-image-1846 size-full\" src=\"https:\/\/padmasana.hr\/wp-content\/uploads\/2024\/04\/IMG_20190402_140329_BURST001_COVER.jpg\" alt=\"\" width=\"2000\" height=\"1500\" srcset=\"https:\/\/padmasana.hr\/wp-content\/uploads\/2024\/04\/IMG_20190402_140329_BURST001_COVER.jpg 2000w, https:\/\/padmasana.hr\/wp-content\/uploads\/2024\/04\/IMG_20190402_140329_BURST001_COVER-300x225.jpg 300w, https:\/\/padmasana.hr\/wp-content\/uploads\/2024\/04\/IMG_20190402_140329_BURST001_COVER-1024x768.jpg 1024w, https:\/\/padmasana.hr\/wp-content\/uploads\/2024\/04\/IMG_20190402_140329_BURST001_COVER-768x576.jpg 768w, https:\/\/padmasana.hr\/wp-content\/uploads\/2024\/04\/IMG_20190402_140329_BURST001_COVER-1536x1152.jpg 1536w\" sizes=\"auto, (max-width: 2000px) 100vw, 2000px\" \/><\/a><\/strong><\/p>\r\n<p>&nbsp;<\/p>\r\n<p class=\"has-text-align-left\"><strong><a href=\"https:\/\/padmasana.hr\/wp-content\/uploads\/2024\/04\/IMG_20220531_123604_BURST001_COVER-scaled.jpg\"><img loading=\"lazy\" decoding=\"async\" class=\"aligncenter wp-image-1848 size-large\" src=\"https:\/\/padmasana.hr\/wp-content\/uploads\/2024\/04\/IMG_20220531_123604_BURST001_COVER-1024x768.jpg\" alt=\"\" width=\"640\" height=\"480\" srcset=\"https:\/\/padmasana.hr\/wp-content\/uploads\/2024\/04\/IMG_20220531_123604_BURST001_COVER-1024x768.jpg 1024w, https:\/\/padmasana.hr\/wp-content\/uploads\/2024\/04\/IMG_20220531_123604_BURST001_COVER-300x225.jpg 300w, https:\/\/padmasana.hr\/wp-content\/uploads\/2024\/04\/IMG_20220531_123604_BURST001_COVER-768x576.jpg 768w, https:\/\/padmasana.hr\/wp-content\/uploads\/2024\/04\/IMG_20220531_123604_BURST001_COVER-1536x1152.jpg 1536w, https:\/\/padmasana.hr\/wp-content\/uploads\/2024\/04\/IMG_20220531_123604_BURST001_COVER-2048x1536.jpg 2048w\" sizes=\"auto, (max-width: 640px) 100vw, 640px\" \/><\/a><\/strong><\/p>\r\n<p class=\"has-text-align-left\"><strong><a href=\"https:\/\/padmasana.hr\/wp-content\/uploads\/2024\/04\/IMG_20220531_124246_BURST001_COVER-scaled.jpg\"><img loading=\"lazy\" decoding=\"async\" class=\"aligncenter wp-image-1847 size-large\" src=\"https:\/\/padmasana.hr\/wp-content\/uploads\/2024\/04\/IMG_20220531_124246_BURST001_COVER-1024x768.jpg\" alt=\"\" width=\"640\" height=\"480\" srcset=\"https:\/\/padmasana.hr\/wp-content\/uploads\/2024\/04\/IMG_20220531_124246_BURST001_COVER-1024x768.jpg 1024w, https:\/\/padmasana.hr\/wp-content\/uploads\/2024\/04\/IMG_20220531_124246_BURST001_COVER-300x225.jpg 300w, https:\/\/padmasana.hr\/wp-content\/uploads\/2024\/04\/IMG_20220531_124246_BURST001_COVER-768x576.jpg 768w, https:\/\/padmasana.hr\/wp-content\/uploads\/2024\/04\/IMG_20220531_124246_BURST001_COVER-1536x1152.jpg 1536w, https:\/\/padmasana.hr\/wp-content\/uploads\/2024\/04\/IMG_20220531_124246_BURST001_COVER-2048x1536.jpg 2048w\" sizes=\"auto, (max-width: 640px) 100vw, 640px\" \/><\/a><\/strong><\/p>\r\n<p class=\"has-text-align-left\"><strong>Dragi prijatelji,<\/strong><\/p>\r\n\r\n\r\n\r\n<p>S rado\u0161\u0107u vam \u017eelimo priop\u0107iti ciljeve i namjere kojima smo se vodili pri pokretanju Hrvatskog buddhisti\u010dkog dru\u0161tva &#8216;Padmasana&#8217;.<\/p>\r\n\r\n\r\n\r\n<p>Osnovni cilj Hrvatskog buddhisti\u010dkog dru\u0161tva &#8216;Padmasana&#8217; je promicanje dragocjene riznice buddhisti\u010dke kulture i mudrosti koja svojim sadr\u017eajima mo\u017ee oplemeniti \u017eivot dana\u0161njeg \u010dovjeka i pomo\u0107i u unapre\u0111ivanju po\u010desto zaboravljenih neprolaznih vrijednosti unutra\u0161njeg duhovnog \u017eivota.<\/p>\r\n\r\n\r\n\r\n<p>Njegovanjem ove mudrosti srca razvijaju se mnoge ljudske vrline: mir, nenasilje, suosje\u0107anje i istinska ljubav prema drugima. Time se razvija i svijest o zajedni\u0161tvu i me\u0111uzavisnosti svega, o cjelini \u010diji smo djeli\u0107 postali ve\u0107 samim ro\u0111enjem.<\/p>\r\n\r\n\r\n\r\n<p>Cilj promicanja vrijednosti ove drevne mudrosti je podsje\u0107ati na sli\u010dnosti me\u0111u nama i na dobro u nama te primiriti do\u017eivljavanje raznolikog i razli\u010ditog kao ne\u010deg tu\u0111eg i stranog. U tom bi smjeru valjalo ustrajati u novome tisu\u0107lje\u0107u. Promicanje vrijednosti budisti\u010dke kulture i mudrosti u na\u0161oj Hrvatskoj nema na umu mijenjanje bogatog naslje\u0111a o\u010deva ili stolje\u0107ima prisutne duhovnosti, ve\u0107 oboga\u0107ivanje i osmi\u0161ljavanje tog naslje\u0111a i duhovnosti novim uvidima, usmjerenima prema bu\u0111enju spoznaja o postoje\u0107im vrijednostima vlastite tradicije i kulture duha.<\/p>\r\n\r\n\r\n\r\n<p>Neka sva osjetilna bi\u0107a budu oslobo\u0111ena patnje i uzroka patnje. Neka dosegnu krajnji mir, sre\u0107u i uzvi\u0161enu mudrost jednakosti u suosje\u0107anju i ljubavi prema svemu \u0161to \u017eivi i osje\u0107a.<\/p>\r\n\r\n\r\n<div class=\"wp-block-image\">\r\n<figure class=\"aligncenter\"><a href=\"https:\/\/padmasana.hr\/wp-content\/uploads\/2025\/02\/Page0003-scaled.jpg\"><img loading=\"lazy\" decoding=\"async\" class=\"wp-image-1942  aligncenter\" src=\"https:\/\/padmasana.hr\/wp-content\/uploads\/2025\/02\/Page0003-238x300.jpg\" alt=\"\" width=\"332\" height=\"418\" srcset=\"https:\/\/padmasana.hr\/wp-content\/uploads\/2025\/02\/Page0003-238x300.jpg 238w, https:\/\/padmasana.hr\/wp-content\/uploads\/2025\/02\/Page0003-811x1024.jpg 811w, https:\/\/padmasana.hr\/wp-content\/uploads\/2025\/02\/Page0003-768x969.jpg 768w, https:\/\/padmasana.hr\/wp-content\/uploads\/2025\/02\/Page0003-1217x1536.jpg 1217w, https:\/\/padmasana.hr\/wp-content\/uploads\/2025\/02\/Page0003-1623x2048.jpg 1623w, https:\/\/padmasana.hr\/wp-content\/uploads\/2025\/02\/Page0003-scaled.jpg 2029w\" sizes=\"auto, (max-width: 332px) 100vw, 332px\" \/><\/a><\/figure>\r\n<\/div>\r\n\r\n\r\n<p class=\"has-text-align-left\">\u00a0<\/p>\r\n\r\n\r\n\r\n<p class=\"has-text-align-left\">NA ZNANJE SVIMA KOJIH SE TI\u010cE<\/p>\r\n\r\n\r\n\r\n<p class=\"has-text-align-left\">G. Dragutin \u0160malcelj, predsjednik &#8216;Hrvatskog buddhisti\u010dkog dru\u0161tva&#8217; i koordinator &#8216;Slovenskog buddhisti\u010dkog dru\u0161tva&#8217;, zajedno s Alak Tsawa Rinpocheom sa Sera Jhe-a, imali su audijenciju kod Njegove Svetosti Dalai Lame na po\u010detku sije\u010dnja 1998, u Sera samostanskom sveu\u010dili\u0161tu, u dr\u017eavi Karnataki, Ju\u017ena Indija. <span style=\"color: #993300;\"><a title=\"NA ZNANJE SVIMA KOJIH SE TI\u010cE\" href=\"http:\/\/padmasana.hr\/en\/na-znanje-svima-kojih-se-tice\/\">Vi\u0161e&#8230;<\/a><\/span><\/p>\r\n\r\n\r\n\r\n<p class=\"has-text-align-left\">\u00a0<\/p>\r\n\r\n\r\n\r\n<p class=\"has-text-align-left\"><strong>Dharma prijateljima,<\/strong><\/p>\r\n\r\n\r\n\r\n<p class=\"has-text-align-left\">Ukoliko ste zainteresirani za temeljiti studij buddhisti\u010dke doktrine &#8211; logike, filozofije, psihologije i etike &#8211; na osnovi originalnih tibetanskih tekstova, kao i za seminare koje centar periodi\u010dno organizira, mo\u017eete se u\u010dlaniti u H.B.D. &#8216;Padmasana&#8217;.<\/p>\r\n\r\n\r\n\r\n<p class=\"has-text-align-left\">Centar organizira &#8216;povla\u010denja&#8217; i meditacije sa detaljnim uputstvima uz vodstvo Upasake Lobsang Norbu-a i Lhamo Ozer Chenma.<\/p>\r\n\r\n\r\n\r\n<p class=\"has-text-align-left\">Op\u0107e informacije i informacije o \u010dlanstvu dostupne su putem e-mail-a:\u00a0padmasana@live.in ili izravnim kontaktom na br. 098 175-38-59.<\/p>\r\n\r\n\r\n\r\n<figure class=\"wp-block-embed aligncenter is-type-video is-provider-youtube wp-block-embed-youtube wp-embed-aspect-16-9 wp-has-aspect-ratio\">\r\n<div class=\"wp-block-embed__wrapper\">https:\/\/www.youtube.com\/watch?v=Kc1LNEMugIk&amp;t=1s<\/div>\r\n<div>https:\/\/www.youtube.com\/watch?v=Gtpr4RWMA_E&amp;t=8s<\/div>\r\n<\/figure>\r\n\r\n\r\n\r\n<p class=\"has-text-align-left\">Novi dokumentarni film o putovanju na\u0161e sanghe na krov svijeta.<\/p>\r\n\r\n\r\n<div class=\"wp-block-image\">\r\n<figure class=\"aligncenter\"><a href=\"http:\/\/www.dalailama.com\/\"><img loading=\"lazy\" decoding=\"async\" width=\"310\" height=\"140\" class=\"wp-image-187\" src=\"http:\/\/padmasana.hr\/wp-content\/uploads\/2014\/03\/Ommani.png\" alt=\"Ommani\" srcset=\"https:\/\/padmasana.hr\/wp-content\/uploads\/2014\/03\/Ommani.png 310w, https:\/\/padmasana.hr\/wp-content\/uploads\/2014\/03\/Ommani-300x135.png 300w\" sizes=\"auto, (max-width: 310px) 100vw, 310px\" \/><\/a><\/figure>\r\n<\/div>\r\n\r\n\r\n<p class=\"has-text-align-center\">\u00a0<\/p>","protected":false},"excerpt":{"rendered":"<p>&nbsp; Dragi prijatelji, S rado\u0161\u0107u vam \u017eelimo priop\u0107iti ciljeve i namjere kojima smo se vodili pri pokretanju Hrvatskog buddhisti\u010dkog dru\u0161tva &#8216;Padmasana&#8217;. Osnovni cilj Hrvatskog buddhisti\u010dkog dru\u0161tva &#8216;Padmasana&#8217; je promicanje dragocjene riznice buddhisti\u010dke kulture i mudrosti koja svojim sadr\u017eajima mo\u017ee oplemeniti \u017eivot dana\u0161njeg \u010dovjeka i pomo\u0107i u unapre\u0111ivanju po\u010desto zaboravljenih neprolaznih vrijednosti unutra\u0161njeg duhovnog \u017eivota. Njegovanjem [&hellip;]<\/p>\n","protected":false},"author":3,"featured_media":0,"parent":0,"menu_order":0,"comment_status":"closed","ping_status":"closed","template":"front-page.php","meta":{"iawp_total_views":1246,"footnotes":""},"class_list":["post-2","page","type-page","status-publish","hentry"],"yoast_head":"<!-- This site is optimized with the Yoast SEO plugin v27.4 - https:\/\/yoast.com\/product\/yoast-seo-wordpress\/ -->\n<title>H. B. D. Padmasana - Hrvatsko Budisti\u010dko Dru\u0161tvo &quot;Padmasana&quot;<\/title>\n<meta name=\"robots\" content=\"index, follow, max-snippet:-1, max-image-preview:large, max-video-preview:-1\" \/>\n<link rel=\"canonical\" href=\"https:\/\/padmasana.hr\/en\/\" \/>\n<meta property=\"og:locale\" content=\"en_US\" \/>\n<meta property=\"og:type\" content=\"article\" \/>\n<meta property=\"og:title\" content=\"H. B. D. Padmasana - Hrvatsko Budisti\u010dko Dru\u0161tvo &quot;Padmasana&quot;\" \/>\n<meta property=\"og:description\" content=\"&nbsp; Dragi prijatelji, S rado\u0161\u0107u vam \u017eelimo priop\u0107iti ciljeve i namjere kojima smo se vodili pri pokretanju Hrvatskog buddhisti\u010dkog dru\u0161tva &#8216;Padmasana&#8217;. Osnovni cilj Hrvatskog buddhisti\u010dkog dru\u0161tva &#8216;Padmasana&#8217; je promicanje dragocjene riznice buddhisti\u010dke kulture i mudrosti koja svojim sadr\u017eajima mo\u017ee oplemeniti \u017eivot dana\u0161njeg \u010dovjeka i pomo\u0107i u unapre\u0111ivanju po\u010desto zaboravljenih neprolaznih vrijednosti unutra\u0161njeg duhovnog \u017eivota. Njegovanjem [&hellip;]\" \/>\n<meta property=\"og:url\" content=\"https:\/\/padmasana.hr\/en\/\" \/>\n<meta property=\"og:site_name\" content=\"Hrvatsko Budisti\u010dko Dru\u0161tvo &quot;Padmasana&quot;\" \/>\n<meta property=\"article:publisher\" content=\"https:\/\/www.facebook.com\/profile.php?id=100064443051947\" \/>\n<meta property=\"article:modified_time\" content=\"2025-09-08T13:25:15+00:00\" \/>\n<meta property=\"og:image\" content=\"https:\/\/padmasana.hr\/wp-content\/uploads\/2024\/04\/1712530790439.jpg\" \/>\n\t<meta property=\"og:image:width\" content=\"1868\" \/>\n\t<meta property=\"og:image:height\" content=\"1401\" \/>\n\t<meta property=\"og:image:type\" content=\"image\/jpeg\" \/>\n<meta name=\"twitter:card\" content=\"summary_large_image\" \/>\n<meta name=\"twitter:label1\" content=\"Est. reading time\" \/>\n\t<meta name=\"twitter:data1\" content=\"2 minutes\" \/>\n<script type=\"application\/ld+json\" class=\"yoast-schema-graph\">{\"@context\":\"https:\\\/\\\/schema.org\",\"@graph\":[{\"@type\":\"WebPage\",\"@id\":\"https:\\\/\\\/padmasana.hr\\\/\",\"url\":\"https:\\\/\\\/padmasana.hr\\\/\",\"name\":\"H. B. D. Padmasana - Hrvatsko Budisti\u010dko Dru\u0161tvo &quot;Padmasana&quot;\",\"isPartOf\":{\"@id\":\"https:\\\/\\\/padmasana.hr\\\/en\\\/#website\"},\"primaryImageOfPage\":{\"@id\":\"https:\\\/\\\/padmasana.hr\\\/#primaryimage\"},\"image\":{\"@id\":\"https:\\\/\\\/padmasana.hr\\\/#primaryimage\"},\"thumbnailUrl\":\"https:\\\/\\\/padmasana.hr\\\/wp-content\\\/uploads\\\/2024\\\/04\\\/1712530790439.jpg\",\"datePublished\":\"2014-03-28T20:52:23+00:00\",\"dateModified\":\"2025-09-08T13:25:15+00:00\",\"breadcrumb\":{\"@id\":\"https:\\\/\\\/padmasana.hr\\\/#breadcrumb\"},\"inLanguage\":\"en-US\",\"potentialAction\":[{\"@type\":\"ReadAction\",\"target\":[\"https:\\\/\\\/padmasana.hr\\\/\"]}]},{\"@type\":\"ImageObject\",\"inLanguage\":\"en-US\",\"@id\":\"https:\\\/\\\/padmasana.hr\\\/#primaryimage\",\"url\":\"https:\\\/\\\/padmasana.hr\\\/wp-content\\\/uploads\\\/2024\\\/04\\\/1712530790439.jpg\",\"contentUrl\":\"https:\\\/\\\/padmasana.hr\\\/wp-content\\\/uploads\\\/2024\\\/04\\\/1712530790439.jpg\"},{\"@type\":\"BreadcrumbList\",\"@id\":\"https:\\\/\\\/padmasana.hr\\\/#breadcrumb\",\"itemListElement\":[{\"@type\":\"ListItem\",\"position\":1,\"name\":\"Home\",\"item\":\"https:\\\/\\\/padmasana.hr\\\/\"},{\"@type\":\"ListItem\",\"position\":2,\"name\":\"H. B. D. Padmasana\"}]},{\"@type\":\"WebSite\",\"@id\":\"https:\\\/\\\/padmasana.hr\\\/en\\\/#website\",\"url\":\"https:\\\/\\\/padmasana.hr\\\/en\\\/\",\"name\":\"Hrvatsko Budisti\u010dko Dru\u0161tvo \\\"Padmasana\\\"\",\"description\":\"\",\"publisher\":{\"@id\":\"https:\\\/\\\/padmasana.hr\\\/en\\\/#organization\"},\"potentialAction\":[{\"@type\":\"SearchAction\",\"target\":{\"@type\":\"EntryPoint\",\"urlTemplate\":\"https:\\\/\\\/padmasana.hr\\\/en\\\/?s={search_term_string}\"},\"query-input\":{\"@type\":\"PropertyValueSpecification\",\"valueRequired\":true,\"valueName\":\"search_term_string\"}}],\"inLanguage\":\"en-US\"},{\"@type\":\"Organization\",\"@id\":\"https:\\\/\\\/padmasana.hr\\\/en\\\/#organization\",\"name\":\"Hrvatsko Budisti\u010dko Dru\u0161tvo \\\"Padmasana\\\"\",\"url\":\"https:\\\/\\\/padmasana.hr\\\/en\\\/\",\"logo\":{\"@type\":\"ImageObject\",\"inLanguage\":\"en-US\",\"@id\":\"https:\\\/\\\/padmasana.hr\\\/en\\\/#\\\/schema\\\/logo\\\/image\\\/\",\"url\":\"https:\\\/\\\/padmasana.hr\\\/wp-content\\\/uploads\\\/2024\\\/04\\\/cropped-logotip-of-padmasana.jpg\",\"contentUrl\":\"https:\\\/\\\/padmasana.hr\\\/wp-content\\\/uploads\\\/2024\\\/04\\\/cropped-logotip-of-padmasana.jpg\",\"width\":512,\"height\":512,\"caption\":\"Hrvatsko Budisti\u010dko Dru\u0161tvo \\\"Padmasana\\\"\"},\"image\":{\"@id\":\"https:\\\/\\\/padmasana.hr\\\/en\\\/#\\\/schema\\\/logo\\\/image\\\/\"},\"sameAs\":[\"https:\\\/\\\/www.facebook.com\\\/profile.php?id=100064443051947\"]}]}<\/script>\n<!-- \/ Yoast SEO plugin. -->","yoast_head_json":{"title":"H. B. D. Padmasana - Hrvatsko Budisti\u010dko Dru\u0161tvo &quot;Padmasana&quot;","robots":{"index":"index","follow":"follow","max-snippet":"max-snippet:-1","max-image-preview":"max-image-preview:large","max-video-preview":"max-video-preview:-1"},"canonical":"https:\/\/padmasana.hr\/en\/","og_locale":"en_US","og_type":"article","og_title":"H. B. D. Padmasana - Hrvatsko Budisti\u010dko Dru\u0161tvo &quot;Padmasana&quot;","og_description":"&nbsp; Dragi prijatelji, S rado\u0161\u0107u vam \u017eelimo priop\u0107iti ciljeve i namjere kojima smo se vodili pri pokretanju Hrvatskog buddhisti\u010dkog dru\u0161tva &#8216;Padmasana&#8217;. Osnovni cilj Hrvatskog buddhisti\u010dkog dru\u0161tva &#8216;Padmasana&#8217; je promicanje dragocjene riznice buddhisti\u010dke kulture i mudrosti koja svojim sadr\u017eajima mo\u017ee oplemeniti \u017eivot dana\u0161njeg \u010dovjeka i pomo\u0107i u unapre\u0111ivanju po\u010desto zaboravljenih neprolaznih vrijednosti unutra\u0161njeg duhovnog \u017eivota. Njegovanjem [&hellip;]","og_url":"https:\/\/padmasana.hr\/en\/","og_site_name":"Hrvatsko Budisti\u010dko Dru\u0161tvo &quot;Padmasana&quot;","article_publisher":"https:\/\/www.facebook.com\/profile.php?id=100064443051947","article_modified_time":"2025-09-08T13:25:15+00:00","og_image":[{"width":1868,"height":1401,"url":"https:\/\/padmasana.hr\/wp-content\/uploads\/2024\/04\/1712530790439.jpg","type":"image\/jpeg"}],"twitter_card":"summary_large_image","twitter_misc":{"Est. reading time":"2 minutes"},"schema":{"@context":"https:\/\/schema.org","@graph":[{"@type":"WebPage","@id":"https:\/\/padmasana.hr\/","url":"https:\/\/padmasana.hr\/","name":"H. B. D. Padmasana - Hrvatsko Budisti\u010dko Dru\u0161tvo &quot;Padmasana&quot;","isPartOf":{"@id":"https:\/\/padmasana.hr\/en\/#website"},"primaryImageOfPage":{"@id":"https:\/\/padmasana.hr\/#primaryimage"},"image":{"@id":"https:\/\/padmasana.hr\/#primaryimage"},"thumbnailUrl":"https:\/\/padmasana.hr\/wp-content\/uploads\/2024\/04\/1712530790439.jpg","datePublished":"2014-03-28T20:52:23+00:00","dateModified":"2025-09-08T13:25:15+00:00","breadcrumb":{"@id":"https:\/\/padmasana.hr\/#breadcrumb"},"inLanguage":"en-US","potentialAction":[{"@type":"ReadAction","target":["https:\/\/padmasana.hr\/"]}]},{"@type":"ImageObject","inLanguage":"en-US","@id":"https:\/\/padmasana.hr\/#primaryimage","url":"https:\/\/padmasana.hr\/wp-content\/uploads\/2024\/04\/1712530790439.jpg","contentUrl":"https:\/\/padmasana.hr\/wp-content\/uploads\/2024\/04\/1712530790439.jpg"},{"@type":"BreadcrumbList","@id":"https:\/\/padmasana.hr\/#breadcrumb","itemListElement":[{"@type":"ListItem","position":1,"name":"Home","item":"https:\/\/padmasana.hr\/"},{"@type":"ListItem","position":2,"name":"H. B. D. Padmasana"}]},{"@type":"WebSite","@id":"https:\/\/padmasana.hr\/en\/#website","url":"https:\/\/padmasana.hr\/en\/","name":"Hrvatsko Budisti\u010dko Dru\u0161tvo \"Padmasana\"","description":"","publisher":{"@id":"https:\/\/padmasana.hr\/en\/#organization"},"potentialAction":[{"@type":"SearchAction","target":{"@type":"EntryPoint","urlTemplate":"https:\/\/padmasana.hr\/en\/?s={search_term_string}"},"query-input":{"@type":"PropertyValueSpecification","valueRequired":true,"valueName":"search_term_string"}}],"inLanguage":"en-US"},{"@type":"Organization","@id":"https:\/\/padmasana.hr\/en\/#organization","name":"Hrvatsko Budisti\u010dko Dru\u0161tvo \"Padmasana\"","url":"https:\/\/padmasana.hr\/en\/","logo":{"@type":"ImageObject","inLanguage":"en-US","@id":"https:\/\/padmasana.hr\/en\/#\/schema\/logo\/image\/","url":"https:\/\/padmasana.hr\/wp-content\/uploads\/2024\/04\/cropped-logotip-of-padmasana.jpg","contentUrl":"https:\/\/padmasana.hr\/wp-content\/uploads\/2024\/04\/cropped-logotip-of-padmasana.jpg","width":512,"height":512,"caption":"Hrvatsko Budisti\u010dko Dru\u0161tvo \"Padmasana\""},"image":{"@id":"https:\/\/padmasana.hr\/en\/#\/schema\/logo\/image\/"},"sameAs":["https:\/\/www.facebook.com\/profile.php?id=100064443051947"]}]}},"_links":{"self":[{"href":"https:\/\/padmasana.hr\/en\/wp-json\/wp\/v2\/pages\/2","targetHints":{"allow":["GET"]}}],"collection":[{"href":"https:\/\/padmasana.hr\/en\/wp-json\/wp\/v2\/pages"}],"about":[{"href":"https:\/\/padmasana.hr\/en\/wp-json\/wp\/v2\/types\/page"}],"author":[{"embeddable":true,"href":"https:\/\/padmasana.hr\/en\/wp-json\/wp\/v2\/users\/3"}],"replies":[{"embeddable":true,"href":"https:\/\/padmasana.hr\/en\/wp-json\/wp\/v2\/comments?post=2"}],"version-history":[{"count":4,"href":"https:\/\/padmasana.hr\/en\/wp-json\/wp\/v2\/pages\/2\/revisions"}],"predecessor-version":[{"id":2020,"href":"https:\/\/padmasana.hr\/en\/wp-json\/wp\/v2\/pages\/2\/revisions\/2020"}],"wp:attachment":[{"href":"https:\/\/padmasana.hr\/en\/wp-json\/wp\/v2\/media?parent=2"}],"curies":[{"name":"wp","href":"https:\/\/api.w.org\/{rel}","templated":true}]}}