{"id":1953,"date":"2025-03-14T15:28:29","date_gmt":"2025-03-14T14:28:29","guid":{"rendered":"https:\/\/padmasana.hr\/?page_id=1953"},"modified":"2025-03-14T15:28:29","modified_gmt":"2025-03-14T14:28:29","slug":"reena-smalcelj","status":"publish","type":"page","link":"https:\/\/padmasana.hr\/en\/reena-smalcelj\/","title":{"rendered":"Reena \u0160malcelj (Lhamo Ozer Chenma)"},"content":{"rendered":"<div class=\"wp-block-image\">\r\n<figure class=\"alignleft\"><a href=\"https:\/\/padmasana.hr\/wp-content\/uploads\/2025\/03\/Reenasmaljcelj.jpg\"><img loading=\"lazy\" decoding=\"async\" class=\"alignnone wp-image-1956 size-full\" src=\"https:\/\/padmasana.hr\/wp-content\/uploads\/2025\/03\/Reenasmaljcelj.jpg\" alt=\"\" width=\"160\" height=\"289\" \/><\/a><\/figure>\r\n<\/div>\r\n\r\n\r\n<p><b>\u017divotopis duhovne u\u010diteljice Reene \u0160malcelj \u00a0<\/b><b>(dopredsjednice Hrvatskog buddhisti\u010dkog dru\u0161tva &#8216;Padmasana&#8217; )<\/b><\/p>\r\n\r\n\r\n\r\n<p><b>Reena \u0160malcelj<\/b> ro\u0111ena je u glavnom gradu Indije, <b>New Delhiju<\/b>, gdje je vrlo rano zapo\u010dela s tradicionalnim\u00a0 obrazovanjem u Indijskoj klasi\u010dnoj umjetnosti koja uklju\u010duje jogu i klasi\u010dnu muziku. \u010clanovi njezine obitelji pripadaju razli\u010ditim vjerskim tradicijskim naslije\u0111ima pa je tako ideja o vjerskoj toleranciji i prihva\u0107anju svih tradicija sa\u017eivjela u njoj jo\u0161 u ranom djetinjstvu. Ve\u0107 u svojim prvim \u0161kolskim godinama osje\u0107ala je duboku sklonost prema u\u010denjima Buddhe.<\/p>\r\n\r\n\r\n\r\n<p>U New Delhiju je studirala zapadnu psihologiju, odakle zapo\u010dinje njen interes za prou\u010davanje ljudskog uma. Tijekom i nakon zavr\u0161enog studija ukazala joj se prilika uklju\u010divanja u socijalni rad s invalidnom djecom, besku\u0107nicima i nezbrinutom djecom. U kasnijim godinama poma\u017ee u ku\u0107i za umiru\u0107e u Kalighatu koju je osnovala Majka Tereza u Kalkuti. Ova iskustva rezultirala su spoznajom o ljudskoj patnji i netrajnosti te doprinjela pojavi dubokog po\u0161tovanja prema ljudskome bi\u0107u i dragocjenosti samog \u017eivota u kojem je najva\u017enije razvijati dobrotu, ljubav, suosje\u0107ajnost i velikodu\u0161nost prema drugima. Uz postoje\u0107i interes za studij o ljudskom umu, razvila je stvarnu osnovu za kasniji detaljni studij budisti\u010dke filozofije i motivaciju za trening u \u00a0buddhisti\u010dkoj meditaciji.<\/p>\r\n\r\n\r\n\r\n<p>To je bio razlog njenog odlaska 1989 godine <b>u Himalaje<\/b>. Punih deset godina \u00a0\u017eivjela je u Himalajskom podru\u010dju Indije, posve\u0107ena studiju razli\u010ditih aspekata mahajanskog buddhizma pod vodstvom mnogih autenti\u010dnih tibetanskih duhovnih majstora. U tim ranijim godinama u planinskoj tibetanskoj Dharamsali\u00a0 (Himachal Pradesh), 1990 godine, formalno je primila uto\u010di\u0161te u Buddhi, Dharmi i Sanghi i uzela bodhisattvine zavjete (u no\u0107i punog mjeseca) kod Nj. Sv. Dalai Lame. Poha\u0111ala je ve\u0107inu u\u010denja o buddhisti\u010dkoj doktrini koju je davao osobno Dalai Lama diljem Indije. Ka tome zapo\u010dinje sa dvogodi\u0161njim\u00a0 buddhisti\u010dkim studijem sutre u \u2018Tibetan library\u2019 u Dharamsali, u klasi u\u010ditelja Geshe Sonam Rinchen-a. Primiv\u0161i mnoga u\u010denja iz buddhisti\u010dke filozofije, uklju\u010duju\u0107i sve razine obja\u0161njenja &#8216;Lam Rim&#8217; stupnjevitog puta, i to naro\u010dito od Njegove Svetosti 14. Dalai Lame, posvetila se meditacijskoj praksi pod osobnim nadzorom poznatih meditacijskih u\u010ditelja iz sve \u010detiri \u0161kole Tibetanskog mahajana buddhizma.<\/p>\r\n\r\n\r\n\r\n<p>Duboko su ju dirnula detaljna u\u010denja koja je primila posebno na korijenske tekstove: Bodhisattvacharyavatara i Siksha Samuccaya od Shantideve;\u00a0 stihove o bodhichitti od Kunu Lame; komentare na Prajnaparimita-u, komentare na raspravu &#8216;The Fundamental Wisdom on the Middle Way&#8217;, komentare na &#8216;Great dose of emptiness&#8217; (tib. &#8216;sTong thun chen mo&#8217;) od mKhas grub dGe legs dpal bzang i tekst &#8216;Suhrllekha&#8217; od Nagarjune, komentare na &#8216;Shu-len&#8217; (pitanja i odgovori izme\u0111u Guru Rinpoche i Yeshe Tsogyal) i komentare na Uttara tantru.<\/p>\r\n\r\n\r\n\r\n<p>U godinama koje su uslijedile, nakon \u0161to je zavr\u0161ila ve\u0107inu \u00a0svojih preliminarnih praksi &#8220;Ngondro&#8221; u Dharamsali, nastavila je sa istima kasnije u Bodh Gayi, mjestu Buddhinog\u00a0 prosvjetljenja. Nakon toga provodi mnogo godina u meditacijskoj praksi, posebno na &#8216;jogu bo\u017eanstava&#8217; u buddhisti\u010dkoj tantri, primiv\u0161i mnoga opunomo\u0107enja i sve neophodne detaljne instrukcije na putu Vajrayane (Dorjee Teg&#8217;pa); trening u Shamatha meditaciji; trening u tantri &#8216;Sangwe Dupa&#8217;; &#8216;Kadam Thigle&#8217; praksi; \u00a0&#8216;Osam Logos&#8217;a (Kagye)&#8217;, praksi &#8216;Phowa-e&#8217; kao dijelu \u0161est Naropinih yoga;\u00a0 tantri &#8216;Dukor&#8217; i &#8216;Tamdin Pema Wangchen&#8217;, praksi &#8216;Vajrayogini&#8217; i &#8216;Palden Dorje Naljorm-e&#8217; (u formi &#8216;Naroka Che&#8217;), &#8216;Guru Drakpo&#8217; tantri, meditaciji na &#8216;stotinu bo\u017eanstava Shitro&#8217; , &#8216;Dorsem&#8217; praksi u tri razine \u00a0(vanjskoj, unutarnjoj i tajnoj), &#8216;Sangye Menla&#8217; tantri, &#8216;Tsa lung&#8217; i &#8216;trul-kor jogi&#8217;, meditacijskoj praksi u tri aspekta Tare, &#8216;Kala-Kali&#8217; skupini za\u0161titnika, &#8216;Ushnishavijaya&#8217; tantri, &#8216;Thumo Mamo&#8217; unutarnjoj tajnoj praksi i &#8216;Mahamudra&#8217; praksi u kagyu-pa tradiciji. Imala je sre\u0107u dobiti audijenciju kod Nj. Sv. Taklung Kyabgon Tsetrul Thupten Gyaltsen Rinpoche-a, u vrijeme njegovog boravka u samostanu Nj. Sv. Penor Rinpoche-a, i primiti izravno od njega kao nosioca, skupinu opunomo\u0107enja za sjeverni ogranak &#8216;Terma riznice u Jangter tradiciji&#8217; Nyingmapa \u0161kole. Nj. Sv. Taklung K. Tsetrul T. Gyaltsen Rinpoche &#8216;Dharma Raja&#8217; je sada\u0161nji poglavar Nyingma \u0161kole.<\/p>\r\n\r\n\r\n\r\n<p>Sve transmisije, komentare i instrukcije na navedene tantri\u010dke prakse primila je od nekolicine vrlo izuzetnih meditacijskih tantri\u010dkih vajra majstora: Nj. Sv. Dalai Lame, Nj. Sv. Penor Rinpoche-a (zadnjeg), Kyabje Druwang Konchog Norbu Rinpoche-a, Lame K.C. Ayang Rinpoche-a, 14.Ganor Dzogchen Rinpoche-a, Gen Nyima-e iz Ganden sveu\u010dili\u0161ta, Lame Kirti Tsenshab Rinpoche-a, Kyabje Taklung Tsetrul Rinpoche-a, Geshe Denma Locho Rinpoche-a, Lame Garje Khamtrul Rinpoche-a, Kyabje Garchen Rinpoche-a i nekoliko drugih majstora, uklju\u010duju\u0107i i neke od \u017eenskih praktikanata (joginki). Tada dobiva i dharmi\u010dko duhovno ime <b>&#8216;Lhamo Ozer Chenma&#8217;<\/b>.<\/p>\r\n\r\n\r\n\r\n<p>Putuju\u0107i izvan Indije na mnoga mjesta gdje je buddhizam prisutan, imala je rijetku sre\u0107u primiti instrukcije od mnogih velikih majstora razli\u010ditih \u0161kola i razli\u010ditih loza tibetanskog buddhizma te dobiti audijenciju, blagoslove i vrijedne savjete koji su joj bili od velike koristi u osobnoj duhovnoj praksi. Na svojevrstan na\u010din, to ju je inspiriralo za po\u010detak u\u010diteljskog djelovanja u Hrvatskom\u00a0 buddhisti\u010dkom dru\u0161tvu &#8216;Padmasana&#8217;, osnovanom na na\u010delima nesekta\u0161tva, jednakog vrednovanja \u00a0buddhisti\u010dkog \u00a0u\u010denja \u00a0sve \u00a0\u010detiri \u00a0\u0161kole \u00a0tibetanskog \u00a0buddhizma.<\/p>\r\n\r\n\r\n\r\n<p>Tijekom mnogih godina prakticiranja meditacije, na preporuku njenog meditacijskog majstora zapo\u010dela je sa studijem tibetanske umjetnosti poznate kao slikanje <b>&#8216;thangka&#8217;<\/b>. Detaljno studira ikonografiju i simboliku tantri\u010dkih aspekata Buddha te primjenu kamenih boja, a zatim pod nadzorom umjetni\u010dkih majstora u slikanju thangha-i na platnu po\u010dinje samostalno s radom. Njeno meditacijsko iskustvo udahnulo je osebujan \u017eivot likovima bo\u017eanstava koje je stvarala na platnu, a za uzvrat prikazi bo\u017eanstava na slikama sa svim svojim finim detaljima slu\u017eili su joj kao podr\u0161ka i pomo\u0107 u koncentraciji, njegovanju strpljenja i razvoju posebne jasno\u0107e u meditacijskoj praksi tantri\u010dke vizualizacije.<\/p>\r\n\r\n\r\n\r\n<p>Tokom godina provedenih u himalajskom podru\u010dju pru\u017eila joj se mogu\u0107nost\u00a0 u\u010denja pored nekoliko lije\u010dnika iscjelitelja iz Tibeta i Ladhaka koji prakticiraju metode tradicionalnog tibetanskog umije\u0107a u iscjeljivanju, tako da je postigla neka iskustva i u ovom podru\u010dju lije\u010denja prirodnim biljem i mineralima.<\/p>\r\n\r\n\r\n\r\n<p>Od 1998. godine do kraja 2000. godine, bila je uklju\u010dena u buddhisti\u010dke projekte u Bodh Gayi\/ Indija i postala \u010dlanicom \u00a0tada\u0161njeg me\u0111unarodnog buddhisti\u010dkog vije\u0107a.<\/p>\r\n\r\n\r\n\r\n<p>Od 2002. godine \u017eivi uglavnom u Hrvatskoj, u Zagrebu, obna\u0161a funkciju dopredsjednice Hrvatskog buddhisti\u010dkog dru\u0161tva \u2018Padmasana\u2019, centra za buddhisti\u010dki studij, umjetnost i duhovnost Himalaja. Nastavljaju\u0107i izu\u010davanje i bavljenje meditacijskom praksom, anga\u017eirana je u svim aktivnostima buddhisti\u010dkog dru\u0161tva, uklju\u010duju\u0107i podu\u010davanje u teoriji Dharme, vo\u0111enje meditacijske prakse i\u00a0 &#8216;retreat&#8217;-a (povla\u010denje radi utvr\u0111ivanja meditacijske prakse), oslikavanje &#8216;thangka&#8217; i obavlja druge organizacijske poslove. U nekoliko prigoda predstavljala je Hrvatsko buddhisti\u010dko dru\u0161tvo &#8216;Padmasana&#8217; i dharma aktivnosti dru\u0161tva sudjelovanjem na me\u0111unarodnim buddhisti\u010dkim konferencijama putuju\u0107i u druge dijelove svijeta, kao \u0161to su Indija, Tajland, \u0160ri Lanka, \u0160vicarska, i drugdje.<\/p>\r\n\r\n\r\n\r\n<p>Do sada, autor je nekolicine izvrsnih tekstova o buddhizmu i priru\u010dnika za meditaciju na razli\u010dite aspekte tantri\u010dkih bo\u017eanstava .<\/p>\r\n\r\n\r\n\r\n<p>Neka sve bude pozitivno i za dobrobit svih koji tra\u017ee put prema trajnoj sre\u0107i, slobodi i iskrenom miru srca.<\/p>","protected":false},"excerpt":{"rendered":"<p>\u017divotopis duhovne u\u010diteljice Reene \u0160malcelj \u00a0(dopredsjednice Hrvatskog buddhisti\u010dkog dru\u0161tva &#8216;Padmasana&#8217; ) Reena \u0160malcelj ro\u0111ena je u glavnom gradu Indije, New Delhiju, gdje je vrlo rano zapo\u010dela s tradicionalnim\u00a0 obrazovanjem u Indijskoj klasi\u010dnoj umjetnosti koja uklju\u010duje jogu i klasi\u010dnu muziku. \u010clanovi njezine obitelji pripadaju razli\u010ditim vjerskim tradicijskim naslije\u0111ima pa je tako ideja o vjerskoj toleranciji i [&hellip;]<\/p>\n","protected":false},"author":3,"featured_media":0,"parent":0,"menu_order":0,"comment_status":"closed","ping_status":"closed","template":"","meta":{"iawp_total_views":68,"footnotes":""},"class_list":["post-1953","page","type-page","status-publish","hentry"],"yoast_head":"<!-- This site is optimized with the Yoast SEO plugin v27.4 - https:\/\/yoast.com\/product\/yoast-seo-wordpress\/ -->\n<title>Reena \u0160malcelj (Lhamo Ozer Chenma) - Hrvatsko Budisti\u010dko Dru\u0161tvo &quot;Padmasana&quot;<\/title>\n<meta name=\"robots\" content=\"index, follow, max-snippet:-1, max-image-preview:large, max-video-preview:-1\" \/>\n<link rel=\"canonical\" href=\"https:\/\/padmasana.hr\/en\/reena-smalcelj\/\" \/>\n<meta property=\"og:locale\" content=\"en_US\" \/>\n<meta property=\"og:type\" content=\"article\" \/>\n<meta property=\"og:title\" content=\"Reena \u0160malcelj (Lhamo Ozer Chenma) - Hrvatsko Budisti\u010dko Dru\u0161tvo &quot;Padmasana&quot;\" \/>\n<meta property=\"og:description\" content=\"\u017divotopis duhovne u\u010diteljice Reene \u0160malcelj \u00a0(dopredsjednice Hrvatskog buddhisti\u010dkog dru\u0161tva &#8216;Padmasana&#8217; ) Reena \u0160malcelj ro\u0111ena je u glavnom gradu Indije, New Delhiju, gdje je vrlo rano zapo\u010dela s tradicionalnim\u00a0 obrazovanjem u Indijskoj klasi\u010dnoj umjetnosti koja uklju\u010duje jogu i klasi\u010dnu muziku. \u010clanovi njezine obitelji pripadaju razli\u010ditim vjerskim tradicijskim naslije\u0111ima pa je tako ideja o vjerskoj toleranciji i [&hellip;]\" \/>\n<meta property=\"og:url\" content=\"https:\/\/padmasana.hr\/en\/reena-smalcelj\/\" \/>\n<meta property=\"og:site_name\" content=\"Hrvatsko Budisti\u010dko Dru\u0161tvo &quot;Padmasana&quot;\" \/>\n<meta property=\"article:publisher\" content=\"https:\/\/www.facebook.com\/profile.php?id=100064443051947\" \/>\n<meta property=\"og:image\" content=\"https:\/\/padmasana.hr\/wp-content\/uploads\/2025\/03\/Reenasmaljcelj.jpg\" \/>\n\t<meta property=\"og:image:width\" content=\"160\" \/>\n\t<meta property=\"og:image:height\" content=\"289\" \/>\n\t<meta property=\"og:image:type\" content=\"image\/jpeg\" \/>\n<meta name=\"twitter:card\" content=\"summary_large_image\" \/>\n<meta name=\"twitter:label1\" content=\"Est. reading time\" \/>\n\t<meta name=\"twitter:data1\" content=\"6 minutes\" \/>\n<script type=\"application\/ld+json\" class=\"yoast-schema-graph\">{\"@context\":\"https:\\\/\\\/schema.org\",\"@graph\":[{\"@type\":\"WebPage\",\"@id\":\"https:\\\/\\\/padmasana.hr\\\/reena-smalcelj\\\/\",\"url\":\"https:\\\/\\\/padmasana.hr\\\/reena-smalcelj\\\/\",\"name\":\"Reena \u0160malcelj (Lhamo Ozer Chenma) - Hrvatsko Budisti\u010dko Dru\u0161tvo &quot;Padmasana&quot;\",\"isPartOf\":{\"@id\":\"https:\\\/\\\/padmasana.hr\\\/en\\\/#website\"},\"primaryImageOfPage\":{\"@id\":\"https:\\\/\\\/padmasana.hr\\\/reena-smalcelj\\\/#primaryimage\"},\"image\":{\"@id\":\"https:\\\/\\\/padmasana.hr\\\/reena-smalcelj\\\/#primaryimage\"},\"thumbnailUrl\":\"https:\\\/\\\/padmasana.hr\\\/wp-content\\\/uploads\\\/2025\\\/03\\\/Reenasmaljcelj.jpg\",\"datePublished\":\"2025-03-14T14:28:29+00:00\",\"breadcrumb\":{\"@id\":\"https:\\\/\\\/padmasana.hr\\\/reena-smalcelj\\\/#breadcrumb\"},\"inLanguage\":\"en-US\",\"potentialAction\":[{\"@type\":\"ReadAction\",\"target\":[\"https:\\\/\\\/padmasana.hr\\\/reena-smalcelj\\\/\"]}]},{\"@type\":\"ImageObject\",\"inLanguage\":\"en-US\",\"@id\":\"https:\\\/\\\/padmasana.hr\\\/reena-smalcelj\\\/#primaryimage\",\"url\":\"https:\\\/\\\/padmasana.hr\\\/wp-content\\\/uploads\\\/2025\\\/03\\\/Reenasmaljcelj.jpg\",\"contentUrl\":\"https:\\\/\\\/padmasana.hr\\\/wp-content\\\/uploads\\\/2025\\\/03\\\/Reenasmaljcelj.jpg\"},{\"@type\":\"BreadcrumbList\",\"@id\":\"https:\\\/\\\/padmasana.hr\\\/reena-smalcelj\\\/#breadcrumb\",\"itemListElement\":[{\"@type\":\"ListItem\",\"position\":1,\"name\":\"Home\",\"item\":\"https:\\\/\\\/padmasana.hr\\\/\"},{\"@type\":\"ListItem\",\"position\":2,\"name\":\"Reena \u0160malcelj (Lhamo Ozer Chenma)\"}]},{\"@type\":\"WebSite\",\"@id\":\"https:\\\/\\\/padmasana.hr\\\/en\\\/#website\",\"url\":\"https:\\\/\\\/padmasana.hr\\\/en\\\/\",\"name\":\"Hrvatsko Budisti\u010dko Dru\u0161tvo \\\"Padmasana\\\"\",\"description\":\"\",\"publisher\":{\"@id\":\"https:\\\/\\\/padmasana.hr\\\/en\\\/#organization\"},\"potentialAction\":[{\"@type\":\"SearchAction\",\"target\":{\"@type\":\"EntryPoint\",\"urlTemplate\":\"https:\\\/\\\/padmasana.hr\\\/en\\\/?s={search_term_string}\"},\"query-input\":{\"@type\":\"PropertyValueSpecification\",\"valueRequired\":true,\"valueName\":\"search_term_string\"}}],\"inLanguage\":\"en-US\"},{\"@type\":\"Organization\",\"@id\":\"https:\\\/\\\/padmasana.hr\\\/en\\\/#organization\",\"name\":\"Hrvatsko Budisti\u010dko Dru\u0161tvo \\\"Padmasana\\\"\",\"url\":\"https:\\\/\\\/padmasana.hr\\\/en\\\/\",\"logo\":{\"@type\":\"ImageObject\",\"inLanguage\":\"en-US\",\"@id\":\"https:\\\/\\\/padmasana.hr\\\/en\\\/#\\\/schema\\\/logo\\\/image\\\/\",\"url\":\"https:\\\/\\\/padmasana.hr\\\/wp-content\\\/uploads\\\/2024\\\/04\\\/cropped-logotip-of-padmasana.jpg\",\"contentUrl\":\"https:\\\/\\\/padmasana.hr\\\/wp-content\\\/uploads\\\/2024\\\/04\\\/cropped-logotip-of-padmasana.jpg\",\"width\":512,\"height\":512,\"caption\":\"Hrvatsko Budisti\u010dko Dru\u0161tvo \\\"Padmasana\\\"\"},\"image\":{\"@id\":\"https:\\\/\\\/padmasana.hr\\\/en\\\/#\\\/schema\\\/logo\\\/image\\\/\"},\"sameAs\":[\"https:\\\/\\\/www.facebook.com\\\/profile.php?id=100064443051947\"]}]}<\/script>\n<!-- \/ Yoast SEO plugin. -->","yoast_head_json":{"title":"Reena \u0160malcelj (Lhamo Ozer Chenma) - Hrvatsko Budisti\u010dko Dru\u0161tvo &quot;Padmasana&quot;","robots":{"index":"index","follow":"follow","max-snippet":"max-snippet:-1","max-image-preview":"max-image-preview:large","max-video-preview":"max-video-preview:-1"},"canonical":"https:\/\/padmasana.hr\/en\/reena-smalcelj\/","og_locale":"en_US","og_type":"article","og_title":"Reena \u0160malcelj (Lhamo Ozer Chenma) - Hrvatsko Budisti\u010dko Dru\u0161tvo &quot;Padmasana&quot;","og_description":"\u017divotopis duhovne u\u010diteljice Reene \u0160malcelj \u00a0(dopredsjednice Hrvatskog buddhisti\u010dkog dru\u0161tva &#8216;Padmasana&#8217; ) Reena \u0160malcelj ro\u0111ena je u glavnom gradu Indije, New Delhiju, gdje je vrlo rano zapo\u010dela s tradicionalnim\u00a0 obrazovanjem u Indijskoj klasi\u010dnoj umjetnosti koja uklju\u010duje jogu i klasi\u010dnu muziku. \u010clanovi njezine obitelji pripadaju razli\u010ditim vjerskim tradicijskim naslije\u0111ima pa je tako ideja o vjerskoj toleranciji i [&hellip;]","og_url":"https:\/\/padmasana.hr\/en\/reena-smalcelj\/","og_site_name":"Hrvatsko Budisti\u010dko Dru\u0161tvo &quot;Padmasana&quot;","article_publisher":"https:\/\/www.facebook.com\/profile.php?id=100064443051947","og_image":[{"width":160,"height":289,"url":"https:\/\/padmasana.hr\/wp-content\/uploads\/2025\/03\/Reenasmaljcelj.jpg","type":"image\/jpeg"}],"twitter_card":"summary_large_image","twitter_misc":{"Est. reading time":"6 minutes"},"schema":{"@context":"https:\/\/schema.org","@graph":[{"@type":"WebPage","@id":"https:\/\/padmasana.hr\/reena-smalcelj\/","url":"https:\/\/padmasana.hr\/reena-smalcelj\/","name":"Reena \u0160malcelj (Lhamo Ozer Chenma) - Hrvatsko Budisti\u010dko Dru\u0161tvo &quot;Padmasana&quot;","isPartOf":{"@id":"https:\/\/padmasana.hr\/en\/#website"},"primaryImageOfPage":{"@id":"https:\/\/padmasana.hr\/reena-smalcelj\/#primaryimage"},"image":{"@id":"https:\/\/padmasana.hr\/reena-smalcelj\/#primaryimage"},"thumbnailUrl":"https:\/\/padmasana.hr\/wp-content\/uploads\/2025\/03\/Reenasmaljcelj.jpg","datePublished":"2025-03-14T14:28:29+00:00","breadcrumb":{"@id":"https:\/\/padmasana.hr\/reena-smalcelj\/#breadcrumb"},"inLanguage":"en-US","potentialAction":[{"@type":"ReadAction","target":["https:\/\/padmasana.hr\/reena-smalcelj\/"]}]},{"@type":"ImageObject","inLanguage":"en-US","@id":"https:\/\/padmasana.hr\/reena-smalcelj\/#primaryimage","url":"https:\/\/padmasana.hr\/wp-content\/uploads\/2025\/03\/Reenasmaljcelj.jpg","contentUrl":"https:\/\/padmasana.hr\/wp-content\/uploads\/2025\/03\/Reenasmaljcelj.jpg"},{"@type":"BreadcrumbList","@id":"https:\/\/padmasana.hr\/reena-smalcelj\/#breadcrumb","itemListElement":[{"@type":"ListItem","position":1,"name":"Home","item":"https:\/\/padmasana.hr\/"},{"@type":"ListItem","position":2,"name":"Reena \u0160malcelj (Lhamo Ozer Chenma)"}]},{"@type":"WebSite","@id":"https:\/\/padmasana.hr\/en\/#website","url":"https:\/\/padmasana.hr\/en\/","name":"Hrvatsko Budisti\u010dko Dru\u0161tvo \"Padmasana\"","description":"","publisher":{"@id":"https:\/\/padmasana.hr\/en\/#organization"},"potentialAction":[{"@type":"SearchAction","target":{"@type":"EntryPoint","urlTemplate":"https:\/\/padmasana.hr\/en\/?s={search_term_string}"},"query-input":{"@type":"PropertyValueSpecification","valueRequired":true,"valueName":"search_term_string"}}],"inLanguage":"en-US"},{"@type":"Organization","@id":"https:\/\/padmasana.hr\/en\/#organization","name":"Hrvatsko Budisti\u010dko Dru\u0161tvo \"Padmasana\"","url":"https:\/\/padmasana.hr\/en\/","logo":{"@type":"ImageObject","inLanguage":"en-US","@id":"https:\/\/padmasana.hr\/en\/#\/schema\/logo\/image\/","url":"https:\/\/padmasana.hr\/wp-content\/uploads\/2024\/04\/cropped-logotip-of-padmasana.jpg","contentUrl":"https:\/\/padmasana.hr\/wp-content\/uploads\/2024\/04\/cropped-logotip-of-padmasana.jpg","width":512,"height":512,"caption":"Hrvatsko Budisti\u010dko Dru\u0161tvo \"Padmasana\""},"image":{"@id":"https:\/\/padmasana.hr\/en\/#\/schema\/logo\/image\/"},"sameAs":["https:\/\/www.facebook.com\/profile.php?id=100064443051947"]}]}},"_links":{"self":[{"href":"https:\/\/padmasana.hr\/en\/wp-json\/wp\/v2\/pages\/1953","targetHints":{"allow":["GET"]}}],"collection":[{"href":"https:\/\/padmasana.hr\/en\/wp-json\/wp\/v2\/pages"}],"about":[{"href":"https:\/\/padmasana.hr\/en\/wp-json\/wp\/v2\/types\/page"}],"author":[{"embeddable":true,"href":"https:\/\/padmasana.hr\/en\/wp-json\/wp\/v2\/users\/3"}],"replies":[{"embeddable":true,"href":"https:\/\/padmasana.hr\/en\/wp-json\/wp\/v2\/comments?post=1953"}],"version-history":[{"count":4,"href":"https:\/\/padmasana.hr\/en\/wp-json\/wp\/v2\/pages\/1953\/revisions"}],"predecessor-version":[{"id":1959,"href":"https:\/\/padmasana.hr\/en\/wp-json\/wp\/v2\/pages\/1953\/revisions\/1959"}],"wp:attachment":[{"href":"https:\/\/padmasana.hr\/en\/wp-json\/wp\/v2\/media?parent=1953"}],"curies":[{"name":"wp","href":"https:\/\/api.w.org\/{rel}","templated":true}]}}