{"id":1905,"date":"2025-02-25T14:14:40","date_gmt":"2025-02-25T13:14:40","guid":{"rendered":"https:\/\/padmasana.hr\/?page_id=1905"},"modified":"2025-11-15T01:25:48","modified_gmt":"2025-11-15T00:25:48","slug":"hodocasce-u-indiju-2007","status":"publish","type":"page","link":"https:\/\/padmasana.hr\/en\/hodocasce-u-indiju-2007\/","title":{"rendered":"Pilgrimage to India 2007."},"content":{"rendered":"<p><strong>Unutarnje putovanje jednog hodo\u010da\u0161\u0107a\u00a0<\/strong><strong>(Putovanje kroz podru\u010dje Himalaja)<\/strong><\/p>\r\n<!-- \/wp:post-content -->\r\n\r\n<!-- wp:image {\"id\":681,\"align\":\"center\"} -->\r\n<figure class=\"wp-block-image aligncenter\"><img loading=\"lazy\" decoding=\"async\" class=\"aligncenter wp-image-681\" src=\"http:\/\/padmasana.hr\/wp-content\/uploads\/2014\/03\/IMG_04831.jpg\" alt=\"IMG_0483\" width=\"481\" height=\"361\" srcset=\"https:\/\/padmasana.hr\/wp-content\/uploads\/2014\/03\/IMG_04831.jpg 320w, https:\/\/padmasana.hr\/wp-content\/uploads\/2014\/03\/IMG_04831-300x225.jpg 300w\" sizes=\"auto, (max-width: 481px) 100vw, 481px\" \/><\/figure>\r\n<p>&nbsp;<\/p>\r\n<!-- \/wp:image -->\r\n\r\n<!-- wp:paragraph -->\r\n<p>Meditirali smo, hodali, odmarali se, smijali, vikali, suo\u010davali se s pote\u0161ko\u0107ama, provjeravali u svim okolnostima da li um po\u010diva u svom prirodnom stanju. To je bilo unutarnje putovanje na na\u0161em vanjskom hodo\u010da\u0161\u0107u.<\/p>\r\n<!-- \/wp:paragraph -->\r\n\r\n<!-- wp:paragraph -->\r\n<p>Dharamsala, Srinagar, Ladakh, Keilong, sve smo to vidjeli, ali govoriti o okusu \u0161e\u0107era je druga\u010dije nego stvarno ga okusiti. Drago i ja imali smo san odvesti na\u0161e budisti\u010dke prijatelje stopama velikih duhovnih majstora pro\u0161losti i susresti neke \u017eivu\u0107e te dobiti blagoslove mnogih svetih mjesta. S takvom motivacijom, kona\u010dno u kolovozu 2007., san se ostvario s devetnaest \u010dlanova iz na\u0161eg budisti\u010dkog dru\u0161tva, koji su krenula na hodo\u010da\u0161\u0107e.<\/p>\r\n<!-- \/wp:paragraph -->\r\n\r\n<!-- wp:paragraph -->\r\n<p>Kao \u0161to sve podlije\u017ee zakonu me\u0111uzavisnosti, takva organizacija ne bi bila mogu\u0107a bez pomo\u0107i \u010dlanova obitelji u New Delhiju i Ka\u0161miru te nekih dragih prijatelja. Svima smo im zahvalni. Trebala nam je gotovo godina dana za cijelu organizaciju. Drago i ja, koji smo oti\u0161li iz Zagreba ne\u0161to ranije, do\u010dekali smo grupu 02. kolovoza na Delhijskom aerodromu. Ne \u017eele\u0107i gubiti vrijeme, krenuli smo autobusom isti dan ka Dharamsali u Himachal Pradeshu. Ve\u0107 i sam autobus je bio zabavan jer je imao sjedi\u0161ta iznad kojih su bile male \u201ekabine\u201c za spavanje. Do tibetanskog naselja u Dharamsali do\u0161li smo nakon 16 sati vo\u017enje. Bili smo umorni, ali vrlo uzbu\u0111eni zbog dana koji \u0107e slijediti. U narednim danima vidjeli smo Tibetansku knji\u017enicu \u2013 glavni centar za temeljna budisti\u010dka u\u010denja u Dharamsali pod Gelug-pa \u0161kolom, susreli se osobno s Geshe Sonam Rinchenom, glavnim u\u010diteljem u knji\u017enici, posjetili samostan Namgyel, Tushita centar Lama Zope Rimpochea, vidjeli Men Tsee Kang \u2013 Tibetanski medicinski institut, popeli se planinom kako bi vidjeli mjesta gdje su veliki duhovni u\u010ditelji u pro\u0161losti (poput na\u0161eg voljenog Gen Lam Rim-pe) meditirali, \u010dak su nas pozvali i srda\u010dno ponudili \u010dajem neki meditanti, iako su u tihom povla\u010denju u svojim skromnim meditacijskim kolibama u dubokim planinskim \u0161umama. Tibetanci, sa svojim nasmije\u0161enim licima i ljubaznim obra\u0107anjem s &#8216;Tashi Delek&#8217;, spontano su dirnuli na\u0161a srca. No ipak, najvredniji i najsretniji trenuci su bili tokom susreta s H.H. 17. Gyalwa Karmapom (Orgyen Trinley Dorje) u Gyuto Ramoche tantri\u010dkom sveu\u010dili\u0161tu, smje\u0161tenom blizu Dharamsale.<a href=\"https:\/\/padmasana.hr\/wp-content\/uploads\/2014\/03\/HHkarmapaaudijencija-1.jpg\"><img loading=\"lazy\" decoding=\"async\" class=\"aligncenter wp-image-283\" src=\"https:\/\/padmasana.hr\/wp-content\/uploads\/2014\/03\/HHkarmapaaudijencija-1-300x197.jpg\" alt=\"\" width=\"491\" height=\"322\" srcset=\"https:\/\/padmasana.hr\/wp-content\/uploads\/2014\/03\/HHkarmapaaudijencija-1-300x197.jpg 300w, https:\/\/padmasana.hr\/wp-content\/uploads\/2014\/03\/HHkarmapaaudijencija-1.jpg 470w\" sizes=\"auto, (max-width: 491px) 100vw, 491px\" \/><\/a><\/p>\r\n<!-- \/wp:paragraph -->\r\n\r\n<!-- wp:paragraph -->\r\n<p>Emaho! O, \u010destiti Gospodine, Ti nosi\u0161 krunu svih Siddha, Blagoslovljen si od svih Dakina! Utjelovljenju svih Buddhinih aktivnosti, Rasvjetljava\u0161 mrak neznanja pokre\u0107u\u0107i kota\u010d Dharme. Gledamo te, blagoslovljeni tvojim savjetom, To je na\u0161a dobra sre\u0107a.<\/p>\r\n<!-- \/wp:paragraph -->\r\n\r\n<!-- wp:paragraph -->\r\n<p>H.H. Gyalwa Karmapa nas je blagoslovio i sa zadovoljstvom slu\u0161ao o na\u0161em cjelokupnom radu i programu u &#8220;Padmasani&#8221; koja djeluje u nesekta\u0161koj Mahayana tradiciji (Rime). Obe\u0107ao je voditi nas te nam dao pismeni dokument svoje podr\u0161ke. Nastavit \u0107emo raditi prema njegovim smjernicama. Dvadeset i pet minuta koje smo proveli u njegovoj prisutnosti bile su inspirativnije nego \u0161to bi se to rije\u010dima moglo iskazati.<\/p>\r\n<!-- \/wp:paragraph -->\r\n\r\n<!-- wp:paragraph -->\r\n<p>Sreli smo se i sa nekim drugim prijateljima Dharme koji dolaze iz raznih zemalja i nose se s pote\u0161ko\u0107ama kako bi ostali u Dharamsali i prakticirali Dharmu kao \u0161to su Lorraine Lester i Ani Boni. Zahvaljujemo se Lorraine \u0161to nam je pomogla oko organizacije na\u0161eg boravka u Dharamsali. Tibetan Library (Dharamsala)Tushita Meditation Center (McLeod Ganj)Meditation cottages in the hills over McLeod GanjGyuto Ramoche universityGyuto Ramoche universityNorbulingka InstituteNorbulingka InstituteNorbulingka Institute Za Dragu posebice, to je bilo poput povratka ku\u0107i. Mnoge uspomene su se vratile s obzirom da je tamo proveo mnoge godine studiraju\u0107i budhisti\u010dku dijalektiku unutar smjernica H.H. Dalai Lame. S blagoslovom H.H. Dalai Lame, Drago se i vratio sa mnom ku\u0107i u Zagreb kako bi otvorili vrata Dharmi na ne-sekta\u0161ki na\u010din.<\/p>\r\n<!-- \/wp:paragraph -->\r\n\r\n<!-- wp:paragraph -->\r\n<p>Kao \u0161to je sve netrajno, dani boravka u Dharamsali su pro\u0161li kao treptaj oka i mi smo uskoro krenuli autobusom prema Srinagaru, glavnom gradu Ka\u0161mira, znanom kao &#8220;kruna indijske ljepote&#8221;. Posve svjesni vojne prisutnosti i opasnosti, do Srinagara smo do\u0161li sigurni, a na\u0161 cilj je bilo jezero Dal na \u010dijim se obalama i nalazi grad Srinagar. Uskoro smo sjedili u malim \u201eshikarama\u201c, \u010damcima koji su nas odvezli do na\u0161ih soba, na brodicama prekrasno ukra\u0161enim drvenim ka\u0161mirskim duborezima. S prekrasnim, a nenametljivim mirisom samog ka\u0161mirskog drveta, svaki brod predstavlja malo umjetni\u010dko djelo, rasko\u0161an u svojim rezbarijama, ukra\u0161en svije\u0107njacima, luksuznim naslonja\u010dima \u0161to je odu\u0161evljavalo na\u0161a \u010dula. Za\u010dudan je kontrast ratne opasnosti i iznimne ljepote Ka\u0161mira. Od finog ka\u0161mirskog \u010daja \u201ekahwa\u201c, preko ka\u0161mirskih rukotvorina, plutaju\u0107e tr\u017enice na \u010damcima, plutaju\u0107ih vrtova lopo\u010da, mogulskih vrtova, hrama indijskog sveca Shankaracharije do starih d\u017eamija u gradu, sve smo vidjeli i osjetili. Broj vojnika u Ka\u0161miru se pove\u0107ava kao i tihi vapaj lokalnog stanovni\u0161tva za mirom. Godine borbi nisu okrznule ljepotu mjesta, ali su pogodile ljude na razli\u010dite na\u010dine. S molitvom da \u0107e ovu prekrasnu zemlju krasiti dragulj mira, napustili smo je nakon tri dana. To je bio posljednji pravi odmor jer su sljede\u0107i dani bili iznimno fizi\u010dki naporni. Na\u0161e posljednje zaustavljanje u Ka\u0161miru je bio ru\u010dak u Sonamargu, prekrasnom izletni\u010dkom mjestu okru\u017eenom visokim planinama, ledenjacima i rijekom.<\/p>\r\n<!-- \/wp:paragraph -->\r\n\r\n<!-- wp:paragraph -->\r\n<p><a href=\"http:\/\/padmasana.hr\/wp-content\/uploads\/2015\/10\/Unutarnje-putovanje-jednog-hodocasca.pdf\">Ovo iznimno hodo\u010da\u0161\u0107e u slici i tekstu pro\u010ditajte u cijelini ovdje&#8230;<\/a><\/p>","protected":false},"excerpt":{"rendered":"<p>Unutarnje putovanje jednog hodo\u010da\u0161\u0107a\u00a0(Putovanje kroz podru\u010dje Himalaja) &nbsp; Meditirali smo, hodali, odmarali se, smijali, vikali, suo\u010davali se s pote\u0161ko\u0107ama, provjeravali u svim okolnostima da li um po\u010diva u svom prirodnom stanju. To je bilo unutarnje putovanje na na\u0161em vanjskom hodo\u010da\u0161\u0107u. Dharamsala, Srinagar, Ladakh, Keilong, sve smo to vidjeli, ali govoriti o okusu \u0161e\u0107era je druga\u010dije [&hellip;]<\/p>\n","protected":false},"author":3,"featured_media":0,"parent":0,"menu_order":0,"comment_status":"closed","ping_status":"closed","template":"","meta":{"iawp_total_views":35,"footnotes":""},"class_list":["post-1905","page","type-page","status-publish","hentry"],"yoast_head":"<!-- This site is optimized with the Yoast SEO plugin v27.4 - https:\/\/yoast.com\/product\/yoast-seo-wordpress\/ -->\n<title>Hodo\u010da\u0161\u0107e u Indiju 2007. - Hrvatsko Budisti\u010dko Dru\u0161tvo &quot;Padmasana&quot;<\/title>\n<meta name=\"robots\" content=\"index, follow, max-snippet:-1, max-image-preview:large, max-video-preview:-1\" \/>\n<link rel=\"canonical\" href=\"https:\/\/padmasana.hr\/en\/hodocasce-u-indiju-2007\/\" \/>\n<meta property=\"og:locale\" content=\"en_US\" \/>\n<meta property=\"og:type\" content=\"article\" \/>\n<meta property=\"og:title\" content=\"Hodo\u010da\u0161\u0107e u Indiju 2007. - Hrvatsko Budisti\u010dko Dru\u0161tvo &quot;Padmasana&quot;\" \/>\n<meta property=\"og:description\" content=\"Unutarnje putovanje jednog hodo\u010da\u0161\u0107a\u00a0(Putovanje kroz podru\u010dje Himalaja) &nbsp; Meditirali smo, hodali, odmarali se, smijali, vikali, suo\u010davali se s pote\u0161ko\u0107ama, provjeravali u svim okolnostima da li um po\u010diva u svom prirodnom stanju. To je bilo unutarnje putovanje na na\u0161em vanjskom hodo\u010da\u0161\u0107u. Dharamsala, Srinagar, Ladakh, Keilong, sve smo to vidjeli, ali govoriti o okusu \u0161e\u0107era je druga\u010dije [&hellip;]\" \/>\n<meta property=\"og:url\" content=\"https:\/\/padmasana.hr\/en\/hodocasce-u-indiju-2007\/\" \/>\n<meta property=\"og:site_name\" content=\"Hrvatsko Budisti\u010dko Dru\u0161tvo &quot;Padmasana&quot;\" \/>\n<meta property=\"article:publisher\" content=\"https:\/\/www.facebook.com\/profile.php?id=100064443051947\" \/>\n<meta property=\"article:modified_time\" content=\"2025-11-15T00:25:48+00:00\" \/>\n<meta property=\"og:image\" content=\"https:\/\/padmasana.hr\/wp-content\/uploads\/2014\/03\/IMG_04831.jpg\" \/>\n\t<meta property=\"og:image:width\" content=\"320\" \/>\n\t<meta property=\"og:image:height\" content=\"240\" \/>\n\t<meta property=\"og:image:type\" content=\"image\/jpeg\" \/>\n<meta name=\"twitter:card\" content=\"summary_large_image\" \/>\n<meta name=\"twitter:label1\" content=\"Est. reading time\" \/>\n\t<meta name=\"twitter:data1\" content=\"5 minutes\" \/>\n<script type=\"application\/ld+json\" class=\"yoast-schema-graph\">{\"@context\":\"https:\\\/\\\/schema.org\",\"@graph\":[{\"@type\":\"WebPage\",\"@id\":\"https:\\\/\\\/padmasana.hr\\\/hodocasce-u-indiju-2007\\\/\",\"url\":\"https:\\\/\\\/padmasana.hr\\\/hodocasce-u-indiju-2007\\\/\",\"name\":\"Hodo\u010da\u0161\u0107e u Indiju 2007. - Hrvatsko Budisti\u010dko Dru\u0161tvo &quot;Padmasana&quot;\",\"isPartOf\":{\"@id\":\"https:\\\/\\\/padmasana.hr\\\/en\\\/#website\"},\"primaryImageOfPage\":{\"@id\":\"https:\\\/\\\/padmasana.hr\\\/hodocasce-u-indiju-2007\\\/#primaryimage\"},\"image\":{\"@id\":\"https:\\\/\\\/padmasana.hr\\\/hodocasce-u-indiju-2007\\\/#primaryimage\"},\"thumbnailUrl\":\"http:\\\/\\\/padmasana.hr\\\/wp-content\\\/uploads\\\/2014\\\/03\\\/IMG_04831.jpg\",\"datePublished\":\"2025-02-25T13:14:40+00:00\",\"dateModified\":\"2025-11-15T00:25:48+00:00\",\"breadcrumb\":{\"@id\":\"https:\\\/\\\/padmasana.hr\\\/hodocasce-u-indiju-2007\\\/#breadcrumb\"},\"inLanguage\":\"en-US\",\"potentialAction\":[{\"@type\":\"ReadAction\",\"target\":[\"https:\\\/\\\/padmasana.hr\\\/hodocasce-u-indiju-2007\\\/\"]}]},{\"@type\":\"ImageObject\",\"inLanguage\":\"en-US\",\"@id\":\"https:\\\/\\\/padmasana.hr\\\/hodocasce-u-indiju-2007\\\/#primaryimage\",\"url\":\"http:\\\/\\\/padmasana.hr\\\/wp-content\\\/uploads\\\/2014\\\/03\\\/IMG_04831.jpg\",\"contentUrl\":\"http:\\\/\\\/padmasana.hr\\\/wp-content\\\/uploads\\\/2014\\\/03\\\/IMG_04831.jpg\"},{\"@type\":\"BreadcrumbList\",\"@id\":\"https:\\\/\\\/padmasana.hr\\\/hodocasce-u-indiju-2007\\\/#breadcrumb\",\"itemListElement\":[{\"@type\":\"ListItem\",\"position\":1,\"name\":\"Home\",\"item\":\"https:\\\/\\\/padmasana.hr\\\/\"},{\"@type\":\"ListItem\",\"position\":2,\"name\":\"Hodo\u010da\u0161\u0107e u Indiju 2007.\"}]},{\"@type\":\"WebSite\",\"@id\":\"https:\\\/\\\/padmasana.hr\\\/en\\\/#website\",\"url\":\"https:\\\/\\\/padmasana.hr\\\/en\\\/\",\"name\":\"Hrvatsko Budisti\u010dko Dru\u0161tvo \\\"Padmasana\\\"\",\"description\":\"\",\"publisher\":{\"@id\":\"https:\\\/\\\/padmasana.hr\\\/en\\\/#organization\"},\"potentialAction\":[{\"@type\":\"SearchAction\",\"target\":{\"@type\":\"EntryPoint\",\"urlTemplate\":\"https:\\\/\\\/padmasana.hr\\\/en\\\/?s={search_term_string}\"},\"query-input\":{\"@type\":\"PropertyValueSpecification\",\"valueRequired\":true,\"valueName\":\"search_term_string\"}}],\"inLanguage\":\"en-US\"},{\"@type\":\"Organization\",\"@id\":\"https:\\\/\\\/padmasana.hr\\\/en\\\/#organization\",\"name\":\"Hrvatsko Budisti\u010dko Dru\u0161tvo \\\"Padmasana\\\"\",\"url\":\"https:\\\/\\\/padmasana.hr\\\/en\\\/\",\"logo\":{\"@type\":\"ImageObject\",\"inLanguage\":\"en-US\",\"@id\":\"https:\\\/\\\/padmasana.hr\\\/en\\\/#\\\/schema\\\/logo\\\/image\\\/\",\"url\":\"https:\\\/\\\/padmasana.hr\\\/wp-content\\\/uploads\\\/2024\\\/04\\\/cropped-logotip-of-padmasana.jpg\",\"contentUrl\":\"https:\\\/\\\/padmasana.hr\\\/wp-content\\\/uploads\\\/2024\\\/04\\\/cropped-logotip-of-padmasana.jpg\",\"width\":512,\"height\":512,\"caption\":\"Hrvatsko Budisti\u010dko Dru\u0161tvo \\\"Padmasana\\\"\"},\"image\":{\"@id\":\"https:\\\/\\\/padmasana.hr\\\/en\\\/#\\\/schema\\\/logo\\\/image\\\/\"},\"sameAs\":[\"https:\\\/\\\/www.facebook.com\\\/profile.php?id=100064443051947\"]}]}<\/script>\n<!-- \/ Yoast SEO plugin. -->","yoast_head_json":{"title":"Hodo\u010da\u0161\u0107e u Indiju 2007. - Hrvatsko Budisti\u010dko Dru\u0161tvo &quot;Padmasana&quot;","robots":{"index":"index","follow":"follow","max-snippet":"max-snippet:-1","max-image-preview":"max-image-preview:large","max-video-preview":"max-video-preview:-1"},"canonical":"https:\/\/padmasana.hr\/en\/hodocasce-u-indiju-2007\/","og_locale":"en_US","og_type":"article","og_title":"Hodo\u010da\u0161\u0107e u Indiju 2007. - Hrvatsko Budisti\u010dko Dru\u0161tvo &quot;Padmasana&quot;","og_description":"Unutarnje putovanje jednog hodo\u010da\u0161\u0107a\u00a0(Putovanje kroz podru\u010dje Himalaja) &nbsp; Meditirali smo, hodali, odmarali se, smijali, vikali, suo\u010davali se s pote\u0161ko\u0107ama, provjeravali u svim okolnostima da li um po\u010diva u svom prirodnom stanju. To je bilo unutarnje putovanje na na\u0161em vanjskom hodo\u010da\u0161\u0107u. Dharamsala, Srinagar, Ladakh, Keilong, sve smo to vidjeli, ali govoriti o okusu \u0161e\u0107era je druga\u010dije [&hellip;]","og_url":"https:\/\/padmasana.hr\/en\/hodocasce-u-indiju-2007\/","og_site_name":"Hrvatsko Budisti\u010dko Dru\u0161tvo &quot;Padmasana&quot;","article_publisher":"https:\/\/www.facebook.com\/profile.php?id=100064443051947","article_modified_time":"2025-11-15T00:25:48+00:00","og_image":[{"width":320,"height":240,"url":"https:\/\/padmasana.hr\/wp-content\/uploads\/2014\/03\/IMG_04831.jpg","type":"image\/jpeg"}],"twitter_card":"summary_large_image","twitter_misc":{"Est. reading time":"5 minutes"},"schema":{"@context":"https:\/\/schema.org","@graph":[{"@type":"WebPage","@id":"https:\/\/padmasana.hr\/hodocasce-u-indiju-2007\/","url":"https:\/\/padmasana.hr\/hodocasce-u-indiju-2007\/","name":"Hodo\u010da\u0161\u0107e u Indiju 2007. - Hrvatsko Budisti\u010dko Dru\u0161tvo &quot;Padmasana&quot;","isPartOf":{"@id":"https:\/\/padmasana.hr\/en\/#website"},"primaryImageOfPage":{"@id":"https:\/\/padmasana.hr\/hodocasce-u-indiju-2007\/#primaryimage"},"image":{"@id":"https:\/\/padmasana.hr\/hodocasce-u-indiju-2007\/#primaryimage"},"thumbnailUrl":"http:\/\/padmasana.hr\/wp-content\/uploads\/2014\/03\/IMG_04831.jpg","datePublished":"2025-02-25T13:14:40+00:00","dateModified":"2025-11-15T00:25:48+00:00","breadcrumb":{"@id":"https:\/\/padmasana.hr\/hodocasce-u-indiju-2007\/#breadcrumb"},"inLanguage":"en-US","potentialAction":[{"@type":"ReadAction","target":["https:\/\/padmasana.hr\/hodocasce-u-indiju-2007\/"]}]},{"@type":"ImageObject","inLanguage":"en-US","@id":"https:\/\/padmasana.hr\/hodocasce-u-indiju-2007\/#primaryimage","url":"http:\/\/padmasana.hr\/wp-content\/uploads\/2014\/03\/IMG_04831.jpg","contentUrl":"http:\/\/padmasana.hr\/wp-content\/uploads\/2014\/03\/IMG_04831.jpg"},{"@type":"BreadcrumbList","@id":"https:\/\/padmasana.hr\/hodocasce-u-indiju-2007\/#breadcrumb","itemListElement":[{"@type":"ListItem","position":1,"name":"Home","item":"https:\/\/padmasana.hr\/"},{"@type":"ListItem","position":2,"name":"Hodo\u010da\u0161\u0107e u Indiju 2007."}]},{"@type":"WebSite","@id":"https:\/\/padmasana.hr\/en\/#website","url":"https:\/\/padmasana.hr\/en\/","name":"Hrvatsko Budisti\u010dko Dru\u0161tvo \"Padmasana\"","description":"","publisher":{"@id":"https:\/\/padmasana.hr\/en\/#organization"},"potentialAction":[{"@type":"SearchAction","target":{"@type":"EntryPoint","urlTemplate":"https:\/\/padmasana.hr\/en\/?s={search_term_string}"},"query-input":{"@type":"PropertyValueSpecification","valueRequired":true,"valueName":"search_term_string"}}],"inLanguage":"en-US"},{"@type":"Organization","@id":"https:\/\/padmasana.hr\/en\/#organization","name":"Hrvatsko Budisti\u010dko Dru\u0161tvo \"Padmasana\"","url":"https:\/\/padmasana.hr\/en\/","logo":{"@type":"ImageObject","inLanguage":"en-US","@id":"https:\/\/padmasana.hr\/en\/#\/schema\/logo\/image\/","url":"https:\/\/padmasana.hr\/wp-content\/uploads\/2024\/04\/cropped-logotip-of-padmasana.jpg","contentUrl":"https:\/\/padmasana.hr\/wp-content\/uploads\/2024\/04\/cropped-logotip-of-padmasana.jpg","width":512,"height":512,"caption":"Hrvatsko Budisti\u010dko Dru\u0161tvo \"Padmasana\""},"image":{"@id":"https:\/\/padmasana.hr\/en\/#\/schema\/logo\/image\/"},"sameAs":["https:\/\/www.facebook.com\/profile.php?id=100064443051947"]}]}},"_links":{"self":[{"href":"https:\/\/padmasana.hr\/en\/wp-json\/wp\/v2\/pages\/1905","targetHints":{"allow":["GET"]}}],"collection":[{"href":"https:\/\/padmasana.hr\/en\/wp-json\/wp\/v2\/pages"}],"about":[{"href":"https:\/\/padmasana.hr\/en\/wp-json\/wp\/v2\/types\/page"}],"author":[{"embeddable":true,"href":"https:\/\/padmasana.hr\/en\/wp-json\/wp\/v2\/users\/3"}],"replies":[{"embeddable":true,"href":"https:\/\/padmasana.hr\/en\/wp-json\/wp\/v2\/comments?post=1905"}],"version-history":[{"count":4,"href":"https:\/\/padmasana.hr\/en\/wp-json\/wp\/v2\/pages\/1905\/revisions"}],"predecessor-version":[{"id":2046,"href":"https:\/\/padmasana.hr\/en\/wp-json\/wp\/v2\/pages\/1905\/revisions\/2046"}],"wp:attachment":[{"href":"https:\/\/padmasana.hr\/en\/wp-json\/wp\/v2\/media?parent=1905"}],"curies":[{"name":"wp","href":"https:\/\/api.w.org\/{rel}","templated":true}]}}